{"id":5511,"date":"2025-04-06T15:57:10","date_gmt":"2025-04-06T14:57:10","guid":{"rendered":"https:\/\/dietpartner.shop\/?post_type=product&#038;p=5511"},"modified":"2025-11-05T19:41:02","modified_gmt":"2025-11-05T18:41:02","slug":"ashwagandha","status":"publish","type":"product","link":"https:\/\/dietpartner.shop\/?product=ashwagandha","title":{"rendered":"ASHWAGANDHA"},"content":{"rendered":"<p>L\u2019Ashwagandha (Withania somnifera), \u00e9galement appel\u00e9e <strong data-start=\"318\" data-end=\"336\">ginseng indien<\/strong>, est une plante adaptog\u00e8ne utilis\u00e9e depuis des mill\u00e9naires en m\u00e9decine ayurv\u00e9dique. Elle aide l\u2019organisme \u00e0 mieux g\u00e9rer le stress, favorise un meilleur sommeil, am\u00e9liore l\u2019endurance mentale et physique, et peut soutenir la production naturelle de testost\u00e9rone.<\/p>\n","protected":false},"excerpt":{"rendered":"<p>L\u2019Ashwagandha (Withania somnifera), \u00e9galement appel\u00e9e <strong data-start=\"318\" data-end=\"336\">ginseng indien<\/strong>, est une plante adaptog\u00e8ne utilis\u00e9e depuis des mill\u00e9naires en m\u00e9decine ayurv\u00e9dique.<\/p>\n","protected":false},"featured_media":6170,"template":"","meta":{"site-sidebar-layout":"default","site-content-layout":"","ast-site-content-layout":"default","site-content-style":"default","site-sidebar-style":"default","ast-global-header-display":"","ast-banner-title-visibility":"","ast-main-header-display":"","ast-hfb-above-header-display":"","ast-hfb-below-header-display":"","ast-hfb-mobile-header-display":"","site-post-title":"","ast-breadcrumbs-content":"","ast-featured-img":"","footer-sml-layout":"","theme-transparent-header-meta":"default","adv-header-id-meta":"","stick-header-meta":"","header-above-stick-meta":"","header-main-stick-meta":"","header-below-stick-meta":"","astra-migrate-meta-layouts":"set","ast-page-background-enabled":"default","ast-page-background-meta":{"desktop":{"background-color":"","background-image":"","background-repeat":"repeat","background-position":"center center","background-size":"auto","background-attachment":"scroll","background-type":"","background-media":"","overlay-type":"","overlay-color":"","overlay-opacity":"","overlay-gradient":""},"tablet":{"background-color":"","background-image":"","background-repeat":"repeat","background-position":"center center","background-size":"auto","background-attachment":"scroll","background-type":"","background-media":"","overlay-type":"","overlay-color":"","overlay-opacity":"","overlay-gradient":""},"mobile":{"background-color":"","background-image":"","background-repeat":"repeat","background-position":"center center","background-size":"auto","background-attachment":"scroll","background-type":"","background-media":"","overlay-type":"","overlay-color":"","overlay-opacity":"","overlay-gradient":""}},"ast-content-background-meta":{"desktop":{"background-color":"var(--ast-global-color-5)","background-image":"","background-repeat":"repeat","background-position":"center center","background-size":"auto","background-attachment":"scroll","background-type":"","background-media":"","overlay-type":"","overlay-color":"","overlay-opacity":"","overlay-gradient":""},"tablet":{"background-color":"var(--ast-global-color-5)","background-image":"","background-repeat":"repeat","background-position":"center center","background-size":"auto","background-attachment":"scroll","background-type":"","background-media":"","overlay-type":"","overlay-color":"","overlay-opacity":"","overlay-gradient":""},"mobile":{"background-color":"var(--ast-global-color-5)","background-image":"","background-repeat":"repeat","background-position":"center center","background-size":"auto","background-attachment":"scroll","background-type":"","background-media":"","overlay-type":"","overlay-color":"","overlay-opacity":"","overlay-gradient":""}}},"product_brand":[62],"product_cat":[57],"product_tag":[],"class_list":{"0":"post-5511","1":"product","2":"type-product","3":"status-publish","4":"has-post-thumbnail","6":"product_brand-biotech-usa","7":"product_cat-vitamine-mineraux","8":"desktop-align-center","9":"tablet-align-center","10":"mobile-align-center","12":"first","13":"instock","14":"shipping-taxable","15":"purchasable","16":"product-type-simple"},"_links":{"self":[{"href":"https:\/\/dietpartner.shop\/index.php?rest_route=\/wp\/v2\/product\/5511","targetHints":{"allow":["GET"]}}],"collection":[{"href":"https:\/\/dietpartner.shop\/index.php?rest_route=\/wp\/v2\/product"}],"about":[{"href":"https:\/\/dietpartner.shop\/index.php?rest_route=\/wp\/v2\/types\/product"}],"wp:featuredmedia":[{"embeddable":true,"href":"https:\/\/dietpartner.shop\/index.php?rest_route=\/wp\/v2\/media\/6170"}],"wp:attachment":[{"href":"https:\/\/dietpartner.shop\/index.php?rest_route=%2Fwp%2Fv2%2Fmedia&parent=5511"}],"wp:term":[{"taxonomy":"product_brand","embeddable":true,"href":"https:\/\/dietpartner.shop\/index.php?rest_route=%2Fwp%2Fv2%2Fproduct_brand&post=5511"},{"taxonomy":"product_cat","embeddable":true,"href":"https:\/\/dietpartner.shop\/index.php?rest_route=%2Fwp%2Fv2%2Fproduct_cat&post=5511"},{"taxonomy":"product_tag","embeddable":true,"href":"https:\/\/dietpartner.shop\/index.php?rest_route=%2Fwp%2Fv2%2Fproduct_tag&post=5511"}],"curies":[{"name":"wp","href":"https:\/\/api.w.org\/{rel}","templated":true}]}}