{"id":5515,"date":"2025-04-11T18:47:28","date_gmt":"2025-04-11T17:47:28","guid":{"rendered":"https:\/\/dietpartner.shop\/?post_type=product&#038;p=5515"},"modified":"2025-05-31T12:04:48","modified_gmt":"2025-05-31T11:04:48","slug":"iso-whey-muscultech-100-whey-protein-isolate","status":"publish","type":"product","link":"https:\/\/dietpartner.shop\/?product=iso-whey-muscultech-100-whey-protein-isolate","title":{"rendered":"ISO WHEY MUSCULTECH 100% WHEY PROTEIN ISOLATE"},"content":{"rendered":"<p class=\"\" data-start=\"0\" data-end=\"164\"><span style=\"font-size: 16px; font-style: normal; font-weight: 400;\">IsoWhey <\/span>\u200b<span class=\"relative -mx-px my-[-0.2rem] rounded px-px py-[0.2rem] transition-colors duration-100 ease-in-out\">de Muscletec<\/span><span class=\"relative -mx-px my-[-0.2rem] rounded px-px py-[0.2rem] transition-colors duration-100 ease-in-out\" style=\"font-size: 16px;\">h est un isolat de prot\u00e9ine de lactos\u00e9rum de haute qualit\u00e9, con\u00e7u pour favoriser la croissance musculaire, am\u00e9liorer la r\u00e9cup\u00e9ration apr\u00e8s l&rsquo;entra\u00eenement et soutenir les performances sportives.<\/span> <span class=\"relative -mx-px my-[-0.2rem] rounded px-px py-[0.2rem] transition-colors duration-100 ease-in-out\" style=\"font-size: 16px;\">Chaque portion de 32\u00a0g fournit 25\u00a0g de prot\u00e9ines pures, issues d&rsquo;un processus de microfiltration et d&rsquo;ultrafiltration avanc\u00e9 qui \u00e9limine l&rsquo;exc\u00e8s de graisses, de cholest\u00e9rol et de lactose.<\/span><span style=\"font-size: 16px;\"> \u200b<\/span><\/p>\n<p class=\"\" data-start=\"166\" data-end=\"200\"><strong data-start=\"166\" data-end=\"200\">Caract\u00e9ristiques principales\u00a0:<\/strong><\/p>\n<ul data-start=\"202\" data-end=\"816\">\n<li class=\"\" data-start=\"202\" data-end=\"363\">\n<p class=\"\" data-start=\"204\" data-end=\"363\"><strong data-start=\"204\" data-end=\"243\">Riche en acides amin\u00e9s essentiels\u00a0:<\/strong> <span class=\"relative -mx-px my-[-0.2rem] rounded px-px py-[0.2rem] transition-colors duration-100 ease-in-out\">Chaque portion contient plus de 11\u00a0g d&rsquo;acides amin\u00e9s essentiels (EAA) et plus de 5\u00a0g d&rsquo;acides amin\u00e9s \u00e0 cha\u00eene ramifi\u00e9e (BCAA), qui jouent un r\u00f4le crucial dans la synth\u00e8se des prot\u00e9ines musculaires et la r\u00e9cup\u00e9ration post-exercice.<\/span> \u200b<\/p>\n<\/li>\n<li class=\"\" data-start=\"365\" data-end=\"510\">\n<p class=\"\" data-start=\"367\" data-end=\"510\"><strong data-start=\"367\" data-end=\"390\">Sans sucre ajout\u00e9\u00a0:<\/strong> <span class=\"relative -mx-px my-[-0.2rem] rounded px-px py-[0.2rem] transition-colors duration-100 ease-in-out\">IsoWhey est formul\u00e9 sans sucres ajout\u00e9s, ce qui permet de r\u00e9duire l&rsquo;apport en glucides et en calories, tout en maintenant un profil nutritionnel favorable pour ceux qui surveillent leur consommation de sucre.<\/span> \u200b<\/p>\n<\/li>\n<li class=\"\" data-start=\"512\" data-end=\"662\">\n<p class=\"\" data-start=\"514\" data-end=\"662\"><strong data-start=\"514\" data-end=\"536\">Facile \u00e0 dig\u00e9rer\u00a0:<\/strong> <span class=\"relative -mx-px my-[-0.2rem] rounded px-px py-[0.2rem] transition-colors duration-100 ease-in-out\">Gr\u00e2ce \u00e0 sa puret\u00e9 et \u00e0 son processus de filtration, l&rsquo;isolat de prot\u00e9ines de lactos\u00e9rum est rapidement absorb\u00e9 par l&rsquo;organisme, ce qui en fait une source id\u00e9ale de prot\u00e9ines \u00e0 consommer autour des p\u00e9riodes d&rsquo;entra\u00eenement.<\/span> \u200b<\/p>\n<\/li>\n<\/ul>\n<p class=\"\" data-start=\"1068\" data-end=\"1193\"><span class=\"relative -mx-px my-[-0.2rem] rounded px-px py-[0.2rem] transition-colors duration-100 ease-in-out\">En r\u00e9sum\u00e9, IsoWhey de Muscletech est une prot\u00e9ine isol\u00e9e de lactos\u00e9rum de haute qualit\u00e9, offrant une teneur \u00e9lev\u00e9e en prot\u00e9ines et en acides amin\u00e9s essentiels, tout en \u00e9tant faible en glucides et en graisses.<\/span> <span class=\"relative -mx-px my-[-0.2rem] rounded px-px py-[0.2rem] transition-colors duration-100 ease-in-out\">Sa formule facilite la digestion et l&rsquo;absorption, en faisant un choix id\u00e9al pour soutenir la croissance musculaire, la r\u00e9cup\u00e9ration et les performances sportives.<\/span><\/p>\n","protected":false},"excerpt":{"rendered":"<p data-start=\"0\" data-end=\"164\">Les fabricants de MuscleTech\u00ae Nitro-Tech\u00ae pr\u00e9sentent IsoWhey, formul\u00e9 avec un isolat de prot\u00e9ine de lactos\u00e9rum microfiltr\u00e9 et ultrafiltr\u00e9, la forme la plus pure de prot\u00e9ine de lactos\u00e9rum que vous puissiez nourrir votre corps. Con\u00e7u avec notre pourcentage de prot\u00e9ines le plus \u00e9lev\u00e9 par portion, avec 25 g de prot\u00e9ines pures de renforcement musculaire dans chaque cuill\u00e8re\u00a0!<\/p>\n<p class=\"\" data-start=\"1068\" data-end=\"1193\">\u200b<\/p>\n","protected":false},"featured_media":6080,"template":"","meta":{"site-sidebar-layout":"default","site-content-layout":"","ast-site-content-layout":"default","site-content-style":"default","site-sidebar-style":"default","ast-global-header-display":"","ast-banner-title-visibility":"","ast-main-header-display":"","ast-hfb-above-header-display":"","ast-hfb-below-header-display":"","ast-hfb-mobile-header-display":"","site-post-title":"","ast-breadcrumbs-content":"","ast-featured-img":"","footer-sml-layout":"","theme-transparent-header-meta":"default","adv-header-id-meta":"","stick-header-meta":"","header-above-stick-meta":"","header-main-stick-meta":"","header-below-stick-meta":"","astra-migrate-meta-layouts":"set","ast-page-background-enabled":"default","ast-page-background-meta":{"desktop":{"background-color":"","background-image":"","background-repeat":"repeat","background-position":"center center","background-size":"auto","background-attachment":"scroll","background-type":"","background-media":"","overlay-type":"","overlay-color":"","overlay-opacity":"","overlay-gradient":""},"tablet":{"background-color":"","background-image":"","background-repeat":"repeat","background-position":"center center","background-size":"auto","background-attachment":"scroll","background-type":"","background-media":"","overlay-type":"","overlay-color":"","overlay-opacity":"","overlay-gradient":""},"mobile":{"background-color":"","background-image":"","background-repeat":"repeat","background-position":"center center","background-size":"auto","background-attachment":"scroll","background-type":"","background-media":"","overlay-type":"","overlay-color":"","overlay-opacity":"","overlay-gradient":""}},"ast-content-background-meta":{"desktop":{"background-color":"var(--ast-global-color-5)","background-image":"","background-repeat":"repeat","background-position":"center center","background-size":"auto","background-attachment":"scroll","background-type":"","background-media":"","overlay-type":"","overlay-color":"","overlay-opacity":"","overlay-gradient":""},"tablet":{"background-color":"var(--ast-global-color-5)","background-image":"","background-repeat":"repeat","background-position":"center center","background-size":"auto","background-attachment":"scroll","background-type":"","background-media":"","overlay-type":"","overlay-color":"","overlay-opacity":"","overlay-gradient":""},"mobile":{"background-color":"var(--ast-global-color-5)","background-image":"","background-repeat":"repeat","background-position":"center center","background-size":"auto","background-attachment":"scroll","background-type":"","background-media":"","overlay-type":"","overlay-color":"","overlay-opacity":"","overlay-gradient":""}}},"product_brand":[65],"product_cat":[59],"product_tag":[],"class_list":{"0":"post-5515","1":"product","2":"type-product","3":"status-publish","4":"has-post-thumbnail","6":"product_brand-muscultech","7":"product_cat-whey-proteine","8":"desktop-align-center","9":"tablet-align-center","10":"mobile-align-center","12":"first","13":"instock","14":"sale","15":"shipping-taxable","16":"purchasable","17":"product-type-simple"},"_links":{"self":[{"href":"https:\/\/dietpartner.shop\/index.php?rest_route=\/wp\/v2\/product\/5515","targetHints":{"allow":["GET"]}}],"collection":[{"href":"https:\/\/dietpartner.shop\/index.php?rest_route=\/wp\/v2\/product"}],"about":[{"href":"https:\/\/dietpartner.shop\/index.php?rest_route=\/wp\/v2\/types\/product"}],"wp:featuredmedia":[{"embeddable":true,"href":"https:\/\/dietpartner.shop\/index.php?rest_route=\/wp\/v2\/media\/6080"}],"wp:attachment":[{"href":"https:\/\/dietpartner.shop\/index.php?rest_route=%2Fwp%2Fv2%2Fmedia&parent=5515"}],"wp:term":[{"taxonomy":"product_brand","embeddable":true,"href":"https:\/\/dietpartner.shop\/index.php?rest_route=%2Fwp%2Fv2%2Fproduct_brand&post=5515"},{"taxonomy":"product_cat","embeddable":true,"href":"https:\/\/dietpartner.shop\/index.php?rest_route=%2Fwp%2Fv2%2Fproduct_cat&post=5515"},{"taxonomy":"product_tag","embeddable":true,"href":"https:\/\/dietpartner.shop\/index.php?rest_route=%2Fwp%2Fv2%2Fproduct_tag&post=5515"}],"curies":[{"name":"wp","href":"https:\/\/api.w.org\/{rel}","templated":true}]}}