{"id":5522,"date":"2025-04-11T20:15:32","date_gmt":"2025-04-11T19:15:32","guid":{"rendered":"https:\/\/dietpartner.shop\/?post_type=product&#038;p=5522"},"modified":"2025-06-23T12:31:45","modified_gmt":"2025-06-23T11:31:45","slug":"platinum-multi-vitamin","status":"publish","type":"product","link":"https:\/\/dietpartner.shop\/?product=platinum-multi-vitamin","title":{"rendered":"PLATINUM MULTI VITAMIN"},"content":{"rendered":"<p>VITAMINES QUOTIDIENNES CON\u00c7UES SCIENTIFIQUEMENT Platinum Multivitamin est une multivitamine quotidienne formul\u00e9e pour r\u00e9pondre aux besoins nutritionnels d&rsquo;un mode de vie sain et actif. Les entra\u00eeneurs intensifs peuvent perdre des vitamines et des min\u00e9raux essentiels \u00e0 l&rsquo;entra\u00eenement. Platinum Multivitamin fournit les micronutriments les plus essentiels pour soutenir la sant\u00e9 globale et les performances sportives. Cela comprend les vitamines A, C, D, E et B, ainsi que des enzymes digestives et des acides amin\u00e9s cl\u00e9s. C&rsquo;est une formule vraiment compl\u00e8te pour l&rsquo;athl\u00e8te qui travaille dur. Dose \u00e9lev\u00e9e de vitamines, de min\u00e9raux et d&rsquo;antioxydants* -Formule \u00e0 haute puissance con\u00e7ue pour les athl\u00e8tes -865 mg de soutien en acides amin\u00e9s -Vitamines C et E comme antioxydants -Approvisionnement complet de 30 ou 60 jours UNE QUALIT\u00c9 \u00c0 LAQUELLE VOUS POUVEZ FAIRE CONFIANCE MuscleTech\u00ae a toujours propos\u00e9 les produits les plus efficaces pour les meilleurs r\u00e9sultats pour le consommateur. Nous avons acquis une solide r\u00e9putation dans l&rsquo;industrie en tant que leaders en mati\u00e8re de qualit\u00e9. Tous nos produits de compl\u00e9ments alimentaires et nutritionnels sont fabriqu\u00e9s conform\u00e9ment aux bonnes pratiques de fabrication actuelles. Mode d&#8217;emploi Prendre 1 dose (3 comprim\u00e9s) avec un verre d&rsquo;eau par jour. Lire l&rsquo;\u00e9tiquette dans son int\u00e9gralit\u00e9 avant utilisation et suivre les instructions fournies<\/p>\n","protected":false},"excerpt":{"rendered":"<p>VITAMINES QUOTIDIENNES CON\u00c7UES SCIENTIFIQUEMENT<br \/>\nPlatinum Multivitamin est une multivitamine quotidienne formul\u00e9e pour r\u00e9pondre aux besoins nutritionnels d&rsquo;un mode de vie sain et actif. Les personnes qui s&rsquo;entra\u00eenent intens\u00e9ment peuvent perdre des vitamines et des min\u00e9raux essentiels \u00e0 cause de l&rsquo;entra\u00eenement. Platinum Multivitamin fournit les micronutriments les plus essentiels pour soutenir la sant\u00e9 globale et les performances sportives. Cela comprend les vitamines A, C, D, E et B, ainsi que des enzymes digestives et des acides amin\u00e9s cl\u00e9s. C&rsquo;est une formule vraiment compl\u00e8te pour l&rsquo;athl\u00e8te qui travaille dur.<\/p>\n","protected":false},"featured_media":6166,"template":"","meta":{"site-sidebar-layout":"default","site-content-layout":"","ast-site-content-layout":"default","site-content-style":"default","site-sidebar-style":"default","ast-global-header-display":"","ast-banner-title-visibility":"","ast-main-header-display":"","ast-hfb-above-header-display":"","ast-hfb-below-header-display":"","ast-hfb-mobile-header-display":"","site-post-title":"","ast-breadcrumbs-content":"","ast-featured-img":"","footer-sml-layout":"","theme-transparent-header-meta":"default","adv-header-id-meta":"","stick-header-meta":"","header-above-stick-meta":"","header-main-stick-meta":"","header-below-stick-meta":"","astra-migrate-meta-layouts":"set","ast-page-background-enabled":"default","ast-page-background-meta":{"desktop":{"background-color":"","background-image":"","background-repeat":"repeat","background-position":"center center","background-size":"auto","background-attachment":"scroll","background-type":"","background-media":"","overlay-type":"","overlay-color":"","overlay-opacity":"","overlay-gradient":""},"tablet":{"background-color":"","background-image":"","background-repeat":"repeat","background-position":"center center","background-size":"auto","background-attachment":"scroll","background-type":"","background-media":"","overlay-type":"","overlay-color":"","overlay-opacity":"","overlay-gradient":""},"mobile":{"background-color":"","background-image":"","background-repeat":"repeat","background-position":"center center","background-size":"auto","background-attachment":"scroll","background-type":"","background-media":"","overlay-type":"","overlay-color":"","overlay-opacity":"","overlay-gradient":""}},"ast-content-background-meta":{"desktop":{"background-color":"var(--ast-global-color-5)","background-image":"","background-repeat":"repeat","background-position":"center center","background-size":"auto","background-attachment":"scroll","background-type":"","background-media":"","overlay-type":"","overlay-color":"","overlay-opacity":"","overlay-gradient":""},"tablet":{"background-color":"var(--ast-global-color-5)","background-image":"","background-repeat":"repeat","background-position":"center center","background-size":"auto","background-attachment":"scroll","background-type":"","background-media":"","overlay-type":"","overlay-color":"","overlay-opacity":"","overlay-gradient":""},"mobile":{"background-color":"var(--ast-global-color-5)","background-image":"","background-repeat":"repeat","background-position":"center center","background-size":"auto","background-attachment":"scroll","background-type":"","background-media":"","overlay-type":"","overlay-color":"","overlay-opacity":"","overlay-gradient":""}}},"product_brand":[65],"product_cat":[57],"product_tag":[],"class_list":{"0":"post-5522","1":"product","2":"type-product","3":"status-publish","4":"has-post-thumbnail","6":"product_brand-muscultech","7":"product_cat-vitamine-mineraux","8":"desktop-align-center","9":"tablet-align-center","10":"mobile-align-center","12":"first","13":"outofstock","14":"shipping-taxable","15":"purchasable","16":"product-type-simple"},"_links":{"self":[{"href":"https:\/\/dietpartner.shop\/index.php?rest_route=\/wp\/v2\/product\/5522","targetHints":{"allow":["GET"]}}],"collection":[{"href":"https:\/\/dietpartner.shop\/index.php?rest_route=\/wp\/v2\/product"}],"about":[{"href":"https:\/\/dietpartner.shop\/index.php?rest_route=\/wp\/v2\/types\/product"}],"wp:featuredmedia":[{"embeddable":true,"href":"https:\/\/dietpartner.shop\/index.php?rest_route=\/wp\/v2\/media\/6166"}],"wp:attachment":[{"href":"https:\/\/dietpartner.shop\/index.php?rest_route=%2Fwp%2Fv2%2Fmedia&parent=5522"}],"wp:term":[{"taxonomy":"product_brand","embeddable":true,"href":"https:\/\/dietpartner.shop\/index.php?rest_route=%2Fwp%2Fv2%2Fproduct_brand&post=5522"},{"taxonomy":"product_cat","embeddable":true,"href":"https:\/\/dietpartner.shop\/index.php?rest_route=%2Fwp%2Fv2%2Fproduct_cat&post=5522"},{"taxonomy":"product_tag","embeddable":true,"href":"https:\/\/dietpartner.shop\/index.php?rest_route=%2Fwp%2Fv2%2Fproduct_tag&post=5522"}],"curies":[{"name":"wp","href":"https:\/\/api.w.org\/{rel}","templated":true}]}}