{"id":5525,"date":"2025-04-12T12:11:09","date_gmt":"2025-04-12T11:11:09","guid":{"rendered":"https:\/\/dietpartner.shop\/?post_type=product&#038;p=5525"},"modified":"2025-06-13T14:26:57","modified_gmt":"2025-06-13T13:26:57","slug":"platinum-creatine","status":"publish","type":"product","link":"https:\/\/dietpartner.shop\/?product=platinum-creatine","title":{"rendered":"PLATINUM CREATINE"},"content":{"rendered":"<p>-LE SUPPL\u00c9MENT LE PLUS RECHERCH\u00c9 CLINIQUEMENT DE TOUS LES TEMPS\u00a0! La cr\u00e9atine est une forme de stockage majeure de carburant qui entra\u00eene des contractions musculaires lorsque vous soulevez des poids lourds. Mais une fois que vous avez \u00e9puis\u00e9 les r\u00e9serves de cr\u00e9atine, elles doivent \u00eatre r\u00e9g\u00e9n\u00e9r\u00e9es, sinon d\u2019autres contractions ne peuvent plus avoir lieu. Il est alors facile de comprendre que si vous parvenez \u00e0 hyper-r\u00e9g\u00e9n\u00e9rer les r\u00e9serves de cr\u00e9atine dans vos muscles, vous pourrez moins vous reposer entre les s\u00e9ries, tirer plus de puissance de chaque s\u00e9rie, obtenir plus de r\u00e9p\u00e9titions \u00e0 chaque s\u00e9rie et, ainsi, stimuler plus de fibres musculaires \u00e0 chaque s\u00e9rie. Cela conduit \u00e0 une croissance musculaire plus maigre ! -Cr\u00e9atine micronis\u00e9e ultra pure qui aide \u00e0 la croissance musculaire maigre ! *Poudre de monohydrate de cr\u00e9atine pure *R\u00e9approvisionner les r\u00e9serves de cr\u00e9atine *Cr\u00e9atine test\u00e9e HPLC Directions Pendant les 3 premiers jours (phase de chargement) : M\u00e9langer 1 mesure avec 8oz. d&rsquo;eau et consommer 4 fois par jour. Apr\u00e8s 3 jours (phase d&rsquo;entretien) : M\u00e9langer 1 mesure avec 8oz. d&rsquo;eau 1 \u00e0 2 fois par jour. Pour des r\u00e9sultats plus impressionnants, remplacez l\u2019eau par une boisson glucidique ou une boisson pour sportifs.<\/p>\n","protected":false},"excerpt":{"rendered":"<p>La cr\u00e9atine est une forme de stockage majeure de carburant qui entra\u00eene des contractions musculaires lorsque vous soulevez des poids lourds. Mais une fois que vous avez \u00e9puis\u00e9 les r\u00e9serves de cr\u00e9atine, elles doivent \u00eatre r\u00e9g\u00e9n\u00e9r\u00e9es, sinon d\u2019autres contractions ne peuvent plus avoir lieu. Il est alors facile de comprendre que si vous parvenez \u00e0 hyper-r\u00e9g\u00e9n\u00e9rer les r\u00e9serves de cr\u00e9atine dans vos muscles, vous pourrez moins vous reposer entre les s\u00e9ries et tirer plus de puissance de chaque s\u00e9rie.<\/p>\n","protected":false},"featured_media":6131,"template":"","meta":{"site-sidebar-layout":"default","site-content-layout":"","ast-site-content-layout":"default","site-content-style":"default","site-sidebar-style":"default","ast-global-header-display":"","ast-banner-title-visibility":"","ast-main-header-display":"","ast-hfb-above-header-display":"","ast-hfb-below-header-display":"","ast-hfb-mobile-header-display":"","site-post-title":"","ast-breadcrumbs-content":"","ast-featured-img":"","footer-sml-layout":"","theme-transparent-header-meta":"default","adv-header-id-meta":"","stick-header-meta":"","header-above-stick-meta":"","header-main-stick-meta":"","header-below-stick-meta":"","astra-migrate-meta-layouts":"set","ast-page-background-enabled":"default","ast-page-background-meta":{"desktop":{"background-color":"","background-image":"","background-repeat":"repeat","background-position":"center center","background-size":"auto","background-attachment":"scroll","background-type":"","background-media":"","overlay-type":"","overlay-color":"","overlay-opacity":"","overlay-gradient":""},"tablet":{"background-color":"","background-image":"","background-repeat":"repeat","background-position":"center center","background-size":"auto","background-attachment":"scroll","background-type":"","background-media":"","overlay-type":"","overlay-color":"","overlay-opacity":"","overlay-gradient":""},"mobile":{"background-color":"","background-image":"","background-repeat":"repeat","background-position":"center center","background-size":"auto","background-attachment":"scroll","background-type":"","background-media":"","overlay-type":"","overlay-color":"","overlay-opacity":"","overlay-gradient":""}},"ast-content-background-meta":{"desktop":{"background-color":"var(--ast-global-color-5)","background-image":"","background-repeat":"repeat","background-position":"center center","background-size":"auto","background-attachment":"scroll","background-type":"","background-media":"","overlay-type":"","overlay-color":"","overlay-opacity":"","overlay-gradient":""},"tablet":{"background-color":"var(--ast-global-color-5)","background-image":"","background-repeat":"repeat","background-position":"center center","background-size":"auto","background-attachment":"scroll","background-type":"","background-media":"","overlay-type":"","overlay-color":"","overlay-opacity":"","overlay-gradient":""},"mobile":{"background-color":"var(--ast-global-color-5)","background-image":"","background-repeat":"repeat","background-position":"center center","background-size":"auto","background-attachment":"scroll","background-type":"","background-media":"","overlay-type":"","overlay-color":"","overlay-opacity":"","overlay-gradient":""}}},"product_brand":[65],"product_cat":[76],"product_tag":[],"class_list":{"0":"post-5525","1":"product","2":"type-product","3":"status-publish","4":"has-post-thumbnail","6":"product_brand-muscultech","7":"product_cat-creatine","8":"desktop-align-center","9":"tablet-align-center","10":"mobile-align-center","12":"first","13":"instock","14":"shipping-taxable","15":"purchasable","16":"product-type-simple"},"_links":{"self":[{"href":"https:\/\/dietpartner.shop\/index.php?rest_route=\/wp\/v2\/product\/5525","targetHints":{"allow":["GET"]}}],"collection":[{"href":"https:\/\/dietpartner.shop\/index.php?rest_route=\/wp\/v2\/product"}],"about":[{"href":"https:\/\/dietpartner.shop\/index.php?rest_route=\/wp\/v2\/types\/product"}],"wp:featuredmedia":[{"embeddable":true,"href":"https:\/\/dietpartner.shop\/index.php?rest_route=\/wp\/v2\/media\/6131"}],"wp:attachment":[{"href":"https:\/\/dietpartner.shop\/index.php?rest_route=%2Fwp%2Fv2%2Fmedia&parent=5525"}],"wp:term":[{"taxonomy":"product_brand","embeddable":true,"href":"https:\/\/dietpartner.shop\/index.php?rest_route=%2Fwp%2Fv2%2Fproduct_brand&post=5525"},{"taxonomy":"product_cat","embeddable":true,"href":"https:\/\/dietpartner.shop\/index.php?rest_route=%2Fwp%2Fv2%2Fproduct_cat&post=5525"},{"taxonomy":"product_tag","embeddable":true,"href":"https:\/\/dietpartner.shop\/index.php?rest_route=%2Fwp%2Fv2%2Fproduct_tag&post=5525"}],"curies":[{"name":"wp","href":"https:\/\/api.w.org\/{rel}","templated":true}]}}