{"id":5527,"date":"2025-04-12T12:35:02","date_gmt":"2025-04-12T11:35:02","guid":{"rendered":"https:\/\/dietpartner.shop\/?post_type=product&#038;p=5527"},"modified":"2025-06-15T20:31:01","modified_gmt":"2025-06-15T19:31:01","slug":"hydroxycut-hardcore-elite","status":"publish","type":"product","link":"https:\/\/dietpartner.shop\/?product=hydroxycut-hardcore-elite","title":{"rendered":"HYDROXYCUT HARDCORE ELITE"},"content":{"rendered":"<p class=\"\" data-start=\"652\" data-end=\"993\">L\u2019objectif principal du <strong data-start=\"676\" data-end=\"705\">Hydroxycut Hardcore Elite<\/strong> est de favoriser la <strong data-start=\"726\" data-end=\"744\">perte de poids<\/strong> et d&rsquo;<strong data-start=\"750\" data-end=\"773\">am\u00e9liorer l&rsquo;\u00e9nergie<\/strong> et la <strong data-start=\"780\" data-end=\"795\">performance<\/strong>. Il est particuli\u00e8rement adapt\u00e9 aux personnes qui cherchent \u00e0 perdre de la graisse corporelle tout en maintenant leur niveau d\u2019\u00e9nergie \u00e9lev\u00e9, en particulier lors de s\u00e9ances d\u2019entra\u00eenement<\/p>\n<ul data-start=\"2757\" data-end=\"3494\">\n<li class=\"\" data-start=\"2757\" data-end=\"3008\">\n<p class=\"\" data-start=\"2759\" data-end=\"3008\"><strong data-start=\"2759\" data-end=\"2775\">Thermogen\u00e8se<\/strong> : L\u2019un des principaux effets de <strong data-start=\"2808\" data-end=\"2837\">Hydroxycut Hardcore Elite<\/strong> est l\u2019augmentation de la temp\u00e9rature corporelle via la thermogen\u00e8se. Cela permet au corps de br\u00fbler plus de calories, m\u00eame au repos, ce qui favorise la perte de graisses.<\/p>\n<\/li>\n<li class=\"\" data-start=\"3009\" data-end=\"3203\">\n<p class=\"\" data-start=\"3011\" data-end=\"3203\"><strong data-start=\"3011\" data-end=\"3041\">Stimulation du m\u00e9tabolisme<\/strong> : Les ingr\u00e9dients comme la caf\u00e9ine, le th\u00e9 vert et la noix de cola aident \u00e0 stimuler le m\u00e9tabolisme, ce qui permet de br\u00fbler plus de calories pendant la journ\u00e9e.<\/p>\n<\/li>\n<li class=\"\" data-start=\"3204\" data-end=\"3494\">\n<p class=\"\" data-start=\"3206\" data-end=\"3494\"><strong data-start=\"3206\" data-end=\"3258\">Am\u00e9lioration de l\u2019\u00e9nergie et de la concentration<\/strong> : La combinaison de caf\u00e9ine, guarana et L-th\u00e9anine am\u00e9liore la concentration, la vigilance et l\u2019\u00e9nergie g\u00e9n\u00e9rale, ce qui permet aux utilisateurs de s\u2019entra\u00eener plus dur et plus longtemps, augmentant ainsi la d\u00e9pense \u00e9nerg\u00e9tique totale.<\/p>\n<\/li>\n<\/ul>\n<ul data-start=\"3548\" data-end=\"4038\">\n<li class=\"\" data-start=\"3548\" data-end=\"3751\">\n<p class=\"\" data-start=\"3550\" data-end=\"3751\"><strong data-start=\"3550\" data-end=\"3579\">Extrait de rhodiola rosea<\/strong> : La rhodiola est une plante adaptog\u00e8ne qui aide \u00e0 r\u00e9duire le stress et \u00e0 am\u00e9liorer la r\u00e9sistance \u00e0 la fatigue, ce qui peut \u00eatre b\u00e9n\u00e9fique pour les entra\u00eenements intenses.<\/p>\n<\/li>\n<li class=\"\" data-start=\"3752\" data-end=\"4038\">\n<p class=\"\" data-start=\"3754\" data-end=\"4038\"><strong data-start=\"3754\" data-end=\"3789\">Acide linol\u00e9ique conjugu\u00e9 (CLA)<\/strong> : Bien que g\u00e9n\u00e9ralement utilis\u00e9 pour la gestion de la graisse corporelle, le CLA peut \u00e9galement jouer un r\u00f4le dans l&rsquo;am\u00e9lioration de la composition corporelle en r\u00e9duisant la graisse et en aidant \u00e0 maintenir ou augmenter la masse musculaire maigre.<\/p>\n<\/li>\n<\/ul>\n<ul data-start=\"4086\" data-end=\"4840\">\n<li class=\"\" data-start=\"4086\" data-end=\"4385\">\n<p class=\"\" data-start=\"4088\" data-end=\"4385\"><strong data-start=\"4088\" data-end=\"4120\">Br\u00fbleur de graisses puissant<\/strong> : Ce suppl\u00e9ment est sp\u00e9cifiquement con\u00e7u pour augmenter la thermogen\u00e8se et stimuler le m\u00e9tabolisme afin de favoriser une perte de graisse rapide, en particulier lorsqu&rsquo;il est utilis\u00e9 en compl\u00e9ment d&rsquo;un programme d&rsquo;exercices physiques et d&rsquo;une alimentation adapt\u00e9e.<\/p>\n<\/li>\n<li class=\"\" data-start=\"4386\" data-end=\"4617\">\n<p class=\"\" data-start=\"4388\" data-end=\"4617\"><strong data-start=\"4388\" data-end=\"4417\">Augmentation de l&rsquo;\u00e9nergie<\/strong> : Hydroxycut Hardcore Elite contient des stimulants puissants qui augmentent l&rsquo;\u00e9nergie, la concentration et l\u2019endurance, permettant aux utilisateurs de s\u2019entra\u00eener plus intens\u00e9ment et plus longtemps.<\/p>\n<\/li>\n<li class=\"\" data-start=\"4618\" data-end=\"4840\">\n<p class=\"\" data-start=\"4620\" data-end=\"4840\"><strong data-start=\"4620\" data-end=\"4654\">Am\u00e9lioration de la performance<\/strong> : Gr\u00e2ce \u00e0 ses effets \u00e9nergisants et \u00e0 son soutien \u00e0 l\u2019endurance, ce produit est particuli\u00e8rement populaire chez les athl\u00e8tes ou ceux qui suivent des programmes d&rsquo;entra\u00eenement intensifs.<\/p>\n<\/li>\n<\/ul>\n","protected":false},"excerpt":{"rendered":"<p>Le <strong data-start=\"3\" data-end=\"32\">Hydroxycut Hardcore Elite<\/strong> de <strong data-start=\"36\" data-end=\"50\">MuscleTech<\/strong> est un suppl\u00e9ment thermog\u00e9nique puissant con\u00e7u pour favoriser la perte de graisse, augmenter l&rsquo;\u00e9nergie et am\u00e9liorer la performance physique. Ce produit est sp\u00e9cifiquement destin\u00e9 aux personnes cherchant \u00e0 br\u00fbler des graisses de mani\u00e8re efficace tout en maintenant ou augmentant leur niveau d&rsquo;\u00e9nergie. Il se distingue par sa formulation d\u2019ingr\u00e9dients actifs qui stimulent le m\u00e9tabolisme et augmentent la thermogen\u00e8se (la production de chaleur corporelle) pour acc\u00e9l\u00e9rer la combustion des graisses<\/p>\n","protected":false},"featured_media":6176,"template":"","meta":{"site-sidebar-layout":"default","site-content-layout":"","ast-site-content-layout":"default","site-content-style":"default","site-sidebar-style":"default","ast-global-header-display":"","ast-banner-title-visibility":"","ast-main-header-display":"","ast-hfb-above-header-display":"","ast-hfb-below-header-display":"","ast-hfb-mobile-header-display":"","site-post-title":"","ast-breadcrumbs-content":"","ast-featured-img":"","footer-sml-layout":"","theme-transparent-header-meta":"default","adv-header-id-meta":"","stick-header-meta":"","header-above-stick-meta":"","header-main-stick-meta":"","header-below-stick-meta":"","astra-migrate-meta-layouts":"set","ast-page-background-enabled":"default","ast-page-background-meta":{"desktop":{"background-color":"","background-image":"","background-repeat":"repeat","background-position":"center center","background-size":"auto","background-attachment":"scroll","background-type":"","background-media":"","overlay-type":"","overlay-color":"","overlay-opacity":"","overlay-gradient":""},"tablet":{"background-color":"","background-image":"","background-repeat":"repeat","background-position":"center center","background-size":"auto","background-attachment":"scroll","background-type":"","background-media":"","overlay-type":"","overlay-color":"","overlay-opacity":"","overlay-gradient":""},"mobile":{"background-color":"","background-image":"","background-repeat":"repeat","background-position":"center center","background-size":"auto","background-attachment":"scroll","background-type":"","background-media":"","overlay-type":"","overlay-color":"","overlay-opacity":"","overlay-gradient":""}},"ast-content-background-meta":{"desktop":{"background-color":"var(--ast-global-color-5)","background-image":"","background-repeat":"repeat","background-position":"center center","background-size":"auto","background-attachment":"scroll","background-type":"","background-media":"","overlay-type":"","overlay-color":"","overlay-opacity":"","overlay-gradient":""},"tablet":{"background-color":"var(--ast-global-color-5)","background-image":"","background-repeat":"repeat","background-position":"center center","background-size":"auto","background-attachment":"scroll","background-type":"","background-media":"","overlay-type":"","overlay-color":"","overlay-opacity":"","overlay-gradient":""},"mobile":{"background-color":"var(--ast-global-color-5)","background-image":"","background-repeat":"repeat","background-position":"center center","background-size":"auto","background-attachment":"scroll","background-type":"","background-media":"","overlay-type":"","overlay-color":"","overlay-opacity":"","overlay-gradient":""}}},"product_brand":[65],"product_cat":[60],"product_tag":[],"class_list":{"0":"post-5527","1":"product","2":"type-product","3":"status-publish","4":"has-post-thumbnail","6":"product_brand-muscultech","7":"product_cat-bruleurs-de-graisse","8":"desktop-align-center","9":"tablet-align-center","10":"mobile-align-center","12":"first","13":"instock","14":"shipping-taxable","15":"purchasable","16":"product-type-simple"},"_links":{"self":[{"href":"https:\/\/dietpartner.shop\/index.php?rest_route=\/wp\/v2\/product\/5527","targetHints":{"allow":["GET"]}}],"collection":[{"href":"https:\/\/dietpartner.shop\/index.php?rest_route=\/wp\/v2\/product"}],"about":[{"href":"https:\/\/dietpartner.shop\/index.php?rest_route=\/wp\/v2\/types\/product"}],"wp:featuredmedia":[{"embeddable":true,"href":"https:\/\/dietpartner.shop\/index.php?rest_route=\/wp\/v2\/media\/6176"}],"wp:attachment":[{"href":"https:\/\/dietpartner.shop\/index.php?rest_route=%2Fwp%2Fv2%2Fmedia&parent=5527"}],"wp:term":[{"taxonomy":"product_brand","embeddable":true,"href":"https:\/\/dietpartner.shop\/index.php?rest_route=%2Fwp%2Fv2%2Fproduct_brand&post=5527"},{"taxonomy":"product_cat","embeddable":true,"href":"https:\/\/dietpartner.shop\/index.php?rest_route=%2Fwp%2Fv2%2Fproduct_cat&post=5527"},{"taxonomy":"product_tag","embeddable":true,"href":"https:\/\/dietpartner.shop\/index.php?rest_route=%2Fwp%2Fv2%2Fproduct_tag&post=5527"}],"curies":[{"name":"wp","href":"https:\/\/api.w.org\/{rel}","templated":true}]}}