{"id":5529,"date":"2025-04-12T12:43:15","date_gmt":"2025-04-12T11:43:15","guid":{"rendered":"https:\/\/dietpartner.shop\/?post_type=product&#038;p=5529"},"modified":"2025-06-23T12:31:23","modified_gmt":"2025-06-23T11:31:23","slug":"euphoriq-pre-workout","status":"publish","type":"product","link":"https:\/\/dietpartner.shop\/?product=euphoriq-pre-workout","title":{"rendered":"EUPHORIQ PRE-WORKOUT"},"content":{"rendered":"<p>EuphoriQ\u00a0 est un pr\u00e9-entra\u00eenement am\u00e9lior\u00e9 et r\u00e9volutionnaire qui offre une exp\u00e9rience \u00e9nerg\u00e9tique et sensorielle. Ancr\u00e9e dans un ingr\u00e9dient \u00e9nerg\u00e9tique r\u00e9volutionnaire, la paraxanthine, cette formule offre une \u00e9nergie propre et douce, des fonctions cognitives, une concentration accrue et ne ressemble \u00e0 rien de ce que vous avez essay\u00e9 auparavant. -300 mg d&rsquo;enfinity &#8211; (paraxanthine) La paraxanthine est un m\u00e9tabolite de la caf\u00e9ine et apporte les bienfaits de la caf\u00e9ine, comme la concentration et l&rsquo;\u00e9nergie. La paraxanthine est con\u00e7ue pour offrir uniquement les bonnes choses. -300 mg d&rsquo;ALPHASIZE\u00a0 &#8211; Une source unique de choline, un pr\u00e9curseur du neurotransmetteur ac\u00e9tylcholine. -1,6 g de NOOLVL\u00a0 &#8211; Il a \u00e9t\u00e9 cliniquement d\u00e9montr\u00e9 que NooLvl\u00a0 soutient certains aspects de la pr\u00e9cision et de la prise de d\u00e9cision. -100 mg de NEUROFACTOR\u00a0 &#8211; Il a \u00e9t\u00e9 d\u00e9montr\u00e9 que cet extrait de fruit de caf\u00e9 brevet\u00e9 augmente consid\u00e9rablement les niveaux d&rsquo;une neuroprot\u00e9ine cl\u00e9. Instructions M\u00e9langer 1 portion (1 mesure) avec 8 oz. d&rsquo;eau et consommer 30 minutes avant votre s\u00e9ance d&rsquo;entra\u00eenement. Ne pas d\u00e9passer 1 portion par p\u00e9riode de 24 heures. Assurez-vous de boire suffisamment de liquide avant, pendant et apr\u00e8s l&rsquo;entra\u00eenement. Lisez l&rsquo;\u00e9tiquette dans son int\u00e9gralit\u00e9 avant l&rsquo;utilisation et suivez les instructions fournies.<\/p>\n","protected":false},"excerpt":{"rendered":"<p>EuphoriQ est un pr\u00e9-entra\u00eenement am\u00e9lior\u00e9 et r\u00e9volutionnaire qui offre une exp\u00e9rience \u00e9nerg\u00e9tique et sensorielle. Ancr\u00e9e dans un ingr\u00e9dient \u00e9nerg\u00e9tique r\u00e9volutionnaire, la paraxanthine, cette formule offre une \u00e9nergie propre et douce, des fonctions cognitives et une concentration accrue, et ne ressemble \u00e0 rien de ce que vous avez d\u00e9j\u00e0 essay\u00e9.<\/p>\n","protected":false},"featured_media":6183,"template":"","meta":{"site-sidebar-layout":"default","site-content-layout":"","ast-site-content-layout":"default","site-content-style":"default","site-sidebar-style":"default","ast-global-header-display":"","ast-banner-title-visibility":"","ast-main-header-display":"","ast-hfb-above-header-display":"","ast-hfb-below-header-display":"","ast-hfb-mobile-header-display":"","site-post-title":"","ast-breadcrumbs-content":"","ast-featured-img":"","footer-sml-layout":"","theme-transparent-header-meta":"default","adv-header-id-meta":"","stick-header-meta":"","header-above-stick-meta":"","header-main-stick-meta":"","header-below-stick-meta":"","astra-migrate-meta-layouts":"set","ast-page-background-enabled":"default","ast-page-background-meta":{"desktop":{"background-color":"","background-image":"","background-repeat":"repeat","background-position":"center center","background-size":"auto","background-attachment":"scroll","background-type":"","background-media":"","overlay-type":"","overlay-color":"","overlay-opacity":"","overlay-gradient":""},"tablet":{"background-color":"","background-image":"","background-repeat":"repeat","background-position":"center center","background-size":"auto","background-attachment":"scroll","background-type":"","background-media":"","overlay-type":"","overlay-color":"","overlay-opacity":"","overlay-gradient":""},"mobile":{"background-color":"","background-image":"","background-repeat":"repeat","background-position":"center center","background-size":"auto","background-attachment":"scroll","background-type":"","background-media":"","overlay-type":"","overlay-color":"","overlay-opacity":"","overlay-gradient":""}},"ast-content-background-meta":{"desktop":{"background-color":"var(--ast-global-color-5)","background-image":"","background-repeat":"repeat","background-position":"center center","background-size":"auto","background-attachment":"scroll","background-type":"","background-media":"","overlay-type":"","overlay-color":"","overlay-opacity":"","overlay-gradient":""},"tablet":{"background-color":"var(--ast-global-color-5)","background-image":"","background-repeat":"repeat","background-position":"center center","background-size":"auto","background-attachment":"scroll","background-type":"","background-media":"","overlay-type":"","overlay-color":"","overlay-opacity":"","overlay-gradient":""},"mobile":{"background-color":"var(--ast-global-color-5)","background-image":"","background-repeat":"repeat","background-position":"center center","background-size":"auto","background-attachment":"scroll","background-type":"","background-media":"","overlay-type":"","overlay-color":"","overlay-opacity":"","overlay-gradient":""}}},"product_brand":[65],"product_cat":[74],"product_tag":[],"class_list":{"0":"post-5529","1":"product","2":"type-product","3":"status-publish","4":"has-post-thumbnail","6":"product_brand-muscultech","7":"product_cat-pre-workout","8":"desktop-align-center","9":"tablet-align-center","10":"mobile-align-center","12":"first","13":"outofstock","14":"shipping-taxable","15":"purchasable","16":"product-type-simple"},"_links":{"self":[{"href":"https:\/\/dietpartner.shop\/index.php?rest_route=\/wp\/v2\/product\/5529","targetHints":{"allow":["GET"]}}],"collection":[{"href":"https:\/\/dietpartner.shop\/index.php?rest_route=\/wp\/v2\/product"}],"about":[{"href":"https:\/\/dietpartner.shop\/index.php?rest_route=\/wp\/v2\/types\/product"}],"wp:featuredmedia":[{"embeddable":true,"href":"https:\/\/dietpartner.shop\/index.php?rest_route=\/wp\/v2\/media\/6183"}],"wp:attachment":[{"href":"https:\/\/dietpartner.shop\/index.php?rest_route=%2Fwp%2Fv2%2Fmedia&parent=5529"}],"wp:term":[{"taxonomy":"product_brand","embeddable":true,"href":"https:\/\/dietpartner.shop\/index.php?rest_route=%2Fwp%2Fv2%2Fproduct_brand&post=5529"},{"taxonomy":"product_cat","embeddable":true,"href":"https:\/\/dietpartner.shop\/index.php?rest_route=%2Fwp%2Fv2%2Fproduct_cat&post=5529"},{"taxonomy":"product_tag","embeddable":true,"href":"https:\/\/dietpartner.shop\/index.php?rest_route=%2Fwp%2Fv2%2Fproduct_tag&post=5529"}],"curies":[{"name":"wp","href":"https:\/\/api.w.org\/{rel}","templated":true}]}}