{"id":5531,"date":"2025-04-12T13:12:37","date_gmt":"2025-04-12T12:12:37","guid":{"rendered":"https:\/\/dietpartner.shop\/?post_type=product&#038;p=5531"},"modified":"2025-12-05T07:56:02","modified_gmt":"2025-12-05T06:56:02","slug":"mass-tech-elite","status":"publish","type":"product","link":"https:\/\/dietpartner.shop\/?product=mass-tech-elite","title":{"rendered":"MASS TECH ELITE"},"content":{"rendered":"<p><strong>Mass-Tech Elite<\/strong>\u00a0est sp\u00e9cialement con\u00e7u pour les personnes qui cherchent \u00e0 obtenir des r\u00e9sultats exceptionnels. Avec une teneur en prot\u00e9ines sup\u00e9rieure \u00e0 celle des autres gainers,\u00a0<strong>chaque portion de Mass-Tech Elite apporte 80 g de prot\u00e9ines \u00e0 phases multiples<\/strong>, lorsque m\u00e9lang\u00e9 avec 2 tasses de lait \u00e9cr\u00e9m\u00e9, pour une croissance musculaire optimale.<\/p>\n<p>Enrichi avec une dose massive de\u00a0<strong>10 g de cr\u00e9atine monohydrate ultra-pure par portion<\/strong>,\u00a0<strong>Mass-Tech Elite<\/strong>\u00a0favorise des gains musculaires rapides et durables, tout en am\u00e9liorant la r\u00e9cup\u00e9ration musculaire apr\u00e8s l&rsquo;entra\u00eenement.<\/p>\n<p>Les ingr\u00e9dients de haute qualit\u00e9 de\u00a0<strong>Mass-Tech Elite<\/strong>\u00a0garantissent une\u00a0<strong>absorption optimale des acides amin\u00e9s essentiels<\/strong>, gr\u00e2ce \u00e0 la technologie\u00a0<strong>ProHydrolase<\/strong>\u00ae int\u00e9gr\u00e9e, permettant ainsi \u00e0 votre corps de tirer le meilleur parti de chaque nutriment pour des r\u00e9sultats visibles.<\/p>\n<h3>Ingr\u00e9dients :<\/h3>\n<p>complexe de glucides multiphase (maltodextrine, ModCarb [son d&rsquo;avoine, quinoa, sarrasin, millet], isomaltulose), syst\u00e8me prot\u00e9ique multiphase (concentr\u00e9 de prot\u00e9ines de lactos\u00e9rum, cas\u00e9inate de calcium, albumine d\u2019\u0153uf, isolat de prot\u00e9ines de lactos\u00e9rum 97%, prot\u00e9ines de lactos\u00e9rum hydrolys\u00e9es, isolat de prot\u00e9ines de lactos\u00e9rum), poudre de cacao (trait\u00e9e aux alcalis), extenseur de cacao (poudre de caroube, huile de coco, extrait sec de sirop de coco, cas\u00e9inate de sodium, mono et diglyc\u00e9rides, phosphate dipotassique, dioxyde de silicium, ar\u00f4me naturel), ar\u00f4me naturel, carbonate de calcium, \u00e9mulsifiant (l\u00e9cithine de soja et\/ou de tournesol), m\u00e9lange de gommes (gomme de cellulose, gomme de xanthane, carragh\u00e9nine), sel, \u00e9dulcorants (sucralose, ac\u00e9sulfame de potassium), triglyc\u00e9rides \u00e0 cha\u00eene moyenne.<\/p>\n","protected":false},"excerpt":{"rendered":"<p><strong>Mass-Tech\u00ae Elite<\/strong>\u00a0: La formule ultime pour des gains de masse musculaire et une force accrue.\u00a0<strong>Prot\u00e9ines de haute qualit\u00e9<\/strong>,\u00a0<strong>calories<\/strong>,\u00a0<strong>glucides<\/strong>\u00a0et\u00a0<strong>cr\u00e9atine<\/strong>\u00a0essentiels pour une croissance musculaire optimale. Con\u00e7u par\u00a0<strong>MuscleTech<\/strong>\u00ae pour d\u00e9passer vos limites et atteindre des niveaux de force in\u00e9gal\u00e9s.<\/p>\n","protected":false},"featured_media":6157,"template":"","meta":{"site-sidebar-layout":"default","site-content-layout":"","ast-site-content-layout":"default","site-content-style":"default","site-sidebar-style":"default","ast-global-header-display":"","ast-banner-title-visibility":"","ast-main-header-display":"","ast-hfb-above-header-display":"","ast-hfb-below-header-display":"","ast-hfb-mobile-header-display":"","site-post-title":"","ast-breadcrumbs-content":"","ast-featured-img":"","footer-sml-layout":"","theme-transparent-header-meta":"default","adv-header-id-meta":"","stick-header-meta":"","header-above-stick-meta":"","header-main-stick-meta":"","header-below-stick-meta":"","astra-migrate-meta-layouts":"set","ast-page-background-enabled":"default","ast-page-background-meta":{"desktop":{"background-color":"","background-image":"","background-repeat":"repeat","background-position":"center center","background-size":"auto","background-attachment":"scroll","background-type":"","background-media":"","overlay-type":"","overlay-color":"","overlay-opacity":"","overlay-gradient":""},"tablet":{"background-color":"","background-image":"","background-repeat":"repeat","background-position":"center center","background-size":"auto","background-attachment":"scroll","background-type":"","background-media":"","overlay-type":"","overlay-color":"","overlay-opacity":"","overlay-gradient":""},"mobile":{"background-color":"","background-image":"","background-repeat":"repeat","background-position":"center center","background-size":"auto","background-attachment":"scroll","background-type":"","background-media":"","overlay-type":"","overlay-color":"","overlay-opacity":"","overlay-gradient":""}},"ast-content-background-meta":{"desktop":{"background-color":"var(--ast-global-color-5)","background-image":"","background-repeat":"repeat","background-position":"center center","background-size":"auto","background-attachment":"scroll","background-type":"","background-media":"","overlay-type":"","overlay-color":"","overlay-opacity":"","overlay-gradient":""},"tablet":{"background-color":"var(--ast-global-color-5)","background-image":"","background-repeat":"repeat","background-position":"center center","background-size":"auto","background-attachment":"scroll","background-type":"","background-media":"","overlay-type":"","overlay-color":"","overlay-opacity":"","overlay-gradient":""},"mobile":{"background-color":"var(--ast-global-color-5)","background-image":"","background-repeat":"repeat","background-position":"center center","background-size":"auto","background-attachment":"scroll","background-type":"","background-media":"","overlay-type":"","overlay-color":"","overlay-opacity":"","overlay-gradient":""}}},"product_brand":[65],"product_cat":[77],"product_tag":[],"class_list":{"0":"post-5531","1":"product","2":"type-product","3":"status-publish","4":"has-post-thumbnail","6":"product_brand-muscultech","7":"product_cat-mass-gainer","8":"desktop-align-center","9":"tablet-align-center","10":"mobile-align-center","12":"first","13":"instock","14":"shipping-taxable","15":"purchasable","16":"product-type-simple"},"_links":{"self":[{"href":"https:\/\/dietpartner.shop\/index.php?rest_route=\/wp\/v2\/product\/5531","targetHints":{"allow":["GET"]}}],"collection":[{"href":"https:\/\/dietpartner.shop\/index.php?rest_route=\/wp\/v2\/product"}],"about":[{"href":"https:\/\/dietpartner.shop\/index.php?rest_route=\/wp\/v2\/types\/product"}],"wp:featuredmedia":[{"embeddable":true,"href":"https:\/\/dietpartner.shop\/index.php?rest_route=\/wp\/v2\/media\/6157"}],"wp:attachment":[{"href":"https:\/\/dietpartner.shop\/index.php?rest_route=%2Fwp%2Fv2%2Fmedia&parent=5531"}],"wp:term":[{"taxonomy":"product_brand","embeddable":true,"href":"https:\/\/dietpartner.shop\/index.php?rest_route=%2Fwp%2Fv2%2Fproduct_brand&post=5531"},{"taxonomy":"product_cat","embeddable":true,"href":"https:\/\/dietpartner.shop\/index.php?rest_route=%2Fwp%2Fv2%2Fproduct_cat&post=5531"},{"taxonomy":"product_tag","embeddable":true,"href":"https:\/\/dietpartner.shop\/index.php?rest_route=%2Fwp%2Fv2%2Fproduct_tag&post=5531"}],"curies":[{"name":"wp","href":"https:\/\/api.w.org\/{rel}","templated":true}]}}