{"id":5537,"date":"2025-04-12T14:14:14","date_gmt":"2025-04-12T13:14:14","guid":{"rendered":"https:\/\/dietpartner.shop\/?post_type=product&#038;p=5537"},"modified":"2025-10-31T07:42:54","modified_gmt":"2025-10-31T06:42:54","slug":"gold-all-whey","status":"publish","type":"product","link":"https:\/\/dietpartner.shop\/?product=gold-all-whey","title":{"rendered":"GOLD ALL WHEY"},"content":{"rendered":"<p>MOINS DE GLUCIDES, MOINS DE MATI\u00c8RES GRASSES, PLUS DE PROT\u00c9INES PAR PORTION Non seulement GOLD ALLWHEY vous offre toutes les prot\u00e9ines dont vous avez besoin, mais chaque dose contient seulement 4 g de glucides et 130 calories par portion. Cela repr\u00e9sente 70 % de glucides et de sucres en moins par rapport aux poudres de prot\u00e9ines de lactos\u00e9rum ordinaires ! Obtenez tous les gains de masse maigre sans les glucides ajout\u00e9s. GOLD ALLWHEY : prot\u00e9ine de lactos\u00e9rum pure, de premi\u00e8re qualit\u00e9, non d\u00e9natur\u00e9e. M\u00e9lange 100 % isolat\/concentr\u00e9 de prot\u00e9ines de lactos\u00e9rum test\u00e9 en laboratoire &#8211; Source de prot\u00e9ines de lactos\u00e9rum \u00e0 100 % &#8211; 24 g de prot\u00e9ines dans chaque portion de 32 g &#8211; 5 g de BCAA naturels par portion &#8211; Faible teneur en glucides et seulement 2 g de sucre par portion PROT\u00c9INE DE LACTOS\u00c9RUM 100 % PREMIUM La prot\u00e9ine de lactos\u00e9rum ordinaire est excellente. Le lactos\u00e9rum premium de GOLD ALLWHEY est encore meilleur car il subit une microfiltration suppl\u00e9mentaire par rapport au lactos\u00e9rum ordinaire pour augmenter sa puret\u00e9. Ce processus n&rsquo;affecte ni ne d\u00e9nature les prot\u00e9ines, mais \u00e9limine les composants non prot\u00e9iques suppl\u00e9mentaires, principalement le lactose et les graisses. Le r\u00e9sultat est une puret\u00e9 accrue et une absorption plus rapide dans vos muscles pour une r\u00e9cup\u00e9ration plus rapide et des gains plus importants en masse corporelle maigre. Mode d&#8217;emploi M\u00e9langez, m\u00e9langez ou secouez 1 mesure bomb\u00e9e (32 g) avec 7 oz (~ 200 ml) d&rsquo;eau froide ou de lait \u00e9cr\u00e9m\u00e9, selon le go\u00fbt et la consistance souhait\u00e9s, \u00e0 chaque fois que vous souhaitez une boisson riche en prot\u00e9ines de qualit\u00e9 sup\u00e9rieure et satisfaisante.<\/p>\n","protected":false},"excerpt":{"rendered":"<p>MOINS DE GLUCIDES, MOINS DE MATI\u00c8RES GRASSES, PLUS DE PROT\u00c9INES PAR PORTION<br \/>\nNon seulement GOLD ALLWHEY vous offre toutes les prot\u00e9ines dont vous avez besoin, mais chaque dose contient seulement 4 g de glucides et 130 calories par portion. Cela repr\u00e9sente 70 % de glucides et de sucres en moins par rapport aux poudres de prot\u00e9ines de lactos\u00e9rum ordinaires ! Obtenez tous les gains de masse maigre sans les glucides ajout\u00e9s. GOLD ALLWHEY : prot\u00e9ine de lactos\u00e9rum pure, de premi\u00e8re qualit\u00e9, non d\u00e9natur\u00e9e.<\/p>\n","protected":false},"featured_media":6149,"template":"","meta":{"site-sidebar-layout":"default","site-content-layout":"","ast-site-content-layout":"default","site-content-style":"default","site-sidebar-style":"default","ast-global-header-display":"","ast-banner-title-visibility":"","ast-main-header-display":"","ast-hfb-above-header-display":"","ast-hfb-below-header-display":"","ast-hfb-mobile-header-display":"","site-post-title":"","ast-breadcrumbs-content":"","ast-featured-img":"","footer-sml-layout":"","theme-transparent-header-meta":"default","adv-header-id-meta":"","stick-header-meta":"","header-above-stick-meta":"","header-main-stick-meta":"","header-below-stick-meta":"","astra-migrate-meta-layouts":"set","ast-page-background-enabled":"default","ast-page-background-meta":{"desktop":{"background-color":"","background-image":"","background-repeat":"repeat","background-position":"center center","background-size":"auto","background-attachment":"scroll","background-type":"","background-media":"","overlay-type":"","overlay-color":"","overlay-opacity":"","overlay-gradient":""},"tablet":{"background-color":"","background-image":"","background-repeat":"repeat","background-position":"center center","background-size":"auto","background-attachment":"scroll","background-type":"","background-media":"","overlay-type":"","overlay-color":"","overlay-opacity":"","overlay-gradient":""},"mobile":{"background-color":"","background-image":"","background-repeat":"repeat","background-position":"center center","background-size":"auto","background-attachment":"scroll","background-type":"","background-media":"","overlay-type":"","overlay-color":"","overlay-opacity":"","overlay-gradient":""}},"ast-content-background-meta":{"desktop":{"background-color":"var(--ast-global-color-5)","background-image":"","background-repeat":"repeat","background-position":"center center","background-size":"auto","background-attachment":"scroll","background-type":"","background-media":"","overlay-type":"","overlay-color":"","overlay-opacity":"","overlay-gradient":""},"tablet":{"background-color":"var(--ast-global-color-5)","background-image":"","background-repeat":"repeat","background-position":"center center","background-size":"auto","background-attachment":"scroll","background-type":"","background-media":"","overlay-type":"","overlay-color":"","overlay-opacity":"","overlay-gradient":""},"mobile":{"background-color":"var(--ast-global-color-5)","background-image":"","background-repeat":"repeat","background-position":"center center","background-size":"auto","background-attachment":"scroll","background-type":"","background-media":"","overlay-type":"","overlay-color":"","overlay-opacity":"","overlay-gradient":""}}},"product_brand":[72],"product_cat":[59],"product_tag":[],"class_list":{"0":"post-5537","1":"product","2":"type-product","3":"status-publish","4":"has-post-thumbnail","6":"product_brand-allmax","7":"product_cat-whey-proteine","8":"desktop-align-center","9":"tablet-align-center","10":"mobile-align-center","12":"first","13":"outofstock","14":"shipping-taxable","15":"purchasable","16":"product-type-simple"},"_links":{"self":[{"href":"https:\/\/dietpartner.shop\/index.php?rest_route=\/wp\/v2\/product\/5537","targetHints":{"allow":["GET"]}}],"collection":[{"href":"https:\/\/dietpartner.shop\/index.php?rest_route=\/wp\/v2\/product"}],"about":[{"href":"https:\/\/dietpartner.shop\/index.php?rest_route=\/wp\/v2\/types\/product"}],"wp:featuredmedia":[{"embeddable":true,"href":"https:\/\/dietpartner.shop\/index.php?rest_route=\/wp\/v2\/media\/6149"}],"wp:attachment":[{"href":"https:\/\/dietpartner.shop\/index.php?rest_route=%2Fwp%2Fv2%2Fmedia&parent=5537"}],"wp:term":[{"taxonomy":"product_brand","embeddable":true,"href":"https:\/\/dietpartner.shop\/index.php?rest_route=%2Fwp%2Fv2%2Fproduct_brand&post=5537"},{"taxonomy":"product_cat","embeddable":true,"href":"https:\/\/dietpartner.shop\/index.php?rest_route=%2Fwp%2Fv2%2Fproduct_cat&post=5537"},{"taxonomy":"product_tag","embeddable":true,"href":"https:\/\/dietpartner.shop\/index.php?rest_route=%2Fwp%2Fv2%2Fproduct_tag&post=5537"}],"curies":[{"name":"wp","href":"https:\/\/api.w.org\/{rel}","templated":true}]}}