{"id":5545,"date":"2025-04-12T15:16:35","date_gmt":"2025-04-12T14:16:35","guid":{"rendered":"https:\/\/dietpartner.shop\/?post_type=product&#038;p=5545"},"modified":"2025-06-23T12:29:53","modified_gmt":"2025-06-23T11:29:53","slug":"creatine-monohaydrate-powder-creapure","status":"publish","type":"product","link":"https:\/\/dietpartner.shop\/?product=creatine-monohaydrate-powder-creapure","title":{"rendered":"CREATINE MONOHAYDRATE POWDER CREAPURE"},"content":{"rendered":"<h3 class=\"\" data-start=\"550\" data-end=\"579\"><strong data-start=\"554\" data-end=\"579\">1. Objectif principal<\/strong><\/h3>\n<p class=\"\" data-start=\"580\" data-end=\"852\">La <strong data-start=\"583\" data-end=\"607\">cr\u00e9atine monohydrate<\/strong> est un acide amin\u00e9 naturellement pr\u00e9sent dans le corps, principalement dans les muscles squelettiques, qui aide \u00e0 fournir de l&rsquo;\u00e9nergie rapide pour les contractions musculaires. Le suppl\u00e9ment de cr\u00e9atine monohydrate <strong data-start=\"823\" data-end=\"835\">Creapure<\/strong> est con\u00e7u pour :<\/p>\n<ul data-start=\"853\" data-end=\"1456\">\n<li class=\"\" data-start=\"853\" data-end=\"1018\">\n<p class=\"\" data-start=\"855\" data-end=\"1018\"><strong data-start=\"855\" data-end=\"892\">Am\u00e9liorer la performance physique<\/strong>, en particulier lors d&rsquo;exercices de haute intensit\u00e9 tels que les sprints, les lev\u00e9es de poids et les activit\u00e9s d&rsquo;explosivit\u00e9.<\/p>\n<\/li>\n<li class=\"\" data-start=\"1019\" data-end=\"1137\">\n<p class=\"\" data-start=\"1021\" data-end=\"1137\"><strong data-start=\"1021\" data-end=\"1043\">Augmenter la force<\/strong> en permettant \u00e0 vos muscles de produire plus d\u2019\u00e9nergie durant les efforts courts et intenses.<\/p>\n<\/li>\n<li class=\"\" data-start=\"1138\" data-end=\"1290\">\n<p class=\"\" data-start=\"1140\" data-end=\"1290\"><strong data-start=\"1140\" data-end=\"1169\">Optimiser la r\u00e9cup\u00e9ration<\/strong> apr\u00e8s l&rsquo;entra\u00eenement, r\u00e9duisant ainsi le temps n\u00e9cessaire pour r\u00e9cup\u00e9rer entre les s\u00e9ries et les s\u00e9ances d&rsquo;entra\u00eenement.<\/p>\n<\/li>\n<li class=\"\" data-start=\"1291\" data-end=\"1456\">\n<p class=\"\" data-start=\"1293\" data-end=\"1456\"><strong data-start=\"1293\" data-end=\"1335\">Favoriser la prise de masse musculaire<\/strong>, en augmentant le volume cellulaire et en favorisant l&rsquo;absorption d&rsquo;eau dans les muscles, ce qui aide \u00e0 leur croissance.<\/p>\n<\/li>\n<\/ul>\n<h3 class=\"\" data-start=\"1458\" data-end=\"1502\"><strong data-start=\"1462\" data-end=\"1502\">2. Profil nutritionnel (par portion)<\/strong><\/h3>\n<p class=\"\" data-start=\"1503\" data-end=\"1734\">Le produit est compos\u00e9 principalement de cr\u00e9atine monohydrate pure, sans ajout de sucres, colorants ou autres ingr\u00e9dients inutiles. La composition typique par portion de 3 g (qui est une dose standard recommand\u00e9e) est la suivante :<\/p>\n<ul data-start=\"1736\" data-end=\"1918\">\n<li class=\"\" data-start=\"1736\" data-end=\"1915\">\n<p class=\"\" data-start=\"1738\" data-end=\"1915\"><strong data-start=\"1738\" data-end=\"1762\">Cr\u00e9atine monohydrate<\/strong> : <strong data-start=\"1765\" data-end=\"1772\">3 g<\/strong> par portion. Il s&rsquo;agit de la dose optimale pour am\u00e9liorer les performances musculaires et soutenir les gains de force et de volume musculaire.<\/p>\n<\/li>\n<\/ul>\n<h3 class=\"\" data-start=\"1919\" data-end=\"1982\"><strong data-start=\"1923\" data-end=\"1982\">3. Caract\u00e9ristiques de la Cr\u00e9atine Monohydrate Creapure<\/strong><\/h3>\n<ul data-start=\"1983\" data-end=\"3552\">\n<li class=\"\" data-start=\"1983\" data-end=\"2393\">\n<p class=\"\" data-start=\"1985\" data-end=\"2393\"><strong data-start=\"1985\" data-end=\"2018\">Puret\u00e9 et qualit\u00e9 sup\u00e9rieures<\/strong> : Le produit contient de la cr\u00e9atine <strong data-start=\"2056\" data-end=\"2068\">Creapure<\/strong>, une forme de cr\u00e9atine monohydrate pure et hautement biodisponible. Creapure est fabriqu\u00e9 en Allemagne selon des normes strictes de qualit\u00e9, garantissant qu\u2019il est sans impuret\u00e9s et sans contaminants. Cette cr\u00e9atine est r\u00e9put\u00e9e pour sa puret\u00e9 \u00e0 <strong data-start=\"2314\" data-end=\"2325\">99,99 %<\/strong>, ce qui en fait l&rsquo;une des cr\u00e9atines les plus fiables sur le march\u00e9.<\/p>\n<\/li>\n<li class=\"\" data-start=\"2397\" data-end=\"2920\">\n<p class=\"\" data-start=\"2399\" data-end=\"2920\"><strong data-start=\"2399\" data-end=\"2432\">Am\u00e9lioration des performances<\/strong> : La cr\u00e9atine est le suppl\u00e9ment le plus \u00e9tudi\u00e9 pour son efficacit\u00e9 dans le domaine de la performance sportive, en particulier pour les activit\u00e9s qui n\u00e9cessitent des efforts explosifs et de courte dur\u00e9e (par exemple, les sprints, les lev\u00e9es de poids, le cyclisme de haute intensit\u00e9). Elle permet une re-synth\u00e8se rapide de l\u2019<strong data-start=\"2756\" data-end=\"2763\">ATP<\/strong> (ad\u00e9nosine triphosphate), la principale source d&rsquo;\u00e9nergie pour les muscles, ce qui se traduit par une augmentation de la puissance et de la force musculaire.<\/p>\n<\/li>\n<li class=\"\" data-start=\"2922\" data-end=\"3368\">\n<p class=\"\" data-start=\"2924\" data-end=\"3368\"><strong data-start=\"2924\" data-end=\"2966\">Soutien \u00e0 la prise de masse musculaire<\/strong> : En plus de son r\u00f4le dans la production d&rsquo;\u00e9nergie, la cr\u00e9atine aide \u00e0 augmenter l&rsquo;hydratation cellulaire dans les muscles, ce qui peut provoquer un <strong data-start=\"3116\" data-end=\"3130\">gonflement<\/strong> des muscles et favoriser la croissance musculaire sur le long terme. Elle am\u00e9liore \u00e9galement la performance lors des entra\u00eenements en permettant de r\u00e9aliser des r\u00e9p\u00e9titions suppl\u00e9mentaires, contribuant ainsi \u00e0 un stress musculaire accru.<\/p>\n<\/li>\n<li class=\"\" data-start=\"3370\" data-end=\"3552\">\n<p class=\"\" data-start=\"3372\" data-end=\"3552\"><strong data-start=\"3372\" data-end=\"3397\">Facilit\u00e9 d\u2019absorption<\/strong> : La cr\u00e9atine monohydrate Creapure se dissout facilement dans l&rsquo;eau ou d&rsquo;autres liquides, ce qui permet une absorption rapide et efficace par l&rsquo;organisme.<\/p>\n<\/li>\n<\/ul>\n","protected":false},"excerpt":{"rendered":"<p>La <strong data-start=\"3\" data-end=\"43\">Cr\u00e9atine Monohydrate Powder Creapure<\/strong> d&rsquo;<strong data-start=\"46\" data-end=\"55\">Olimp<\/strong> est un suppl\u00e9ment de cr\u00e9atine de haute qualit\u00e9, destin\u00e9 \u00e0 am\u00e9liorer les performances physiques, augmenter la force et soutenir la prise de masse musculaire. <strong data-start=\"213\" data-end=\"225\">Creapure<\/strong> est une marque d\u00e9pos\u00e9e de cr\u00e9atine monohydrate r\u00e9put\u00e9e pour sa puret\u00e9 et sa qualit\u00e9, fabriqu\u00e9e en Allemagne. Ce produit est utilis\u00e9 par de nombreux athl\u00e8tes, bodybuilders et amateurs de fitness pour augmenter leur endurance, leur puissance, et leur capacit\u00e9 de r\u00e9cup\u00e9ration<\/p>\n","protected":false},"featured_media":6129,"template":"","meta":{"site-sidebar-layout":"default","site-content-layout":"","ast-site-content-layout":"default","site-content-style":"default","site-sidebar-style":"default","ast-global-header-display":"","ast-banner-title-visibility":"","ast-main-header-display":"","ast-hfb-above-header-display":"","ast-hfb-below-header-display":"","ast-hfb-mobile-header-display":"","site-post-title":"","ast-breadcrumbs-content":"","ast-featured-img":"","footer-sml-layout":"","theme-transparent-header-meta":"default","adv-header-id-meta":"","stick-header-meta":"","header-above-stick-meta":"","header-main-stick-meta":"","header-below-stick-meta":"","astra-migrate-meta-layouts":"set","ast-page-background-enabled":"default","ast-page-background-meta":{"desktop":{"background-color":"","background-image":"","background-repeat":"repeat","background-position":"center center","background-size":"auto","background-attachment":"scroll","background-type":"","background-media":"","overlay-type":"","overlay-color":"","overlay-opacity":"","overlay-gradient":""},"tablet":{"background-color":"","background-image":"","background-repeat":"repeat","background-position":"center center","background-size":"auto","background-attachment":"scroll","background-type":"","background-media":"","overlay-type":"","overlay-color":"","overlay-opacity":"","overlay-gradient":""},"mobile":{"background-color":"","background-image":"","background-repeat":"repeat","background-position":"center center","background-size":"auto","background-attachment":"scroll","background-type":"","background-media":"","overlay-type":"","overlay-color":"","overlay-opacity":"","overlay-gradient":""}},"ast-content-background-meta":{"desktop":{"background-color":"var(--ast-global-color-5)","background-image":"","background-repeat":"repeat","background-position":"center center","background-size":"auto","background-attachment":"scroll","background-type":"","background-media":"","overlay-type":"","overlay-color":"","overlay-opacity":"","overlay-gradient":""},"tablet":{"background-color":"var(--ast-global-color-5)","background-image":"","background-repeat":"repeat","background-position":"center center","background-size":"auto","background-attachment":"scroll","background-type":"","background-media":"","overlay-type":"","overlay-color":"","overlay-opacity":"","overlay-gradient":""},"mobile":{"background-color":"var(--ast-global-color-5)","background-image":"","background-repeat":"repeat","background-position":"center center","background-size":"auto","background-attachment":"scroll","background-type":"","background-media":"","overlay-type":"","overlay-color":"","overlay-opacity":"","overlay-gradient":""}}},"product_brand":[63],"product_cat":[76],"product_tag":[],"class_list":{"0":"post-5545","1":"product","2":"type-product","3":"status-publish","4":"has-post-thumbnail","6":"product_brand-olimp-sport-nutrition","7":"product_cat-creatine","8":"desktop-align-center","9":"tablet-align-center","10":"mobile-align-center","12":"first","13":"outofstock","14":"shipping-taxable","15":"purchasable","16":"product-type-simple"},"_links":{"self":[{"href":"https:\/\/dietpartner.shop\/index.php?rest_route=\/wp\/v2\/product\/5545","targetHints":{"allow":["GET"]}}],"collection":[{"href":"https:\/\/dietpartner.shop\/index.php?rest_route=\/wp\/v2\/product"}],"about":[{"href":"https:\/\/dietpartner.shop\/index.php?rest_route=\/wp\/v2\/types\/product"}],"wp:featuredmedia":[{"embeddable":true,"href":"https:\/\/dietpartner.shop\/index.php?rest_route=\/wp\/v2\/media\/6129"}],"wp:attachment":[{"href":"https:\/\/dietpartner.shop\/index.php?rest_route=%2Fwp%2Fv2%2Fmedia&parent=5545"}],"wp:term":[{"taxonomy":"product_brand","embeddable":true,"href":"https:\/\/dietpartner.shop\/index.php?rest_route=%2Fwp%2Fv2%2Fproduct_brand&post=5545"},{"taxonomy":"product_cat","embeddable":true,"href":"https:\/\/dietpartner.shop\/index.php?rest_route=%2Fwp%2Fv2%2Fproduct_cat&post=5545"},{"taxonomy":"product_tag","embeddable":true,"href":"https:\/\/dietpartner.shop\/index.php?rest_route=%2Fwp%2Fv2%2Fproduct_tag&post=5545"}],"curies":[{"name":"wp","href":"https:\/\/api.w.org\/{rel}","templated":true}]}}