{"id":5547,"date":"2025-04-12T15:27:51","date_gmt":"2025-04-12T14:27:51","guid":{"rendered":"https:\/\/dietpartner.shop\/?post_type=product&#038;p=5547"},"modified":"2025-12-05T07:54:58","modified_gmt":"2025-12-05T06:54:58","slug":"redweiler","status":"publish","type":"product","link":"https:\/\/dietpartner.shop\/?product=redweiler","title":{"rendered":"REDWEILER"},"content":{"rendered":"<h3 class=\"\" data-start=\"469\" data-end=\"498\"><strong data-start=\"473\" data-end=\"498\">. Objectif principal<\/strong><\/h3>\n<p class=\"\" data-start=\"499\" data-end=\"910\">Le principal objectif de <strong data-start=\"524\" data-end=\"537\">Redweiler<\/strong> est de fournir un <strong data-start=\"556\" data-end=\"575\">boost d&rsquo;\u00e9nergie<\/strong> intense avant un entra\u00eenement, tout en am\u00e9liorant les performances physiques globales et en favorisant la <strong data-start=\"682\" data-end=\"705\">br\u00fblure de graisses<\/strong>. Il est destin\u00e9 \u00e0 ceux qui cherchent \u00e0 augmenter leur niveau d&rsquo;intensit\u00e9 lors de leurs s\u00e9ances de musculation, cardio ou sports de haute intensit\u00e9, tout en augmentant leur vigilance et leur concentration.<\/p>\n<hr class=\"\" data-start=\"912\" data-end=\"915\" \/>\n<h3 class=\"\" data-start=\"917\" data-end=\"961\"><strong data-start=\"921\" data-end=\"961\">2. Profil nutritionnel (par portion)<\/strong><\/h3>\n<p class=\"\" data-start=\"963\" data-end=\"1230\">Les ingr\u00e9dients de <strong data-start=\"982\" data-end=\"995\">Redweiler<\/strong> sont sp\u00e9cialement formul\u00e9s pour fournir une <strong data-start=\"1040\" data-end=\"1061\">\u00e9nergie explosive<\/strong> et am\u00e9liorer l&rsquo;endurance, avec un m\u00e9lange d&rsquo;ingr\u00e9dients thermog\u00e9niques et de stimulants. Voici les principales composantes par portion (g\u00e9n\u00e9ralement une dose de 10 g) :<\/p>\n<ul data-start=\"1232\" data-end=\"3381\">\n<li class=\"\" data-start=\"1232\" data-end=\"1452\">\n<p class=\"\" data-start=\"1234\" data-end=\"1452\"><strong data-start=\"1234\" data-end=\"1254\">Caf\u00e9ine (200 mg)<\/strong> : La caf\u00e9ine est un stimulant bien connu, qui am\u00e9liore l\u2019\u00e9nergie, l&rsquo;endurance et la concentration. Elle aide \u00e9galement \u00e0 augmenter la thermogen\u00e8se, ce qui peut am\u00e9liorer la combustion des graisses.<\/p>\n<\/li>\n<li class=\"\" data-start=\"1456\" data-end=\"1647\">\n<p class=\"\" data-start=\"1458\" data-end=\"1647\"><strong data-start=\"1458\" data-end=\"1488\">Extrait de guarana (50 mg)<\/strong> : Le guarana est une plante riche en caf\u00e9ine qui offre un effet stimulant prolong\u00e9. Il aide \u00e0 am\u00e9liorer l&rsquo;endurance, la vigilance et la concentration mentale.<\/p>\n<\/li>\n<li class=\"\" data-start=\"1649\" data-end=\"1897\">\n<p class=\"\" data-start=\"1651\" data-end=\"1897\"><strong data-start=\"1651\" data-end=\"1674\">L-Tyrosine (500 mg)<\/strong> : Un acide amin\u00e9 qui joue un r\u00f4le cl\u00e9 dans la production de neurotransmetteurs importants (dopamine, noradr\u00e9naline). Cela aide \u00e0 am\u00e9liorer la concentration mentale et \u00e0 r\u00e9duire le stress pendant les entra\u00eenements intenses.<\/p>\n<\/li>\n<li class=\"\" data-start=\"1899\" data-end=\"2174\">\n<p class=\"\" data-start=\"1901\" data-end=\"2174\"><strong data-start=\"1901\" data-end=\"1942\">Extrait de racine de ginseng (200 mg)<\/strong> : Le ginseng est utilis\u00e9 pour am\u00e9liorer l&rsquo;\u00e9nergie, l&rsquo;endurance et la r\u00e9cup\u00e9ration. Il aide \u00e9galement \u00e0 r\u00e9duire la fatigue pendant l&rsquo;exercice, et il est souvent utilis\u00e9 comme adaptog\u00e8ne pour mieux g\u00e9rer le stress physique et mental.<\/p>\n<\/li>\n<li class=\"\" data-start=\"2176\" data-end=\"2425\">\n<p class=\"\" data-start=\"2178\" data-end=\"2425\"><strong data-start=\"2178\" data-end=\"2213\">L-Carnitine L-Tartrate (500 mg)<\/strong> : Cet acide amin\u00e9 aide \u00e0 transporter les acides gras dans les cellules pour les utiliser comme source d&rsquo;\u00e9nergie, ce qui peut aider \u00e0 augmenter la combustion des graisses pendant les exercices de haute intensit\u00e9.<\/p>\n<\/li>\n<li class=\"\" data-start=\"2427\" data-end=\"2726\">\n<p class=\"\" data-start=\"2429\" data-end=\"2726\"><strong data-start=\"2429\" data-end=\"2461\">Extrait de th\u00e9 vert (100 mg)<\/strong> : Riche en cat\u00e9chines, notamment l&rsquo;EGCG (\u00e9pigallocat\u00e9chine gallate), cet extrait soutient la thermogen\u00e8se et la r\u00e9duction des graisses tout en offrant des propri\u00e9t\u00e9s antioxydantes. Il aide \u00e9galement \u00e0 augmenter la concentration et \u00e0 am\u00e9liorer la sant\u00e9 m\u00e9tabolique.<\/p>\n<\/li>\n<li class=\"\" data-start=\"2728\" data-end=\"2931\">\n<p class=\"\" data-start=\"2730\" data-end=\"2931\"><strong data-start=\"2730\" data-end=\"2763\">Extrait de poivre noir (5 mg)<\/strong> : Contenant de la pip\u00e9rine, il augmente la biodisponibilit\u00e9 des autres ingr\u00e9dients actifs, permettant ainsi une absorption plus rapide et plus efficace des nutriments.<\/p>\n<\/li>\n<li class=\"\" data-start=\"2933\" data-end=\"3188\">\n<p class=\"\" data-start=\"2935\" data-end=\"3188\"><strong data-start=\"2935\" data-end=\"2962\">B\u00eata-alanine (1 000 mg)<\/strong> : Cet acide amin\u00e9 est bien connu pour son r\u00f4le dans la r\u00e9duction de l&rsquo;acide lactique et des douleurs musculaires. Il am\u00e9liore l&rsquo;endurance et permet de s&rsquo;entra\u00eener plus longtemps sans ressentir de fatigue musculaire excessive.<\/p>\n<\/li>\n<li class=\"\" data-start=\"3190\" data-end=\"3381\">\n<p class=\"\" data-start=\"3192\" data-end=\"3381\"><strong data-start=\"3192\" data-end=\"3210\">Acide citrique<\/strong> : Aide \u00e0 am\u00e9liorer la performance en augmentant l&rsquo;absorption des nutriments et en jouant un r\u00f4le dans la production d&rsquo;\u00e9nergie cellulaire via le cycle de l\u2019acide citrique.<\/p>\n<\/li>\n<\/ul>\n<hr class=\"\" data-start=\"3383\" data-end=\"3386\" \/>\n<h3 class=\"\" data-start=\"3388\" data-end=\"3428\"><strong data-start=\"3392\" data-end=\"3428\">3. Caract\u00e9ristiques et avantages<\/strong><\/h3>\n<p class=\"\" data-start=\"3429\" data-end=\"3563\"><strong data-start=\"3429\" data-end=\"3442\">Redweiler<\/strong> se distingue par plusieurs caract\u00e9ristiques qui le rendent particuli\u00e8rement efficace comme suppl\u00e9ment pr\u00e9-entra\u00eenement :<\/p>\n<ul data-start=\"3565\" data-end=\"4770\">\n<li class=\"\" data-start=\"3565\" data-end=\"3810\">\n<p class=\"\" data-start=\"3567\" data-end=\"3810\"><strong data-start=\"3567\" data-end=\"3594\">Boost d\u2019\u00e9nergie intense<\/strong> : La combinaison de caf\u00e9ine, guarana, et ginseng aide \u00e0 augmenter l\u2019\u00e9nergie et la concentration. Cela vous permet de donner le meilleur de vous-m\u00eame lors de vos entra\u00eenements, en particulier ceux de haute intensit\u00e9.<\/p>\n<\/li>\n<li class=\"\" data-start=\"3812\" data-end=\"4011\">\n<p class=\"\" data-start=\"3814\" data-end=\"4011\"><strong data-start=\"3814\" data-end=\"3845\">Am\u00e9lioration de l\u2019endurance<\/strong> : La b\u00eata-alanine et la L-Tyrosine r\u00e9duisent la fatigue musculaire et mentale pendant l\u2019entra\u00eenement, permettant de prolonger vos sessions avec une intensit\u00e9 \u00e9lev\u00e9e.<\/p>\n<\/li>\n<li class=\"\" data-start=\"4013\" data-end=\"4333\">\n<p class=\"\" data-start=\"4015\" data-end=\"4333\"><strong data-start=\"4015\" data-end=\"4054\">Br\u00fblure de graisses et thermog\u00e9n\u00e8se<\/strong> : La caf\u00e9ine, l&rsquo;extrait de th\u00e9 vert et la L-carnitine stimulent la thermogen\u00e8se, augmentant la combustion des graisses pendant les exercices de cardio ou de musculation. Cela peut \u00eatre particuli\u00e8rement b\u00e9n\u00e9fique pour les personnes en phase de <strong data-start=\"4298\" data-end=\"4311\">\u00ab\u00a0cutting\u00a0\u00bb<\/strong> ou de perte de poids.<\/p>\n<\/li>\n<li class=\"\" data-start=\"4335\" data-end=\"4570\">\n<p class=\"\" data-start=\"4337\" data-end=\"4570\"><strong data-start=\"4337\" data-end=\"4371\">Concentration mentale et focus<\/strong> : La L-Tyrosine et le guarana aident \u00e0 maintenir une concentration mentale aigu\u00eb, ce qui est essentiel pour \u00e9viter les distractions et maximiser l\u2019intensit\u00e9 et la performance pendant l&rsquo;entra\u00eenement.<\/p>\n<\/li>\n<li class=\"\" data-start=\"4572\" data-end=\"4770\">\n<p class=\"\" data-start=\"4574\" data-end=\"4770\"><strong data-start=\"4574\" data-end=\"4609\">Am\u00e9lioration de la r\u00e9cup\u00e9ration<\/strong> : Le ginseng et la L-carnitine favorisent la r\u00e9cup\u00e9ration musculaire apr\u00e8s l&rsquo;effort, ce qui aide \u00e0 r\u00e9duire les douleurs et \u00e0 acc\u00e9l\u00e9rer la r\u00e9paration des tissus<\/p>\n<\/li>\n<\/ul>\n","protected":false},"excerpt":{"rendered":"<p class=\"\" data-start=\"0\" data-end=\"462\"><strong data-start=\"0\" data-end=\"13\">Redweiler<\/strong> de <strong data-start=\"17\" data-end=\"26\">Olimp<\/strong> est un suppl\u00e9ment pr\u00e9-entra\u00eenement tr\u00e8s populaire con\u00e7u pour aider les athl\u00e8tes et les pratiquants de musculation \u00e0 am\u00e9liorer leur performance lors des s\u00e9ances d&rsquo;entra\u00eenement. Ce produit est formul\u00e9 pour augmenter l&rsquo;\u00e9nergie, la concentration, l&rsquo;endurance et la force, tout en favorisant la combustion des graisses gr\u00e2ce \u00e0 une combinaison de stimulants et d&rsquo;ingr\u00e9dients thermog\u00e9niques. Voici une description d\u00e9taill\u00e9e de ce suppl\u00e9ment :<\/p>\n","protected":false},"featured_media":6182,"template":"","meta":{"site-sidebar-layout":"default","site-content-layout":"","ast-site-content-layout":"default","site-content-style":"default","site-sidebar-style":"default","ast-global-header-display":"","ast-banner-title-visibility":"","ast-main-header-display":"","ast-hfb-above-header-display":"","ast-hfb-below-header-display":"","ast-hfb-mobile-header-display":"","site-post-title":"","ast-breadcrumbs-content":"","ast-featured-img":"","footer-sml-layout":"","theme-transparent-header-meta":"default","adv-header-id-meta":"","stick-header-meta":"","header-above-stick-meta":"","header-main-stick-meta":"","header-below-stick-meta":"","astra-migrate-meta-layouts":"set","ast-page-background-enabled":"default","ast-page-background-meta":{"desktop":{"background-color":"","background-image":"","background-repeat":"repeat","background-position":"center center","background-size":"auto","background-attachment":"scroll","background-type":"","background-media":"","overlay-type":"","overlay-color":"","overlay-opacity":"","overlay-gradient":""},"tablet":{"background-color":"","background-image":"","background-repeat":"repeat","background-position":"center center","background-size":"auto","background-attachment":"scroll","background-type":"","background-media":"","overlay-type":"","overlay-color":"","overlay-opacity":"","overlay-gradient":""},"mobile":{"background-color":"","background-image":"","background-repeat":"repeat","background-position":"center center","background-size":"auto","background-attachment":"scroll","background-type":"","background-media":"","overlay-type":"","overlay-color":"","overlay-opacity":"","overlay-gradient":""}},"ast-content-background-meta":{"desktop":{"background-color":"var(--ast-global-color-5)","background-image":"","background-repeat":"repeat","background-position":"center center","background-size":"auto","background-attachment":"scroll","background-type":"","background-media":"","overlay-type":"","overlay-color":"","overlay-opacity":"","overlay-gradient":""},"tablet":{"background-color":"var(--ast-global-color-5)","background-image":"","background-repeat":"repeat","background-position":"center center","background-size":"auto","background-attachment":"scroll","background-type":"","background-media":"","overlay-type":"","overlay-color":"","overlay-opacity":"","overlay-gradient":""},"mobile":{"background-color":"var(--ast-global-color-5)","background-image":"","background-repeat":"repeat","background-position":"center center","background-size":"auto","background-attachment":"scroll","background-type":"","background-media":"","overlay-type":"","overlay-color":"","overlay-opacity":"","overlay-gradient":""}}},"product_brand":[63],"product_cat":[74],"product_tag":[],"class_list":{"0":"post-5547","1":"product","2":"type-product","3":"status-publish","4":"has-post-thumbnail","6":"product_brand-olimp-sport-nutrition","7":"product_cat-pre-workout","8":"desktop-align-center","9":"tablet-align-center","10":"mobile-align-center","12":"first","13":"outofstock","14":"sale","15":"shipping-taxable","16":"purchasable","17":"product-type-simple"},"_links":{"self":[{"href":"https:\/\/dietpartner.shop\/index.php?rest_route=\/wp\/v2\/product\/5547","targetHints":{"allow":["GET"]}}],"collection":[{"href":"https:\/\/dietpartner.shop\/index.php?rest_route=\/wp\/v2\/product"}],"about":[{"href":"https:\/\/dietpartner.shop\/index.php?rest_route=\/wp\/v2\/types\/product"}],"wp:featuredmedia":[{"embeddable":true,"href":"https:\/\/dietpartner.shop\/index.php?rest_route=\/wp\/v2\/media\/6182"}],"wp:attachment":[{"href":"https:\/\/dietpartner.shop\/index.php?rest_route=%2Fwp%2Fv2%2Fmedia&parent=5547"}],"wp:term":[{"taxonomy":"product_brand","embeddable":true,"href":"https:\/\/dietpartner.shop\/index.php?rest_route=%2Fwp%2Fv2%2Fproduct_brand&post=5547"},{"taxonomy":"product_cat","embeddable":true,"href":"https:\/\/dietpartner.shop\/index.php?rest_route=%2Fwp%2Fv2%2Fproduct_cat&post=5547"},{"taxonomy":"product_tag","embeddable":true,"href":"https:\/\/dietpartner.shop\/index.php?rest_route=%2Fwp%2Fv2%2Fproduct_tag&post=5547"}],"curies":[{"name":"wp","href":"https:\/\/api.w.org\/{rel}","templated":true}]}}