{"id":5551,"date":"2025-04-12T15:58:13","date_gmt":"2025-04-12T14:58:13","guid":{"rendered":"https:\/\/dietpartner.shop\/?post_type=product&#038;p=5551"},"modified":"2025-06-14T18:13:24","modified_gmt":"2025-06-14T17:13:24","slug":"rule-one-whey-blend-100whey-protein-naturally-rich-in-bcaas","status":"publish","type":"product","link":"https:\/\/dietpartner.shop\/?product=rule-one-whey-blend-100whey-protein-naturally-rich-in-bcaas","title":{"rendered":"RULE ONE WHEY BLEND 100%WHEY PROTEIN NATURALLY RICH IN BCAAs"},"content":{"rendered":"<h3 class=\"\" data-start=\"592\" data-end=\"621\"><strong data-start=\"596\" data-end=\"621\">1. Objectif principal<\/strong><\/h3>\n<p class=\"\" data-start=\"622\" data-end=\"669\">Le <strong data-start=\"625\" data-end=\"648\">Rule One Whey Blend<\/strong> a pour objectif de :<\/p>\n<ul data-start=\"670\" data-end=\"1295\">\n<li class=\"\" data-start=\"670\" data-end=\"773\">\n<p class=\"\" data-start=\"672\" data-end=\"773\"><strong data-start=\"672\" data-end=\"714\">Fournir un apport optimal en prot\u00e9ines<\/strong> pour soutenir la croissance musculaire et la r\u00e9cup\u00e9ration.<\/p>\n<\/li>\n<li class=\"\" data-start=\"774\" data-end=\"934\">\n<p class=\"\" data-start=\"776\" data-end=\"934\"><strong data-start=\"776\" data-end=\"827\">Maximiser la synth\u00e8se des prot\u00e9ines musculaires<\/strong>, gr\u00e2ce \u00e0 une combinaison de <strong data-start=\"856\" data-end=\"896\">whey concentrate (concentr\u00e9 de whey)<\/strong> et <strong data-start=\"900\" data-end=\"933\">whey isolate (isolat de whey)<\/strong>.<\/p>\n<\/li>\n<li class=\"\" data-start=\"935\" data-end=\"1131\">\n<p class=\"\" data-start=\"937\" data-end=\"1131\"><strong data-start=\"937\" data-end=\"974\">Soutenir la r\u00e9paration musculaire<\/strong> gr\u00e2ce \u00e0 un profil naturellement riche en <strong data-start=\"1016\" data-end=\"1025\">BCAAs<\/strong> (Leucine, Isoleucine, Valine), essentiels \u00e0 la r\u00e9cup\u00e9ration et \u00e0 la pr\u00e9vention du catabolisme musculaire.<\/p>\n<\/li>\n<li class=\"\" data-start=\"1132\" data-end=\"1295\">\n<p class=\"\" data-start=\"1134\" data-end=\"1295\"><strong data-start=\"1134\" data-end=\"1160\">Faciliter la digestion<\/strong> tout en \u00e9tant faible en graisses et glucides, ce qui en fait un excellent choix pour ceux qui cherchent \u00e0 \u00e9viter les exc\u00e8s caloriques.<\/p>\n<\/li>\n<\/ul>\n<hr class=\"\" data-start=\"1297\" data-end=\"1300\" \/>\n<h3 class=\"\" data-start=\"1302\" data-end=\"1354\"><strong data-start=\"1306\" data-end=\"1354\">2. Profil nutritionnel (par portion de 30 g)<\/strong><\/h3>\n<p class=\"\" data-start=\"1356\" data-end=\"1567\">Une portion de <strong data-start=\"1371\" data-end=\"1379\">30 g<\/strong> de <strong data-start=\"1383\" data-end=\"1406\">Rule One Whey Blend<\/strong> fournit un profil nutritionnel \u00e9quilibr\u00e9 avec un apport \u00e9lev\u00e9 en prot\u00e9ines, faible en graisses et en glucides. Voici ce que vous trouverez dans chaque portion :<\/p>\n<ul data-start=\"1569\" data-end=\"2723\">\n<li class=\"\" data-start=\"1569\" data-end=\"1785\">\n<p class=\"\" data-start=\"1571\" data-end=\"1785\"><strong data-start=\"1571\" data-end=\"1584\">Prot\u00e9ines<\/strong> : Environ <strong data-start=\"1595\" data-end=\"1603\">24 g<\/strong> de prot\u00e9ines par portion. Cela repr\u00e9sente une source de prot\u00e9ines de haute qualit\u00e9 qui favorise la r\u00e9cup\u00e9ration musculaire et aide \u00e0 la construction de nouvelles fibres musculaires.<\/p>\n<\/li>\n<li class=\"\" data-start=\"1789\" data-end=\"1964\">\n<p class=\"\" data-start=\"1791\" data-end=\"1964\"><strong data-start=\"1791\" data-end=\"1803\">Calories<\/strong> : Environ <strong data-start=\"1814\" data-end=\"1830\">120-130 kcal<\/strong> par portion. Ce faible apport calorique permet d&rsquo;ajouter des prot\u00e9ines de mani\u00e8re propre \u00e0 votre alimentation sans exc\u00e8s de calories.<\/p>\n<\/li>\n<li class=\"\" data-start=\"1966\" data-end=\"2163\">\n<p class=\"\" data-start=\"1968\" data-end=\"2163\"><strong data-start=\"1968\" data-end=\"1980\">Glucides<\/strong> : Environ <strong data-start=\"1991\" data-end=\"2000\">3-5 g<\/strong> de glucides par portion. C&rsquo;est une quantit\u00e9 relativement faible, ce qui fait de ce produit une bonne option pour ceux qui suivent des r\u00e9gimes pauvres en glucides.<\/p>\n<\/li>\n<li class=\"\" data-start=\"2165\" data-end=\"2330\">\n<p class=\"\" data-start=\"2167\" data-end=\"2330\"><strong data-start=\"2167\" data-end=\"2179\">Graisses<\/strong> : Moins de <strong data-start=\"2191\" data-end=\"2200\">2-3 g<\/strong> de graisses par portion. Cela contribue \u00e0 garder le produit faible en graisses satur\u00e9es et \u00e0 favoriser une prise de masse maigre.<\/p>\n<\/li>\n<li class=\"\" data-start=\"2332\" data-end=\"2723\">\n<p class=\"\" data-start=\"2334\" data-end=\"2723\"><strong data-start=\"2334\" data-end=\"2377\">BCAAs (acides amin\u00e9s \u00e0 cha\u00eene ramifi\u00e9e)<\/strong> : Le <strong data-start=\"2383\" data-end=\"2406\">Rule One Whey Blend<\/strong> est naturellement riche en <strong data-start=\"2434\" data-end=\"2443\">BCAAs<\/strong>, qui sont des acides amin\u00e9s essentiels pour la croissance musculaire, la r\u00e9cup\u00e9ration et la pr\u00e9vention de la d\u00e9gradation musculaire pendant l&rsquo;entra\u00eenement. Les BCAAs jouent un r\u00f4le cl\u00e9 dans l&rsquo;activation de la <strong data-start=\"2653\" data-end=\"2691\">synth\u00e8se des prot\u00e9ines musculaires<\/strong> et la r\u00e9duction du catabolisme.<\/p>\n<\/li>\n<\/ul>\n<hr class=\"\" data-start=\"2725\" data-end=\"2728\" \/>\n<h3 class=\"\" data-start=\"2730\" data-end=\"2770\"><strong data-start=\"2734\" data-end=\"2770\">3. Caract\u00e9ristiques et avantages<\/strong><\/h3>\n<h4 class=\"\" data-start=\"2772\" data-end=\"2841\"><strong data-start=\"2777\" data-end=\"2841\">Prot\u00e9ines de haute qualit\u00e9 (Whey Concentrate + Whey Isolate)<\/strong><\/h4>\n<p class=\"\" data-start=\"2842\" data-end=\"3258\">Le <strong data-start=\"2845\" data-end=\"2868\">Rule One Whey Blend<\/strong> utilise une <strong data-start=\"2881\" data-end=\"2936\">combinaison de concentr\u00e9 de whey (Whey Concentrate)<\/strong> et de <strong data-start=\"2943\" data-end=\"2973\">whey isol\u00e9e (Whey Isolate)<\/strong> pour offrir une source de prot\u00e9ines \u00e0 la fois rapidement et mod\u00e9r\u00e9ment absorb\u00e9e. Cette combinaison optimise la r\u00e9cup\u00e9ration tout en maintenant une digestion efficace. Le concentr\u00e9 de whey contient \u00e9galement des peptides bioactifs et des facteurs immunitaires b\u00e9n\u00e9fiques pour la sant\u00e9.<\/p>\n<h4 class=\"\" data-start=\"3260\" data-end=\"3292\"><strong data-start=\"3265\" data-end=\"3292\">Riche en BCAAs naturels<\/strong><\/h4>\n<p class=\"\" data-start=\"3293\" data-end=\"3661\">Le produit est naturellement <strong data-start=\"3322\" data-end=\"3340\">riche en BCAAs<\/strong> (leucine, isoleucine, et valine), qui sont essentiels pour la r\u00e9cup\u00e9ration musculaire et la r\u00e9duction de la fatigue pendant l&rsquo;exercice. Les BCAA peuvent aider \u00e0 pr\u00e9venir la d\u00e9gradation musculaire (catabolisme) pendant les entra\u00eenements intenses, en fournissant des acides amin\u00e9s directement disponibles pour les muscles.<\/p>\n<h4 class=\"\" data-start=\"3663\" data-end=\"3704\"><strong data-start=\"3668\" data-end=\"3704\">R\u00e9cup\u00e9ration musculaire optimale<\/strong><\/h4>\n<p class=\"\" data-start=\"3705\" data-end=\"4034\">Gr\u00e2ce \u00e0 son profil \u00e9quilibr\u00e9 en prot\u00e9ines, <strong data-start=\"3748\" data-end=\"3771\">Rule One Whey Blend<\/strong> favorise la <strong data-start=\"3784\" data-end=\"3828\">r\u00e9paration rapide des fibres musculaires<\/strong> apr\u00e8s des efforts intenses. L&rsquo;apport en prot\u00e9ines de haute qualit\u00e9 dans les heures qui suivent l&rsquo;exercice peut stimuler la <strong data-start=\"3952\" data-end=\"3990\">synth\u00e8se des prot\u00e9ines musculaires<\/strong>, essentielle pour la croissance musculaire.<\/p>\n<h4 class=\"\" data-start=\"4036\" data-end=\"4082\"><strong data-start=\"4041\" data-end=\"4082\">Faible teneur en glucides et graisses<\/strong><\/h4>\n<p class=\"\" data-start=\"4083\" data-end=\"4421\">Ce produit est con\u00e7u pour les personnes qui cherchent \u00e0 augmenter leur apport en prot\u00e9ines tout en maintenant un <strong data-start=\"4196\" data-end=\"4240\">faible apport en glucides et en graisses<\/strong>. Il est particuli\u00e8rement adapt\u00e9 pour ceux qui suivent des r\u00e9gimes de <strong data-start=\"4310\" data-end=\"4323\">\u00ab\u00a0cutting\u00a0\u00bb<\/strong> ou qui cherchent \u00e0 <strong data-start=\"4343\" data-end=\"4384\">maintenir une masse musculaire maigre<\/strong> tout en \u00e9vitant l&rsquo;exc\u00e8s de calories<\/p>\n","protected":false},"excerpt":{"rendered":"<p class=\"\" data-start=\"0\" data-end=\"532\"><strong data-start=\"0\" data-end=\"67\">Rule One Whey Blend 100% Whey Protein \u2013 Naturally Rich in BCAAs<\/strong> est un suppl\u00e9ment prot\u00e9in\u00e9 de haute qualit\u00e9 con\u00e7u pour les athl\u00e8tes, les bodybuilders, et les personnes actives qui cherchent \u00e0 optimiser leur apport en prot\u00e9ines tout en b\u00e9n\u00e9ficiant des avantages des <strong data-start=\"269\" data-end=\"312\">acides amin\u00e9s \u00e0 cha\u00eene ramifi\u00e9e (BCAAs)<\/strong> naturellement pr\u00e9sents dans les prot\u00e9ines de lactos\u00e9rum. Ce produit est formul\u00e9 pour favoriser la <strong data-start=\"411\" data-end=\"438\">r\u00e9cup\u00e9ration musculaire<\/strong>, soutenir la <strong data-start=\"452\" data-end=\"477\">croissance musculaire<\/strong>, et aider \u00e0 maintenir une <strong data-start=\"504\" data-end=\"531\">masse corporelle maigre<\/strong>.<\/p>\n<p class=\"\" data-start=\"534\" data-end=\"585\">Voici une <strong data-start=\"544\" data-end=\"569\">description d\u00e9taill\u00e9e<\/strong> de ce produit :<\/p>\n","protected":false},"featured_media":6137,"template":"","meta":{"site-sidebar-layout":"default","site-content-layout":"","ast-site-content-layout":"default","site-content-style":"default","site-sidebar-style":"default","ast-global-header-display":"","ast-banner-title-visibility":"","ast-main-header-display":"","ast-hfb-above-header-display":"","ast-hfb-below-header-display":"","ast-hfb-mobile-header-display":"","site-post-title":"","ast-breadcrumbs-content":"","ast-featured-img":"","footer-sml-layout":"","theme-transparent-header-meta":"default","adv-header-id-meta":"","stick-header-meta":"","header-above-stick-meta":"","header-main-stick-meta":"","header-below-stick-meta":"","astra-migrate-meta-layouts":"set","ast-page-background-enabled":"default","ast-page-background-meta":{"desktop":{"background-color":"","background-image":"","background-repeat":"repeat","background-position":"center center","background-size":"auto","background-attachment":"scroll","background-type":"","background-media":"","overlay-type":"","overlay-color":"","overlay-opacity":"","overlay-gradient":""},"tablet":{"background-color":"","background-image":"","background-repeat":"repeat","background-position":"center center","background-size":"auto","background-attachment":"scroll","background-type":"","background-media":"","overlay-type":"","overlay-color":"","overlay-opacity":"","overlay-gradient":""},"mobile":{"background-color":"","background-image":"","background-repeat":"repeat","background-position":"center center","background-size":"auto","background-attachment":"scroll","background-type":"","background-media":"","overlay-type":"","overlay-color":"","overlay-opacity":"","overlay-gradient":""}},"ast-content-background-meta":{"desktop":{"background-color":"var(--ast-global-color-5)","background-image":"","background-repeat":"repeat","background-position":"center center","background-size":"auto","background-attachment":"scroll","background-type":"","background-media":"","overlay-type":"","overlay-color":"","overlay-opacity":"","overlay-gradient":""},"tablet":{"background-color":"var(--ast-global-color-5)","background-image":"","background-repeat":"repeat","background-position":"center center","background-size":"auto","background-attachment":"scroll","background-type":"","background-media":"","overlay-type":"","overlay-color":"","overlay-opacity":"","overlay-gradient":""},"mobile":{"background-color":"var(--ast-global-color-5)","background-image":"","background-repeat":"repeat","background-position":"center center","background-size":"auto","background-attachment":"scroll","background-type":"","background-media":"","overlay-type":"","overlay-color":"","overlay-opacity":"","overlay-gradient":""}}},"product_brand":[68],"product_cat":[59],"product_tag":[],"class_list":{"0":"post-5551","1":"product","2":"type-product","3":"status-publish","4":"has-post-thumbnail","6":"product_brand-rule-1","7":"product_cat-whey-proteine","8":"desktop-align-center","9":"tablet-align-center","10":"mobile-align-center","12":"first","13":"instock","14":"shipping-taxable","15":"purchasable","16":"product-type-simple"},"_links":{"self":[{"href":"https:\/\/dietpartner.shop\/index.php?rest_route=\/wp\/v2\/product\/5551","targetHints":{"allow":["GET"]}}],"collection":[{"href":"https:\/\/dietpartner.shop\/index.php?rest_route=\/wp\/v2\/product"}],"about":[{"href":"https:\/\/dietpartner.shop\/index.php?rest_route=\/wp\/v2\/types\/product"}],"wp:featuredmedia":[{"embeddable":true,"href":"https:\/\/dietpartner.shop\/index.php?rest_route=\/wp\/v2\/media\/6137"}],"wp:attachment":[{"href":"https:\/\/dietpartner.shop\/index.php?rest_route=%2Fwp%2Fv2%2Fmedia&parent=5551"}],"wp:term":[{"taxonomy":"product_brand","embeddable":true,"href":"https:\/\/dietpartner.shop\/index.php?rest_route=%2Fwp%2Fv2%2Fproduct_brand&post=5551"},{"taxonomy":"product_cat","embeddable":true,"href":"https:\/\/dietpartner.shop\/index.php?rest_route=%2Fwp%2Fv2%2Fproduct_cat&post=5551"},{"taxonomy":"product_tag","embeddable":true,"href":"https:\/\/dietpartner.shop\/index.php?rest_route=%2Fwp%2Fv2%2Fproduct_tag&post=5551"}],"curies":[{"name":"wp","href":"https:\/\/api.w.org\/{rel}","templated":true}]}}