{"id":5569,"date":"2025-04-14T14:24:16","date_gmt":"2025-04-14T13:24:16","guid":{"rendered":"https:\/\/dietpartner.shop\/?post_type=product&#038;p=5569"},"modified":"2025-11-05T19:40:29","modified_gmt":"2025-11-05T18:40:29","slug":"iso-whey-zero","status":"publish","type":"product","link":"https:\/\/dietpartner.shop\/?product=iso-whey-zero","title":{"rendered":"ISO WHEY ZERO"},"content":{"rendered":"<h3 class=\"\" data-start=\"277\" data-end=\"316\"><strong data-start=\"284\" data-end=\"316\">Caract\u00e9ristiques principales<\/strong><\/h3>\n<ol data-start=\"318\" data-end=\"1076\">\n<li class=\"\" data-start=\"318\" data-end=\"459\">\n<p class=\"\" data-start=\"320\" data-end=\"459\"><strong data-start=\"320\" data-end=\"337\">Prot\u00e9ine pure<\/strong> : <span class=\"relative -mx-px my-[-0.2rem] rounded px-px py-[0.2rem] transition-colors duration-100 ease-in-out\">88 % de prot\u00e9ines par portion, provenant d&rsquo;isolat de lactos\u00e9rum trait\u00e9 par microfiltration crois\u00e9e (CFM), garantissant une haute valeur biologique et une absorption rapide.<\/span> \u200b<\/p>\n<\/li>\n<li class=\"\" data-start=\"461\" data-end=\"613\">\n<p class=\"\" data-start=\"463\" data-end=\"613\"><strong data-start=\"463\" data-end=\"491\">Acides amin\u00e9s essentiels<\/strong> : <span class=\"relative -mx-px my-[-0.2rem] rounded px-px py-[0.2rem] transition-colors duration-100 ease-in-out\">Enrichie en BCAA (L-Leucine, L-Isoleucine, L-Valine) et en L-Glutamine, favorisant la r\u00e9cup\u00e9ration musculaire et la synth\u00e8se des prot\u00e9ines.<\/span> \u200b<\/p>\n<\/li>\n<li class=\"\" data-start=\"615\" data-end=\"757\">\n<p class=\"\" data-start=\"617\" data-end=\"757\"><strong data-start=\"617\" data-end=\"635\">Formule \u00e9pur\u00e9e<\/strong> : <span class=\"relative -mx-px my-[-0.2rem] rounded px-px py-[0.2rem] transition-colors duration-100 ease-in-out\">Sans sucre ajout\u00e9, sans lactose, sans gluten, sans graisses trans et sans aspartame.<\/span> \u200b<\/p>\n<\/li>\n<li class=\"\" data-start=\"759\" data-end=\"918\">\n<p class=\"\" data-start=\"761\" data-end=\"918\"><strong data-start=\"761\" data-end=\"790\">Faible teneur en calories<\/strong> : <span class=\"relative -mx-px my-[-0.2rem] rounded px-px py-[0.2rem] transition-colors duration-100 ease-in-out\">Environ 94 kcal par portion de 25 g, avec moins de 0,5 g de sucres.<\/span> \u200b<\/p>\n<\/li>\n<li class=\"\" data-start=\"920\" data-end=\"1076\">\n<p class=\"\" data-start=\"922\" data-end=\"1076\"><strong data-start=\"922\" data-end=\"948\">Digestibilit\u00e9 optimale<\/strong> : <span class=\"relative -mx-px my-[-0.2rem] rounded px-px py-[0.2rem] transition-colors duration-100 ease-in-out\">Adapt\u00e9e aux personnes intol\u00e9rantes au lactose et au gluten, gr\u00e2ce \u00e0 son proc\u00e9d\u00e9 de fabrication sans produits chimiques.<\/span><\/p>\n<h3 class=\"\" data-start=\"2634\" data-end=\"2656\"><strong data-start=\"2640\" data-end=\"2656\">Points forts<\/strong><\/h3>\n<ul data-start=\"2658\" data-end=\"3012\">\n<li class=\"\" data-start=\"2658\" data-end=\"2745\">\n<p class=\"\" data-start=\"2660\" data-end=\"2745\"><span class=\"relative -mx-px my-[-0.2rem] rounded px-px py-[0.2rem] transition-colors duration-100 ease-in-out\">Prot\u00e9ine de haute qualit\u00e9, id\u00e9ale pour la construction musculaire et la r\u00e9cup\u00e9ration.<\/span>\u200b<\/p>\n<\/li>\n<li class=\"\" data-start=\"2747\" data-end=\"2834\">\n<p class=\"\" data-start=\"2749\" data-end=\"2834\"><span class=\"relative -mx-px my-[-0.2rem] rounded px-px py-[0.2rem] transition-colors duration-100 ease-in-out\">Formule \u00e9pur\u00e9e, adapt\u00e9e aux r\u00e9gimes stricts et aux personnes sensibles.<\/span>\u200b<\/p>\n<\/li>\n<li class=\"\" data-start=\"2836\" data-end=\"2923\">\n<p class=\"\" data-start=\"2838\" data-end=\"2923\"><span class=\"relative -mx-px my-[-0.2rem] rounded px-px py-[0.2rem] transition-colors duration-100 ease-in-out\">Saveurs vari\u00e9es et agr\u00e9ables, facilitant la consommation quotidienne.<\/span>\u200b<\/p>\n<\/li>\n<li class=\"\" data-start=\"2925\" data-end=\"3012\">\n<p class=\"\" data-start=\"2927\" data-end=\"3012\"><span class=\"relative -mx-px my-[-0.2rem] rounded px-px py-[0.2rem] transition-colors duration-100 ease-in-out\">Produit fabriqu\u00e9 selon des normes strictes, garantissant la s\u00e9curit\u00e9 et l&rsquo;efficacit\u00e9.<\/span><\/p>\n<\/li>\n<\/ul>\n<\/li>\n<\/ol>\n","protected":false},"excerpt":{"rendered":"<p>l&rsquo;<strong data-start=\"77\" data-end=\"94\">ISO Whey Zero<\/strong> de <strong data-start=\"98\" data-end=\"113\">BioTech USA<\/strong>, une prot\u00e9ine isol\u00e9e de lactos\u00e9rum de haute qualit\u00e9, id\u00e9ale pour les athl\u00e8tes, les personnes en r\u00e9gime de s\u00e8che ou celles sensibles au lactose et au gluten.<\/p>\n","protected":false},"featured_media":6143,"template":"","meta":{"site-sidebar-layout":"default","site-content-layout":"","ast-site-content-layout":"default","site-content-style":"default","site-sidebar-style":"default","ast-global-header-display":"","ast-banner-title-visibility":"","ast-main-header-display":"","ast-hfb-above-header-display":"","ast-hfb-below-header-display":"","ast-hfb-mobile-header-display":"","site-post-title":"","ast-breadcrumbs-content":"","ast-featured-img":"","footer-sml-layout":"","theme-transparent-header-meta":"default","adv-header-id-meta":"","stick-header-meta":"","header-above-stick-meta":"","header-main-stick-meta":"","header-below-stick-meta":"","astra-migrate-meta-layouts":"set","ast-page-background-enabled":"default","ast-page-background-meta":{"desktop":{"background-color":"","background-image":"","background-repeat":"repeat","background-position":"center center","background-size":"auto","background-attachment":"scroll","background-type":"","background-media":"","overlay-type":"","overlay-color":"","overlay-opacity":"","overlay-gradient":""},"tablet":{"background-color":"","background-image":"","background-repeat":"repeat","background-position":"center center","background-size":"auto","background-attachment":"scroll","background-type":"","background-media":"","overlay-type":"","overlay-color":"","overlay-opacity":"","overlay-gradient":""},"mobile":{"background-color":"","background-image":"","background-repeat":"repeat","background-position":"center center","background-size":"auto","background-attachment":"scroll","background-type":"","background-media":"","overlay-type":"","overlay-color":"","overlay-opacity":"","overlay-gradient":""}},"ast-content-background-meta":{"desktop":{"background-color":"var(--ast-global-color-5)","background-image":"","background-repeat":"repeat","background-position":"center center","background-size":"auto","background-attachment":"scroll","background-type":"","background-media":"","overlay-type":"","overlay-color":"","overlay-opacity":"","overlay-gradient":""},"tablet":{"background-color":"var(--ast-global-color-5)","background-image":"","background-repeat":"repeat","background-position":"center center","background-size":"auto","background-attachment":"scroll","background-type":"","background-media":"","overlay-type":"","overlay-color":"","overlay-opacity":"","overlay-gradient":""},"mobile":{"background-color":"var(--ast-global-color-5)","background-image":"","background-repeat":"repeat","background-position":"center center","background-size":"auto","background-attachment":"scroll","background-type":"","background-media":"","overlay-type":"","overlay-color":"","overlay-opacity":"","overlay-gradient":""}}},"product_brand":[62],"product_cat":[59],"product_tag":[],"class_list":{"0":"post-5569","1":"product","2":"type-product","3":"status-publish","4":"has-post-thumbnail","6":"product_brand-biotech-usa","7":"product_cat-whey-proteine","8":"desktop-align-center","9":"tablet-align-center","10":"mobile-align-center","12":"first","13":"outofstock","14":"shipping-taxable","15":"purchasable","16":"product-type-simple"},"_links":{"self":[{"href":"https:\/\/dietpartner.shop\/index.php?rest_route=\/wp\/v2\/product\/5569","targetHints":{"allow":["GET"]}}],"collection":[{"href":"https:\/\/dietpartner.shop\/index.php?rest_route=\/wp\/v2\/product"}],"about":[{"href":"https:\/\/dietpartner.shop\/index.php?rest_route=\/wp\/v2\/types\/product"}],"wp:featuredmedia":[{"embeddable":true,"href":"https:\/\/dietpartner.shop\/index.php?rest_route=\/wp\/v2\/media\/6143"}],"wp:attachment":[{"href":"https:\/\/dietpartner.shop\/index.php?rest_route=%2Fwp%2Fv2%2Fmedia&parent=5569"}],"wp:term":[{"taxonomy":"product_brand","embeddable":true,"href":"https:\/\/dietpartner.shop\/index.php?rest_route=%2Fwp%2Fv2%2Fproduct_brand&post=5569"},{"taxonomy":"product_cat","embeddable":true,"href":"https:\/\/dietpartner.shop\/index.php?rest_route=%2Fwp%2Fv2%2Fproduct_cat&post=5569"},{"taxonomy":"product_tag","embeddable":true,"href":"https:\/\/dietpartner.shop\/index.php?rest_route=%2Fwp%2Fv2%2Fproduct_tag&post=5569"}],"curies":[{"name":"wp","href":"https:\/\/api.w.org\/{rel}","templated":true}]}}