{"id":5571,"date":"2025-04-14T14:47:32","date_gmt":"2025-04-14T13:47:32","guid":{"rendered":"https:\/\/dietpartner.shop\/?post_type=product&#038;p=5571"},"modified":"2025-09-03T08:29:16","modified_gmt":"2025-09-03T07:29:16","slug":"hydro-whey-zero","status":"publish","type":"product","link":"https:\/\/dietpartner.shop\/?product=hydro-whey-zero","title":{"rendered":"HYDRO WHEY ZERO"},"content":{"rendered":"<div class=\"flex shrink basis-auto flex-col overflow-hidden -mb-(--composer-overlap-px) [--composer-overlap-px:24px] grow\">\n<div class=\"relative h-full\">\n<div class=\"flex h-full flex-col overflow-y-auto [scrollbar-gutter:stable]\">\n<div class=\"@thread-xl\/thread:pt-header-height mt-1.5 flex flex-col text-sm md:pb-9\">\n<article class=\"text-token-text-primary w-full\" dir=\"auto\" data-testid=\"conversation-turn-8\" data-scroll-anchor=\"true\">\n<div class=\"text-base my-auto mx-auto py-5 [--thread-content-margin:--spacing(4)] @[37rem]:[--thread-content-margin:--spacing(6)] @[70rem]:[--thread-content-margin:--spacing(12)] px-(--thread-content-margin)\">\n<div class=\"[--thread-content-max-width:32rem] @[34rem]:[--thread-content-max-width:40rem] @[64rem]:[--thread-content-max-width:48rem] mx-auto flex max-w-(--thread-content-max-width) flex-1 text-base gap-4 md:gap-5 lg:gap-6 group\/turn-messages focus-visible:outline-hidden\" tabindex=\"-1\">\n<div class=\"group\/conversation-turn relative flex w-full min-w-0 flex-col agent-turn\">\n<div class=\"relative flex-col gap-1 md:gap-3\">\n<div class=\"flex max-w-full flex-col grow\">\n<div class=\"min-h-8 text-message relative flex w-full flex-col items-end gap-2 text-start break-words whitespace-normal [.text-message+&amp;]:mt-5\" dir=\"auto\" data-message-author-role=\"assistant\" data-message-id=\"ea860493-2047-484a-8fad-8a4ec03b7edf\" data-message-model-slug=\"gpt-4o\">\n<div class=\"flex w-full flex-col gap-1 empty:hidden first:pt-[3px]\">\n<div class=\"markdown prose dark:prose-invert w-full break-words light\">\n<h3 class=\"\" data-start=\"95\" data-end=\"134\"><strong data-start=\"102\" data-end=\"134\">Caract\u00e9ristiques principales<\/strong><\/h3>\n<ul data-start=\"136\" data-end=\"924\">\n<li class=\"\" data-start=\"136\" data-end=\"277\">\n<p class=\"\" data-start=\"138\" data-end=\"277\"><strong data-start=\"138\" data-end=\"155\">Prot\u00e9ine pure<\/strong> : <span class=\"relative -mx-px my-[-0.2rem] rounded px-px py-[0.2rem] transition-colors duration-100 ease-in-out\">Contient 80% de prot\u00e9ines par portion de 22 g, combinant hydrolysat de prot\u00e9ine de lactos\u00e9rum et isolat de prot\u00e9ine de lactos\u00e9rum.<\/span> \u200b<\/p>\n<\/li>\n<li class=\"\" data-start=\"279\" data-end=\"464\">\n<p class=\"\" data-start=\"281\" data-end=\"464\"><strong data-start=\"281\" data-end=\"342\">Acides amin\u00e9s essentiels et conditionnellement essentiels<\/strong> : <span class=\"relative -mx-px my-[-0.2rem] rounded px-px py-[0.2rem] transition-colors duration-100 ease-in-out\">Fournit 7,8 g d&rsquo;acides amin\u00e9s essentiels et 6,8 g d&rsquo;acides amin\u00e9s conditionnellement essentiels, dont BCAA, L-glutamine et L-arginine, favorisant la r\u00e9cup\u00e9ration et la croissance musculaire.<\/span> \u200b<\/p>\n<\/li>\n<li class=\"\" data-start=\"466\" data-end=\"610\">\n<p class=\"\" data-start=\"468\" data-end=\"610\"><strong data-start=\"468\" data-end=\"486\">Formule \u00e9pur\u00e9e<\/strong> : <span class=\"relative -mx-px my-[-0.2rem] rounded px-px py-[0.2rem] transition-colors duration-100 ease-in-out\">Sans gluten, sans sucre ajout\u00e9, sans lipides, id\u00e9ale pour ceux qui cherchent \u00e0 minimiser leur apport en ces \u00e9l\u00e9ments.<\/span> \u200b<\/p>\n<\/li>\n<li class=\"\" data-start=\"612\" data-end=\"771\">\n<p class=\"\" data-start=\"614\" data-end=\"771\"><strong data-start=\"614\" data-end=\"643\">Faible teneur en calories<\/strong> : <span class=\"relative -mx-px my-[-0.2rem] rounded px-px py-[0.2rem] transition-colors duration-100 ease-in-out\">Environ 85 kcal par portion de 22 g, adapt\u00e9e aux r\u00e9gimes visant \u00e0 contr\u00f4ler l&rsquo;apport calorique.<\/span> \u200b<\/p>\n<\/li>\n<li class=\"\" data-start=\"773\" data-end=\"924\">\n<p class=\"\" data-start=\"775\" data-end=\"924\"><strong data-start=\"775\" data-end=\"796\">Absorption rapide<\/strong> : <span class=\"relative -mx-px my-[-0.2rem] rounded px-px py-[0.2rem] transition-colors duration-100 ease-in-out\">Gr\u00e2ce \u00e0 l&rsquo;hydrolyse, les prot\u00e9ines sont pr\u00e9-dig\u00e9r\u00e9es, permettant une assimilation plus rapide par l&rsquo;organisme.<\/span> \u200b<\/p>\n<\/li>\n<\/ul>\n<hr class=\"\" data-start=\"1847\" data-end=\"1850\" \/>\n<h3 class=\"\" data-start=\"1852\" data-end=\"1874\"><strong data-start=\"1858\" data-end=\"1874\">Points forts<\/strong><\/h3>\n<ul data-start=\"1876\" data-end=\"2141\">\n<li class=\"\" data-start=\"1876\" data-end=\"1963\">\n<p class=\"\" data-start=\"1878\" data-end=\"1963\"><span class=\"relative -mx-px my-[-0.2rem] rounded px-px py-[0.2rem] transition-colors duration-100 ease-in-out\">Prot\u00e9ine de haute qualit\u00e9 pour la construction et la maintenance musculaire.<\/span>\u200b<\/p>\n<\/li>\n<li class=\"\" data-start=\"1965\" data-end=\"2052\">\n<p class=\"\" data-start=\"1967\" data-end=\"2052\"><span class=\"relative -mx-px my-[-0.2rem] rounded px-px py-[0.2rem] transition-colors duration-100 ease-in-out\">Formule sans gluten, sans sucre ajout\u00e9 et sans lipides, adapt\u00e9e aux r\u00e9gimes sp\u00e9cifiques.<\/span>\u200b<\/p>\n<\/li>\n<li class=\"\" data-start=\"2054\" data-end=\"2141\">\n<p class=\"\" data-start=\"2056\" data-end=\"2141\"><span class=\"relative -mx-px my-[-0.2rem] rounded px-px py-[0.2rem] transition-colors duration-100 ease-in-out\">Riche en acides amin\u00e9s essentiels et conditionnellement essentiels pour une r\u00e9cup\u00e9ration optimale.<\/span>\u200b<\/p>\n<\/li>\n<\/ul>\n<\/div>\n<\/div>\n<\/div>\n<\/div>\n<\/div>\n<\/div>\n<\/div>\n<\/div>\n<\/article>\n<\/div>\n<\/div>\n<\/div>\n<\/div>\n","protected":false},"excerpt":{"rendered":"<p>\u200b<span class=\"relative -mx-px my-[-0.2rem] rounded px-px py-[0.2rem] transition-colors duration-100 ease-in-out\">Hydro Whey Zero de BioTech USA est une prot\u00e9ine de lactos\u00e9rum hydrolys\u00e9e de haute qualit\u00e9, con\u00e7ue pour une absorption rapide et une r\u00e9cup\u00e9ration musculaire efficace.<\/span>\u200b<\/p>\n","protected":false},"featured_media":6147,"template":"","meta":{"site-sidebar-layout":"default","site-content-layout":"","ast-site-content-layout":"default","site-content-style":"default","site-sidebar-style":"default","ast-global-header-display":"","ast-banner-title-visibility":"","ast-main-header-display":"","ast-hfb-above-header-display":"","ast-hfb-below-header-display":"","ast-hfb-mobile-header-display":"","site-post-title":"","ast-breadcrumbs-content":"","ast-featured-img":"","footer-sml-layout":"","theme-transparent-header-meta":"default","adv-header-id-meta":"","stick-header-meta":"","header-above-stick-meta":"","header-main-stick-meta":"","header-below-stick-meta":"","astra-migrate-meta-layouts":"set","ast-page-background-enabled":"default","ast-page-background-meta":{"desktop":{"background-color":"","background-image":"","background-repeat":"repeat","background-position":"center center","background-size":"auto","background-attachment":"scroll","background-type":"","background-media":"","overlay-type":"","overlay-color":"","overlay-opacity":"","overlay-gradient":""},"tablet":{"background-color":"","background-image":"","background-repeat":"repeat","background-position":"center center","background-size":"auto","background-attachment":"scroll","background-type":"","background-media":"","overlay-type":"","overlay-color":"","overlay-opacity":"","overlay-gradient":""},"mobile":{"background-color":"","background-image":"","background-repeat":"repeat","background-position":"center center","background-size":"auto","background-attachment":"scroll","background-type":"","background-media":"","overlay-type":"","overlay-color":"","overlay-opacity":"","overlay-gradient":""}},"ast-content-background-meta":{"desktop":{"background-color":"var(--ast-global-color-5)","background-image":"","background-repeat":"repeat","background-position":"center center","background-size":"auto","background-attachment":"scroll","background-type":"","background-media":"","overlay-type":"","overlay-color":"","overlay-opacity":"","overlay-gradient":""},"tablet":{"background-color":"var(--ast-global-color-5)","background-image":"","background-repeat":"repeat","background-position":"center center","background-size":"auto","background-attachment":"scroll","background-type":"","background-media":"","overlay-type":"","overlay-color":"","overlay-opacity":"","overlay-gradient":""},"mobile":{"background-color":"var(--ast-global-color-5)","background-image":"","background-repeat":"repeat","background-position":"center center","background-size":"auto","background-attachment":"scroll","background-type":"","background-media":"","overlay-type":"","overlay-color":"","overlay-opacity":"","overlay-gradient":""}}},"product_brand":[62],"product_cat":[58,59],"product_tag":[],"class_list":{"0":"post-5571","1":"product","2":"type-product","3":"status-publish","4":"has-post-thumbnail","6":"product_brand-biotech-usa","7":"product_cat-produits","8":"product_cat-whey-proteine","9":"desktop-align-center","10":"tablet-align-center","11":"mobile-align-center","13":"first","14":"outofstock","15":"shipping-taxable","16":"purchasable","17":"product-type-simple"},"_links":{"self":[{"href":"https:\/\/dietpartner.shop\/index.php?rest_route=\/wp\/v2\/product\/5571","targetHints":{"allow":["GET"]}}],"collection":[{"href":"https:\/\/dietpartner.shop\/index.php?rest_route=\/wp\/v2\/product"}],"about":[{"href":"https:\/\/dietpartner.shop\/index.php?rest_route=\/wp\/v2\/types\/product"}],"wp:featuredmedia":[{"embeddable":true,"href":"https:\/\/dietpartner.shop\/index.php?rest_route=\/wp\/v2\/media\/6147"}],"wp:attachment":[{"href":"https:\/\/dietpartner.shop\/index.php?rest_route=%2Fwp%2Fv2%2Fmedia&parent=5571"}],"wp:term":[{"taxonomy":"product_brand","embeddable":true,"href":"https:\/\/dietpartner.shop\/index.php?rest_route=%2Fwp%2Fv2%2Fproduct_brand&post=5571"},{"taxonomy":"product_cat","embeddable":true,"href":"https:\/\/dietpartner.shop\/index.php?rest_route=%2Fwp%2Fv2%2Fproduct_cat&post=5571"},{"taxonomy":"product_tag","embeddable":true,"href":"https:\/\/dietpartner.shop\/index.php?rest_route=%2Fwp%2Fv2%2Fproduct_tag&post=5571"}],"curies":[{"name":"wp","href":"https:\/\/api.w.org\/{rel}","templated":true}]}}