{"id":5575,"date":"2025-04-14T17:22:14","date_gmt":"2025-04-14T16:22:14","guid":{"rendered":"https:\/\/dietpartner.shop\/?post_type=product&#038;p=5575"},"modified":"2025-11-05T19:41:19","modified_gmt":"2025-11-05T18:41:19","slug":"multivitamin-for-men","status":"publish","type":"product","link":"https:\/\/dietpartner.shop\/?product=multivitamin-for-men","title":{"rendered":"MULTIVITAMIN FOR MEN"},"content":{"rendered":"<h3 class=\"\" data-start=\"383\" data-end=\"422\"><strong data-start=\"390\" data-end=\"422\">Caract\u00e9ristiques principales<\/strong><\/h3>\n<ul data-start=\"424\" data-end=\"1353\">\n<li class=\"\" data-start=\"424\" data-end=\"745\">\n<p class=\"\" data-start=\"426\" data-end=\"745\"><strong data-start=\"426\" data-end=\"439\">Vitamines<\/strong> : Contient 12 vitamines, notamment A, C, D, E, B1 (thiamine), B2 (riboflavine), niacine, acide pantoth\u00e9nique, B6, B12, acide folique et biotine, contribuant au m\u00e9tabolisme \u00e9nerg\u00e9tique normal et \u00e0 la r\u00e9duction de la fatigue. \u200b<\/p>\n<\/li>\n<li class=\"\" data-start=\"747\" data-end=\"883\">\n<p class=\"\" data-start=\"749\" data-end=\"883\"><strong data-start=\"749\" data-end=\"761\">Min\u00e9raux<\/strong> : <span class=\"relative -mx-px my-[-0.2rem] rounded px-px py-[0.2rem] transition-colors duration-100 ease-in-out\">Fournit 10 min\u00e9raux essentiels tels que calcium, magn\u00e9sium, bore, zinc, cuivre, mangan\u00e8se, chrome, s\u00e9l\u00e9nium, iode et fer, soutenant diverses fonctions corporelles, y compris la sant\u00e9 osseuse et immunitaire.<\/span> \u200b<\/p>\n<\/li>\n<li class=\"\" data-start=\"885\" data-end=\"1025\">\n<p class=\"\" data-start=\"887\" data-end=\"1025\"><strong data-start=\"887\" data-end=\"903\">Antioxydants<\/strong> : <span class=\"relative -mx-px my-[-0.2rem] rounded px-px py-[0.2rem] transition-colors duration-100 ease-in-out\">Incorpore 7 antioxydants, dont la lut\u00e9ine, le lycop\u00e8ne et l&rsquo;acide alpha-lipo\u00efque, aidant \u00e0 prot\u00e9ger les cellules contre les dommages oxydatifs.<\/span> \u200b<\/p>\n<\/li>\n<li class=\"\" data-start=\"1027\" data-end=\"1193\">\n<p class=\"\" data-start=\"1029\" data-end=\"1193\"><strong data-start=\"1029\" data-end=\"1067\">Acides amin\u00e9s et autres nutriments<\/strong> : <span class=\"relative -mx-px my-[-0.2rem] rounded px-px py-[0.2rem] transition-colors duration-100 ease-in-out\">Contient 4 acides amin\u00e9s (L-glutamine, L-m\u00e9thionine, L-arginine, taurine), L-carnitine L-tartrate, ainsi que 7 extraits de plantes et de la spiruline, contribuant \u00e0 divers aspects de la sant\u00e9 et de la performance physique.<\/span> \u200b<\/p>\n<\/li>\n<li class=\"\" data-start=\"1195\" data-end=\"1353\">\n<p class=\"\" data-start=\"1197\" data-end=\"1353\"><strong data-start=\"1197\" data-end=\"1225\">Formulation sans lactose<\/strong> : <span class=\"relative -mx-px my-[-0.2rem] rounded px-px py-[0.2rem] transition-colors duration-100 ease-in-out\">Les comprim\u00e9s enrob\u00e9s sont exempts de lactose, facilitant leur consommation pour ceux qui ont une sensibilit\u00e9 au lactose.<\/span> \u200b<\/p>\n<\/li>\n<li data-start=\"1195\" data-end=\"1353\">\n<h3 class=\"\" data-start=\"1703\" data-end=\"1725\"><strong data-start=\"1709\" data-end=\"1725\">Points forts<\/strong><\/h3>\n<ul data-start=\"1727\" data-end=\"2229\">\n<li class=\"\" data-start=\"1727\" data-end=\"1836\">\n<p class=\"\" data-start=\"1729\" data-end=\"1836\"><strong data-start=\"1729\" data-end=\"1748\">Soutien complet<\/strong> : <span class=\"relative -mx-px my-[-0.2rem] rounded px-px py-[0.2rem] transition-colors duration-100 ease-in-out\">Fournit une gamme compl\u00e8te de nutriments essentiels pour les hommes, aidant \u00e0 combler les lacunes potentielles d&rsquo;une alimentation quotidienne.<\/span>\u200b<\/p>\n<\/li>\n<li class=\"\" data-start=\"1838\" data-end=\"1983\">\n<p class=\"\" data-start=\"1840\" data-end=\"1983\"><strong data-start=\"1840\" data-end=\"1895\">Soutien \u00e0 l&rsquo;\u00e9nergie et \u00e0 la r\u00e9duction de la fatigue<\/strong> : <span class=\"relative -mx-px my-[-0.2rem] rounded px-px py-[0.2rem] transition-colors duration-100 ease-in-out\">Les vitamines et min\u00e9raux inclus favorisent un m\u00e9tabolisme \u00e9nerg\u00e9tique efficace et aident \u00e0 diminuer la fatigue.<\/span>\u200b<\/p>\n<\/li>\n<li class=\"\" data-start=\"1985\" data-end=\"2111\">\n<p class=\"\" data-start=\"1987\" data-end=\"2111\"><strong data-start=\"1987\" data-end=\"2023\">Sant\u00e9 musculaire et r\u00e9cup\u00e9ration<\/strong> : <span class=\"relative -mx-px my-[-0.2rem] rounded px-px py-[0.2rem] transition-colors duration-100 ease-in-out\">Les acides amin\u00e9s et autres nutriments pr\u00e9sents soutiennent la fonction musculaire et la r\u00e9cup\u00e9ration apr\u00e8s l&rsquo;exercice.<\/span>\u200b<\/p>\n<\/li>\n<li class=\"\" data-start=\"2113\" data-end=\"2229\">\n<p class=\"\" data-start=\"2115\" data-end=\"2229\"><strong data-start=\"2115\" data-end=\"2141\">Facilit\u00e9 d&rsquo;utilisation<\/strong> : <span class=\"relative -mx-px my-[-0.2rem] rounded px-px py-[0.2rem] transition-colors duration-100 ease-in-out\">Les comprim\u00e9s enrob\u00e9s sont faciles \u00e0 avaler et ne contiennent pas de lactose, convenant ainsi \u00e0 une vari\u00e9t\u00e9 de r\u00e9gimes alimentaires.<\/span>\u200b<\/p>\n<\/li>\n<\/ul>\n<\/li>\n<\/ul>\n","protected":false},"excerpt":{"rendered":"<p>Le <strong data-start=\"3\" data-end=\"27\">Multivitamin for Men<\/strong> de <strong data-start=\"31\" data-end=\"46\">BioTech USA<\/strong> est un compl\u00e9ment alimentaire sp\u00e9cialement formul\u00e9 pour r\u00e9pondre aux besoins nutritionnels des hommes actifs. Il combine une vari\u00e9t\u00e9 de vitamines, min\u00e9raux, antioxydants et acides amin\u00e9s essentiels pour soutenir la sant\u00e9 g\u00e9n\u00e9rale, le m\u00e9tabolisme \u00e9nerg\u00e9tique et le bien-\u00eatre musculaire.<\/p>\n","protected":false},"featured_media":6168,"template":"","meta":{"site-sidebar-layout":"default","site-content-layout":"","ast-site-content-layout":"default","site-content-style":"default","site-sidebar-style":"default","ast-global-header-display":"","ast-banner-title-visibility":"","ast-main-header-display":"","ast-hfb-above-header-display":"","ast-hfb-below-header-display":"","ast-hfb-mobile-header-display":"","site-post-title":"","ast-breadcrumbs-content":"","ast-featured-img":"","footer-sml-layout":"","theme-transparent-header-meta":"default","adv-header-id-meta":"","stick-header-meta":"","header-above-stick-meta":"","header-main-stick-meta":"","header-below-stick-meta":"","astra-migrate-meta-layouts":"set","ast-page-background-enabled":"default","ast-page-background-meta":{"desktop":{"background-color":"","background-image":"","background-repeat":"repeat","background-position":"center center","background-size":"auto","background-attachment":"scroll","background-type":"","background-media":"","overlay-type":"","overlay-color":"","overlay-opacity":"","overlay-gradient":""},"tablet":{"background-color":"","background-image":"","background-repeat":"repeat","background-position":"center center","background-size":"auto","background-attachment":"scroll","background-type":"","background-media":"","overlay-type":"","overlay-color":"","overlay-opacity":"","overlay-gradient":""},"mobile":{"background-color":"","background-image":"","background-repeat":"repeat","background-position":"center center","background-size":"auto","background-attachment":"scroll","background-type":"","background-media":"","overlay-type":"","overlay-color":"","overlay-opacity":"","overlay-gradient":""}},"ast-content-background-meta":{"desktop":{"background-color":"var(--ast-global-color-5)","background-image":"","background-repeat":"repeat","background-position":"center center","background-size":"auto","background-attachment":"scroll","background-type":"","background-media":"","overlay-type":"","overlay-color":"","overlay-opacity":"","overlay-gradient":""},"tablet":{"background-color":"var(--ast-global-color-5)","background-image":"","background-repeat":"repeat","background-position":"center center","background-size":"auto","background-attachment":"scroll","background-type":"","background-media":"","overlay-type":"","overlay-color":"","overlay-opacity":"","overlay-gradient":""},"mobile":{"background-color":"var(--ast-global-color-5)","background-image":"","background-repeat":"repeat","background-position":"center center","background-size":"auto","background-attachment":"scroll","background-type":"","background-media":"","overlay-type":"","overlay-color":"","overlay-opacity":"","overlay-gradient":""}}},"product_brand":[62],"product_cat":[57],"product_tag":[],"class_list":{"0":"post-5575","1":"product","2":"type-product","3":"status-publish","4":"has-post-thumbnail","6":"product_brand-biotech-usa","7":"product_cat-vitamine-mineraux","8":"desktop-align-center","9":"tablet-align-center","10":"mobile-align-center","12":"first","13":"instock","14":"shipping-taxable","15":"purchasable","16":"product-type-simple"},"_links":{"self":[{"href":"https:\/\/dietpartner.shop\/index.php?rest_route=\/wp\/v2\/product\/5575","targetHints":{"allow":["GET"]}}],"collection":[{"href":"https:\/\/dietpartner.shop\/index.php?rest_route=\/wp\/v2\/product"}],"about":[{"href":"https:\/\/dietpartner.shop\/index.php?rest_route=\/wp\/v2\/types\/product"}],"wp:featuredmedia":[{"embeddable":true,"href":"https:\/\/dietpartner.shop\/index.php?rest_route=\/wp\/v2\/media\/6168"}],"wp:attachment":[{"href":"https:\/\/dietpartner.shop\/index.php?rest_route=%2Fwp%2Fv2%2Fmedia&parent=5575"}],"wp:term":[{"taxonomy":"product_brand","embeddable":true,"href":"https:\/\/dietpartner.shop\/index.php?rest_route=%2Fwp%2Fv2%2Fproduct_brand&post=5575"},{"taxonomy":"product_cat","embeddable":true,"href":"https:\/\/dietpartner.shop\/index.php?rest_route=%2Fwp%2Fv2%2Fproduct_cat&post=5575"},{"taxonomy":"product_tag","embeddable":true,"href":"https:\/\/dietpartner.shop\/index.php?rest_route=%2Fwp%2Fv2%2Fproduct_tag&post=5575"}],"curies":[{"name":"wp","href":"https:\/\/api.w.org\/{rel}","templated":true}]}}