{"id":5579,"date":"2025-04-14T18:13:20","date_gmt":"2025-04-14T17:13:20","guid":{"rendered":"https:\/\/dietpartner.shop\/?post_type=product&#038;p=5579"},"modified":"2025-12-22T11:24:54","modified_gmt":"2025-12-22T10:24:54","slug":"multivitamin-for-women","status":"publish","type":"product","link":"https:\/\/dietpartner.shop\/?product=multivitamin-for-women","title":{"rendered":"MULTIVITAMIN FOR WOMEN"},"content":{"rendered":"<h3 class=\"\" data-start=\"133\" data-end=\"172\"><strong data-start=\"140\" data-end=\"172\">Caract\u00e9ristiques principales<\/strong><\/h3>\n<ul data-start=\"174\" data-end=\"955\">\n<li class=\"\" data-start=\"174\" data-end=\"324\">\n<p class=\"\" data-start=\"176\" data-end=\"324\"><strong data-start=\"176\" data-end=\"202\">Vitamines essentielles<\/strong> : <span class=\"relative -mx-px my-[-0.2rem] rounded px-px py-[0.2rem] transition-colors duration-100 ease-in-out\">Chaque portion quotidienne (2 comprim\u00e9s) fournit 12 vitamines, notamment A, C, D, E, B1 (thiamine), B2 (riboflavine), niacine, acide pantoth\u00e9nique, B6, B12, acide folique et biotine, contribuant \u00e0 divers aspects de la sant\u00e9, tels que le m\u00e9tabolisme \u00e9nerg\u00e9tique et le syst\u00e8me immunitaire.<\/span> \u200b<\/p>\n<\/li>\n<li class=\"\" data-start=\"326\" data-end=\"467\">\n<p class=\"\" data-start=\"328\" data-end=\"467\"><strong data-start=\"328\" data-end=\"345\">Min\u00e9raux cl\u00e9s<\/strong> : <span class=\"relative -mx-px my-[-0.2rem] rounded px-px py-[0.2rem] transition-colors duration-100 ease-in-out\">La formule comprend 11 min\u00e9raux, dont le calcium, le magn\u00e9sium, le fer, le zinc, le cuivre, le mangan\u00e8se, le s\u00e9l\u00e9nium, le chrome, l&rsquo;iode et le bore, soutenant la sant\u00e9 osseuse, l&rsquo;\u00e9quilibre hormonal et la vitalit\u00e9 g\u00e9n\u00e9rale.<\/span> \u200b<\/p>\n<\/li>\n<li class=\"\" data-start=\"469\" data-end=\"623\">\n<p class=\"\" data-start=\"471\" data-end=\"623\"><strong data-start=\"471\" data-end=\"497\">Antioxydants puissants<\/strong> : <span class=\"relative -mx-px my-[-0.2rem] rounded px-px py-[0.2rem] transition-colors duration-100 ease-in-out\">Enrichi de 14 antioxydants, tels que les polyph\u00e9nols, la lut\u00e9ine, le lycop\u00e8ne et l&rsquo;alpha-lipo\u00efque, ce compl\u00e9ment aide \u00e0 prot\u00e9ger les cellules contre les dommages oxydatifs et \u00e0 r\u00e9duire la fatigue.<\/span> \u200b<\/p>\n<\/li>\n<li class=\"\" data-start=\"625\" data-end=\"797\">\n<p class=\"\" data-start=\"627\" data-end=\"797\"><strong data-start=\"627\" data-end=\"669\">Ingr\u00e9dients suppl\u00e9mentaires b\u00e9n\u00e9fiques<\/strong> : <span class=\"relative -mx-px my-[-0.2rem] rounded px-px py-[0.2rem] transition-colors duration-100 ease-in-out\">Contient des extraits de plantes comme le th\u00e9 vert, l&rsquo;herbe de bl\u00e9, la spiruline, le persil, la canneberge, ainsi que de la choline et de l&rsquo;inositol, contribuant \u00e0 divers bienfaits pour la sant\u00e9.<\/span> \u200b<\/p>\n<\/li>\n<li class=\"\" data-start=\"799\" data-end=\"955\">\n<p class=\"\" data-start=\"801\" data-end=\"955\"><strong data-start=\"801\" data-end=\"827\">Facilit\u00e9 d&rsquo;utilisation<\/strong> : <span class=\"relative -mx-px my-[-0.2rem] rounded px-px py-[0.2rem] transition-colors duration-100 ease-in-out\">Les comprim\u00e9s enrob\u00e9s sont exempts de gluten et faciles \u00e0 avaler, s&rsquo;int\u00e9grant ais\u00e9ment dans une routine quotidienne.<\/span><\/p>\n<h3 class=\"\" data-start=\"1305\" data-end=\"1327\"><strong data-start=\"1311\" data-end=\"1327\">Points forts<\/strong><\/h3>\n<ul data-start=\"1329\" data-end=\"1842\">\n<li class=\"\" data-start=\"1329\" data-end=\"1454\">\n<p class=\"\" data-start=\"1331\" data-end=\"1454\"><strong data-start=\"1331\" data-end=\"1366\">Soutien complet pour les femmes<\/strong> : <span class=\"relative -mx-px my-[-0.2rem] rounded px-px py-[0.2rem] transition-colors duration-100 ease-in-out\">Formul\u00e9 pour r\u00e9pondre aux besoins nutritionnels sp\u00e9cifiques des femmes, en mettant l&rsquo;accent sur les antioxydants, les vitamines et les min\u00e9raux essentiels.<\/span>\u200b<\/p>\n<\/li>\n<li class=\"\" data-start=\"1456\" data-end=\"1602\">\n<p class=\"\" data-start=\"1458\" data-end=\"1602\"><strong data-start=\"1458\" data-end=\"1514\">Am\u00e9lioration de l&rsquo;\u00e9nergie et r\u00e9duction de la fatigue<\/strong> : <span class=\"relative -mx-px my-[-0.2rem] rounded px-px py-[0.2rem] transition-colors duration-100 ease-in-out\">Les vitamines B et autres nutriments favorisent un m\u00e9tabolisme \u00e9nerg\u00e9tique efficace et aident \u00e0 diminuer la fatigue.<\/span>\u200b<\/p>\n<\/li>\n<li class=\"\" data-start=\"1604\" data-end=\"1724\">\n<p class=\"\" data-start=\"1606\" data-end=\"1724\"><strong data-start=\"1606\" data-end=\"1636\">Sant\u00e9 osseuse et hormonale<\/strong> : <span class=\"relative -mx-px my-[-0.2rem] rounded px-px py-[0.2rem] transition-colors duration-100 ease-in-out\">Le calcium, le magn\u00e9sium et d&rsquo;autres min\u00e9raux contribuent \u00e0 la sant\u00e9 des os et au maintien d&rsquo;un \u00e9quilibre hormonal optimal.<\/span>\u200b<\/p>\n<\/li>\n<li class=\"\" data-start=\"1726\" data-end=\"1842\">\n<p class=\"\" data-start=\"1728\" data-end=\"1842\"><strong data-start=\"1728\" data-end=\"1754\">Facilit\u00e9 d&rsquo;int\u00e9gration<\/strong> : <span class=\"relative -mx-px my-[-0.2rem] rounded px-px py-[0.2rem] transition-colors duration-100 ease-in-out\">Les comprim\u00e9s sans gluten sont faciles \u00e0 incorporer dans une routine quotidienne de sant\u00e9 et de bien-\u00eatre.<\/span>\u200b<\/p>\n<\/li>\n<\/ul>\n<p class=\"\" data-start=\"801\" data-end=\"955\">\u200b<\/p>\n<\/li>\n<\/ul>\n","protected":false},"excerpt":{"rendered":"<p>\u200b<span class=\"relative -mx-px my-[-0.2rem] rounded px-px py-[0.2rem] transition-colors duration-100 ease-in-out\">Le <strong data-start=\"3\" data-end=\"29\">Multivitamin for Women<\/strong> de <strong data-start=\"33\" data-end=\"48\">BioTech USA<\/strong> est un compl\u00e9ment alimentaire con\u00e7u pour r\u00e9pondre aux besoins nutritionnels sp\u00e9cifiques des femmes actives.<\/span> <span class=\"relative -mx-px my-[-0.2rem] rounded px-px py-[0.2rem] transition-colors duration-100 ease-in-out\">Cette formule compl\u00e8te associe une vari\u00e9t\u00e9 de vitamines, min\u00e9raux, antioxydants et autres nutriments essentiels pour soutenir la sant\u00e9 g\u00e9n\u00e9rale et le bien-\u00eatre f\u00e9minin.<\/span><\/p>\n","protected":false},"featured_media":6167,"template":"","meta":{"site-sidebar-layout":"default","site-content-layout":"","ast-site-content-layout":"default","site-content-style":"default","site-sidebar-style":"default","ast-global-header-display":"","ast-banner-title-visibility":"","ast-main-header-display":"","ast-hfb-above-header-display":"","ast-hfb-below-header-display":"","ast-hfb-mobile-header-display":"","site-post-title":"","ast-breadcrumbs-content":"","ast-featured-img":"","footer-sml-layout":"","theme-transparent-header-meta":"default","adv-header-id-meta":"","stick-header-meta":"","header-above-stick-meta":"","header-main-stick-meta":"","header-below-stick-meta":"","astra-migrate-meta-layouts":"set","ast-page-background-enabled":"default","ast-page-background-meta":{"desktop":{"background-color":"","background-image":"","background-repeat":"repeat","background-position":"center center","background-size":"auto","background-attachment":"scroll","background-type":"","background-media":"","overlay-type":"","overlay-color":"","overlay-opacity":"","overlay-gradient":""},"tablet":{"background-color":"","background-image":"","background-repeat":"repeat","background-position":"center center","background-size":"auto","background-attachment":"scroll","background-type":"","background-media":"","overlay-type":"","overlay-color":"","overlay-opacity":"","overlay-gradient":""},"mobile":{"background-color":"","background-image":"","background-repeat":"repeat","background-position":"center center","background-size":"auto","background-attachment":"scroll","background-type":"","background-media":"","overlay-type":"","overlay-color":"","overlay-opacity":"","overlay-gradient":""}},"ast-content-background-meta":{"desktop":{"background-color":"var(--ast-global-color-5)","background-image":"","background-repeat":"repeat","background-position":"center center","background-size":"auto","background-attachment":"scroll","background-type":"","background-media":"","overlay-type":"","overlay-color":"","overlay-opacity":"","overlay-gradient":""},"tablet":{"background-color":"var(--ast-global-color-5)","background-image":"","background-repeat":"repeat","background-position":"center center","background-size":"auto","background-attachment":"scroll","background-type":"","background-media":"","overlay-type":"","overlay-color":"","overlay-opacity":"","overlay-gradient":""},"mobile":{"background-color":"var(--ast-global-color-5)","background-image":"","background-repeat":"repeat","background-position":"center center","background-size":"auto","background-attachment":"scroll","background-type":"","background-media":"","overlay-type":"","overlay-color":"","overlay-opacity":"","overlay-gradient":""}}},"product_brand":[62],"product_cat":[57],"product_tag":[],"class_list":{"0":"post-5579","1":"product","2":"type-product","3":"status-publish","4":"has-post-thumbnail","6":"product_brand-biotech-usa","7":"product_cat-vitamine-mineraux","8":"desktop-align-center","9":"tablet-align-center","10":"mobile-align-center","12":"first","13":"instock","14":"shipping-taxable","15":"purchasable","16":"product-type-simple"},"_links":{"self":[{"href":"https:\/\/dietpartner.shop\/index.php?rest_route=\/wp\/v2\/product\/5579","targetHints":{"allow":["GET"]}}],"collection":[{"href":"https:\/\/dietpartner.shop\/index.php?rest_route=\/wp\/v2\/product"}],"about":[{"href":"https:\/\/dietpartner.shop\/index.php?rest_route=\/wp\/v2\/types\/product"}],"wp:featuredmedia":[{"embeddable":true,"href":"https:\/\/dietpartner.shop\/index.php?rest_route=\/wp\/v2\/media\/6167"}],"wp:attachment":[{"href":"https:\/\/dietpartner.shop\/index.php?rest_route=%2Fwp%2Fv2%2Fmedia&parent=5579"}],"wp:term":[{"taxonomy":"product_brand","embeddable":true,"href":"https:\/\/dietpartner.shop\/index.php?rest_route=%2Fwp%2Fv2%2Fproduct_brand&post=5579"},{"taxonomy":"product_cat","embeddable":true,"href":"https:\/\/dietpartner.shop\/index.php?rest_route=%2Fwp%2Fv2%2Fproduct_cat&post=5579"},{"taxonomy":"product_tag","embeddable":true,"href":"https:\/\/dietpartner.shop\/index.php?rest_route=%2Fwp%2Fv2%2Fproduct_tag&post=5579"}],"curies":[{"name":"wp","href":"https:\/\/api.w.org\/{rel}","templated":true}]}}