{"id":5586,"date":"2025-04-15T13:04:34","date_gmt":"2025-04-15T12:04:34","guid":{"rendered":"https:\/\/dietpartner.shop\/?post_type=product&#038;p=5586"},"modified":"2025-06-14T18:10:20","modified_gmt":"2025-06-14T17:10:20","slug":"isofit","status":"publish","type":"product","link":"https:\/\/dietpartner.shop\/?product=isofit","title":{"rendered":"ISOFIT"},"content":{"rendered":"<h3 class=\"\" data-start=\"95\" data-end=\"150\">Composition nutritionnelle (par portion de 33 g)<\/h3>\n<ul data-start=\"152\" data-end=\"619\">\n<li class=\"\" data-start=\"152\" data-end=\"206\">\n<p class=\"\" data-start=\"154\" data-end=\"206\"><strong data-start=\"154\" data-end=\"166\">Prot\u00e9ine<\/strong> : <span class=\"relative -mx-px my-[-0.2rem] rounded px-px py-[0.2rem] transition-colors duration-100 ease-in-out\">25 g de whey isolate pure<\/span><\/p>\n<\/li>\n<li class=\"\" data-start=\"207\" data-end=\"261\">\n<p class=\"\" data-start=\"209\" data-end=\"261\"><strong data-start=\"209\" data-end=\"221\">Calories<\/strong> : <span class=\"relative -mx-px my-[-0.2rem] rounded px-px py-[0.2rem] transition-colors duration-100 ease-in-out\">120 kcal<\/span><\/p>\n<\/li>\n<li class=\"\" data-start=\"262\" data-end=\"315\">\n<p class=\"\" data-start=\"264\" data-end=\"315\"><strong data-start=\"264\" data-end=\"275\">Lipides<\/strong> : <span class=\"relative -mx-px my-[-0.2rem] rounded px-px py-[0.2rem] transition-colors duration-100 ease-in-out\">1,5 g (dont 1 g de graisses satur\u00e9es)<\/span><\/p>\n<\/li>\n<li class=\"\" data-start=\"316\" data-end=\"370\">\n<p class=\"\" data-start=\"318\" data-end=\"370\"><strong data-start=\"318\" data-end=\"330\">Glucides<\/strong> : <span class=\"relative -mx-px my-[-0.2rem] rounded px-px py-[0.2rem] transition-colors duration-100 ease-in-out\">3 g (dont 1 g de fibres, moins de 1 g de sucres)<\/span><\/p>\n<\/li>\n<li class=\"\" data-start=\"371\" data-end=\"421\">\n<p class=\"\" data-start=\"373\" data-end=\"421\"><strong data-start=\"373\" data-end=\"381\">BCAA<\/strong> : <span class=\"relative -mx-px my-[-0.2rem] rounded px-px py-[0.2rem] transition-colors duration-100 ease-in-out\">5,9 g<\/span><\/p>\n<\/li>\n<li class=\"\" data-start=\"422\" data-end=\"471\">\n<p class=\"\" data-start=\"424\" data-end=\"471\"><strong data-start=\"424\" data-end=\"431\">EAA<\/strong> : <span class=\"relative -mx-px my-[-0.2rem] rounded px-px py-[0.2rem] transition-colors duration-100 ease-in-out\">12 g<\/span><\/p>\n<\/li>\n<li class=\"\" data-start=\"472\" data-end=\"619\">\n<p class=\"\" data-start=\"474\" data-end=\"619\"><strong data-start=\"474\" data-end=\"495\">Autres nutriments<\/strong> : <span class=\"relative -mx-px my-[-0.2rem] rounded px-px py-[0.2rem] transition-colors duration-100 ease-in-out\">Cholest\u00e9rol (15 mg), sodium (150 mg), potassium (170 mg), calcium (97 mg)<\/span> \u200b<\/p>\n<\/li>\n<\/ul>\n<h3 class=\"\" data-start=\"626\" data-end=\"656\">\u00a0Points forts du produit<\/h3>\n<ul data-start=\"658\" data-end=\"1401\">\n<li class=\"\" data-start=\"658\" data-end=\"775\">\n<p class=\"\" data-start=\"660\" data-end=\"775\"><strong data-start=\"660\" data-end=\"687\">Prot\u00e9ine pure et rapide<\/strong> : <span class=\"relative -mx-px my-[-0.2rem] rounded px-px py-[0.2rem] transition-colors duration-100 ease-in-out\">IsoFit est fabriqu\u00e9 \u00e0 partir de whey isolate 100 % pure, offrant une absorption rapide et une digestion facilit\u00e9e, id\u00e9ale apr\u00e8s l&rsquo;entra\u00eenement ou entre les repas.<\/span>\u200b<\/p>\n<\/li>\n<li class=\"\" data-start=\"777\" data-end=\"902\">\n<p class=\"\" data-start=\"779\" data-end=\"902\"><strong data-start=\"779\" data-end=\"814\">Profil en acides amin\u00e9s complet<\/strong> : <span class=\"relative -mx-px my-[-0.2rem] rounded px-px py-[0.2rem] transition-colors duration-100 ease-in-out\">Chaque portion fournit 12 g d&rsquo;acides amin\u00e9s essentiels (EAA), dont 5,9 g de BCAA, essentiels pour la synth\u00e8se des prot\u00e9ines musculaires et la r\u00e9cup\u00e9ration.<\/span>\u200b<\/p>\n<\/li>\n<li class=\"\" data-start=\"904\" data-end=\"1029\">\n<p class=\"\" data-start=\"906\" data-end=\"1029\"><strong data-start=\"906\" data-end=\"941\">Faible en graisses et en sucres<\/strong> : <span class=\"relative -mx-px my-[-0.2rem] rounded px-px py-[0.2rem] transition-colors duration-100 ease-in-out\">Contient seulement 1,5 g de graisses et moins de 1 g de sucres, ce qui en fait un choix adapt\u00e9 pour les r\u00e9gimes de s\u00e8che ou de maintien.<\/span>\u200b<\/p>\n<\/li>\n<li class=\"\" data-start=\"1031\" data-end=\"1158\">\n<p class=\"\" data-start=\"1033\" data-end=\"1158\"><strong data-start=\"1033\" data-end=\"1070\">Ingr\u00e9dients de qualit\u00e9 sup\u00e9rieure<\/strong> : <span class=\"relative -mx-px my-[-0.2rem] rounded px-px py-[0.2rem] transition-colors duration-100 ease-in-out\">Enrichi en huile MCT (triglyc\u00e9rides \u00e0 cha\u00eene moyenne) pour une texture cr\u00e9meuse et des bienfaits \u00e9nerg\u00e9tiques, et en inuline d&rsquo;agave, une fibre pr\u00e9biotique naturelle qui soutient la digestion et la sant\u00e9 intestinale.<\/span>\u200b<\/p>\n<\/li>\n<li class=\"\" data-start=\"1160\" data-end=\"1276\">\n<p class=\"\" data-start=\"1162\" data-end=\"1276\"><strong data-start=\"1162\" data-end=\"1188\">Sans lactose ni gluten<\/strong> : <span class=\"relative -mx-px my-[-0.2rem] rounded px-px py-[0.2rem] transition-colors duration-100 ease-in-out\">Convient aux personnes sensibles au lactose ou suivant un r\u00e9gime sans gluten.<\/span>\u200b\u200b<\/p>\n<\/li>\n<\/ul>\n","protected":false},"excerpt":{"rendered":"<p>\u200b<span class=\"relative -mx-px my-[-0.2rem] rounded px-px py-[0.2rem] transition-colors duration-100 ease-in-out\">Nutrex IsoFit est une prot\u00e9ine de lactos\u00e9rum isol\u00e9e (whey isolate) haut de gamme, con\u00e7ue pour soutenir la croissance musculaire, la r\u00e9cup\u00e9ration et la performance des athl\u00e8tes et des passionn\u00e9s de fitness.<\/span><\/p>\n","protected":false},"featured_media":6142,"template":"","meta":{"site-sidebar-layout":"default","site-content-layout":"","ast-site-content-layout":"default","site-content-style":"default","site-sidebar-style":"default","ast-global-header-display":"","ast-banner-title-visibility":"","ast-main-header-display":"","ast-hfb-above-header-display":"","ast-hfb-below-header-display":"","ast-hfb-mobile-header-display":"","site-post-title":"","ast-breadcrumbs-content":"","ast-featured-img":"","footer-sml-layout":"","theme-transparent-header-meta":"default","adv-header-id-meta":"","stick-header-meta":"","header-above-stick-meta":"","header-main-stick-meta":"","header-below-stick-meta":"","astra-migrate-meta-layouts":"set","ast-page-background-enabled":"default","ast-page-background-meta":{"desktop":{"background-color":"","background-image":"","background-repeat":"repeat","background-position":"center center","background-size":"auto","background-attachment":"scroll","background-type":"","background-media":"","overlay-type":"","overlay-color":"","overlay-opacity":"","overlay-gradient":""},"tablet":{"background-color":"","background-image":"","background-repeat":"repeat","background-position":"center center","background-size":"auto","background-attachment":"scroll","background-type":"","background-media":"","overlay-type":"","overlay-color":"","overlay-opacity":"","overlay-gradient":""},"mobile":{"background-color":"","background-image":"","background-repeat":"repeat","background-position":"center center","background-size":"auto","background-attachment":"scroll","background-type":"","background-media":"","overlay-type":"","overlay-color":"","overlay-opacity":"","overlay-gradient":""}},"ast-content-background-meta":{"desktop":{"background-color":"var(--ast-global-color-5)","background-image":"","background-repeat":"repeat","background-position":"center center","background-size":"auto","background-attachment":"scroll","background-type":"","background-media":"","overlay-type":"","overlay-color":"","overlay-opacity":"","overlay-gradient":""},"tablet":{"background-color":"var(--ast-global-color-5)","background-image":"","background-repeat":"repeat","background-position":"center center","background-size":"auto","background-attachment":"scroll","background-type":"","background-media":"","overlay-type":"","overlay-color":"","overlay-opacity":"","overlay-gradient":""},"mobile":{"background-color":"var(--ast-global-color-5)","background-image":"","background-repeat":"repeat","background-position":"center center","background-size":"auto","background-attachment":"scroll","background-type":"","background-media":"","overlay-type":"","overlay-color":"","overlay-opacity":"","overlay-gradient":""}}},"product_brand":[66],"product_cat":[59],"product_tag":[],"class_list":{"0":"post-5586","1":"product","2":"type-product","3":"status-publish","4":"has-post-thumbnail","6":"product_brand-nutrex","7":"product_cat-whey-proteine","8":"desktop-align-center","9":"tablet-align-center","10":"mobile-align-center","12":"first","13":"instock","14":"shipping-taxable","15":"purchasable","16":"product-type-simple"},"_links":{"self":[{"href":"https:\/\/dietpartner.shop\/index.php?rest_route=\/wp\/v2\/product\/5586","targetHints":{"allow":["GET"]}}],"collection":[{"href":"https:\/\/dietpartner.shop\/index.php?rest_route=\/wp\/v2\/product"}],"about":[{"href":"https:\/\/dietpartner.shop\/index.php?rest_route=\/wp\/v2\/types\/product"}],"wp:featuredmedia":[{"embeddable":true,"href":"https:\/\/dietpartner.shop\/index.php?rest_route=\/wp\/v2\/media\/6142"}],"wp:attachment":[{"href":"https:\/\/dietpartner.shop\/index.php?rest_route=%2Fwp%2Fv2%2Fmedia&parent=5586"}],"wp:term":[{"taxonomy":"product_brand","embeddable":true,"href":"https:\/\/dietpartner.shop\/index.php?rest_route=%2Fwp%2Fv2%2Fproduct_brand&post=5586"},{"taxonomy":"product_cat","embeddable":true,"href":"https:\/\/dietpartner.shop\/index.php?rest_route=%2Fwp%2Fv2%2Fproduct_cat&post=5586"},{"taxonomy":"product_tag","embeddable":true,"href":"https:\/\/dietpartner.shop\/index.php?rest_route=%2Fwp%2Fv2%2Fproduct_tag&post=5586"}],"curies":[{"name":"wp","href":"https:\/\/api.w.org\/{rel}","templated":true}]}}