{"id":5595,"date":"2025-04-15T14:54:15","date_gmt":"2025-04-15T13:54:15","guid":{"rendered":"https:\/\/dietpartner.shop\/?post_type=product&#038;p=5595"},"modified":"2025-06-15T20:20:27","modified_gmt":"2025-06-15T19:20:27","slug":"essential-amino-9","status":"publish","type":"product","link":"https:\/\/dietpartner.shop\/?product=essential-amino-9","title":{"rendered":"ESSENTIAL AMINO 9"},"content":{"rendered":"<h3 class=\"\" data-start=\"474\" data-end=\"531\">Composition nutritionnelle (par portion de 11,5 g)<\/h3>\n<ul data-start=\"533\" data-end=\"1135\">\n<li class=\"\" data-start=\"533\" data-end=\"822\">\n<p class=\"\" data-start=\"535\" data-end=\"577\"><strong data-start=\"535\" data-end=\"569\">Acides amin\u00e9s essentiels (EAA)<\/strong> : 7,5 g<\/p>\n<ul data-start=\"580\" data-end=\"822\">\n<li class=\"\" data-start=\"580\" data-end=\"632\">\n<p class=\"\" data-start=\"582\" data-end=\"632\"><strong data-start=\"582\" data-end=\"626\">BCAA (L-Leucine, L-Isoleucine, L-Valine)<\/strong> : 5 g<\/p>\n<\/li>\n<li class=\"\" data-start=\"635\" data-end=\"822\">\n<p class=\"\" data-start=\"637\" data-end=\"653\"><strong data-start=\"637\" data-end=\"651\">Autres EAA<\/strong> :<\/p>\n<ul data-start=\"658\" data-end=\"822\">\n<li class=\"\" data-start=\"658\" data-end=\"681\">\n<p class=\"\" data-start=\"660\" data-end=\"681\">L-Lysine HCl : 900 mg<\/p>\n<\/li>\n<li class=\"\" data-start=\"686\" data-end=\"708\">\n<p class=\"\" data-start=\"688\" data-end=\"708\">L-Thr\u00e9onine : 850 mg<\/p>\n<\/li>\n<li class=\"\" data-start=\"713\" data-end=\"739\">\n<p class=\"\" data-start=\"715\" data-end=\"739\">L-Ph\u00e9nylalanine : 450 mg<\/p>\n<\/li>\n<li class=\"\" data-start=\"744\" data-end=\"767\">\n<p class=\"\" data-start=\"746\" data-end=\"767\">L-M\u00e9thionine : 150 mg<\/p>\n<\/li>\n<li class=\"\" data-start=\"772\" data-end=\"794\">\n<p class=\"\" data-start=\"774\" data-end=\"794\">L-Histidine : 100 mg<\/p>\n<\/li>\n<li class=\"\" data-start=\"799\" data-end=\"822\">\n<p class=\"\" data-start=\"801\" data-end=\"822\">L-Tryptophane : 50 mg<\/p>\n<\/li>\n<\/ul>\n<\/li>\n<\/ul>\n<\/li>\n<li class=\"\" data-start=\"823\" data-end=\"926\">\n<p class=\"\" data-start=\"825\" data-end=\"860\"><strong data-start=\"825\" data-end=\"851\">M\u00e9lange d&rsquo;\u00e9lectrolytes<\/strong> : 500 mg<\/p>\n<ul data-start=\"863\" data-end=\"926\">\n<li class=\"\" data-start=\"863\" data-end=\"926\">\n<p class=\"\" data-start=\"865\" data-end=\"926\">Chlorure de sodium, chlorure de potassium, oxyde de magn\u00e9sium<\/p>\n<\/li>\n<\/ul>\n<\/li>\n<li class=\"\" data-start=\"927\" data-end=\"951\">\n<p class=\"\" data-start=\"929\" data-end=\"951\"><strong data-start=\"929\" data-end=\"941\">Calories<\/strong> : 10 kcal<\/p>\n<\/li>\n<li class=\"\" data-start=\"952\" data-end=\"972\">\n<p class=\"\" data-start=\"954\" data-end=\"972\"><strong data-start=\"954\" data-end=\"966\">Glucides<\/strong> : 1 g<\/p>\n<\/li>\n<li class=\"\" data-start=\"973\" data-end=\"994\">\n<p class=\"\" data-start=\"975\" data-end=\"994\"><strong data-start=\"975\" data-end=\"988\">Prot\u00e9ines<\/strong> : 0 g<\/p>\n<\/li>\n<li class=\"\" data-start=\"995\" data-end=\"1013\">\n<p class=\"\" data-start=\"997\" data-end=\"1013\"><strong data-start=\"997\" data-end=\"1007\">Sucres<\/strong> : 0 g<\/p>\n<\/li>\n<li class=\"\" data-start=\"1014\" data-end=\"1135\">\n<p class=\"\" data-start=\"1016\" data-end=\"1135\"><strong data-start=\"1016\" data-end=\"1053\">Sans stimulants ni sucres ajout\u00e9s<\/strong> \u200b<\/p>\n<\/li>\n<\/ul>\n<hr class=\"\" data-start=\"1137\" data-end=\"1140\" \/>\n<h3 class=\"\" data-start=\"1142\" data-end=\"1169\">\u00a0Bienfaits principaux<\/h3>\n<ul data-start=\"1171\" data-end=\"1786\">\n<li class=\"\" data-start=\"1171\" data-end=\"1331\">\n<p class=\"\" data-start=\"1173\" data-end=\"1331\"><strong data-start=\"1173\" data-end=\"1200\">R\u00e9cup\u00e9ration musculaire<\/strong> : Les EAA, en particulier les BCAA, favorisent la synth\u00e8se des prot\u00e9ines musculaires et la r\u00e9paration des tissus apr\u00e8s l&rsquo;exercice.<\/p>\n<\/li>\n<li class=\"\" data-start=\"1332\" data-end=\"1457\">\n<p class=\"\" data-start=\"1334\" data-end=\"1457\"><strong data-start=\"1334\" data-end=\"1358\">Hydratation optimale<\/strong> : Le m\u00e9lange d&rsquo;\u00e9lectrolytes aide \u00e0 maintenir l&rsquo;\u00e9quilibre hydrique et \u00e0 pr\u00e9venir la d\u00e9shydratation.<\/p>\n<\/li>\n<li class=\"\" data-start=\"1458\" data-end=\"1590\">\n<p class=\"\" data-start=\"1460\" data-end=\"1590\"><strong data-start=\"1460\" data-end=\"1485\">Croissance musculaire<\/strong> : Les acides amin\u00e9s essentiels soutiennent la construction et le maintien de la masse musculaire maigre.<\/p>\n<\/li>\n<li class=\"\" data-start=\"1591\" data-end=\"1786\">\n<p class=\"\" data-start=\"1593\" data-end=\"1786\"><strong data-start=\"1593\" data-end=\"1631\">Adapt\u00e9 \u00e0 tout moment de la journ\u00e9e<\/strong> : Sans stimulants, il peut \u00eatre consomm\u00e9 \u00e0 tout moment, y compris avant le coucher, sans perturber le sommeil.\u200b<\/p>\n<\/li>\n<\/ul>\n","protected":false},"excerpt":{"rendered":"<p><strong data-start=\"40\" data-end=\"61\">Essential Amino 9<\/strong> de <strong data-start=\"65\" data-end=\"77\">Rule One<\/strong> est un suppl\u00e9ment de qualit\u00e9 sup\u00e9rieure con\u00e7u pour soutenir la r\u00e9cup\u00e9ration musculaire, l&rsquo;hydratation et la croissance musculaire. Il combine les neuf acides amin\u00e9s essentiels (EAA), les BCAA et des \u00e9lectrolytes, sans stimulants ni sucres ajout\u00e9s, ce qui le rend adapt\u00e9 \u00e0 une consommation \u00e0 tout moment de la journ\u00e9e, y compris avant le coucher.\u200b<\/p>\n","protected":false},"featured_media":6172,"template":"","meta":{"site-sidebar-layout":"default","site-content-layout":"","ast-site-content-layout":"default","site-content-style":"default","site-sidebar-style":"default","ast-global-header-display":"","ast-banner-title-visibility":"","ast-main-header-display":"","ast-hfb-above-header-display":"","ast-hfb-below-header-display":"","ast-hfb-mobile-header-display":"","site-post-title":"","ast-breadcrumbs-content":"","ast-featured-img":"","footer-sml-layout":"","theme-transparent-header-meta":"default","adv-header-id-meta":"","stick-header-meta":"","header-above-stick-meta":"","header-main-stick-meta":"","header-below-stick-meta":"","astra-migrate-meta-layouts":"set","ast-page-background-enabled":"default","ast-page-background-meta":{"desktop":{"background-color":"","background-image":"","background-repeat":"repeat","background-position":"center center","background-size":"auto","background-attachment":"scroll","background-type":"","background-media":"","overlay-type":"","overlay-color":"","overlay-opacity":"","overlay-gradient":""},"tablet":{"background-color":"","background-image":"","background-repeat":"repeat","background-position":"center center","background-size":"auto","background-attachment":"scroll","background-type":"","background-media":"","overlay-type":"","overlay-color":"","overlay-opacity":"","overlay-gradient":""},"mobile":{"background-color":"","background-image":"","background-repeat":"repeat","background-position":"center center","background-size":"auto","background-attachment":"scroll","background-type":"","background-media":"","overlay-type":"","overlay-color":"","overlay-opacity":"","overlay-gradient":""}},"ast-content-background-meta":{"desktop":{"background-color":"var(--ast-global-color-5)","background-image":"","background-repeat":"repeat","background-position":"center center","background-size":"auto","background-attachment":"scroll","background-type":"","background-media":"","overlay-type":"","overlay-color":"","overlay-opacity":"","overlay-gradient":""},"tablet":{"background-color":"var(--ast-global-color-5)","background-image":"","background-repeat":"repeat","background-position":"center center","background-size":"auto","background-attachment":"scroll","background-type":"","background-media":"","overlay-type":"","overlay-color":"","overlay-opacity":"","overlay-gradient":""},"mobile":{"background-color":"var(--ast-global-color-5)","background-image":"","background-repeat":"repeat","background-position":"center center","background-size":"auto","background-attachment":"scroll","background-type":"","background-media":"","overlay-type":"","overlay-color":"","overlay-opacity":"","overlay-gradient":""}}},"product_brand":[68],"product_cat":[75],"product_tag":[],"class_list":{"0":"post-5595","1":"product","2":"type-product","3":"status-publish","4":"has-post-thumbnail","6":"product_brand-rule-1","7":"product_cat-acides-amines-tunisie","8":"desktop-align-center","9":"tablet-align-center","10":"mobile-align-center","12":"first","13":"instock","14":"shipping-taxable","15":"purchasable","16":"product-type-simple"},"_links":{"self":[{"href":"https:\/\/dietpartner.shop\/index.php?rest_route=\/wp\/v2\/product\/5595","targetHints":{"allow":["GET"]}}],"collection":[{"href":"https:\/\/dietpartner.shop\/index.php?rest_route=\/wp\/v2\/product"}],"about":[{"href":"https:\/\/dietpartner.shop\/index.php?rest_route=\/wp\/v2\/types\/product"}],"wp:featuredmedia":[{"embeddable":true,"href":"https:\/\/dietpartner.shop\/index.php?rest_route=\/wp\/v2\/media\/6172"}],"wp:attachment":[{"href":"https:\/\/dietpartner.shop\/index.php?rest_route=%2Fwp%2Fv2%2Fmedia&parent=5595"}],"wp:term":[{"taxonomy":"product_brand","embeddable":true,"href":"https:\/\/dietpartner.shop\/index.php?rest_route=%2Fwp%2Fv2%2Fproduct_brand&post=5595"},{"taxonomy":"product_cat","embeddable":true,"href":"https:\/\/dietpartner.shop\/index.php?rest_route=%2Fwp%2Fv2%2Fproduct_cat&post=5595"},{"taxonomy":"product_tag","embeddable":true,"href":"https:\/\/dietpartner.shop\/index.php?rest_route=%2Fwp%2Fv2%2Fproduct_tag&post=5595"}],"curies":[{"name":"wp","href":"https:\/\/api.w.org\/{rel}","templated":true}]}}