{"id":5597,"date":"2025-04-15T16:43:28","date_gmt":"2025-04-15T15:43:28","guid":{"rendered":"https:\/\/dietpartner.shop\/?post_type=product&#038;p=5597"},"modified":"2025-09-03T08:30:57","modified_gmt":"2025-09-03T07:30:57","slug":"source-7-protein","status":"publish","type":"product","link":"https:\/\/dietpartner.shop\/?product=source-7-protein","title":{"rendered":"SOURCE 7 PROTEIN"},"content":{"rendered":"<h3 class=\"\" data-start=\"337\" data-end=\"374\">Composition par portion<\/h3>\n<p class=\"\" data-start=\"376\" data-end=\"464\">Chaque portion de Source 7 Protein fournit :\u200b<\/p>\n<ul data-start=\"466\" data-end=\"1688\">\n<li class=\"\" data-start=\"466\" data-end=\"1122\">\n<p class=\"\" data-start=\"468\" data-end=\"561\"><strong data-start=\"468\" data-end=\"489\">22 g de prot\u00e9ines<\/strong> provenant de sept sources :\u200b<\/p>\n<ul data-start=\"565\" data-end=\"1122\">\n<li class=\"\" data-start=\"565\" data-end=\"650\">\n<p class=\"\" data-start=\"567\" data-end=\"650\">Isolat de prot\u00e9ine de lactos\u00e9rum (whey)\u200b<\/p>\n<\/li>\n<li class=\"\" data-start=\"654\" data-end=\"735\">\n<p class=\"\" data-start=\"656\" data-end=\"735\">Concentr\u00e9 de prot\u00e9ine de lactos\u00e9rum\u200b<\/p>\n<\/li>\n<li class=\"\" data-start=\"739\" data-end=\"821\">\n<p class=\"\" data-start=\"741\" data-end=\"821\">Hydrolysat de prot\u00e9ine de lactos\u00e9rum\u200b<\/p>\n<\/li>\n<li class=\"\" data-start=\"825\" data-end=\"910\">\n<p class=\"\" data-start=\"827\" data-end=\"910\">Isolat de prot\u00e9ine native de lactos\u00e9rum\u200b<\/p>\n<\/li>\n<li class=\"\" data-start=\"914\" data-end=\"978\">\n<p class=\"\" data-start=\"916\" data-end=\"978\">Cas\u00e9ine micellaire\u200b<\/p>\n<\/li>\n<li class=\"\" data-start=\"982\" data-end=\"1054\">\n<p class=\"\" data-start=\"984\" data-end=\"1054\">Isolat de prot\u00e9ine de lait\u200b<\/p>\n<\/li>\n<li class=\"\" data-start=\"1058\" data-end=\"1122\">\n<p class=\"\" data-start=\"1060\" data-end=\"1122\">Prot\u00e9ine de pois\u200b<\/p>\n<\/li>\n<\/ul>\n<\/li>\n<li class=\"\" data-start=\"1124\" data-end=\"1221\">\n<p class=\"\" data-start=\"1126\" data-end=\"1221\"><strong data-start=\"1126\" data-end=\"1175\">Plus de 10 g d\u2019acides amin\u00e9s essentiels (EAA)<\/strong>\u200b<\/p>\n<\/li>\n<li class=\"\" data-start=\"1223\" data-end=\"1340\">\n<p class=\"\" data-start=\"1225\" data-end=\"1340\"><strong data-start=\"1225\" data-end=\"1294\">Plus de 7 g d\u2019acides amin\u00e9s conditionnellement essentiels (CEAAs)<\/strong>\u200b<\/p>\n<\/li>\n<li class=\"\" data-start=\"1342\" data-end=\"1444\">\n<p class=\"\" data-start=\"1344\" data-end=\"1444\"><strong data-start=\"1344\" data-end=\"1398\">Plus de 4 g d\u2019acides amin\u00e9s non essentiels (NEAAs)<\/strong>\u200b<\/p>\n<\/li>\n<li class=\"\" data-start=\"1446\" data-end=\"1541\">\n<p class=\"\" data-start=\"1448\" data-end=\"1541\"><strong data-start=\"1448\" data-end=\"1467\">9 g de glucides<\/strong>, dont environ 4 g de sucres\u200b<\/p>\n<\/li>\n<li class=\"\" data-start=\"1543\" data-end=\"1610\">\n<p class=\"\" data-start=\"1545\" data-end=\"1610\"><strong data-start=\"1545\" data-end=\"1564\">4 g de graisses<\/strong>\u200b<\/p>\n<\/li>\n<li class=\"\" data-start=\"1612\" data-end=\"1688\">\n<p class=\"\" data-start=\"1614\" data-end=\"1688\"><strong data-start=\"1614\" data-end=\"1630\">160 calories<\/strong> par portion\u200b<\/p>\n<p class=\"\" data-start=\"1132\" data-end=\"1337\">Cette combinaison assure une lib\u00e9ration prolong\u00e9e d&rsquo;acides amin\u00e9s, id\u00e9ale pour soutenir la croissance musculaire et la r\u00e9cup\u00e9ration tout au long de la journ\u00e9e.\u200b<\/p>\n<p>\u200b<\/li>\n<\/ul>\n","protected":false},"excerpt":{"rendered":"<p class=\"\" data-start=\"40\" data-end=\"330\"><strong data-start=\"40\" data-end=\"60\">Source 7 Protein<\/strong> de <strong data-start=\"64\" data-end=\"85\">Rule One Proteins<\/strong> est une prot\u00e9ine multi-sources haut de gamme, con\u00e7ue pour offrir une lib\u00e9ration prolong\u00e9e d\u2019acides amin\u00e9s, favorisant ainsi la croissance musculaire, la r\u00e9cup\u00e9ration et le maintien de la masse maigre.<\/p>\n","protected":false},"featured_media":6135,"template":"","meta":{"site-sidebar-layout":"default","site-content-layout":"","ast-site-content-layout":"default","site-content-style":"default","site-sidebar-style":"default","ast-global-header-display":"","ast-banner-title-visibility":"","ast-main-header-display":"","ast-hfb-above-header-display":"","ast-hfb-below-header-display":"","ast-hfb-mobile-header-display":"","site-post-title":"","ast-breadcrumbs-content":"","ast-featured-img":"","footer-sml-layout":"","theme-transparent-header-meta":"default","adv-header-id-meta":"","stick-header-meta":"","header-above-stick-meta":"","header-main-stick-meta":"","header-below-stick-meta":"","astra-migrate-meta-layouts":"set","ast-page-background-enabled":"default","ast-page-background-meta":{"desktop":{"background-color":"","background-image":"","background-repeat":"repeat","background-position":"center center","background-size":"auto","background-attachment":"scroll","background-type":"","background-media":"","overlay-type":"","overlay-color":"","overlay-opacity":"","overlay-gradient":""},"tablet":{"background-color":"","background-image":"","background-repeat":"repeat","background-position":"center center","background-size":"auto","background-attachment":"scroll","background-type":"","background-media":"","overlay-type":"","overlay-color":"","overlay-opacity":"","overlay-gradient":""},"mobile":{"background-color":"","background-image":"","background-repeat":"repeat","background-position":"center center","background-size":"auto","background-attachment":"scroll","background-type":"","background-media":"","overlay-type":"","overlay-color":"","overlay-opacity":"","overlay-gradient":""}},"ast-content-background-meta":{"desktop":{"background-color":"var(--ast-global-color-5)","background-image":"","background-repeat":"repeat","background-position":"center center","background-size":"auto","background-attachment":"scroll","background-type":"","background-media":"","overlay-type":"","overlay-color":"","overlay-opacity":"","overlay-gradient":""},"tablet":{"background-color":"var(--ast-global-color-5)","background-image":"","background-repeat":"repeat","background-position":"center center","background-size":"auto","background-attachment":"scroll","background-type":"","background-media":"","overlay-type":"","overlay-color":"","overlay-opacity":"","overlay-gradient":""},"mobile":{"background-color":"var(--ast-global-color-5)","background-image":"","background-repeat":"repeat","background-position":"center center","background-size":"auto","background-attachment":"scroll","background-type":"","background-media":"","overlay-type":"","overlay-color":"","overlay-opacity":"","overlay-gradient":""}}},"product_brand":[68],"product_cat":[59],"product_tag":[],"class_list":{"0":"post-5597","1":"product","2":"type-product","3":"status-publish","4":"has-post-thumbnail","6":"product_brand-rule-1","7":"product_cat-whey-proteine","8":"desktop-align-center","9":"tablet-align-center","10":"mobile-align-center","12":"first","13":"outofstock","14":"sale","15":"shipping-taxable","16":"purchasable","17":"product-type-simple"},"_links":{"self":[{"href":"https:\/\/dietpartner.shop\/index.php?rest_route=\/wp\/v2\/product\/5597","targetHints":{"allow":["GET"]}}],"collection":[{"href":"https:\/\/dietpartner.shop\/index.php?rest_route=\/wp\/v2\/product"}],"about":[{"href":"https:\/\/dietpartner.shop\/index.php?rest_route=\/wp\/v2\/types\/product"}],"wp:featuredmedia":[{"embeddable":true,"href":"https:\/\/dietpartner.shop\/index.php?rest_route=\/wp\/v2\/media\/6135"}],"wp:attachment":[{"href":"https:\/\/dietpartner.shop\/index.php?rest_route=%2Fwp%2Fv2%2Fmedia&parent=5597"}],"wp:term":[{"taxonomy":"product_brand","embeddable":true,"href":"https:\/\/dietpartner.shop\/index.php?rest_route=%2Fwp%2Fv2%2Fproduct_brand&post=5597"},{"taxonomy":"product_cat","embeddable":true,"href":"https:\/\/dietpartner.shop\/index.php?rest_route=%2Fwp%2Fv2%2Fproduct_cat&post=5597"},{"taxonomy":"product_tag","embeddable":true,"href":"https:\/\/dietpartner.shop\/index.php?rest_route=%2Fwp%2Fv2%2Fproduct_tag&post=5597"}],"curies":[{"name":"wp","href":"https:\/\/api.w.org\/{rel}","templated":true}]}}