{"id":5601,"date":"2025-04-15T17:34:42","date_gmt":"2025-04-15T16:34:42","guid":{"rendered":"https:\/\/dietpartner.shop\/?post_type=product&#038;p=5601"},"modified":"2025-10-07T10:28:29","modified_gmt":"2025-10-07T09:28:29","slug":"clean-gainer","status":"publish","type":"product","link":"https:\/\/dietpartner.shop\/?product=clean-gainer","title":{"rendered":"CLEAN GAINER"},"content":{"rendered":"<h3 class=\"\" data-start=\"255\" data-end=\"303\">Profil nutritionnel<\/h3>\n<ul data-start=\"305\" data-end=\"580\">\n<li class=\"\" data-start=\"305\" data-end=\"330\">\n<p class=\"\" data-start=\"307\" data-end=\"330\"><strong data-start=\"307\" data-end=\"319\">Calories<\/strong> : 560 kcal<\/p>\n<\/li>\n<li class=\"\" data-start=\"331\" data-end=\"353\">\n<p class=\"\" data-start=\"333\" data-end=\"353\"><strong data-start=\"333\" data-end=\"346\">Prot\u00e9ines<\/strong> : 30 g<\/p>\n<\/li>\n<li class=\"\" data-start=\"354\" data-end=\"375\">\n<p class=\"\" data-start=\"356\" data-end=\"375\"><strong data-start=\"356\" data-end=\"368\">Glucides<\/strong> : 97 g<\/p>\n<\/li>\n<li class=\"\" data-start=\"376\" data-end=\"468\">\n<p class=\"\" data-start=\"378\" data-end=\"468\"><strong data-start=\"378\" data-end=\"389\">Lipides<\/strong> : Contient un m\u00e9lange d&rsquo;huiles saines (MCT, avocat, graines de lin, tournesol)<\/p>\n<\/li>\n<li class=\"\" data-start=\"469\" data-end=\"580\">\n<p class=\"\" data-start=\"471\" data-end=\"490\"><strong data-start=\"471\" data-end=\"488\">Acides amin\u00e9s<\/strong> :<\/p>\n<ul data-start=\"493\" data-end=\"580\">\n<li class=\"\" data-start=\"493\" data-end=\"517\">\n<p class=\"\" data-start=\"495\" data-end=\"517\"><strong data-start=\"495\" data-end=\"502\">EAA<\/strong> : Plus de 14 g<\/p>\n<\/li>\n<li class=\"\" data-start=\"520\" data-end=\"580\">\n<p class=\"\" data-start=\"522\" data-end=\"580\"><strong data-start=\"522\" data-end=\"530\">BCAA<\/strong> : 6 g\u200b<\/p>\n<\/li>\n<\/ul>\n<\/li>\n<\/ul>\n<p class=\"\" data-start=\"582\" data-end=\"701\"><span class=\"relative -mx-px my-[-0.2rem] rounded px-px py-[0.2rem] transition-colors duration-100 ease-in-out\">Ce gainer offre un ratio de 3:1 entre les glucides et les prot\u00e9ines, id\u00e9al pour soutenir la croissance musculaire sans exc\u00e8s de graisses.<\/span> \u200b<\/p>\n<hr class=\"\" data-start=\"703\" data-end=\"706\" \/>\n<h3 class=\"\" data-start=\"708\" data-end=\"731\">\u00a0Ingr\u00e9dients cl\u00e9s<\/h3>\n<ul data-start=\"733\" data-end=\"996\">\n<li class=\"\" data-start=\"733\" data-end=\"788\">\n<p class=\"\" data-start=\"735\" data-end=\"788\"><strong data-start=\"735\" data-end=\"748\">Prot\u00e9ines<\/strong> : <span class=\"relative -mx-px my-[-0.2rem] rounded px-px py-[0.2rem] transition-colors duration-100 ease-in-out\">M\u00e9lange de concentr\u00e9 de prot\u00e9ine de lactos\u00e9rum, isolat de prot\u00e9ine de lactos\u00e9rum, isolat de prot\u00e9ine de lait, cas\u00e9ine micellaire<\/span><\/p>\n<\/li>\n<li class=\"\" data-start=\"789\" data-end=\"843\">\n<p class=\"\" data-start=\"791\" data-end=\"843\"><strong data-start=\"791\" data-end=\"803\">Glucides<\/strong> : <span class=\"relative -mx-px my-[-0.2rem] rounded px-px py-[0.2rem] transition-colors duration-100 ease-in-out\">Maltodextrine, son de riz biologique, Carb10 (prot\u00e9ine de pois), poudre de myrtille biologique, poudre de racine de gingembre, fibre d&rsquo;avoine<\/span><\/p>\n<\/li>\n<li class=\"\" data-start=\"844\" data-end=\"897\">\n<p class=\"\" data-start=\"846\" data-end=\"897\"><strong data-start=\"846\" data-end=\"857\">Lipides<\/strong> : <span class=\"relative -mx-px my-[-0.2rem] rounded px-px py-[0.2rem] transition-colors duration-100 ease-in-out\">Triglyc\u00e9rides \u00e0 cha\u00eene moyenne (MCT), poudre de graines de lin, poudre d&rsquo;avocat, poudre d&rsquo;huile de tournesol<\/span><\/p>\n<\/li>\n<li class=\"\" data-start=\"898\" data-end=\"996\">\n<p class=\"\" data-start=\"900\" data-end=\"996\"><strong data-start=\"900\" data-end=\"910\">Autres<\/strong> : <span class=\"relative -mx-px my-[-0.2rem] rounded px-px py-[0.2rem] transition-colors duration-100 ease-in-out\">Ar\u00f4mes naturels et artificiels, l\u00e9cithine, sel marin, sucralose, extrait de feuille de st\u00e9via<\/span>\u200b<\/p>\n<\/li>\n<\/ul>\n<p class=\"\" data-start=\"998\" data-end=\"1123\"><span class=\"relative -mx-px my-[-0.2rem] rounded px-px py-[0.2rem] transition-colors duration-100 ease-in-out\">Tous les ingr\u00e9dients sont soigneusement s\u00e9lectionn\u00e9s pour garantir une prise de masse musculaire de qualit\u00e9.<\/span> \u200b<\/p>\n","protected":false},"excerpt":{"rendered":"<p class=\"\" data-start=\"40\" data-end=\"248\"><strong data-start=\"76\" data-end=\"106\">Clean Gainer Rule One (R1)<\/strong> en format 4,47 kg, un gainer de qualit\u00e9 con\u00e7u pour favoriser la prise de masse musculaire maigre.\u200b<\/p>\n","protected":false},"featured_media":6161,"template":"","meta":{"site-sidebar-layout":"default","site-content-layout":"","ast-site-content-layout":"default","site-content-style":"default","site-sidebar-style":"default","ast-global-header-display":"","ast-banner-title-visibility":"","ast-main-header-display":"","ast-hfb-above-header-display":"","ast-hfb-below-header-display":"","ast-hfb-mobile-header-display":"","site-post-title":"","ast-breadcrumbs-content":"","ast-featured-img":"","footer-sml-layout":"","theme-transparent-header-meta":"default","adv-header-id-meta":"","stick-header-meta":"","header-above-stick-meta":"","header-main-stick-meta":"","header-below-stick-meta":"","astra-migrate-meta-layouts":"set","ast-page-background-enabled":"default","ast-page-background-meta":{"desktop":{"background-color":"","background-image":"","background-repeat":"repeat","background-position":"center center","background-size":"auto","background-attachment":"scroll","background-type":"","background-media":"","overlay-type":"","overlay-color":"","overlay-opacity":"","overlay-gradient":""},"tablet":{"background-color":"","background-image":"","background-repeat":"repeat","background-position":"center center","background-size":"auto","background-attachment":"scroll","background-type":"","background-media":"","overlay-type":"","overlay-color":"","overlay-opacity":"","overlay-gradient":""},"mobile":{"background-color":"","background-image":"","background-repeat":"repeat","background-position":"center center","background-size":"auto","background-attachment":"scroll","background-type":"","background-media":"","overlay-type":"","overlay-color":"","overlay-opacity":"","overlay-gradient":""}},"ast-content-background-meta":{"desktop":{"background-color":"var(--ast-global-color-5)","background-image":"","background-repeat":"repeat","background-position":"center center","background-size":"auto","background-attachment":"scroll","background-type":"","background-media":"","overlay-type":"","overlay-color":"","overlay-opacity":"","overlay-gradient":""},"tablet":{"background-color":"var(--ast-global-color-5)","background-image":"","background-repeat":"repeat","background-position":"center center","background-size":"auto","background-attachment":"scroll","background-type":"","background-media":"","overlay-type":"","overlay-color":"","overlay-opacity":"","overlay-gradient":""},"mobile":{"background-color":"var(--ast-global-color-5)","background-image":"","background-repeat":"repeat","background-position":"center center","background-size":"auto","background-attachment":"scroll","background-type":"","background-media":"","overlay-type":"","overlay-color":"","overlay-opacity":"","overlay-gradient":""}}},"product_brand":[68],"product_cat":[77],"product_tag":[],"class_list":{"0":"post-5601","1":"product","2":"type-product","3":"status-publish","4":"has-post-thumbnail","6":"product_brand-rule-1","7":"product_cat-mass-gainer","8":"desktop-align-center","9":"tablet-align-center","10":"mobile-align-center","12":"first","13":"outofstock","14":"sale","15":"shipping-taxable","16":"purchasable","17":"product-type-simple"},"_links":{"self":[{"href":"https:\/\/dietpartner.shop\/index.php?rest_route=\/wp\/v2\/product\/5601","targetHints":{"allow":["GET"]}}],"collection":[{"href":"https:\/\/dietpartner.shop\/index.php?rest_route=\/wp\/v2\/product"}],"about":[{"href":"https:\/\/dietpartner.shop\/index.php?rest_route=\/wp\/v2\/types\/product"}],"wp:featuredmedia":[{"embeddable":true,"href":"https:\/\/dietpartner.shop\/index.php?rest_route=\/wp\/v2\/media\/6161"}],"wp:attachment":[{"href":"https:\/\/dietpartner.shop\/index.php?rest_route=%2Fwp%2Fv2%2Fmedia&parent=5601"}],"wp:term":[{"taxonomy":"product_brand","embeddable":true,"href":"https:\/\/dietpartner.shop\/index.php?rest_route=%2Fwp%2Fv2%2Fproduct_brand&post=5601"},{"taxonomy":"product_cat","embeddable":true,"href":"https:\/\/dietpartner.shop\/index.php?rest_route=%2Fwp%2Fv2%2Fproduct_cat&post=5601"},{"taxonomy":"product_tag","embeddable":true,"href":"https:\/\/dietpartner.shop\/index.php?rest_route=%2Fwp%2Fv2%2Fproduct_tag&post=5601"}],"curies":[{"name":"wp","href":"https:\/\/api.w.org\/{rel}","templated":true}]}}