{"id":5604,"date":"2025-04-15T18:02:42","date_gmt":"2025-04-15T17:02:42","guid":{"rendered":"https:\/\/dietpartner.shop\/?post_type=product&#038;p=5604"},"modified":"2025-06-14T18:41:15","modified_gmt":"2025-06-14T17:41:15","slug":"quick-mass","status":"publish","type":"product","link":"https:\/\/dietpartner.shop\/?product=quick-mass","title":{"rendered":"QUICK MASS"},"content":{"rendered":"<h3 class=\"\" data-start=\"208\" data-end=\"257\">Profil nutritionnel<\/h3>\n<ul data-start=\"259\" data-end=\"557\">\n<li class=\"\" data-start=\"259\" data-end=\"285\">\n<p class=\"\" data-start=\"261\" data-end=\"285\"><strong data-start=\"261\" data-end=\"273\">Calories<\/strong> : 1010 kcal<\/p>\n<\/li>\n<li class=\"\" data-start=\"286\" data-end=\"308\">\n<p class=\"\" data-start=\"288\" data-end=\"308\"><strong data-start=\"288\" data-end=\"301\">Prot\u00e9ines<\/strong> : 57 g<\/p>\n<\/li>\n<li class=\"\" data-start=\"309\" data-end=\"374\">\n<p class=\"\" data-start=\"311\" data-end=\"331\"><strong data-start=\"311\" data-end=\"323\">Glucides<\/strong> : 167 g<\/p>\n<ul data-start=\"334\" data-end=\"374\">\n<li class=\"\" data-start=\"334\" data-end=\"353\">\n<p class=\"\" data-start=\"336\" data-end=\"353\"><strong data-start=\"336\" data-end=\"346\">Sucres<\/strong> : 28 g<\/p>\n<\/li>\n<li class=\"\" data-start=\"356\" data-end=\"374\">\n<p class=\"\" data-start=\"358\" data-end=\"374\"><strong data-start=\"358\" data-end=\"368\">Fibres<\/strong> : 5 g<\/p>\n<\/li>\n<\/ul>\n<\/li>\n<li class=\"\" data-start=\"375\" data-end=\"439\">\n<p class=\"\" data-start=\"377\" data-end=\"395\"><strong data-start=\"377\" data-end=\"388\">Lipides<\/strong> : 14 g<\/p>\n<ul data-start=\"398\" data-end=\"439\">\n<li class=\"\" data-start=\"398\" data-end=\"417\">\n<p class=\"\" data-start=\"400\" data-end=\"417\"><strong data-start=\"400\" data-end=\"411\">Satur\u00e9s<\/strong> : 6 g<\/p>\n<\/li>\n<li class=\"\" data-start=\"420\" data-end=\"439\">\n<p class=\"\" data-start=\"422\" data-end=\"439\"><strong data-start=\"422\" data-end=\"431\">Trans<\/strong> : 0,5 g<\/p>\n<\/li>\n<\/ul>\n<\/li>\n<li class=\"\" data-start=\"440\" data-end=\"466\">\n<p class=\"\" data-start=\"442\" data-end=\"466\"><strong data-start=\"442\" data-end=\"457\">Cholest\u00e9rol<\/strong> : 100 mg<\/p>\n<\/li>\n<li class=\"\" data-start=\"467\" data-end=\"488\">\n<p class=\"\" data-start=\"469\" data-end=\"488\"><strong data-start=\"469\" data-end=\"479\">Sodium<\/strong> : 470 mg<\/p>\n<\/li>\n<li class=\"\" data-start=\"489\" data-end=\"557\">\n<p class=\"\" data-start=\"491\" data-end=\"557\"><strong data-start=\"491\" data-end=\"504\">Potassium<\/strong> : 380 mg\u200b<\/p>\n<\/li>\n<\/ul>\n<p class=\"\" data-start=\"559\" data-end=\"705\">Ces valeurs sont bas\u00e9es sur une portion de 255 g, soit 4 scoops. \u200b<\/p>\n<hr class=\"\" data-start=\"707\" data-end=\"710\" \/>\n<h3 class=\"\" data-start=\"712\" data-end=\"735\">\u00a0Ingr\u00e9dients cl\u00e9s<\/h3>\n<ul data-start=\"737\" data-end=\"998\">\n<li class=\"\" data-start=\"737\" data-end=\"792\">\n<p class=\"\" data-start=\"739\" data-end=\"792\"><strong data-start=\"739\" data-end=\"752\">Prot\u00e9ines<\/strong> : <span class=\"relative -mx-px my-[-0.2rem] rounded px-px py-[0.2rem] transition-colors duration-100 ease-in-out\">M\u00e9lange de concentr\u00e9 de prot\u00e9ine de lactos\u00e9rum, isolat de prot\u00e9ine de lactos\u00e9rum, isolat de prot\u00e9ine de lait, cas\u00e9ine micellaire.<\/span><\/p>\n<\/li>\n<li class=\"\" data-start=\"793\" data-end=\"847\">\n<p class=\"\" data-start=\"795\" data-end=\"847\"><strong data-start=\"795\" data-end=\"807\">Glucides<\/strong> : <span class=\"relative -mx-px my-[-0.2rem] rounded px-px py-[0.2rem] transition-colors duration-100 ease-in-out\">Maltodextrine, son de riz biologique, Carb10 (prot\u00e9ine de pois), poudre de myrtille biologique, poudre de racine de gingembre, fibre d&rsquo;avoine.<\/span><\/p>\n<\/li>\n<li class=\"\" data-start=\"848\" data-end=\"901\">\n<p class=\"\" data-start=\"850\" data-end=\"901\"><strong data-start=\"850\" data-end=\"861\">Lipides<\/strong> : <span class=\"relative -mx-px my-[-0.2rem] rounded px-px py-[0.2rem] transition-colors duration-100 ease-in-out\">Triglyc\u00e9rides \u00e0 cha\u00eene moyenne (MCT), poudre de graines de lin, poudre d&rsquo;avocat, poudre d&rsquo;huile de tournesol.<\/span><\/p>\n<\/li>\n<li class=\"\" data-start=\"902\" data-end=\"998\">\n<p class=\"\" data-start=\"904\" data-end=\"998\"><strong data-start=\"904\" data-end=\"914\">Autres<\/strong> : <span class=\"relative -mx-px my-[-0.2rem] rounded px-px py-[0.2rem] transition-colors duration-100 ease-in-out\">Ar\u00f4mes naturels et artificiels, l\u00e9cithine, sel marin, sucralose, extrait de feuille de st\u00e9via.<\/span>\u200b<\/p>\n<\/li>\n<\/ul>\n<p class=\"\" data-start=\"1000\" data-end=\"1123\"><span class=\"relative -mx-px my-[-0.2rem] rounded px-px py-[0.2rem] transition-colors duration-100 ease-in-out\">Tous les ingr\u00e9dients sont soigneusement s\u00e9lectionn\u00e9s pour garantir une prise de masse musculaire de qualit\u00e9.<\/span><\/p>\n","protected":false},"excerpt":{"rendered":"<p><strong data-start=\"76\" data-end=\"104\">QuickMass AllMax 4,54 kg<\/strong>, un gainer de haute qualit\u00e9 con\u00e7u pour favoriser une prise de masse musculaire propre et rapide.<\/p>\n","protected":false},"featured_media":6156,"template":"","meta":{"site-sidebar-layout":"default","site-content-layout":"","ast-site-content-layout":"default","site-content-style":"default","site-sidebar-style":"default","ast-global-header-display":"","ast-banner-title-visibility":"","ast-main-header-display":"","ast-hfb-above-header-display":"","ast-hfb-below-header-display":"","ast-hfb-mobile-header-display":"","site-post-title":"","ast-breadcrumbs-content":"","ast-featured-img":"","footer-sml-layout":"","theme-transparent-header-meta":"default","adv-header-id-meta":"","stick-header-meta":"","header-above-stick-meta":"","header-main-stick-meta":"","header-below-stick-meta":"","astra-migrate-meta-layouts":"set","ast-page-background-enabled":"default","ast-page-background-meta":{"desktop":{"background-color":"","background-image":"","background-repeat":"repeat","background-position":"center center","background-size":"auto","background-attachment":"scroll","background-type":"","background-media":"","overlay-type":"","overlay-color":"","overlay-opacity":"","overlay-gradient":""},"tablet":{"background-color":"","background-image":"","background-repeat":"repeat","background-position":"center center","background-size":"auto","background-attachment":"scroll","background-type":"","background-media":"","overlay-type":"","overlay-color":"","overlay-opacity":"","overlay-gradient":""},"mobile":{"background-color":"","background-image":"","background-repeat":"repeat","background-position":"center center","background-size":"auto","background-attachment":"scroll","background-type":"","background-media":"","overlay-type":"","overlay-color":"","overlay-opacity":"","overlay-gradient":""}},"ast-content-background-meta":{"desktop":{"background-color":"var(--ast-global-color-5)","background-image":"","background-repeat":"repeat","background-position":"center center","background-size":"auto","background-attachment":"scroll","background-type":"","background-media":"","overlay-type":"","overlay-color":"","overlay-opacity":"","overlay-gradient":""},"tablet":{"background-color":"var(--ast-global-color-5)","background-image":"","background-repeat":"repeat","background-position":"center center","background-size":"auto","background-attachment":"scroll","background-type":"","background-media":"","overlay-type":"","overlay-color":"","overlay-opacity":"","overlay-gradient":""},"mobile":{"background-color":"var(--ast-global-color-5)","background-image":"","background-repeat":"repeat","background-position":"center center","background-size":"auto","background-attachment":"scroll","background-type":"","background-media":"","overlay-type":"","overlay-color":"","overlay-opacity":"","overlay-gradient":""}}},"product_brand":[72],"product_cat":[77],"product_tag":[],"class_list":{"0":"post-5604","1":"product","2":"type-product","3":"status-publish","4":"has-post-thumbnail","6":"product_brand-allmax","7":"product_cat-mass-gainer","8":"desktop-align-center","9":"tablet-align-center","10":"mobile-align-center","12":"first","13":"instock","14":"shipping-taxable","15":"purchasable","16":"product-type-simple"},"_links":{"self":[{"href":"https:\/\/dietpartner.shop\/index.php?rest_route=\/wp\/v2\/product\/5604","targetHints":{"allow":["GET"]}}],"collection":[{"href":"https:\/\/dietpartner.shop\/index.php?rest_route=\/wp\/v2\/product"}],"about":[{"href":"https:\/\/dietpartner.shop\/index.php?rest_route=\/wp\/v2\/types\/product"}],"wp:featuredmedia":[{"embeddable":true,"href":"https:\/\/dietpartner.shop\/index.php?rest_route=\/wp\/v2\/media\/6156"}],"wp:attachment":[{"href":"https:\/\/dietpartner.shop\/index.php?rest_route=%2Fwp%2Fv2%2Fmedia&parent=5604"}],"wp:term":[{"taxonomy":"product_brand","embeddable":true,"href":"https:\/\/dietpartner.shop\/index.php?rest_route=%2Fwp%2Fv2%2Fproduct_brand&post=5604"},{"taxonomy":"product_cat","embeddable":true,"href":"https:\/\/dietpartner.shop\/index.php?rest_route=%2Fwp%2Fv2%2Fproduct_cat&post=5604"},{"taxonomy":"product_tag","embeddable":true,"href":"https:\/\/dietpartner.shop\/index.php?rest_route=%2Fwp%2Fv2%2Fproduct_tag&post=5604"}],"curies":[{"name":"wp","href":"https:\/\/api.w.org\/{rel}","templated":true}]}}