{"id":5606,"date":"2025-04-15T18:56:41","date_gmt":"2025-04-15T17:56:41","guid":{"rendered":"https:\/\/dietpartner.shop\/?post_type=product&#038;p=5606"},"modified":"2025-10-18T10:55:16","modified_gmt":"2025-10-18T09:55:16","slug":"beef-xp","status":"publish","type":"product","link":"https:\/\/dietpartner.shop\/?product=beef-xp","title":{"rendered":"BEEF-XP"},"content":{"rendered":"<h3 class=\"\" data-start=\"128\" data-end=\"176\">Profil nutritionnel (par portion de 30 g)<\/h3>\n<ul data-start=\"178\" data-end=\"659\">\n<li class=\"\" data-start=\"178\" data-end=\"232\">\n<p class=\"\" data-start=\"180\" data-end=\"232\"><strong data-start=\"180\" data-end=\"192\">Calories<\/strong> : <span class=\"relative -mx-px my-[-0.2rem] rounded px-px py-[0.2rem] transition-colors duration-100 ease-in-out\">114 kcal<\/span><\/p>\n<\/li>\n<li class=\"\" data-start=\"233\" data-end=\"288\">\n<p class=\"\" data-start=\"235\" data-end=\"288\"><strong data-start=\"235\" data-end=\"248\">Prot\u00e9ines<\/strong> : 28<span class=\"relative -mx-px my-[-0.2rem] rounded px-px py-[0.2rem] transition-colors duration-100 ease-in-out\">\u00a0g<\/span><\/p>\n<\/li>\n<li class=\"\" data-start=\"289\" data-end=\"398\">\n<p class=\"\" data-start=\"291\" data-end=\"343\"><strong data-start=\"291\" data-end=\"303\">Glucides<\/strong> : <span class=\"relative -mx-px my-[-0.2rem] rounded px-px py-[0.2rem] transition-colors duration-100 ease-in-out\">0,66 g<\/span><\/p>\n<ul data-start=\"346\" data-end=\"398\">\n<li class=\"\" data-start=\"346\" data-end=\"398\">\n<p class=\"\" data-start=\"348\" data-end=\"398\"><strong data-start=\"348\" data-end=\"358\">Sucres<\/strong> : <span class=\"relative -mx-px my-[-0.2rem] rounded px-px py-[0.2rem] transition-colors duration-100 ease-in-out\">0 g<\/span><\/p>\n<\/li>\n<\/ul>\n<\/li>\n<li class=\"\" data-start=\"399\" data-end=\"508\">\n<p class=\"\" data-start=\"401\" data-end=\"452\"><strong data-start=\"401\" data-end=\"412\">Lipides<\/strong> : <span class=\"relative -mx-px my-[-0.2rem] rounded px-px py-[0.2rem] transition-colors duration-100 ease-in-out\">0,54 g<\/span><\/p>\n<ul data-start=\"455\" data-end=\"508\">\n<li class=\"\" data-start=\"455\" data-end=\"508\">\n<p class=\"\" data-start=\"457\" data-end=\"508\"><strong data-start=\"457\" data-end=\"468\">Satur\u00e9s<\/strong> : <span class=\"relative -mx-px my-[-0.2rem] rounded px-px py-[0.2rem] transition-colors duration-100 ease-in-out\">0,24 g<\/span><\/p>\n<\/li>\n<\/ul>\n<\/li>\n<li class=\"\" data-start=\"509\" data-end=\"561\">\n<p class=\"\" data-start=\"511\" data-end=\"561\"><strong data-start=\"511\" data-end=\"521\">Fibres<\/strong> : <span class=\"relative -mx-px my-[-0.2rem] rounded px-px py-[0.2rem] transition-colors duration-100 ease-in-out\">0,2 g<\/span><\/p>\n<\/li>\n<li class=\"\" data-start=\"562\" data-end=\"659\">\n<p class=\"\" data-start=\"564\" data-end=\"659\"><strong data-start=\"564\" data-end=\"571\">Sel<\/strong> : <span class=\"relative -mx-px my-[-0.2rem] rounded px-px py-[0.2rem] transition-colors duration-100 ease-in-out\">1,02 g<\/span>\u200b<\/p>\n<\/li>\n<\/ul>\n<p class=\"\" data-start=\"661\" data-end=\"786\"><span class=\"relative -mx-px my-[-0.2rem] rounded px-px py-[0.2rem] transition-colors duration-100 ease-in-out\">Ces valeurs sont bas\u00e9es sur une portion de 30 g, soit 1 scoop<\/span><\/p>\n<h3 class=\"\" data-start=\"1036\" data-end=\"1056\">Avantages cl\u00e9s<\/h3>\n<ul data-start=\"1058\" data-end=\"1501\">\n<li class=\"\" data-start=\"1058\" data-end=\"1131\">\n<p class=\"\" data-start=\"1060\" data-end=\"1131\"><strong data-start=\"1060\" data-end=\"1089\">Prot\u00e9ine de haute qualit\u00e9<\/strong> : <span class=\"relative -mx-px my-[-0.2rem] rounded px-px py-[0.2rem] transition-colors duration-100 ease-in-out\">Plus de 28 g de prot\u00e9ines par portion, contribuant \u00e0 la croissance et au maintien de la masse musculaire.<\/span><\/p>\n<\/li>\n<li class=\"\" data-start=\"1132\" data-end=\"1213\">\n<p class=\"\" data-start=\"1134\" data-end=\"1213\"><strong data-start=\"1134\" data-end=\"1171\">Sans lactose ni produits laitiers<\/strong> : <span class=\"relative -mx-px my-[-0.2rem] rounded px-px py-[0.2rem] transition-colors duration-100 ease-in-out\">Convient aux personnes intol\u00e9rantes au lactose ou suivant un r\u00e9gime sans produits laitiers.<\/span><\/p>\n<\/li>\n<li class=\"\" data-start=\"1214\" data-end=\"1290\">\n<p class=\"\" data-start=\"1216\" data-end=\"1290\"><strong data-start=\"1216\" data-end=\"1248\">Faible en graisses et sucres<\/strong> : <span class=\"relative -mx-px my-[-0.2rem] rounded px-px py-[0.2rem] transition-colors duration-100 ease-in-out\">Id\u00e9al pour ceux cherchant \u00e0 limiter leur consommation de graisses et de sucres.<\/span><\/p>\n<\/li>\n<li class=\"\" data-start=\"1291\" data-end=\"1353\">\n<p class=\"\" data-start=\"1293\" data-end=\"1353\"><strong data-start=\"1293\" data-end=\"1311\">Halal certifi\u00e9<\/strong> : <span class=\"relative -mx-px my-[-0.2rem] rounded px-px py-[0.2rem] transition-colors duration-100 ease-in-out\">Produit conforme aux normes halal.<\/span><\/p>\n<\/li>\n<li class=\"\" data-start=\"1354\" data-end=\"1501\">\n<p class=\"\" data-start=\"1356\" data-end=\"1501\"><strong data-start=\"1356\" data-end=\"1373\">Go\u00fbt am\u00e9lior\u00e9<\/strong> : <span class=\"relative -mx-px my-[-0.2rem] rounded px-px py-[0.2rem] transition-colors duration-100 ease-in-out\">Nouveaux ar\u00f4mes pour une meilleure exp\u00e9rience gustative<\/span><\/p>\n<\/li>\n<\/ul>\n","protected":false},"excerpt":{"rendered":"<p><span class=\"relative -mx-px my-[-0.2rem] rounded px-px py-[0.2rem] bg-[#FCECC1] dark:bg-[#64572A] transition-colors duration-100 ease-in-out\"><strong data-start=\"36\" data-end=\"67\">Beef-XP d\u2019Applied Nutrition<\/strong>, un isolat de prot\u00e9ine de b\u0153uf hydrolys\u00e9e con\u00e7u pour les personnes recherchant une alternative sans lactose et sans produits laitiers aux prot\u00e9ines traditionnelles.<\/span>\u200b<\/p>\n","protected":false},"featured_media":6153,"template":"","meta":{"site-sidebar-layout":"default","site-content-layout":"","ast-site-content-layout":"default","site-content-style":"default","site-sidebar-style":"default","ast-global-header-display":"","ast-banner-title-visibility":"","ast-main-header-display":"","ast-hfb-above-header-display":"","ast-hfb-below-header-display":"","ast-hfb-mobile-header-display":"","site-post-title":"","ast-breadcrumbs-content":"","ast-featured-img":"","footer-sml-layout":"","theme-transparent-header-meta":"default","adv-header-id-meta":"","stick-header-meta":"","header-above-stick-meta":"","header-main-stick-meta":"","header-below-stick-meta":"","astra-migrate-meta-layouts":"set","ast-page-background-enabled":"default","ast-page-background-meta":{"desktop":{"background-color":"","background-image":"","background-repeat":"repeat","background-position":"center center","background-size":"auto","background-attachment":"scroll","background-type":"","background-media":"","overlay-type":"","overlay-color":"","overlay-opacity":"","overlay-gradient":""},"tablet":{"background-color":"","background-image":"","background-repeat":"repeat","background-position":"center center","background-size":"auto","background-attachment":"scroll","background-type":"","background-media":"","overlay-type":"","overlay-color":"","overlay-opacity":"","overlay-gradient":""},"mobile":{"background-color":"","background-image":"","background-repeat":"repeat","background-position":"center center","background-size":"auto","background-attachment":"scroll","background-type":"","background-media":"","overlay-type":"","overlay-color":"","overlay-opacity":"","overlay-gradient":""}},"ast-content-background-meta":{"desktop":{"background-color":"var(--ast-global-color-5)","background-image":"","background-repeat":"repeat","background-position":"center center","background-size":"auto","background-attachment":"scroll","background-type":"","background-media":"","overlay-type":"","overlay-color":"","overlay-opacity":"","overlay-gradient":""},"tablet":{"background-color":"var(--ast-global-color-5)","background-image":"","background-repeat":"repeat","background-position":"center center","background-size":"auto","background-attachment":"scroll","background-type":"","background-media":"","overlay-type":"","overlay-color":"","overlay-opacity":"","overlay-gradient":""},"mobile":{"background-color":"var(--ast-global-color-5)","background-image":"","background-repeat":"repeat","background-position":"center center","background-size":"auto","background-attachment":"scroll","background-type":"","background-media":"","overlay-type":"","overlay-color":"","overlay-opacity":"","overlay-gradient":""}}},"product_brand":[64],"product_cat":[59],"product_tag":[],"class_list":{"0":"post-5606","1":"product","2":"type-product","3":"status-publish","4":"has-post-thumbnail","6":"product_brand-applied-nutrition","7":"product_cat-whey-proteine","8":"desktop-align-center","9":"tablet-align-center","10":"mobile-align-center","12":"first","13":"outofstock","14":"shipping-taxable","15":"purchasable","16":"product-type-simple"},"_links":{"self":[{"href":"https:\/\/dietpartner.shop\/index.php?rest_route=\/wp\/v2\/product\/5606","targetHints":{"allow":["GET"]}}],"collection":[{"href":"https:\/\/dietpartner.shop\/index.php?rest_route=\/wp\/v2\/product"}],"about":[{"href":"https:\/\/dietpartner.shop\/index.php?rest_route=\/wp\/v2\/types\/product"}],"wp:featuredmedia":[{"embeddable":true,"href":"https:\/\/dietpartner.shop\/index.php?rest_route=\/wp\/v2\/media\/6153"}],"wp:attachment":[{"href":"https:\/\/dietpartner.shop\/index.php?rest_route=%2Fwp%2Fv2%2Fmedia&parent=5606"}],"wp:term":[{"taxonomy":"product_brand","embeddable":true,"href":"https:\/\/dietpartner.shop\/index.php?rest_route=%2Fwp%2Fv2%2Fproduct_brand&post=5606"},{"taxonomy":"product_cat","embeddable":true,"href":"https:\/\/dietpartner.shop\/index.php?rest_route=%2Fwp%2Fv2%2Fproduct_cat&post=5606"},{"taxonomy":"product_tag","embeddable":true,"href":"https:\/\/dietpartner.shop\/index.php?rest_route=%2Fwp%2Fv2%2Fproduct_tag&post=5606"}],"curies":[{"name":"wp","href":"https:\/\/api.w.org\/{rel}","templated":true}]}}