{"id":5608,"date":"2025-04-15T19:11:28","date_gmt":"2025-04-15T18:11:28","guid":{"rendered":"https:\/\/dietpartner.shop\/?post_type=product&#038;p=5608"},"modified":"2025-06-14T18:09:03","modified_gmt":"2025-06-14T17:09:03","slug":"iso-xp","status":"publish","type":"product","link":"https:\/\/dietpartner.shop\/?product=iso-xp","title":{"rendered":"ISO-XP"},"content":{"rendered":"<h3 class=\"\" data-start=\"270\" data-end=\"318\">Profil nutritionnel (par portion de 25 g)<\/h3>\n<ul data-start=\"320\" data-end=\"744\">\n<li class=\"\" data-start=\"320\" data-end=\"375\">\n<p class=\"\" data-start=\"322\" data-end=\"375\"><strong data-start=\"322\" data-end=\"335\">Prot\u00e9ines<\/strong> : <span class=\"relative -mx-px my-[-0.2rem] rounded px-px py-[0.2rem] transition-colors duration-100 ease-in-out\">22,5 \u00e0 23,4 g<\/span><\/p>\n<\/li>\n<li class=\"\" data-start=\"376\" data-end=\"430\">\n<p class=\"\" data-start=\"378\" data-end=\"430\"><strong data-start=\"378\" data-end=\"390\">Calories<\/strong> : <span class=\"relative -mx-px my-[-0.2rem] rounded px-px py-[0.2rem] transition-colors duration-100 ease-in-out\">89 \u00e0 92 kcal<\/span><\/p>\n<\/li>\n<li class=\"\" data-start=\"431\" data-end=\"483\">\n<p class=\"\" data-start=\"433\" data-end=\"483\"><strong data-start=\"433\" data-end=\"443\">Sucres<\/strong> : <span class=\"relative -mx-px my-[-0.2rem] rounded px-px py-[0.2rem] transition-colors duration-100 ease-in-out\">0 g<\/span><\/p>\n<\/li>\n<li class=\"\" data-start=\"484\" data-end=\"538\">\n<p class=\"\" data-start=\"486\" data-end=\"538\"><strong data-start=\"486\" data-end=\"498\">Glucides<\/strong> : <span class=\"relative -mx-px my-[-0.2rem] rounded px-px py-[0.2rem] transition-colors duration-100 ease-in-out\">0 g<\/span><\/p>\n<\/li>\n<li class=\"\" data-start=\"539\" data-end=\"593\">\n<p class=\"\" data-start=\"541\" data-end=\"593\"><strong data-start=\"541\" data-end=\"553\">Graisses<\/strong> : <span class=\"relative -mx-px my-[-0.2rem] rounded px-px py-[0.2rem] transition-colors duration-100 ease-in-out\">0 g<\/span><\/p>\n<\/li>\n<li class=\"\" data-start=\"594\" data-end=\"647\">\n<p class=\"\" data-start=\"596\" data-end=\"647\"><strong data-start=\"596\" data-end=\"607\">Lactose<\/strong> : <span class=\"relative -mx-px my-[-0.2rem] rounded px-px py-[0.2rem] transition-colors duration-100 ease-in-out\">0,1 g<\/span><\/p>\n<\/li>\n<li class=\"\" data-start=\"648\" data-end=\"744\">\n<p class=\"\" data-start=\"650\" data-end=\"744\"><strong data-start=\"650\" data-end=\"660\">Fibres<\/strong> : <span class=\"relative -mx-px my-[-0.2rem] rounded px-px py-[0.2rem] transition-colors duration-100 ease-in-out\">0 g<\/span>\u200b<\/p>\n<\/li>\n<\/ul>\n<p class=\"\" data-start=\"746\" data-end=\"909\"><span class=\"relative -mx-px my-[-0.2rem] rounded px-px py-[0.2rem] transition-colors duration-100 ease-in-out\">ISO-XP est formul\u00e9 \u00e0 partir d&rsquo;isolat de prot\u00e9ine de lactos\u00e9rum provenant de vaches nourries \u00e0 l&rsquo;herbe, sans soja, gluten ni produits laitiers.<\/span> <span class=\"relative -mx-px my-[-0.2rem] rounded px-px py-[0.2rem] transition-colors duration-100 ease-in-out\">Il utilise de la l\u00e9cithine de tournesol comme \u00e9mulsifiant et est certifi\u00e9 halal.<\/span><\/p>\n<hr class=\"\" data-start=\"911\" data-end=\"914\" \/>\n<h3 class=\"\" data-start=\"916\" data-end=\"945\">\u00a0Ingr\u00e9dients principaux<\/h3>\n<ul data-start=\"947\" data-end=\"1281\">\n<li class=\"\" data-start=\"947\" data-end=\"1003\">\n<p class=\"\" data-start=\"949\" data-end=\"1003\"><strong data-start=\"949\" data-end=\"961\">Prot\u00e9ine<\/strong> : <span class=\"relative -mx-px my-[-0.2rem] rounded px-px py-[0.2rem] transition-colors duration-100 ease-in-out\">100 % isolat de prot\u00e9ine de lactos\u00e9rum (lait)<\/span><\/p>\n<\/li>\n<li class=\"\" data-start=\"1004\" data-end=\"1063\">\n<p class=\"\" data-start=\"1006\" data-end=\"1063\"><strong data-start=\"1006\" data-end=\"1021\">\u00c9mulsifiant<\/strong> : <span class=\"relative -mx-px my-[-0.2rem] rounded px-px py-[0.2rem] transition-colors duration-100 ease-in-out\">L\u00e9cithine de tournesol<\/span><\/p>\n<\/li>\n<li class=\"\" data-start=\"1064\" data-end=\"1118\">\n<p class=\"\" data-start=\"1066\" data-end=\"1118\"><strong data-start=\"1066\" data-end=\"1076\">Ar\u00f4mes<\/strong> : <span class=\"relative -mx-px my-[-0.2rem] rounded px-px py-[0.2rem] transition-colors duration-100 ease-in-out\">Naturels<\/span><\/p>\n<\/li>\n<li class=\"\" data-start=\"1119\" data-end=\"1176\">\n<p class=\"\" data-start=\"1121\" data-end=\"1176\"><strong data-start=\"1121\" data-end=\"1134\">Colorants<\/strong> : <span class=\"relative -mx-px my-[-0.2rem] rounded px-px py-[0.2rem] transition-colors duration-100 ease-in-out\">Naturels<\/span><\/p>\n<\/li>\n<li class=\"\" data-start=\"1177\" data-end=\"1281\">\n<p class=\"\" data-start=\"1179\" data-end=\"1281\"><strong data-start=\"1179\" data-end=\"1193\">\u00c9dulcorant<\/strong> : <span class=\"relative -mx-px my-[-0.2rem] rounded px-px py-[0.2rem] transition-colors duration-100 ease-in-out\">Sucralose<\/span>\u200b<\/p>\n<\/li>\n<\/ul>\n<p class=\"\" data-start=\"1283\" data-end=\"1408\"><span class=\"relative -mx-px my-[-0.2rem] rounded px-px py-[0.2rem] transition-colors duration-100 ease-in-out\">ISO-XP est exempt de sucres ajout\u00e9s, de graisses et de glucides, offrant ainsi une source de prot\u00e9ines pure et rapidement assimilable.<\/span> \u200b<\/p>\n<hr class=\"\" data-start=\"1410\" data-end=\"1413\" \/>\n<h3 class=\"\" data-start=\"1415\" data-end=\"1435\">\u00a0Avantages cl\u00e9s<\/h3>\n<ul data-start=\"1437\" data-end=\"1825\">\n<li class=\"\" data-start=\"1437\" data-end=\"1510\">\n<p class=\"\" data-start=\"1439\" data-end=\"1510\"><strong data-start=\"1439\" data-end=\"1468\">Prot\u00e9ine de haute qualit\u00e9<\/strong> : <span class=\"relative -mx-px my-[-0.2rem] rounded px-px py-[0.2rem] transition-colors duration-100 ease-in-out\">Id\u00e9ale pour la croissance et le maintien de la masse musculaire.<\/span><\/p>\n<\/li>\n<li class=\"\" data-start=\"1511\" data-end=\"1577\">\n<p class=\"\" data-start=\"1513\" data-end=\"1577\"><strong data-start=\"1513\" data-end=\"1535\">Faible en calories<\/strong> : <span class=\"relative -mx-px my-[-0.2rem] rounded px-px py-[0.2rem] transition-colors duration-100 ease-in-out\">Convient aux r\u00e9gimes de d\u00e9finition musculaire.<\/span><\/p>\n<\/li>\n<li class=\"\" data-start=\"1578\" data-end=\"1643\">\n<p class=\"\" data-start=\"1580\" data-end=\"1643\"><strong data-start=\"1580\" data-end=\"1601\">Absorption rapide<\/strong> : <span class=\"relative -mx-px my-[-0.2rem] rounded px-px py-[0.2rem] transition-colors duration-100 ease-in-out\">Parfait apr\u00e8s l&rsquo;entra\u00eenement ou au r\u00e9veil.<\/span><\/p>\n<\/li>\n<li class=\"\" data-start=\"1644\" data-end=\"1716\">\n<p class=\"\" data-start=\"1646\" data-end=\"1716\"><strong data-start=\"1646\" data-end=\"1674\">Sans allerg\u00e8nes courants<\/strong> : <span class=\"relative -mx-px my-[-0.2rem] rounded px-px py-[0.2rem] transition-colors duration-100 ease-in-out\">Convient aux personnes intol\u00e9rantes au lactose ou suivant un r\u00e9gime sans gluten.<\/span><\/p>\n<\/li>\n<li class=\"\" data-start=\"1717\" data-end=\"1825\">\n<p class=\"\" data-start=\"1719\" data-end=\"1825\"><strong data-start=\"1719\" data-end=\"1737\">Certifi\u00e9 halal<\/strong> : <span class=\"relative -mx-px my-[-0.2rem] rounded px-px py-[0.2rem] transition-colors duration-100 ease-in-out\">Convient aux consommateurs suivant des restrictions alimentaires sp\u00e9cifiques.<\/span><\/p>\n<\/li>\n<\/ul>\n","protected":false},"excerpt":{"rendered":"<p><strong data-start=\"76\" data-end=\"104\">ISO-XP Applied Nutrition<\/strong>, un isolat de prot\u00e9ine de lactos\u00e9rum hautement purifi\u00e9, con\u00e7u pour offrir un apport prot\u00e9ique de qualit\u00e9 sup\u00e9rieure sans sucres, graisses ni glucides ajout\u00e9s.<\/p>\n","protected":false},"featured_media":6146,"template":"","meta":{"site-sidebar-layout":"default","site-content-layout":"","ast-site-content-layout":"default","site-content-style":"default","site-sidebar-style":"default","ast-global-header-display":"","ast-banner-title-visibility":"","ast-main-header-display":"","ast-hfb-above-header-display":"","ast-hfb-below-header-display":"","ast-hfb-mobile-header-display":"","site-post-title":"","ast-breadcrumbs-content":"","ast-featured-img":"","footer-sml-layout":"","theme-transparent-header-meta":"default","adv-header-id-meta":"","stick-header-meta":"","header-above-stick-meta":"","header-main-stick-meta":"","header-below-stick-meta":"","astra-migrate-meta-layouts":"set","ast-page-background-enabled":"default","ast-page-background-meta":{"desktop":{"background-color":"","background-image":"","background-repeat":"repeat","background-position":"center center","background-size":"auto","background-attachment":"scroll","background-type":"","background-media":"","overlay-type":"","overlay-color":"","overlay-opacity":"","overlay-gradient":""},"tablet":{"background-color":"","background-image":"","background-repeat":"repeat","background-position":"center center","background-size":"auto","background-attachment":"scroll","background-type":"","background-media":"","overlay-type":"","overlay-color":"","overlay-opacity":"","overlay-gradient":""},"mobile":{"background-color":"","background-image":"","background-repeat":"repeat","background-position":"center center","background-size":"auto","background-attachment":"scroll","background-type":"","background-media":"","overlay-type":"","overlay-color":"","overlay-opacity":"","overlay-gradient":""}},"ast-content-background-meta":{"desktop":{"background-color":"var(--ast-global-color-5)","background-image":"","background-repeat":"repeat","background-position":"center center","background-size":"auto","background-attachment":"scroll","background-type":"","background-media":"","overlay-type":"","overlay-color":"","overlay-opacity":"","overlay-gradient":""},"tablet":{"background-color":"var(--ast-global-color-5)","background-image":"","background-repeat":"repeat","background-position":"center center","background-size":"auto","background-attachment":"scroll","background-type":"","background-media":"","overlay-type":"","overlay-color":"","overlay-opacity":"","overlay-gradient":""},"mobile":{"background-color":"var(--ast-global-color-5)","background-image":"","background-repeat":"repeat","background-position":"center center","background-size":"auto","background-attachment":"scroll","background-type":"","background-media":"","overlay-type":"","overlay-color":"","overlay-opacity":"","overlay-gradient":""}}},"product_brand":[64],"product_cat":[58,59],"product_tag":[],"class_list":{"0":"post-5608","1":"product","2":"type-product","3":"status-publish","4":"has-post-thumbnail","6":"product_brand-applied-nutrition","7":"product_cat-produits","8":"product_cat-whey-proteine","9":"desktop-align-center","10":"tablet-align-center","11":"mobile-align-center","13":"first","14":"instock","15":"shipping-taxable","16":"purchasable","17":"product-type-simple"},"_links":{"self":[{"href":"https:\/\/dietpartner.shop\/index.php?rest_route=\/wp\/v2\/product\/5608","targetHints":{"allow":["GET"]}}],"collection":[{"href":"https:\/\/dietpartner.shop\/index.php?rest_route=\/wp\/v2\/product"}],"about":[{"href":"https:\/\/dietpartner.shop\/index.php?rest_route=\/wp\/v2\/types\/product"}],"wp:featuredmedia":[{"embeddable":true,"href":"https:\/\/dietpartner.shop\/index.php?rest_route=\/wp\/v2\/media\/6146"}],"wp:attachment":[{"href":"https:\/\/dietpartner.shop\/index.php?rest_route=%2Fwp%2Fv2%2Fmedia&parent=5608"}],"wp:term":[{"taxonomy":"product_brand","embeddable":true,"href":"https:\/\/dietpartner.shop\/index.php?rest_route=%2Fwp%2Fv2%2Fproduct_brand&post=5608"},{"taxonomy":"product_cat","embeddable":true,"href":"https:\/\/dietpartner.shop\/index.php?rest_route=%2Fwp%2Fv2%2Fproduct_cat&post=5608"},{"taxonomy":"product_tag","embeddable":true,"href":"https:\/\/dietpartner.shop\/index.php?rest_route=%2Fwp%2Fv2%2Fproduct_tag&post=5608"}],"curies":[{"name":"wp","href":"https:\/\/api.w.org\/{rel}","templated":true}]}}