{"id":5612,"date":"2025-04-15T19:24:42","date_gmt":"2025-04-15T18:24:42","guid":{"rendered":"https:\/\/dietpartner.shop\/?post_type=product&#038;p=5612"},"modified":"2025-10-03T21:52:09","modified_gmt":"2025-10-03T20:52:09","slug":"critical-whey","status":"publish","type":"product","link":"https:\/\/dietpartner.shop\/?product=critical-whey","title":{"rendered":"CRITICAL WHEY"},"content":{"rendered":"<h3 class=\"\" data-start=\"204\" data-end=\"259\">Composition nutritionnelle (par portion de 30 g)<\/h3>\n<ul data-start=\"261\" data-end=\"912\">\n<li class=\"\" data-start=\"261\" data-end=\"316\">\n<p class=\"\" data-start=\"263\" data-end=\"316\"><strong data-start=\"263\" data-end=\"276\">Prot\u00e9ines<\/strong> : <span class=\"relative -mx-px my-[-0.2rem] rounded px-px py-[0.2rem] transition-colors duration-100 ease-in-out\">21 g (provenant de vaches nourries \u00e0 l&rsquo;herbe)<\/span><\/p>\n<\/li>\n<li class=\"\" data-start=\"317\" data-end=\"367\">\n<p class=\"\" data-start=\"319\" data-end=\"367\"><strong data-start=\"319\" data-end=\"327\">BCAA<\/strong> : <span class=\"relative -mx-px my-[-0.2rem] rounded px-px py-[0.2rem] transition-colors duration-100 ease-in-out\">4,8 g (acides amin\u00e9s \u00e0 cha\u00eene ramifi\u00e9e)<\/span><\/p>\n<\/li>\n<li class=\"\" data-start=\"368\" data-end=\"423\">\n<p class=\"\" data-start=\"370\" data-end=\"423\"><strong data-start=\"370\" data-end=\"383\">Glutamine<\/strong> : <span class=\"relative -mx-px my-[-0.2rem] rounded px-px py-[0.2rem] transition-colors duration-100 ease-in-out\">4 g<\/span><\/p>\n<\/li>\n<li class=\"\" data-start=\"424\" data-end=\"478\">\n<p class=\"\" data-start=\"426\" data-end=\"478\"><strong data-start=\"426\" data-end=\"438\">Glucides<\/strong> : <span class=\"relative -mx-px my-[-0.2rem] rounded px-px py-[0.2rem] transition-colors duration-100 ease-in-out\">2 g (dont 1,5 g de sucres)<\/span><\/p>\n<\/li>\n<li class=\"\" data-start=\"479\" data-end=\"532\">\n<p class=\"\" data-start=\"481\" data-end=\"532\"><strong data-start=\"481\" data-end=\"492\">Lipides<\/strong> : <span class=\"relative -mx-px my-[-0.2rem] rounded px-px py-[0.2rem] transition-colors duration-100 ease-in-out\">1,5 g (dont 0,5 g de graisses satur\u00e9es)<\/span><\/p>\n<\/li>\n<li class=\"\" data-start=\"533\" data-end=\"587\">\n<p class=\"\" data-start=\"535\" data-end=\"587\"><strong data-start=\"535\" data-end=\"545\">Fibres<\/strong> : <span class=\"relative -mx-px my-[-0.2rem] rounded px-px py-[0.2rem] transition-colors duration-100 ease-in-out\">2,4 g<\/span><\/p>\n<\/li>\n<li class=\"\" data-start=\"588\" data-end=\"643\">\n<p class=\"\" data-start=\"590\" data-end=\"643\"><strong data-start=\"590\" data-end=\"601\">Calcium<\/strong> : <span class=\"relative -mx-px my-[-0.2rem] rounded px-px py-[0.2rem] transition-colors duration-100 ease-in-out\">235 mg<\/span><\/p>\n<\/li>\n<li class=\"\" data-start=\"644\" data-end=\"701\">\n<p class=\"\" data-start=\"646\" data-end=\"701\"><strong data-start=\"646\" data-end=\"659\">Phosphore<\/strong> : <span class=\"relative -mx-px my-[-0.2rem] rounded px-px py-[0.2rem] transition-colors duration-100 ease-in-out\">69,6 mg<\/span><\/p>\n<\/li>\n<li class=\"\" data-start=\"702\" data-end=\"759\">\n<p class=\"\" data-start=\"704\" data-end=\"759\"><strong data-start=\"704\" data-end=\"717\">Potassium<\/strong> : <span class=\"relative -mx-px my-[-0.2rem] rounded px-px py-[0.2rem] transition-colors duration-100 ease-in-out\">102 mg<\/span><\/p>\n<\/li>\n<li class=\"\" data-start=\"760\" data-end=\"912\">\n<p class=\"\" data-start=\"762\" data-end=\"912\"><strong data-start=\"762\" data-end=\"784\">Vitamines B2 et B9<\/strong> : <span class=\"relative -mx-px my-[-0.2rem] rounded px-px py-[0.2rem] transition-colors duration-100 ease-in-out\">pr\u00e9sentes en quantit\u00e9s significatives<\/span> \u200b<\/p>\n<\/li>\n<\/ul>\n<h3 class=\"\" data-start=\"919\" data-end=\"937\">Points forts<\/h3>\n<ul data-start=\"939\" data-end=\"1311\">\n<li class=\"\" data-start=\"939\" data-end=\"1001\">\n<p class=\"\" data-start=\"941\" data-end=\"1001\"><strong data-start=\"941\" data-end=\"959\">Certifi\u00e9 Halal<\/strong> : <span class=\"relative -mx-px my-[-0.2rem] rounded px-px py-[0.2rem] transition-colors duration-100 ease-in-out\">convient aux r\u00e9gimes alimentaires sp\u00e9cifiques.<\/span><\/p>\n<\/li>\n<li class=\"\" data-start=\"1002\" data-end=\"1067\">\n<p class=\"\" data-start=\"1004\" data-end=\"1067\"><strong data-start=\"1004\" data-end=\"1025\">Test\u00e9 anti-dopage<\/strong> : <span class=\"relative -mx-px my-[-0.2rem] rounded px-px py-[0.2rem] transition-colors duration-100 ease-in-out\">chaque lot est soumis \u00e0 des tests rigoureux dans le cadre du programme Informed-Sport.<\/span><\/p>\n<\/li>\n<li class=\"\" data-start=\"1068\" data-end=\"1127\">\n<p class=\"\" data-start=\"1070\" data-end=\"1127\"><strong data-start=\"1070\" data-end=\"1085\">Sans gluten<\/strong> : <span class=\"relative -mx-px my-[-0.2rem] rounded px-px py-[0.2rem] transition-colors duration-100 ease-in-out\">adapt\u00e9 aux personnes sensibles au gluten.<\/span><\/p>\n<\/li>\n<li class=\"\" data-start=\"1128\" data-end=\"1194\">\n<p class=\"\" data-start=\"1130\" data-end=\"1194\"><strong data-start=\"1130\" data-end=\"1152\">Go\u00fbt et solubilit\u00e9<\/strong> : <span class=\"relative -mx-px my-[-0.2rem] rounded px-px py-[0.2rem] transition-colors duration-100 ease-in-out\">disponible en saveurs vari\u00e9es telles que Chocolat, Vanille, Cookies &lsquo;n&rsquo; Cream, et plus encore.<\/span><\/p>\n<\/li>\n<li class=\"\" data-start=\"1195\" data-end=\"1311\">\n<p class=\"\" data-start=\"1197\" data-end=\"1311\"><strong data-start=\"1197\" data-end=\"1223\">Facilit\u00e9 d&rsquo;utilisation<\/strong> : <span class=\"relative -mx-px my-[-0.2rem] rounded px-px py-[0.2rem] transition-colors duration-100 ease-in-out\">se m\u00e9lange instantan\u00e9ment avec de l&rsquo;eau ou du lait<\/span><\/p>\n<\/li>\n<\/ul>\n","protected":false},"excerpt":{"rendered":"<p><span class=\"relative -mx-px my-[-0.2rem] rounded px-px py-[0.2rem] transition-colors duration-100 ease-in-out\"><strong data-start=\"0\" data-end=\"17\" data-is-only-node=\"\">Critical Whey<\/strong> d&rsquo;Applied Nutrition est une prot\u00e9ine en poudre haut de gamme con\u00e7ue pour soutenir la croissance et la r\u00e9cup\u00e9ration musculaire.<\/span> <span class=\"relative -mx-px my-[-0.2rem] rounded px-px py-[0.2rem] transition-colors duration-100 ease-in-out\">Elle combine trois sources de prot\u00e9ines de lactos\u00e9rum de qualit\u00e9 sup\u00e9rieure : le concentr\u00e9 de prot\u00e9ines de lactos\u00e9rum, l&rsquo;isolat de prot\u00e9ines de lactos\u00e9rum ISO-XP et la prot\u00e9ine de lactos\u00e9rum hydrolys\u00e9e.<\/span> <span class=\"relative -mx-px my-[-0.2rem] rounded px-px py-[0.2rem] transition-colors duration-100 ease-in-out\">Cette formulation offre une absorption rapide et une haute valeur biologique, id\u00e9ale pour les athl\u00e8tes et les pratiquants de musculation.<\/span><\/p>\n","protected":false},"featured_media":6151,"template":"","meta":{"site-sidebar-layout":"default","site-content-layout":"","ast-site-content-layout":"default","site-content-style":"default","site-sidebar-style":"default","ast-global-header-display":"","ast-banner-title-visibility":"","ast-main-header-display":"","ast-hfb-above-header-display":"","ast-hfb-below-header-display":"","ast-hfb-mobile-header-display":"","site-post-title":"","ast-breadcrumbs-content":"","ast-featured-img":"","footer-sml-layout":"","theme-transparent-header-meta":"default","adv-header-id-meta":"","stick-header-meta":"","header-above-stick-meta":"","header-main-stick-meta":"","header-below-stick-meta":"","astra-migrate-meta-layouts":"set","ast-page-background-enabled":"default","ast-page-background-meta":{"desktop":{"background-color":"","background-image":"","background-repeat":"repeat","background-position":"center center","background-size":"auto","background-attachment":"scroll","background-type":"","background-media":"","overlay-type":"","overlay-color":"","overlay-opacity":"","overlay-gradient":""},"tablet":{"background-color":"","background-image":"","background-repeat":"repeat","background-position":"center center","background-size":"auto","background-attachment":"scroll","background-type":"","background-media":"","overlay-type":"","overlay-color":"","overlay-opacity":"","overlay-gradient":""},"mobile":{"background-color":"","background-image":"","background-repeat":"repeat","background-position":"center center","background-size":"auto","background-attachment":"scroll","background-type":"","background-media":"","overlay-type":"","overlay-color":"","overlay-opacity":"","overlay-gradient":""}},"ast-content-background-meta":{"desktop":{"background-color":"var(--ast-global-color-5)","background-image":"","background-repeat":"repeat","background-position":"center center","background-size":"auto","background-attachment":"scroll","background-type":"","background-media":"","overlay-type":"","overlay-color":"","overlay-opacity":"","overlay-gradient":""},"tablet":{"background-color":"var(--ast-global-color-5)","background-image":"","background-repeat":"repeat","background-position":"center center","background-size":"auto","background-attachment":"scroll","background-type":"","background-media":"","overlay-type":"","overlay-color":"","overlay-opacity":"","overlay-gradient":""},"mobile":{"background-color":"var(--ast-global-color-5)","background-image":"","background-repeat":"repeat","background-position":"center center","background-size":"auto","background-attachment":"scroll","background-type":"","background-media":"","overlay-type":"","overlay-color":"","overlay-opacity":"","overlay-gradient":""}}},"product_brand":[64],"product_cat":[59],"product_tag":[],"class_list":{"0":"post-5612","1":"product","2":"type-product","3":"status-publish","4":"has-post-thumbnail","6":"product_brand-applied-nutrition","7":"product_cat-whey-proteine","8":"desktop-align-center","9":"tablet-align-center","10":"mobile-align-center","12":"first","13":"instock","14":"shipping-taxable","15":"purchasable","16":"product-type-simple"},"_links":{"self":[{"href":"https:\/\/dietpartner.shop\/index.php?rest_route=\/wp\/v2\/product\/5612","targetHints":{"allow":["GET"]}}],"collection":[{"href":"https:\/\/dietpartner.shop\/index.php?rest_route=\/wp\/v2\/product"}],"about":[{"href":"https:\/\/dietpartner.shop\/index.php?rest_route=\/wp\/v2\/types\/product"}],"wp:featuredmedia":[{"embeddable":true,"href":"https:\/\/dietpartner.shop\/index.php?rest_route=\/wp\/v2\/media\/6151"}],"wp:attachment":[{"href":"https:\/\/dietpartner.shop\/index.php?rest_route=%2Fwp%2Fv2%2Fmedia&parent=5612"}],"wp:term":[{"taxonomy":"product_brand","embeddable":true,"href":"https:\/\/dietpartner.shop\/index.php?rest_route=%2Fwp%2Fv2%2Fproduct_brand&post=5612"},{"taxonomy":"product_cat","embeddable":true,"href":"https:\/\/dietpartner.shop\/index.php?rest_route=%2Fwp%2Fv2%2Fproduct_cat&post=5612"},{"taxonomy":"product_tag","embeddable":true,"href":"https:\/\/dietpartner.shop\/index.php?rest_route=%2Fwp%2Fv2%2Fproduct_tag&post=5612"}],"curies":[{"name":"wp","href":"https:\/\/api.w.org\/{rel}","templated":true}]}}