{"id":5616,"date":"2025-04-15T20:25:20","date_gmt":"2025-04-15T19:25:20","guid":{"rendered":"https:\/\/dietpartner.shop\/?post_type=product&#038;p=5616"},"modified":"2025-06-23T12:25:51","modified_gmt":"2025-06-23T11:25:51","slug":"collagen-powder","status":"publish","type":"product","link":"https:\/\/dietpartner.shop\/?product=collagen-powder","title":{"rendered":"COLLAGEN POWDER"},"content":{"rendered":"<p class=\"\" data-start=\"126\" data-end=\"245\"><span class=\"relative -mx-px my-[-0.2rem] rounded px-px py-[0.2rem] transition-colors duration-100 ease-in-out\">Ce produit contient des peptides de collag\u00e8ne hydrolys\u00e9s provenant de vaches nourries \u00e0 l&rsquo;herbe, associ\u00e9s \u00e0 de la vitamine C, de l&rsquo;acide hyaluronique et de la biotine.<\/span> <span class=\"relative -mx-px my-[-0.2rem] rounded px-px py-[0.2rem] transition-colors duration-100 ease-in-out\">Ces ingr\u00e9dients agissent en synergie pour favoriser une peau plus ferme et \u00e9clatante, am\u00e9liorer la sant\u00e9 des cheveux et des ongles, et soutenir la fonction articulaire.<\/span>\u200b<\/p>\n<hr class=\"\" data-start=\"247\" data-end=\"250\" \/>\n<h3 class=\"\" data-start=\"252\" data-end=\"278\">\u00a0Bienfaits principaux<\/h3>\n<ul data-start=\"280\" data-end=\"750\">\n<li class=\"\" data-start=\"280\" data-end=\"354\">\n<p class=\"\" data-start=\"282\" data-end=\"354\"><strong data-start=\"282\" data-end=\"314\">Apparence jeune et \u00e9clatante<\/strong> : <span class=\"relative -mx-px my-[-0.2rem] rounded px-px py-[0.2rem] transition-colors duration-100 ease-in-out\">am\u00e9liore l&rsquo;\u00e9lasticit\u00e9 et la fermet\u00e9 de la peau.<\/span><\/p>\n<\/li>\n<li class=\"\" data-start=\"355\" data-end=\"426\">\n<p class=\"\" data-start=\"357\" data-end=\"426\"><strong data-start=\"357\" data-end=\"386\">Soutien des articulations<\/strong> : <span class=\"relative -mx-px my-[-0.2rem] rounded px-px py-[0.2rem] transition-colors duration-100 ease-in-out\">aide \u00e0 maintenir la sant\u00e9 des os et des articulations.<\/span><\/p>\n<\/li>\n<li class=\"\" data-start=\"427\" data-end=\"509\">\n<p class=\"\" data-start=\"429\" data-end=\"509\"><strong data-start=\"429\" data-end=\"469\">Sans graisses, sucres ni cholest\u00e9rol<\/strong> : <span class=\"relative -mx-px my-[-0.2rem] rounded px-px py-[0.2rem] transition-colors duration-100 ease-in-out\">convient aux r\u00e9gimes alimentaires sp\u00e9cifiques.<\/span><\/p>\n<\/li>\n<li class=\"\" data-start=\"510\" data-end=\"586\">\n<p class=\"\" data-start=\"512\" data-end=\"586\"><strong data-start=\"512\" data-end=\"546\">Sans soja ni produits laitiers<\/strong> : <span class=\"relative -mx-px my-[-0.2rem] rounded px-px py-[0.2rem] transition-colors duration-100 ease-in-out\">adapt\u00e9 aux personnes sensibles ou allergiques.<\/span><\/p>\n<\/li>\n<li class=\"\" data-start=\"587\" data-end=\"647\">\n<p class=\"\" data-start=\"589\" data-end=\"647\"><strong data-start=\"589\" data-end=\"607\">Certifi\u00e9 Halal<\/strong> : <span class=\"relative -mx-px my-[-0.2rem] rounded px-px py-[0.2rem] transition-colors duration-100 ease-in-out\">convient aux r\u00e9gimes alimentaires musulmans.<\/span><\/p>\n<\/li>\n<li class=\"\" data-start=\"648\" data-end=\"750\">\n<p class=\"\" data-start=\"650\" data-end=\"750\"><strong data-start=\"650\" data-end=\"662\">Sans OGM<\/strong> : <span class=\"relative -mx-px my-[-0.2rem] rounded px-px py-[0.2rem] transition-colors duration-100 ease-in-out\">garantie de qualit\u00e9 et de s\u00e9curit\u00e9.<\/span>\u200b<\/p>\n<\/li>\n<\/ul>\n<hr class=\"\" data-start=\"752\" data-end=\"755\" \/>\n<h3 class=\"\" data-start=\"757\" data-end=\"786\">\u00a0Ingr\u00e9dients principaux<\/h3>\n<ul data-start=\"788\" data-end=\"1310\">\n<li class=\"\" data-start=\"788\" data-end=\"876\">\n<p class=\"\" data-start=\"790\" data-end=\"876\"><strong data-start=\"790\" data-end=\"834\">Peptides de collag\u00e8ne hydrolys\u00e9s (bovin)<\/strong> : <span class=\"relative -mx-px my-[-0.2rem] rounded px-px py-[0.2rem] transition-colors duration-100 ease-in-out\">source principale de collag\u00e8ne.<\/span><\/p>\n<\/li>\n<li class=\"\" data-start=\"877\" data-end=\"939\">\n<p class=\"\" data-start=\"879\" data-end=\"939\"><strong data-start=\"879\" data-end=\"897\">Acide citrique<\/strong> : <span class=\"relative -mx-px my-[-0.2rem] rounded px-px py-[0.2rem] transition-colors duration-100 ease-in-out\">utilis\u00e9 comme acidifiant naturel.<\/span><\/p>\n<\/li>\n<li class=\"\" data-start=\"940\" data-end=\"1003\">\n<p class=\"\" data-start=\"942\" data-end=\"1003\"><strong data-start=\"942\" data-end=\"961\">Ar\u00f4mes naturels<\/strong> : <span class=\"relative -mx-px my-[-0.2rem] rounded px-px py-[0.2rem] transition-colors duration-100 ease-in-out\">pour une saveur agr\u00e9able.<\/span><\/p>\n<\/li>\n<li class=\"\" data-start=\"1004\" data-end=\"1081\">\n<p class=\"\" data-start=\"1006\" data-end=\"1081\"><strong data-start=\"1006\" data-end=\"1039\">Vitamine C (acide ascorbique)<\/strong> : <span class=\"relative -mx-px my-[-0.2rem] rounded px-px py-[0.2rem] transition-colors duration-100 ease-in-out\">favorise la production de collag\u00e8ne dans le corps.<\/span><\/p>\n<\/li>\n<li class=\"\" data-start=\"1082\" data-end=\"1148\">\n<p class=\"\" data-start=\"1084\" data-end=\"1148\"><strong data-start=\"1084\" data-end=\"1106\">Acide hyaluronique<\/strong> : <span class=\"relative -mx-px my-[-0.2rem] rounded px-px py-[0.2rem] transition-colors duration-100 ease-in-out\">aide \u00e0 maintenir l&rsquo;hydratation de la peau.<\/span><\/p>\n<\/li>\n<li class=\"\" data-start=\"1149\" data-end=\"1206\">\n<p class=\"\" data-start=\"1151\" data-end=\"1206\"><strong data-start=\"1151\" data-end=\"1164\">D-Biotine<\/strong> : <span class=\"relative -mx-px my-[-0.2rem] rounded px-px py-[0.2rem] transition-colors duration-100 ease-in-out\">contribue \u00e0 la sant\u00e9 des cheveux et des ongles.<\/span><\/p>\n<\/li>\n<li class=\"\" data-start=\"1207\" data-end=\"1310\">\n<p class=\"\" data-start=\"1209\" data-end=\"1310\"><strong data-start=\"1209\" data-end=\"1222\">Sucralose<\/strong> : <span class=\"relative -mx-px my-[-0.2rem] rounded px-px py-[0.2rem] transition-colors duration-100 ease-in-out\">\u00e9dulcorant sans calories.<\/span>\u200b<\/p>\n<\/li>\n<\/ul>\n","protected":false},"excerpt":{"rendered":"<p>\u200b<span class=\"relative -mx-px my-[-0.2rem] rounded px-px py-[0.2rem] transition-colors duration-100 ease-in-out\">La <strong data-start=\"3\" data-end=\"22\">Collagen Powder<\/strong> d&rsquo;Applied Nutrition est un suppl\u00e9ment de collag\u00e8ne de type 1 hautement purifi\u00e9, con\u00e7u pour soutenir la sant\u00e9 de la peau, des cheveux, des ongles et des articulations.<\/span>\u200b<\/p>\n","protected":false},"featured_media":6174,"template":"","meta":{"site-sidebar-layout":"default","site-content-layout":"","ast-site-content-layout":"default","site-content-style":"default","site-sidebar-style":"default","ast-global-header-display":"","ast-banner-title-visibility":"","ast-main-header-display":"","ast-hfb-above-header-display":"","ast-hfb-below-header-display":"","ast-hfb-mobile-header-display":"","site-post-title":"","ast-breadcrumbs-content":"","ast-featured-img":"","footer-sml-layout":"","theme-transparent-header-meta":"default","adv-header-id-meta":"","stick-header-meta":"","header-above-stick-meta":"","header-main-stick-meta":"","header-below-stick-meta":"","astra-migrate-meta-layouts":"set","ast-page-background-enabled":"default","ast-page-background-meta":{"desktop":{"background-color":"","background-image":"","background-repeat":"repeat","background-position":"center center","background-size":"auto","background-attachment":"scroll","background-type":"","background-media":"","overlay-type":"","overlay-color":"","overlay-opacity":"","overlay-gradient":""},"tablet":{"background-color":"","background-image":"","background-repeat":"repeat","background-position":"center center","background-size":"auto","background-attachment":"scroll","background-type":"","background-media":"","overlay-type":"","overlay-color":"","overlay-opacity":"","overlay-gradient":""},"mobile":{"background-color":"","background-image":"","background-repeat":"repeat","background-position":"center center","background-size":"auto","background-attachment":"scroll","background-type":"","background-media":"","overlay-type":"","overlay-color":"","overlay-opacity":"","overlay-gradient":""}},"ast-content-background-meta":{"desktop":{"background-color":"var(--ast-global-color-5)","background-image":"","background-repeat":"repeat","background-position":"center center","background-size":"auto","background-attachment":"scroll","background-type":"","background-media":"","overlay-type":"","overlay-color":"","overlay-opacity":"","overlay-gradient":""},"tablet":{"background-color":"var(--ast-global-color-5)","background-image":"","background-repeat":"repeat","background-position":"center center","background-size":"auto","background-attachment":"scroll","background-type":"","background-media":"","overlay-type":"","overlay-color":"","overlay-opacity":"","overlay-gradient":""},"mobile":{"background-color":"var(--ast-global-color-5)","background-image":"","background-repeat":"repeat","background-position":"center center","background-size":"auto","background-attachment":"scroll","background-type":"","background-media":"","overlay-type":"","overlay-color":"","overlay-opacity":"","overlay-gradient":""}}},"product_brand":[64],"product_cat":[84,57],"product_tag":[],"class_list":{"0":"post-5616","1":"product","2":"type-product","3":"status-publish","4":"has-post-thumbnail","6":"product_brand-applied-nutrition","7":"product_cat-sante-bien-etre","8":"product_cat-vitamine-mineraux","9":"desktop-align-center","10":"tablet-align-center","11":"mobile-align-center","13":"first","14":"instock","15":"shipping-taxable","16":"purchasable","17":"product-type-simple"},"_links":{"self":[{"href":"https:\/\/dietpartner.shop\/index.php?rest_route=\/wp\/v2\/product\/5616","targetHints":{"allow":["GET"]}}],"collection":[{"href":"https:\/\/dietpartner.shop\/index.php?rest_route=\/wp\/v2\/product"}],"about":[{"href":"https:\/\/dietpartner.shop\/index.php?rest_route=\/wp\/v2\/types\/product"}],"wp:featuredmedia":[{"embeddable":true,"href":"https:\/\/dietpartner.shop\/index.php?rest_route=\/wp\/v2\/media\/6174"}],"wp:attachment":[{"href":"https:\/\/dietpartner.shop\/index.php?rest_route=%2Fwp%2Fv2%2Fmedia&parent=5616"}],"wp:term":[{"taxonomy":"product_brand","embeddable":true,"href":"https:\/\/dietpartner.shop\/index.php?rest_route=%2Fwp%2Fv2%2Fproduct_brand&post=5616"},{"taxonomy":"product_cat","embeddable":true,"href":"https:\/\/dietpartner.shop\/index.php?rest_route=%2Fwp%2Fv2%2Fproduct_cat&post=5616"},{"taxonomy":"product_tag","embeddable":true,"href":"https:\/\/dietpartner.shop\/index.php?rest_route=%2Fwp%2Fv2%2Fproduct_tag&post=5616"}],"curies":[{"name":"wp","href":"https:\/\/api.w.org\/{rel}","templated":true}]}}