{"id":5622,"date":"2025-04-16T11:07:52","date_gmt":"2025-04-16T10:07:52","guid":{"rendered":"https:\/\/dietpartner.shop\/?post_type=product&#038;p=5622"},"modified":"2025-06-23T12:24:32","modified_gmt":"2025-06-23T11:24:32","slug":"l-carnitine-3000-liquid","status":"publish","type":"product","link":"https:\/\/dietpartner.shop\/?product=l-carnitine-3000-liquid","title":{"rendered":"l-CARNITINE 3000 LIQUID"},"content":{"rendered":"<h3 class=\"\" data-start=\"314\" data-end=\"358\"><strong data-start=\"321\" data-end=\"358\">Composition par portion :<\/strong><\/h3>\n<ul data-start=\"359\" data-end=\"736\">\n<li class=\"\" data-start=\"359\" data-end=\"510\">\n<p class=\"\" data-start=\"361\" data-end=\"510\"><strong data-start=\"361\" data-end=\"397\">L-Carnitine L-Tartrate : 3000 mg<\/strong><br data-start=\"397\" data-end=\"400\" \/>\u2192 Favorise le transport des acides gras vers les mitochondries pour leur utilisation comme source d&rsquo;\u00e9nergie.<\/p>\n<\/li>\n<li class=\"\" data-start=\"511\" data-end=\"616\">\n<p class=\"\" data-start=\"513\" data-end=\"616\"><strong data-start=\"513\" data-end=\"544\">Extrait de th\u00e9 vert : 50 mg<\/strong><br data-start=\"544\" data-end=\"547\" \/>\u2192 Antioxydant naturel, il peut soutenir la combustion des graisses.<\/p>\n<\/li>\n<li class=\"\" data-start=\"617\" data-end=\"736\">\n<p class=\"\" data-start=\"619\" data-end=\"736\"><strong data-start=\"619\" data-end=\"641\">Vitamine C : 50 mg<\/strong> (62% des AJR)<br data-start=\"655\" data-end=\"658\" \/>\u2192 Contribue \u00e0 la r\u00e9duction de la fatigue et soutient le syst\u00e8me immunitaire.<\/p>\n<\/li>\n<\/ul>\n<hr class=\"\" data-start=\"738\" data-end=\"741\" \/>\n<h3 class=\"\" data-start=\"743\" data-end=\"767\"><strong data-start=\"749\" data-end=\"767\">Points forts :<\/strong><\/h3>\n<ul data-start=\"768\" data-end=\"1015\">\n<li class=\"\" data-start=\"768\" data-end=\"859\">\n<p class=\"\" data-start=\"770\" data-end=\"859\"><strong data-start=\"770\" data-end=\"805\">Formule liquide hautement dos\u00e9e<\/strong> : Meilleure absorption que les comprim\u00e9s ou capsules.<\/p>\n<\/li>\n<li class=\"\" data-start=\"860\" data-end=\"876\">\n<p class=\"\" data-start=\"862\" data-end=\"876\"><strong data-start=\"862\" data-end=\"876\">Sans sucre<\/strong><\/p>\n<\/li>\n<li class=\"\" data-start=\"877\" data-end=\"907\">\n<p class=\"\" data-start=\"879\" data-end=\"907\"><strong data-start=\"879\" data-end=\"907\">Convient aux v\u00e9g\u00e9tariens<\/strong><\/p>\n<\/li>\n<li class=\"\" data-start=\"908\" data-end=\"928\">\n<p class=\"\" data-start=\"910\" data-end=\"928\"><strong data-start=\"910\" data-end=\"928\">Certifi\u00e9 Halal<\/strong><\/p>\n<\/li>\n<li class=\"\" data-start=\"929\" data-end=\"1015\">\n<p class=\"\" data-start=\"931\" data-end=\"1015\"><strong data-start=\"931\" data-end=\"1015\">Go\u00fbt fruit\u00e9 (souvent disponible en saveurs comme pomme, framboise, citron, etc.)<\/strong><\/p>\n<\/li>\n<\/ul>\n<hr class=\"\" data-start=\"1017\" data-end=\"1020\" \/>\n<h3 class=\"\" data-start=\"1022\" data-end=\"1044\"><strong data-start=\"1029\" data-end=\"1044\">Bienfaits :<\/strong><\/h3>\n<ul data-start=\"1045\" data-end=\"1282\">\n<li class=\"\" data-start=\"1045\" data-end=\"1102\">\n<p class=\"\" data-start=\"1047\" data-end=\"1102\">Stimule la <strong data-start=\"1058\" data-end=\"1085\">combustion des graisses<\/strong> pendant l\u2019effort<\/p>\n<\/li>\n<li class=\"\" data-start=\"1103\" data-end=\"1160\">\n<p class=\"\" data-start=\"1105\" data-end=\"1160\">Am\u00e9liore la <strong data-start=\"1117\" data-end=\"1141\">performance physique<\/strong> et l\u2019<strong data-start=\"1147\" data-end=\"1160\">endurance<\/strong><\/p>\n<\/li>\n<li class=\"\" data-start=\"1161\" data-end=\"1234\">\n<p class=\"\" data-start=\"1163\" data-end=\"1234\">Favorise la <strong data-start=\"1175\" data-end=\"1193\">perte de poids<\/strong> en optimisant le m\u00e9tabolisme \u00e9nerg\u00e9tique<\/p>\n<\/li>\n<li class=\"\" data-start=\"1235\" data-end=\"1282\">\n<p class=\"\" data-start=\"1237\" data-end=\"1282\">R\u00e9duction de la fatigue gr\u00e2ce \u00e0 la vitamine C<\/p>\n<\/li>\n<\/ul>\n","protected":false},"excerpt":{"rendered":"<p class=\"\" data-start=\"138\" data-end=\"189\"><strong data-start=\"138\" data-end=\"165\">L-Carnitine 3000 Liquid<\/strong> \u2013 <strong data-start=\"168\" data-end=\"189\">Applied Nutrition<\/strong><\/p>\n","protected":false},"featured_media":6177,"template":"","meta":{"site-sidebar-layout":"default","site-content-layout":"","ast-site-content-layout":"default","site-content-style":"default","site-sidebar-style":"default","ast-global-header-display":"","ast-banner-title-visibility":"","ast-main-header-display":"","ast-hfb-above-header-display":"","ast-hfb-below-header-display":"","ast-hfb-mobile-header-display":"","site-post-title":"","ast-breadcrumbs-content":"","ast-featured-img":"","footer-sml-layout":"","theme-transparent-header-meta":"default","adv-header-id-meta":"","stick-header-meta":"","header-above-stick-meta":"","header-main-stick-meta":"","header-below-stick-meta":"","astra-migrate-meta-layouts":"set","ast-page-background-enabled":"default","ast-page-background-meta":{"desktop":{"background-color":"","background-image":"","background-repeat":"repeat","background-position":"center center","background-size":"auto","background-attachment":"scroll","background-type":"","background-media":"","overlay-type":"","overlay-color":"","overlay-opacity":"","overlay-gradient":""},"tablet":{"background-color":"","background-image":"","background-repeat":"repeat","background-position":"center center","background-size":"auto","background-attachment":"scroll","background-type":"","background-media":"","overlay-type":"","overlay-color":"","overlay-opacity":"","overlay-gradient":""},"mobile":{"background-color":"","background-image":"","background-repeat":"repeat","background-position":"center center","background-size":"auto","background-attachment":"scroll","background-type":"","background-media":"","overlay-type":"","overlay-color":"","overlay-opacity":"","overlay-gradient":""}},"ast-content-background-meta":{"desktop":{"background-color":"var(--ast-global-color-5)","background-image":"","background-repeat":"repeat","background-position":"center center","background-size":"auto","background-attachment":"scroll","background-type":"","background-media":"","overlay-type":"","overlay-color":"","overlay-opacity":"","overlay-gradient":""},"tablet":{"background-color":"var(--ast-global-color-5)","background-image":"","background-repeat":"repeat","background-position":"center center","background-size":"auto","background-attachment":"scroll","background-type":"","background-media":"","overlay-type":"","overlay-color":"","overlay-opacity":"","overlay-gradient":""},"mobile":{"background-color":"var(--ast-global-color-5)","background-image":"","background-repeat":"repeat","background-position":"center center","background-size":"auto","background-attachment":"scroll","background-type":"","background-media":"","overlay-type":"","overlay-color":"","overlay-opacity":"","overlay-gradient":""}}},"product_brand":[64],"product_cat":[60,80,81],"product_tag":[],"class_list":{"0":"post-5622","1":"product","2":"type-product","3":"status-publish","4":"has-post-thumbnail","6":"product_brand-applied-nutrition","7":"product_cat-bruleurs-de-graisse","8":"product_cat-par-objectifs","9":"product_cat-perte-de-poids","10":"desktop-align-center","11":"tablet-align-center","12":"mobile-align-center","14":"first","15":"outofstock","16":"shipping-taxable","17":"purchasable","18":"product-type-simple"},"_links":{"self":[{"href":"https:\/\/dietpartner.shop\/index.php?rest_route=\/wp\/v2\/product\/5622","targetHints":{"allow":["GET"]}}],"collection":[{"href":"https:\/\/dietpartner.shop\/index.php?rest_route=\/wp\/v2\/product"}],"about":[{"href":"https:\/\/dietpartner.shop\/index.php?rest_route=\/wp\/v2\/types\/product"}],"wp:featuredmedia":[{"embeddable":true,"href":"https:\/\/dietpartner.shop\/index.php?rest_route=\/wp\/v2\/media\/6177"}],"wp:attachment":[{"href":"https:\/\/dietpartner.shop\/index.php?rest_route=%2Fwp%2Fv2%2Fmedia&parent=5622"}],"wp:term":[{"taxonomy":"product_brand","embeddable":true,"href":"https:\/\/dietpartner.shop\/index.php?rest_route=%2Fwp%2Fv2%2Fproduct_brand&post=5622"},{"taxonomy":"product_cat","embeddable":true,"href":"https:\/\/dietpartner.shop\/index.php?rest_route=%2Fwp%2Fv2%2Fproduct_cat&post=5622"},{"taxonomy":"product_tag","embeddable":true,"href":"https:\/\/dietpartner.shop\/index.php?rest_route=%2Fwp%2Fv2%2Fproduct_tag&post=5622"}],"curies":[{"name":"wp","href":"https:\/\/api.w.org\/{rel}","templated":true}]}}