{"id":5624,"date":"2025-04-16T11:18:09","date_gmt":"2025-04-16T10:18:09","guid":{"rendered":"https:\/\/dietpartner.shop\/?post_type=product&#038;p=5624"},"modified":"2025-06-23T12:24:16","modified_gmt":"2025-06-23T11:24:16","slug":"shed-h2o","status":"publish","type":"product","link":"https:\/\/dietpartner.shop\/?product=shed-h2o","title":{"rendered":"SHED-H2O"},"content":{"rendered":"<h3 class=\"\" data-start=\"123\" data-end=\"182\"><strong data-start=\"130\" data-end=\"182\">Ingr\u00e9dients principaux par portion (6 g\u00e9lules) :<\/strong><\/h3>\n<ul data-start=\"184\" data-end=\"1133\">\n<li class=\"\" data-start=\"184\" data-end=\"262\">\n<p class=\"\" data-start=\"186\" data-end=\"262\"><strong data-start=\"186\" data-end=\"224\">Extrait de pissenlit (Taraxacum) :<\/strong> <span class=\"relative -mx-px my-[-0.2rem] rounded px-px py-[0.2rem] transition-colors duration-100 ease-in-out\">2\u202f000 mg \u2013 reconnu pour ses propri\u00e9t\u00e9s diur\u00e9tiques naturelles.<\/span><\/p>\n<\/li>\n<li class=\"\" data-start=\"263\" data-end=\"358\">\n<p class=\"\" data-start=\"265\" data-end=\"358\"><strong data-start=\"265\" data-end=\"320\">Extrait de baies de geni\u00e8vre (Juniperus communis) :<\/strong> <span class=\"relative -mx-px my-[-0.2rem] rounded px-px py-[0.2rem] transition-colors duration-100 ease-in-out\">500 mg \u2013 soutient l&rsquo;\u00e9limination de l&rsquo;exc\u00e8s d&rsquo;eau.<\/span><\/p>\n<\/li>\n<li class=\"\" data-start=\"359\" data-end=\"415\">\n<p class=\"\" data-start=\"361\" data-end=\"415\"><strong data-start=\"361\" data-end=\"377\">Querc\u00e9tine :<\/strong> <span class=\"relative -mx-px my-[-0.2rem] rounded px-px py-[0.2rem] transition-colors duration-100 ease-in-out\">500 mg \u2013 un antioxydant qui peut aider \u00e0 r\u00e9duire l&rsquo;inflammation.<\/span><\/p>\n<\/li>\n<li class=\"\" data-start=\"416\" data-end=\"509\">\n<p class=\"\" data-start=\"418\" data-end=\"509\"><strong data-start=\"418\" data-end=\"471\">Extrait de graines de c\u00e9leri (Apium graveolens) :<\/strong> <span class=\"relative -mx-px my-[-0.2rem] rounded px-px py-[0.2rem] transition-colors duration-100 ease-in-out\">500 mg \u2013 favorise l&rsquo;\u00e9limination des liquides exc\u00e9dentaires.<\/span><\/p>\n<\/li>\n<li class=\"\" data-start=\"510\" data-end=\"584\">\n<p class=\"\" data-start=\"512\" data-end=\"584\"><strong data-start=\"512\" data-end=\"546\">Extrait de pr\u00eale (Equisetum) :<\/strong> <span class=\"relative -mx-px my-[-0.2rem] rounded px-px py-[0.2rem] transition-colors duration-100 ease-in-out\">400 mg \u2013 soutient la sant\u00e9 des tissus conjonctifs.<\/span><\/p>\n<\/li>\n<li class=\"\" data-start=\"585\" data-end=\"653\">\n<p class=\"\" data-start=\"587\" data-end=\"653\"><strong data-start=\"587\" data-end=\"615\">Sel rose de l&rsquo;Himalaya :<\/strong> <span class=\"relative -mx-px my-[-0.2rem] rounded px-px py-[0.2rem] transition-colors duration-100 ease-in-out\">300 mg \u2013 source naturelle de min\u00e9raux.<\/span><\/p>\n<\/li>\n<li class=\"\" data-start=\"654\" data-end=\"744\">\n<p class=\"\" data-start=\"656\" data-end=\"744\"><strong data-start=\"656\" data-end=\"706\">Extrait d&rsquo;Uva Ursi (Arctostaphylos uva-ursi) :<\/strong> <span class=\"relative -mx-px my-[-0.2rem] rounded px-px py-[0.2rem] transition-colors duration-100 ease-in-out\">250 mg \u2013 aide \u00e0 la fonction r\u00e9nale.<\/span><\/p>\n<\/li>\n<li class=\"\" data-start=\"745\" data-end=\"824\">\n<p class=\"\" data-start=\"747\" data-end=\"824\"><strong data-start=\"747\" data-end=\"784\">Extrait d&rsquo;ortie (Urtica dioica) :<\/strong> <span class=\"relative -mx-px my-[-0.2rem] rounded px-px py-[0.2rem] transition-colors duration-100 ease-in-out\">250 mg \u2013 soutient la sant\u00e9 urinaire.<\/span><\/p>\n<\/li>\n<li class=\"\" data-start=\"825\" data-end=\"910\">\n<p class=\"\" data-start=\"827\" data-end=\"910\"><strong data-start=\"827\" data-end=\"870\">Extrait de Buchu (Agathosma betulina) :<\/strong> <span class=\"relative -mx-px my-[-0.2rem] rounded px-px py-[0.2rem] transition-colors duration-100 ease-in-out\">100 mg \u2013 utilis\u00e9 pour ses propri\u00e9t\u00e9s diur\u00e9tiques.<\/span><\/p>\n<\/li>\n<li class=\"\" data-start=\"911\" data-end=\"974\">\n<p class=\"\" data-start=\"913\" data-end=\"974\"><strong data-start=\"913\" data-end=\"934\">Caf\u00e9ine anhydre :<\/strong> <span class=\"relative -mx-px my-[-0.2rem] rounded px-px py-[0.2rem] transition-colors duration-100 ease-in-out\">80 mg \u2013 augmente l&rsquo;\u00e9nergie et la concentration.<\/span><\/p>\n<\/li>\n<li class=\"\" data-start=\"975\" data-end=\"1032\">\n<p class=\"\" data-start=\"977\" data-end=\"1032\"><strong data-start=\"977\" data-end=\"992\">AstraGin\u00ae :<\/strong> <span class=\"relative -mx-px my-[-0.2rem] rounded px-px py-[0.2rem] transition-colors duration-100 ease-in-out\">50 mg \u2013 am\u00e9liore l&rsquo;absorption des nutriments.<\/span><\/p>\n<\/li>\n<li class=\"\" data-start=\"1033\" data-end=\"1133\">\n<p class=\"\" data-start=\"1035\" data-end=\"1133\"><strong data-start=\"1035\" data-end=\"1047\">Chrome :<\/strong> <span class=\"relative -mx-px my-[-0.2rem] rounded px-px py-[0.2rem] transition-colors duration-100 ease-in-out\">600 \u00b5g \u2013 contribue au m\u00e9tabolisme des macronutriments.<\/span><\/p>\n<\/li>\n<\/ul>\n","protected":false},"excerpt":{"rendered":"<p>Le <strong data-start=\"3\" data-end=\"33\">Shed H2O Water Out Complex<\/strong> d&rsquo;<strong data-start=\"36\" data-end=\"57\">Applied Nutrition<\/strong> est un compl\u00e9ment alimentaire con\u00e7u pour aider \u00e0 r\u00e9duire la r\u00e9tention d&rsquo;eau, am\u00e9liorer la d\u00e9finition musculaire et soutenir la performance physique, notamment en pr\u00e9paration de comp\u00e9titions ou lors de phases de s\u00e9chage<\/p>\n","protected":false},"featured_media":6179,"template":"","meta":{"site-sidebar-layout":"default","site-content-layout":"","ast-site-content-layout":"default","site-content-style":"default","site-sidebar-style":"default","ast-global-header-display":"","ast-banner-title-visibility":"","ast-main-header-display":"","ast-hfb-above-header-display":"","ast-hfb-below-header-display":"","ast-hfb-mobile-header-display":"","site-post-title":"","ast-breadcrumbs-content":"","ast-featured-img":"","footer-sml-layout":"","theme-transparent-header-meta":"default","adv-header-id-meta":"","stick-header-meta":"","header-above-stick-meta":"","header-main-stick-meta":"","header-below-stick-meta":"","astra-migrate-meta-layouts":"set","ast-page-background-enabled":"default","ast-page-background-meta":{"desktop":{"background-color":"","background-image":"","background-repeat":"repeat","background-position":"center center","background-size":"auto","background-attachment":"scroll","background-type":"","background-media":"","overlay-type":"","overlay-color":"","overlay-opacity":"","overlay-gradient":""},"tablet":{"background-color":"","background-image":"","background-repeat":"repeat","background-position":"center center","background-size":"auto","background-attachment":"scroll","background-type":"","background-media":"","overlay-type":"","overlay-color":"","overlay-opacity":"","overlay-gradient":""},"mobile":{"background-color":"","background-image":"","background-repeat":"repeat","background-position":"center center","background-size":"auto","background-attachment":"scroll","background-type":"","background-media":"","overlay-type":"","overlay-color":"","overlay-opacity":"","overlay-gradient":""}},"ast-content-background-meta":{"desktop":{"background-color":"var(--ast-global-color-5)","background-image":"","background-repeat":"repeat","background-position":"center center","background-size":"auto","background-attachment":"scroll","background-type":"","background-media":"","overlay-type":"","overlay-color":"","overlay-opacity":"","overlay-gradient":""},"tablet":{"background-color":"var(--ast-global-color-5)","background-image":"","background-repeat":"repeat","background-position":"center center","background-size":"auto","background-attachment":"scroll","background-type":"","background-media":"","overlay-type":"","overlay-color":"","overlay-opacity":"","overlay-gradient":""},"mobile":{"background-color":"var(--ast-global-color-5)","background-image":"","background-repeat":"repeat","background-position":"center center","background-size":"auto","background-attachment":"scroll","background-type":"","background-media":"","overlay-type":"","overlay-color":"","overlay-opacity":"","overlay-gradient":""}}},"product_brand":[64],"product_cat":[60,58],"product_tag":[],"class_list":{"0":"post-5624","1":"product","2":"type-product","3":"status-publish","4":"has-post-thumbnail","6":"product_brand-applied-nutrition","7":"product_cat-bruleurs-de-graisse","8":"product_cat-produits","9":"desktop-align-center","10":"tablet-align-center","11":"mobile-align-center","13":"first","14":"instock","15":"shipping-taxable","16":"purchasable","17":"product-type-simple"},"_links":{"self":[{"href":"https:\/\/dietpartner.shop\/index.php?rest_route=\/wp\/v2\/product\/5624","targetHints":{"allow":["GET"]}}],"collection":[{"href":"https:\/\/dietpartner.shop\/index.php?rest_route=\/wp\/v2\/product"}],"about":[{"href":"https:\/\/dietpartner.shop\/index.php?rest_route=\/wp\/v2\/types\/product"}],"wp:featuredmedia":[{"embeddable":true,"href":"https:\/\/dietpartner.shop\/index.php?rest_route=\/wp\/v2\/media\/6179"}],"wp:attachment":[{"href":"https:\/\/dietpartner.shop\/index.php?rest_route=%2Fwp%2Fv2%2Fmedia&parent=5624"}],"wp:term":[{"taxonomy":"product_brand","embeddable":true,"href":"https:\/\/dietpartner.shop\/index.php?rest_route=%2Fwp%2Fv2%2Fproduct_brand&post=5624"},{"taxonomy":"product_cat","embeddable":true,"href":"https:\/\/dietpartner.shop\/index.php?rest_route=%2Fwp%2Fv2%2Fproduct_cat&post=5624"},{"taxonomy":"product_tag","embeddable":true,"href":"https:\/\/dietpartner.shop\/index.php?rest_route=%2Fwp%2Fv2%2Fproduct_tag&post=5624"}],"curies":[{"name":"wp","href":"https:\/\/api.w.org\/{rel}","templated":true}]}}