{"id":5626,"date":"2025-04-16T11:30:33","date_gmt":"2025-04-16T10:30:33","guid":{"rendered":"https:\/\/dietpartner.shop\/?post_type=product&#038;p=5626"},"modified":"2025-06-15T20:29:40","modified_gmt":"2025-06-15T19:29:40","slug":"shred-x","status":"publish","type":"product","link":"https:\/\/dietpartner.shop\/?product=shred-x","title":{"rendered":"SHRED-X"},"content":{"rendered":"<h3 class=\"\" data-start=\"128\" data-end=\"176\"><strong data-start=\"135\" data-end=\"176\">Ingr\u00e9dients cl\u00e9s par portion (10 g) :<\/strong><\/h3>\n<ul data-start=\"178\" data-end=\"981\">\n<li class=\"\" data-start=\"178\" data-end=\"242\">\n<p class=\"\" data-start=\"180\" data-end=\"242\"><strong data-start=\"180\" data-end=\"202\">Ac\u00e9tyl L-Carnitine<\/strong> : <span class=\"relative -mx-px my-[-0.2rem] rounded px-px py-[0.2rem] transition-colors duration-100 ease-in-out\">3\u202f000 mg \u2013 favorise le transport des graisses vers les mitochondries pour leur transformation en \u00e9nergie.<\/span><\/p>\n<\/li>\n<li class=\"\" data-start=\"243\" data-end=\"335\">\n<p class=\"\" data-start=\"245\" data-end=\"335\"><strong data-start=\"245\" data-end=\"295\">Extrait de th\u00e9 vert (450 mg, 95 % polyph\u00e9nols)<\/strong> : <span class=\"relative -mx-px my-[-0.2rem] rounded px-px py-[0.2rem] transition-colors duration-100 ease-in-out\">450 mg \u2013 contient de l&rsquo;EGCG, un antioxydant puissant qui soutient la thermogen\u00e8se.<\/span><\/p>\n<\/li>\n<li class=\"\" data-start=\"336\" data-end=\"397\">\n<p class=\"\" data-start=\"338\" data-end=\"397\"><strong data-start=\"338\" data-end=\"357\">Caf\u00e9ine anhydre<\/strong> : <span class=\"relative -mx-px my-[-0.2rem] rounded px-px py-[0.2rem] transition-colors duration-100 ease-in-out\">200 mg \u2013 stimule le syst\u00e8me nerveux central, am\u00e9liorant l&rsquo;\u00e9nergie et la concentration.<\/span><\/p>\n<\/li>\n<li class=\"\" data-start=\"398\" data-end=\"454\">\n<p class=\"\" data-start=\"400\" data-end=\"454\"><strong data-start=\"400\" data-end=\"414\">L-Th\u00e9anine<\/strong> : <span class=\"relative -mx-px my-[-0.2rem] rounded px-px py-[0.2rem] transition-colors duration-100 ease-in-out\">300 mg \u2013 att\u00e9nue les effets secondaires de la caf\u00e9ine, favorisant une \u00e9nergie plus stable.<\/span><\/p>\n<\/li>\n<li class=\"\" data-start=\"455\" data-end=\"509\">\n<p class=\"\" data-start=\"457\" data-end=\"509\"><strong data-start=\"457\" data-end=\"469\">Pro GBB\u2122<\/strong> : <span class=\"relative -mx-px my-[-0.2rem] rounded px-px py-[0.2rem] transition-colors duration-100 ease-in-out\">30 mg \u2013 pr\u00e9curseur du L-Carnitine, augmentant sa production naturelle dans le corps.<\/span><\/p>\n<\/li>\n<li class=\"\" data-start=\"510\" data-end=\"563\">\n<p class=\"\" data-start=\"512\" data-end=\"563\"><strong data-start=\"512\" data-end=\"523\">Choline<\/strong> : <span class=\"relative -mx-px my-[-0.2rem] rounded px-px py-[0.2rem] transition-colors duration-100 ease-in-out\">300 mg \u2013 soutient la fonction cognitive et le m\u00e9tabolisme des graisses.<\/span><\/p>\n<\/li>\n<li class=\"\" data-start=\"564\" data-end=\"620\">\n<p class=\"\" data-start=\"566\" data-end=\"620\"><strong data-start=\"566\" data-end=\"580\">L-Tyrosine<\/strong> : <span class=\"relative -mx-px my-[-0.2rem] rounded px-px py-[0.2rem] transition-colors duration-100 ease-in-out\">250 mg \u2013 aide \u00e0 maintenir la performance mentale en p\u00e9riode de stress.<\/span><\/p>\n<\/li>\n<li class=\"\" data-start=\"621\" data-end=\"686\">\n<p class=\"\" data-start=\"623\" data-end=\"686\"><strong data-start=\"623\" data-end=\"644\">Gymnema Sylvestre<\/strong> : <span class=\"relative -mx-px my-[-0.2rem] rounded px-px py-[0.2rem] transition-colors duration-100 ease-in-out\">250 mg \u2013 plante utilis\u00e9e pour ses effets potentiels sur la r\u00e9gulation de la glyc\u00e9mie.<\/span><\/p>\n<\/li>\n<li class=\"\" data-start=\"687\" data-end=\"742\">\n<p class=\"\" data-start=\"689\" data-end=\"742\"><strong data-start=\"689\" data-end=\"700\">Taurine<\/strong> : <span class=\"relative -mx-px my-[-0.2rem] rounded px-px py-[0.2rem] transition-colors duration-100 ease-in-out\">250 mg \u2013 soutient la fonction cardiaque et musculaire.<\/span><\/p>\n<\/li>\n<li class=\"\" data-start=\"743\" data-end=\"806\">\n<p class=\"\" data-start=\"745\" data-end=\"806\"><strong data-start=\"745\" data-end=\"764\">B\u00eata\u00efne anhydre<\/strong> : <span class=\"relative -mx-px my-[-0.2rem] rounded px-px py-[0.2rem] transition-colors duration-100 ease-in-out\">1\u202f500 mg \u2013 peut am\u00e9liorer la performance physique et la composition corporelle.<\/span><\/p>\n<\/li>\n<li class=\"\" data-start=\"807\" data-end=\"876\">\n<p class=\"\" data-start=\"809\" data-end=\"876\"><strong data-start=\"809\" data-end=\"834\">Vitamines B3, B6, B12<\/strong> : <span class=\"relative -mx-px my-[-0.2rem] rounded px-px py-[0.2rem] transition-colors duration-100 ease-in-out\">contribuent \u00e0 r\u00e9duire la fatigue et \u00e0 soutenir le m\u00e9tabolisme \u00e9nerg\u00e9tique.<\/span><\/p>\n<\/li>\n<li class=\"\" data-start=\"877\" data-end=\"981\">\n<p class=\"\" data-start=\"879\" data-end=\"981\"><strong data-start=\"879\" data-end=\"893\">Vitamine C<\/strong> : <span class=\"relative -mx-px my-[-0.2rem] rounded px-px py-[0.2rem] transition-colors duration-100 ease-in-out\">1\u202f000 mg \u2013 antioxydant qui prot\u00e8ge les cellules contre le stress oxydatif.<\/span>\u200b<\/p>\n<\/li>\n<\/ul>\n","protected":false},"excerpt":{"rendered":"<p class=\"\" data-start=\"40\" data-end=\"121\"><span class=\"relative -mx-px my-[-0.2rem] rounded px-px py-[0.2rem] transition-colors duration-100 ease-in-out\">Le <strong data-start=\"3\" data-end=\"14\">Shred-X<\/strong> d&rsquo;<strong data-start=\"17\" data-end=\"38\">Applied Nutrition<\/strong> est un compl\u00e9ment alimentaire thermog\u00e9nique con\u00e7u pour favoriser la combustion des graisses, augmenter l&rsquo;\u00e9nergie et am\u00e9liorer la concentration mentale, particuli\u00e8rement utile lors de phases de perte de poids ou de pr\u00e9paration physique.<\/span>\u200b<\/p>\n","protected":false},"featured_media":6180,"template":"","meta":{"site-sidebar-layout":"default","site-content-layout":"","ast-site-content-layout":"default","site-content-style":"default","site-sidebar-style":"default","ast-global-header-display":"","ast-banner-title-visibility":"","ast-main-header-display":"","ast-hfb-above-header-display":"","ast-hfb-below-header-display":"","ast-hfb-mobile-header-display":"","site-post-title":"","ast-breadcrumbs-content":"","ast-featured-img":"","footer-sml-layout":"","theme-transparent-header-meta":"default","adv-header-id-meta":"","stick-header-meta":"","header-above-stick-meta":"","header-main-stick-meta":"","header-below-stick-meta":"","astra-migrate-meta-layouts":"set","ast-page-background-enabled":"default","ast-page-background-meta":{"desktop":{"background-color":"","background-image":"","background-repeat":"repeat","background-position":"center center","background-size":"auto","background-attachment":"scroll","background-type":"","background-media":"","overlay-type":"","overlay-color":"","overlay-opacity":"","overlay-gradient":""},"tablet":{"background-color":"","background-image":"","background-repeat":"repeat","background-position":"center center","background-size":"auto","background-attachment":"scroll","background-type":"","background-media":"","overlay-type":"","overlay-color":"","overlay-opacity":"","overlay-gradient":""},"mobile":{"background-color":"","background-image":"","background-repeat":"repeat","background-position":"center center","background-size":"auto","background-attachment":"scroll","background-type":"","background-media":"","overlay-type":"","overlay-color":"","overlay-opacity":"","overlay-gradient":""}},"ast-content-background-meta":{"desktop":{"background-color":"var(--ast-global-color-5)","background-image":"","background-repeat":"repeat","background-position":"center center","background-size":"auto","background-attachment":"scroll","background-type":"","background-media":"","overlay-type":"","overlay-color":"","overlay-opacity":"","overlay-gradient":""},"tablet":{"background-color":"var(--ast-global-color-5)","background-image":"","background-repeat":"repeat","background-position":"center center","background-size":"auto","background-attachment":"scroll","background-type":"","background-media":"","overlay-type":"","overlay-color":"","overlay-opacity":"","overlay-gradient":""},"mobile":{"background-color":"var(--ast-global-color-5)","background-image":"","background-repeat":"repeat","background-position":"center center","background-size":"auto","background-attachment":"scroll","background-type":"","background-media":"","overlay-type":"","overlay-color":"","overlay-opacity":"","overlay-gradient":""}}},"product_brand":[64],"product_cat":[60,74],"product_tag":[],"class_list":{"0":"post-5626","1":"product","2":"type-product","3":"status-publish","4":"has-post-thumbnail","6":"product_brand-applied-nutrition","7":"product_cat-bruleurs-de-graisse","8":"product_cat-pre-workout","9":"desktop-align-center","10":"tablet-align-center","11":"mobile-align-center","13":"first","14":"instock","15":"shipping-taxable","16":"purchasable","17":"product-type-simple"},"_links":{"self":[{"href":"https:\/\/dietpartner.shop\/index.php?rest_route=\/wp\/v2\/product\/5626","targetHints":{"allow":["GET"]}}],"collection":[{"href":"https:\/\/dietpartner.shop\/index.php?rest_route=\/wp\/v2\/product"}],"about":[{"href":"https:\/\/dietpartner.shop\/index.php?rest_route=\/wp\/v2\/types\/product"}],"wp:featuredmedia":[{"embeddable":true,"href":"https:\/\/dietpartner.shop\/index.php?rest_route=\/wp\/v2\/media\/6180"}],"wp:attachment":[{"href":"https:\/\/dietpartner.shop\/index.php?rest_route=%2Fwp%2Fv2%2Fmedia&parent=5626"}],"wp:term":[{"taxonomy":"product_brand","embeddable":true,"href":"https:\/\/dietpartner.shop\/index.php?rest_route=%2Fwp%2Fv2%2Fproduct_brand&post=5626"},{"taxonomy":"product_cat","embeddable":true,"href":"https:\/\/dietpartner.shop\/index.php?rest_route=%2Fwp%2Fv2%2Fproduct_cat&post=5626"},{"taxonomy":"product_tag","embeddable":true,"href":"https:\/\/dietpartner.shop\/index.php?rest_route=%2Fwp%2Fv2%2Fproduct_tag&post=5626"}],"curies":[{"name":"wp","href":"https:\/\/api.w.org\/{rel}","templated":true}]}}