{"id":5628,"date":"2025-04-16T11:43:48","date_gmt":"2025-04-16T10:43:48","guid":{"rendered":"https:\/\/dietpartner.shop\/?post_type=product&#038;p=5628"},"modified":"2025-10-18T10:54:49","modified_gmt":"2025-10-18T09:54:49","slug":"abe-all-black-everyting","status":"publish","type":"product","link":"https:\/\/dietpartner.shop\/?product=abe-all-black-everyting","title":{"rendered":"ABE ALL BLACK EVERYTING"},"content":{"rendered":"<h3 class=\"\" data-start=\"128\" data-end=\"178\"><strong data-start=\"135\" data-end=\"178\">Ingr\u00e9dients cl\u00e9s par portion\u00a0<\/strong><\/h3>\n<ul data-start=\"180\" data-end=\"669\">\n<li class=\"\" data-start=\"180\" data-end=\"249\">\n<p class=\"\" data-start=\"182\" data-end=\"249\"><strong data-start=\"182\" data-end=\"209\">Citrulline Malate (2:1)<\/strong> : <span class=\"relative -mx-px my-[-0.2rem] rounded px-px py-[0.2rem] transition-colors duration-100 ease-in-out\">4\u202fg \u2013 am\u00e9liore le flux sanguin et l&rsquo;endurance musculaire.<\/span><\/p>\n<\/li>\n<li class=\"\" data-start=\"250\" data-end=\"316\">\n<p class=\"\" data-start=\"252\" data-end=\"316\"><strong data-start=\"252\" data-end=\"276\">Cr\u00e9atine Monohydrate<\/strong> : <span class=\"relative -mx-px my-[-0.2rem] rounded px-px py-[0.2rem] transition-colors duration-100 ease-in-out\">3,25\u202fg \u2013 augmente la force et la puissance.<\/span><\/p>\n<\/li>\n<li class=\"\" data-start=\"317\" data-end=\"375\">\n<p class=\"\" data-start=\"319\" data-end=\"375\"><strong data-start=\"319\" data-end=\"335\">B\u00eata-Alanine<\/strong> : <span class=\"relative -mx-px my-[-0.2rem] rounded px-px py-[0.2rem] transition-colors duration-100 ease-in-out\">2\u202fg \u2013 retarde l&rsquo;apparition de la fatigue musculaire.<\/span><\/p>\n<\/li>\n<li class=\"\" data-start=\"376\" data-end=\"437\">\n<p class=\"\" data-start=\"378\" data-end=\"437\"><strong data-start=\"378\" data-end=\"397\">Caf\u00e9ine Anhydre<\/strong> : <span class=\"relative -mx-px my-[-0.2rem] rounded px-px py-[0.2rem] transition-colors duration-100 ease-in-out\">200\u202fmg \u2013 stimule l&rsquo;\u00e9nergie et la concentration.<\/span><\/p>\n<\/li>\n<li class=\"\" data-start=\"438\" data-end=\"491\">\n<p class=\"\" data-start=\"440\" data-end=\"491\"><strong data-start=\"440\" data-end=\"451\">Taurine<\/strong> : <span class=\"relative -mx-px my-[-0.2rem] rounded px-px py-[0.2rem] transition-colors duration-100 ease-in-out\">200\u202fmg \u2013 soutient la fonction cardiaque et musculaire.<\/span><\/p>\n<\/li>\n<li class=\"\" data-start=\"492\" data-end=\"547\">\n<p class=\"\" data-start=\"494\" data-end=\"547\"><strong data-start=\"494\" data-end=\"507\">TheaCrine<\/strong> : <span class=\"relative -mx-px my-[-0.2rem] rounded px-px py-[0.2rem] transition-colors duration-100 ease-in-out\">100\u202fmg \u2013 procure une \u00e9nergie durable sans tol\u00e9rance.<\/span><\/p>\n<\/li>\n<li class=\"\" data-start=\"548\" data-end=\"669\">\n<p class=\"\" data-start=\"550\" data-end=\"669\"><strong data-start=\"550\" data-end=\"583\">Vitamines B3 (Niacine) et B12<\/strong> : <span class=\"relative -mx-px my-[-0.2rem] rounded px-px py-[0.2rem] transition-colors duration-100 ease-in-out\">80\u202fmg et 100\u202f\u00b5g respectivement \u2013 r\u00e9duisent la fatigue et soutiennent le m\u00e9tabolisme \u00e9nerg\u00e9tique.<\/span>\u200b<\/p>\n<\/li>\n<\/ul>\n<hr class=\"\" data-start=\"671\" data-end=\"674\" \/>\n<h3 class=\"\" data-start=\"676\" data-end=\"709\"><strong data-start=\"683\" data-end=\"709\">Bienfaits principaux :<\/strong><\/h3>\n<ul data-start=\"711\" data-end=\"1096\">\n<li class=\"\" data-start=\"711\" data-end=\"777\">\n<p class=\"\" data-start=\"713\" data-end=\"777\"><strong data-start=\"713\" data-end=\"735\">Performance accrue<\/strong> : <span class=\"relative -mx-px my-[-0.2rem] rounded px-px py-[0.2rem] transition-colors duration-100 ease-in-out\">optimise l&rsquo;endurance et la force musculaire.<\/span><\/p>\n<\/li>\n<li class=\"\" data-start=\"778\" data-end=\"849\">\n<p class=\"\" data-start=\"780\" data-end=\"849\"><strong data-start=\"780\" data-end=\"807\">R\u00e9duction de la fatigue<\/strong> : <span class=\"relative -mx-px my-[-0.2rem] rounded px-px py-[0.2rem] transition-colors duration-100 ease-in-out\">prolonge la capacit\u00e9 d&rsquo;entra\u00eenement.<\/span><\/p>\n<\/li>\n<li class=\"\" data-start=\"850\" data-end=\"919\">\n<p class=\"\" data-start=\"852\" data-end=\"919\"><strong data-start=\"852\" data-end=\"877\">Concentration mentale<\/strong> : <span class=\"relative -mx-px my-[-0.2rem] rounded px-px py-[0.2rem] transition-colors duration-100 ease-in-out\">am\u00e9liore la focus et la vigilance.<\/span><\/p>\n<\/li>\n<li class=\"\" data-start=\"920\" data-end=\"987\">\n<p class=\"\" data-start=\"922\" data-end=\"987\"><strong data-start=\"922\" data-end=\"945\">Soutien \u00e9nerg\u00e9tique<\/strong> : <span class=\"relative -mx-px my-[-0.2rem] rounded px-px py-[0.2rem] transition-colors duration-100 ease-in-out\">apporte un coup de fouet stimulant.<\/span><\/p>\n<\/li>\n<li class=\"\" data-start=\"988\" data-end=\"1096\">\n<p class=\"\" data-start=\"990\" data-end=\"1096\"><strong data-start=\"990\" data-end=\"1008\">Formule test\u00e9e<\/strong> : <span class=\"relative -mx-px my-[-0.2rem] rounded px-px py-[0.2rem] transition-colors duration-100 ease-in-out\">conforme aux normes de s\u00e9curit\u00e9 et de qualit\u00e9.<\/span>\u200b<\/p>\n<\/li>\n<\/ul>\n","protected":false},"excerpt":{"rendered":"<p><strong data-start=\"3\" data-end=\"33\">ABE \u2013 All Black Everything<\/strong> d\u2019<strong data-start=\"36\" data-end=\"57\">Applied Nutrition<\/strong> est un pr\u00e9-entra\u00eenement ultra-efficace, con\u00e7u pour maximiser vos performances lors des s\u00e9ances intenses.<\/p>\n","protected":false},"featured_media":6184,"template":"","meta":{"site-sidebar-layout":"default","site-content-layout":"","ast-site-content-layout":"default","site-content-style":"default","site-sidebar-style":"default","ast-global-header-display":"","ast-banner-title-visibility":"","ast-main-header-display":"","ast-hfb-above-header-display":"","ast-hfb-below-header-display":"","ast-hfb-mobile-header-display":"","site-post-title":"","ast-breadcrumbs-content":"","ast-featured-img":"","footer-sml-layout":"","theme-transparent-header-meta":"default","adv-header-id-meta":"","stick-header-meta":"","header-above-stick-meta":"","header-main-stick-meta":"","header-below-stick-meta":"","astra-migrate-meta-layouts":"set","ast-page-background-enabled":"default","ast-page-background-meta":{"desktop":{"background-color":"","background-image":"","background-repeat":"repeat","background-position":"center center","background-size":"auto","background-attachment":"scroll","background-type":"","background-media":"","overlay-type":"","overlay-color":"","overlay-opacity":"","overlay-gradient":""},"tablet":{"background-color":"","background-image":"","background-repeat":"repeat","background-position":"center center","background-size":"auto","background-attachment":"scroll","background-type":"","background-media":"","overlay-type":"","overlay-color":"","overlay-opacity":"","overlay-gradient":""},"mobile":{"background-color":"","background-image":"","background-repeat":"repeat","background-position":"center center","background-size":"auto","background-attachment":"scroll","background-type":"","background-media":"","overlay-type":"","overlay-color":"","overlay-opacity":"","overlay-gradient":""}},"ast-content-background-meta":{"desktop":{"background-color":"var(--ast-global-color-5)","background-image":"","background-repeat":"repeat","background-position":"center center","background-size":"auto","background-attachment":"scroll","background-type":"","background-media":"","overlay-type":"","overlay-color":"","overlay-opacity":"","overlay-gradient":""},"tablet":{"background-color":"var(--ast-global-color-5)","background-image":"","background-repeat":"repeat","background-position":"center center","background-size":"auto","background-attachment":"scroll","background-type":"","background-media":"","overlay-type":"","overlay-color":"","overlay-opacity":"","overlay-gradient":""},"mobile":{"background-color":"var(--ast-global-color-5)","background-image":"","background-repeat":"repeat","background-position":"center center","background-size":"auto","background-attachment":"scroll","background-type":"","background-media":"","overlay-type":"","overlay-color":"","overlay-opacity":"","overlay-gradient":""}}},"product_brand":[64],"product_cat":[74],"product_tag":[],"class_list":{"0":"post-5628","1":"product","2":"type-product","3":"status-publish","4":"has-post-thumbnail","6":"product_brand-applied-nutrition","7":"product_cat-pre-workout","8":"desktop-align-center","9":"tablet-align-center","10":"mobile-align-center","12":"first","13":"outofstock","14":"sale","15":"shipping-taxable","16":"purchasable","17":"product-type-simple"},"_links":{"self":[{"href":"https:\/\/dietpartner.shop\/index.php?rest_route=\/wp\/v2\/product\/5628","targetHints":{"allow":["GET"]}}],"collection":[{"href":"https:\/\/dietpartner.shop\/index.php?rest_route=\/wp\/v2\/product"}],"about":[{"href":"https:\/\/dietpartner.shop\/index.php?rest_route=\/wp\/v2\/types\/product"}],"wp:featuredmedia":[{"embeddable":true,"href":"https:\/\/dietpartner.shop\/index.php?rest_route=\/wp\/v2\/media\/6184"}],"wp:attachment":[{"href":"https:\/\/dietpartner.shop\/index.php?rest_route=%2Fwp%2Fv2%2Fmedia&parent=5628"}],"wp:term":[{"taxonomy":"product_brand","embeddable":true,"href":"https:\/\/dietpartner.shop\/index.php?rest_route=%2Fwp%2Fv2%2Fproduct_brand&post=5628"},{"taxonomy":"product_cat","embeddable":true,"href":"https:\/\/dietpartner.shop\/index.php?rest_route=%2Fwp%2Fv2%2Fproduct_cat&post=5628"},{"taxonomy":"product_tag","embeddable":true,"href":"https:\/\/dietpartner.shop\/index.php?rest_route=%2Fwp%2Fv2%2Fproduct_tag&post=5628"}],"curies":[{"name":"wp","href":"https:\/\/api.w.org\/{rel}","templated":true}]}}