{"id":5632,"date":"2025-04-16T13:04:43","date_gmt":"2025-04-16T12:04:43","guid":{"rendered":"https:\/\/dietpartner.shop\/?post_type=product&#038;p=5632"},"modified":"2025-10-07T10:31:46","modified_gmt":"2025-10-07T09:31:46","slug":"crea-fight","status":"publish","type":"product","link":"https:\/\/dietpartner.shop\/?product=crea-fight","title":{"rendered":"CREA FIGHT"},"content":{"rendered":"<h3 class=\"\" data-start=\"123\" data-end=\"164\">Ingr\u00e9dients cl\u00e9s par portion (30 g) :<\/h3>\n<ul data-start=\"166\" data-end=\"1916\">\n<li class=\"\" data-start=\"166\" data-end=\"310\">\n<p class=\"\" data-start=\"168\" data-end=\"182\"><strong data-start=\"168\" data-end=\"180\">Cr\u00e9atine<\/strong> :<\/p>\n<ul data-start=\"185\" data-end=\"310\">\n<li class=\"\" data-start=\"185\" data-end=\"224\">\n<p class=\"\" data-start=\"187\" data-end=\"224\"><span class=\"relative -mx-px my-[-0.2rem] rounded px-px py-[0.2rem] transition-colors duration-100 ease-in-out\">Monohydrate de cr\u00e9atine : 1\u202fg<\/span><\/p>\n<\/li>\n<li class=\"\" data-start=\"227\" data-end=\"310\">\n<p class=\"\" data-start=\"229\" data-end=\"310\"><span class=\"relative -mx-px my-[-0.2rem] rounded px-px py-[0.2rem] transition-colors duration-100 ease-in-out\">Malate de tricr\u00e9atine : 1\u202fg<\/span>\u200b<\/p>\n<\/li>\n<\/ul>\n<\/li>\n<li class=\"\" data-start=\"312\" data-end=\"415\">\n<p class=\"\" data-start=\"314\" data-end=\"329\"><strong data-start=\"314\" data-end=\"327\">Prot\u00e9ines<\/strong> :<\/p>\n<ul data-start=\"332\" data-end=\"415\">\n<li class=\"\" data-start=\"332\" data-end=\"415\">\n<p class=\"\" data-start=\"334\" data-end=\"415\"><span class=\"relative -mx-px my-[-0.2rem] rounded px-px py-[0.2rem] transition-colors duration-100 ease-in-out\">Hydrolysat de prot\u00e9ines de lactos\u00e9rum : 10\u202fg<\/span>\u200b<\/p>\n<\/li>\n<\/ul>\n<\/li>\n<li class=\"\" data-start=\"417\" data-end=\"568\">\n<p class=\"\" data-start=\"419\" data-end=\"438\"><strong data-start=\"419\" data-end=\"436\">Acides amin\u00e9s<\/strong> :<\/p>\n<ul data-start=\"441\" data-end=\"568\">\n<li class=\"\" data-start=\"441\" data-end=\"480\">\n<p class=\"\" data-start=\"443\" data-end=\"480\"><span class=\"relative -mx-px my-[-0.2rem] rounded px-px py-[0.2rem] transition-colors duration-100 ease-in-out\">L-Glutamine : 1\u202fg<\/span><\/p>\n<\/li>\n<li class=\"\" data-start=\"483\" data-end=\"568\">\n<p class=\"\" data-start=\"485\" data-end=\"568\"><span class=\"relative -mx-px my-[-0.2rem] rounded px-px py-[0.2rem] transition-colors duration-100 ease-in-out\">L-Tyrosine : 1\u202fg<\/span>\u200b<\/p>\n<\/li>\n<\/ul>\n<\/li>\n<li class=\"\" data-start=\"570\" data-end=\"731\">\n<p class=\"\" data-start=\"572\" data-end=\"597\"><strong data-start=\"572\" data-end=\"595\">Plantes adaptog\u00e8nes<\/strong> :<\/p>\n<ul data-start=\"600\" data-end=\"731\">\n<li class=\"\" data-start=\"600\" data-end=\"641\">\n<p class=\"\" data-start=\"602\" data-end=\"641\"><span class=\"relative -mx-px my-[-0.2rem] rounded px-px py-[0.2rem] transition-colors duration-100 ease-in-out\">Schizandrol A (extrait de Schisandra) : 200\u202fmg<\/span><\/p>\n<\/li>\n<li class=\"\" data-start=\"644\" data-end=\"731\">\n<p class=\"\" data-start=\"646\" data-end=\"731\"><span class=\"relative -mx-px my-[-0.2rem] rounded px-px py-[0.2rem] transition-colors duration-100 ease-in-out\">Rhodiola rosea (extrait de Rhodiola) : 150\u202fmg<\/span>\u200b<\/p>\n<\/li>\n<\/ul>\n<\/li>\n<li class=\"\" data-start=\"733\" data-end=\"927\">\n<p class=\"\" data-start=\"735\" data-end=\"749\"><strong data-start=\"735\" data-end=\"747\">Min\u00e9raux<\/strong> :<\/p>\n<ul data-start=\"752\" data-end=\"927\">\n<li class=\"\" data-start=\"752\" data-end=\"793\">\n<p class=\"\" data-start=\"754\" data-end=\"793\"><span class=\"relative -mx-px my-[-0.2rem] rounded px-px py-[0.2rem] transition-colors duration-100 ease-in-out\">Magn\u00e9sium : 260\u202fmg<\/span><\/p>\n<\/li>\n<li class=\"\" data-start=\"796\" data-end=\"837\">\n<p class=\"\" data-start=\"798\" data-end=\"837\"><span class=\"relative -mx-px my-[-0.2rem] rounded px-px py-[0.2rem] transition-colors duration-100 ease-in-out\">Calcium : 162\u202fmg<\/span><\/p>\n<\/li>\n<li class=\"\" data-start=\"840\" data-end=\"927\">\n<p class=\"\" data-start=\"842\" data-end=\"927\"><span class=\"relative -mx-px my-[-0.2rem] rounded px-px py-[0.2rem] transition-colors duration-100 ease-in-out\">Phosphore : 125\u202fmg<\/span>\u200b<\/p>\n<\/li>\n<\/ul>\n<\/li>\n<li class=\"\" data-start=\"929\" data-end=\"1916\">\n<p class=\"\" data-start=\"931\" data-end=\"946\"><strong data-start=\"931\" data-end=\"944\">Vitamines<\/strong> :<\/p>\n<ul data-start=\"949\" data-end=\"1916\">\n<li class=\"\" data-start=\"949\" data-end=\"990\">\n<p class=\"\" data-start=\"951\" data-end=\"990\"><span class=\"relative -mx-px my-[-0.2rem] rounded px-px py-[0.2rem] transition-colors duration-100 ease-in-out\">Vitamine C : 80\u202fmg<\/span><\/p>\n<\/li>\n<li class=\"\" data-start=\"993\" data-end=\"1034\">\n<p class=\"\" data-start=\"995\" data-end=\"1034\"><span class=\"relative -mx-px my-[-0.2rem] rounded px-px py-[0.2rem] transition-colors duration-100 ease-in-out\">Niacine (B3) : 16\u202fmg<\/span><\/p>\n<\/li>\n<li class=\"\" data-start=\"1037\" data-end=\"1078\">\n<p class=\"\" data-start=\"1039\" data-end=\"1078\"><span class=\"relative -mx-px my-[-0.2rem] rounded px-px py-[0.2rem] transition-colors duration-100 ease-in-out\">Vitamine E : 12\u202fmg<\/span><\/p>\n<\/li>\n<li class=\"\" data-start=\"1081\" data-end=\"1122\">\n<p class=\"\" data-start=\"1083\" data-end=\"1122\"><span class=\"relative -mx-px my-[-0.2rem] rounded px-px py-[0.2rem] transition-colors duration-100 ease-in-out\">Acide pantoth\u00e9nique (B5) : 6\u202fmg<\/span><\/p>\n<\/li>\n<li class=\"\" data-start=\"1125\" data-end=\"1166\">\n<p class=\"\" data-start=\"1127\" data-end=\"1166\"><span class=\"relative -mx-px my-[-0.2rem] rounded px-px py-[0.2rem] transition-colors duration-100 ease-in-out\">Zinc : 5\u202fmg<\/span><\/p>\n<\/li>\n<li class=\"\" data-start=\"1169\" data-end=\"1210\">\n<p class=\"\" data-start=\"1171\" data-end=\"1210\"><span class=\"relative -mx-px my-[-0.2rem] rounded px-px py-[0.2rem] transition-colors duration-100 ease-in-out\">Fer : 5\u202fmg<\/span><\/p>\n<\/li>\n<li class=\"\" data-start=\"1213\" data-end=\"1254\">\n<p class=\"\" data-start=\"1215\" data-end=\"1254\"><span class=\"relative -mx-px my-[-0.2rem] rounded px-px py-[0.2rem] transition-colors duration-100 ease-in-out\">Vitamine B6 : 1,4\u202fmg<\/span><\/p>\n<\/li>\n<li class=\"\" data-start=\"1257\" data-end=\"1298\">\n<p class=\"\" data-start=\"1259\" data-end=\"1298\"><span class=\"relative -mx-px my-[-0.2rem] rounded px-px py-[0.2rem] transition-colors duration-100 ease-in-out\">Riboflavine (B2) : 1,4\u202fmg<\/span><\/p>\n<\/li>\n<li class=\"\" data-start=\"1301\" data-end=\"1342\">\n<p class=\"\" data-start=\"1303\" data-end=\"1342\"><span class=\"relative -mx-px my-[-0.2rem] rounded px-px py-[0.2rem] transition-colors duration-100 ease-in-out\">B\u00eata-carot\u00e8ne : 1,2\u202fmg<\/span><\/p>\n<\/li>\n<li class=\"\" data-start=\"1345\" data-end=\"1386\">\n<p class=\"\" data-start=\"1347\" data-end=\"1386\"><span class=\"relative -mx-px my-[-0.2rem] rounded px-px py-[0.2rem] transition-colors duration-100 ease-in-out\">Thiamine (B1) : 1,1\u202fmg<\/span><\/p>\n<\/li>\n<li class=\"\" data-start=\"1389\" data-end=\"1430\">\n<p class=\"\" data-start=\"1391\" data-end=\"1430\"><span class=\"relative -mx-px my-[-0.2rem] rounded px-px py-[0.2rem] transition-colors duration-100 ease-in-out\">Cuivre : 1\u202fmg<\/span><\/p>\n<\/li>\n<li class=\"\" data-start=\"1433\" data-end=\"1474\">\n<p class=\"\" data-start=\"1435\" data-end=\"1474\"><span class=\"relative -mx-px my-[-0.2rem] rounded px-px py-[0.2rem] transition-colors duration-100 ease-in-out\">Mangan\u00e8se : 1\u202fmg<\/span><\/p>\n<\/li>\n<li class=\"\" data-start=\"1477\" data-end=\"1518\">\n<p class=\"\" data-start=\"1479\" data-end=\"1518\"><span class=\"relative -mx-px my-[-0.2rem] rounded px-px py-[0.2rem] transition-colors duration-100 ease-in-out\">Vitamine A : 0,6\u202fmg<\/span><\/p>\n<\/li>\n<li class=\"\" data-start=\"1521\" data-end=\"1562\">\n<p class=\"\" data-start=\"1523\" data-end=\"1562\"><span class=\"relative -mx-px my-[-0.2rem] rounded px-px py-[0.2rem] transition-colors duration-100 ease-in-out\">Folate : 0,2\u202fmg<\/span><\/p>\n<\/li>\n<li class=\"\" data-start=\"1565\" data-end=\"1606\">\n<p class=\"\" data-start=\"1567\" data-end=\"1606\"><span class=\"relative -mx-px my-[-0.2rem] rounded px-px py-[0.2rem] transition-colors duration-100 ease-in-out\">Iode : 0,1\u202fmg<\/span><\/p>\n<\/li>\n<li class=\"\" data-start=\"1609\" data-end=\"1650\">\n<p class=\"\" data-start=\"1611\" data-end=\"1650\"><span class=\"relative -mx-px my-[-0.2rem] rounded px-px py-[0.2rem] transition-colors duration-100 ease-in-out\">Biotine : 0,05\u202fmg<\/span><\/p>\n<\/li>\n<li class=\"\" data-start=\"1653\" data-end=\"1694\">\n<p class=\"\" data-start=\"1655\" data-end=\"1694\"><span class=\"relative -mx-px my-[-0.2rem] rounded px-px py-[0.2rem] transition-colors duration-100 ease-in-out\">Vitamine K : 0,3\u202fmg<\/span><\/p>\n<\/li>\n<li class=\"\" data-start=\"1697\" data-end=\"1738\">\n<p class=\"\" data-start=\"1699\" data-end=\"1738\"><span class=\"relative -mx-px my-[-0.2rem] rounded px-px py-[0.2rem] transition-colors duration-100 ease-in-out\">Chrome : 0,028\u202fmg<\/span><\/p>\n<\/li>\n<li class=\"\" data-start=\"1741\" data-end=\"1782\">\n<p class=\"\" data-start=\"1743\" data-end=\"1782\"><span class=\"relative -mx-px my-[-0.2rem] rounded px-px py-[0.2rem] transition-colors duration-100 ease-in-out\">S\u00e9l\u00e9nium : 0,025\u202fmg<\/span><\/p>\n<\/li>\n<li class=\"\" data-start=\"1785\" data-end=\"1826\">\n<p class=\"\" data-start=\"1787\" data-end=\"1826\"><span class=\"relative -mx-px my-[-0.2rem] rounded px-px py-[0.2rem] transition-colors duration-100 ease-in-out\">Molybd\u00e8ne : 0,025\u202fmg<\/span><\/p>\n<\/li>\n<li class=\"\" data-start=\"1829\" data-end=\"1916\">\n<p class=\"\" data-start=\"1831\" data-end=\"1916\"><span class=\"relative -mx-px my-[-0.2rem] rounded px-px py-[0.2rem] transition-colors duration-100 ease-in-out\">Vitamine D3 : 0,005\u202fmg<\/span>\u200b<\/p>\n<\/li>\n<\/ul>\n<\/li>\n<\/ul>\n<h3 class=\"\" data-start=\"1918\" data-end=\"1944\">Bienfaits principaux :<\/h3>\n<ul data-start=\"1946\" data-end=\"2421\">\n<li class=\"\" data-start=\"1946\" data-end=\"2063\">\n<p class=\"\" data-start=\"1948\" data-end=\"2063\"><strong data-start=\"1948\" data-end=\"1975\">R\u00e9cup\u00e9ration musculaire<\/strong> : <span class=\"relative -mx-px my-[-0.2rem] rounded px-px py-[0.2rem] transition-colors duration-100 ease-in-out\">La combinaison de cr\u00e9atine, de prot\u00e9ines hydrolys\u00e9es et d&rsquo;acides amin\u00e9s favorise la r\u00e9paration et la croissance musculaire apr\u00e8s l&rsquo;effort.<\/span>\u200b<\/p>\n<\/li>\n<li class=\"\" data-start=\"2065\" data-end=\"2178\">\n<p class=\"\" data-start=\"2067\" data-end=\"2178\"><strong data-start=\"2067\" data-end=\"2090\">Soutien \u00e9nerg\u00e9tique<\/strong> : <span class=\"relative -mx-px my-[-0.2rem] rounded px-px py-[0.2rem] transition-colors duration-100 ease-in-out\">Les glucides complexes et la cr\u00e9atine fournissent une source d&rsquo;\u00e9nergie rapide et durable pour les muscles.<\/span>\u200b<\/p>\n<\/li>\n<li class=\"\" data-start=\"2180\" data-end=\"2294\">\n<p class=\"\" data-start=\"2182\" data-end=\"2294\"><strong data-start=\"2182\" data-end=\"2206\">Adaptation au stress<\/strong> : <span class=\"relative -mx-px my-[-0.2rem] rounded px-px py-[0.2rem] transition-colors duration-100 ease-in-out\">Les extraits de Schisandra et de Rhodiola aident \u00e0 r\u00e9duire la fatigue et \u00e0 am\u00e9liorer la r\u00e9sistance au stress.<\/span>\u200b<\/p>\n<\/li>\n<li class=\"\" data-start=\"2296\" data-end=\"2421\">\n<p class=\"\" data-start=\"2298\" data-end=\"2421\"><strong data-start=\"2298\" data-end=\"2333\">Soutien immunitaire et hormonal<\/strong> : <span class=\"relative -mx-px my-[-0.2rem] rounded px-px py-[0.2rem] transition-colors duration-100 ease-in-out\">Les vitamines et min\u00e9raux pr\u00e9sents renforcent le syst\u00e8me immunitaire et r\u00e9gulent les fonctions hormonales.<\/span><\/p>\n<\/li>\n<\/ul>\n","protected":false},"excerpt":{"rendered":"<p><strong data-start=\"3\" data-end=\"21\">CREA FIGHT 2.0<\/strong> d&rsquo;<strong data-start=\"24\" data-end=\"42\">IHS Technology<\/strong> est un compl\u00e9ment post-entra\u00eenement con\u00e7u pour optimiser la r\u00e9cup\u00e9ration musculaire, soutenir les processus anaboliques et am\u00e9liorer l&rsquo;absorption des nutriments apr\u00e8s des exercices intenses<\/p>\n","protected":false},"featured_media":6124,"template":"","meta":{"site-sidebar-layout":"default","site-content-layout":"","ast-site-content-layout":"default","site-content-style":"default","site-sidebar-style":"default","ast-global-header-display":"","ast-banner-title-visibility":"","ast-main-header-display":"","ast-hfb-above-header-display":"","ast-hfb-below-header-display":"","ast-hfb-mobile-header-display":"","site-post-title":"","ast-breadcrumbs-content":"","ast-featured-img":"","footer-sml-layout":"","theme-transparent-header-meta":"default","adv-header-id-meta":"","stick-header-meta":"","header-above-stick-meta":"","header-main-stick-meta":"","header-below-stick-meta":"","astra-migrate-meta-layouts":"set","ast-page-background-enabled":"default","ast-page-background-meta":{"desktop":{"background-color":"","background-image":"","background-repeat":"repeat","background-position":"center center","background-size":"auto","background-attachment":"scroll","background-type":"","background-media":"","overlay-type":"","overlay-color":"","overlay-opacity":"","overlay-gradient":""},"tablet":{"background-color":"","background-image":"","background-repeat":"repeat","background-position":"center center","background-size":"auto","background-attachment":"scroll","background-type":"","background-media":"","overlay-type":"","overlay-color":"","overlay-opacity":"","overlay-gradient":""},"mobile":{"background-color":"","background-image":"","background-repeat":"repeat","background-position":"center center","background-size":"auto","background-attachment":"scroll","background-type":"","background-media":"","overlay-type":"","overlay-color":"","overlay-opacity":"","overlay-gradient":""}},"ast-content-background-meta":{"desktop":{"background-color":"var(--ast-global-color-5)","background-image":"","background-repeat":"repeat","background-position":"center center","background-size":"auto","background-attachment":"scroll","background-type":"","background-media":"","overlay-type":"","overlay-color":"","overlay-opacity":"","overlay-gradient":""},"tablet":{"background-color":"var(--ast-global-color-5)","background-image":"","background-repeat":"repeat","background-position":"center center","background-size":"auto","background-attachment":"scroll","background-type":"","background-media":"","overlay-type":"","overlay-color":"","overlay-opacity":"","overlay-gradient":""},"mobile":{"background-color":"var(--ast-global-color-5)","background-image":"","background-repeat":"repeat","background-position":"center center","background-size":"auto","background-attachment":"scroll","background-type":"","background-media":"","overlay-type":"","overlay-color":"","overlay-opacity":"","overlay-gradient":""}}},"product_brand":[71],"product_cat":[76],"product_tag":[],"class_list":{"0":"post-5632","1":"product","2":"type-product","3":"status-publish","4":"has-post-thumbnail","6":"product_brand-ihs","7":"product_cat-creatine","8":"desktop-align-center","9":"tablet-align-center","10":"mobile-align-center","12":"first","13":"outofstock","14":"shipping-taxable","15":"purchasable","16":"product-type-simple"},"_links":{"self":[{"href":"https:\/\/dietpartner.shop\/index.php?rest_route=\/wp\/v2\/product\/5632","targetHints":{"allow":["GET"]}}],"collection":[{"href":"https:\/\/dietpartner.shop\/index.php?rest_route=\/wp\/v2\/product"}],"about":[{"href":"https:\/\/dietpartner.shop\/index.php?rest_route=\/wp\/v2\/types\/product"}],"wp:featuredmedia":[{"embeddable":true,"href":"https:\/\/dietpartner.shop\/index.php?rest_route=\/wp\/v2\/media\/6124"}],"wp:attachment":[{"href":"https:\/\/dietpartner.shop\/index.php?rest_route=%2Fwp%2Fv2%2Fmedia&parent=5632"}],"wp:term":[{"taxonomy":"product_brand","embeddable":true,"href":"https:\/\/dietpartner.shop\/index.php?rest_route=%2Fwp%2Fv2%2Fproduct_brand&post=5632"},{"taxonomy":"product_cat","embeddable":true,"href":"https:\/\/dietpartner.shop\/index.php?rest_route=%2Fwp%2Fv2%2Fproduct_cat&post=5632"},{"taxonomy":"product_tag","embeddable":true,"href":"https:\/\/dietpartner.shop\/index.php?rest_route=%2Fwp%2Fv2%2Fproduct_tag&post=5632"}],"curies":[{"name":"wp","href":"https:\/\/api.w.org\/{rel}","templated":true}]}}