{"id":5636,"date":"2025-04-16T13:17:54","date_gmt":"2025-04-16T12:17:54","guid":{"rendered":"https:\/\/dietpartner.shop\/?post_type=product&#038;p=5636"},"modified":"2025-09-23T18:52:54","modified_gmt":"2025-09-23T17:52:54","slug":"creatine-bpi-600g","status":"publish","type":"product","link":"https:\/\/dietpartner.shop\/?product=creatine-bpi-600g","title":{"rendered":"MICRONIZED CREATINE BPI 600G"},"content":{"rendered":"<h3 class=\"\" data-start=\"123\" data-end=\"161\">Composition par portion (5 g) :<\/h3>\n<ul data-start=\"163\" data-end=\"285\">\n<li class=\"\" data-start=\"163\" data-end=\"285\">\n<p class=\"\" data-start=\"165\" data-end=\"285\"><strong data-start=\"165\" data-end=\"201\">Cr\u00e9atine monohydrat\u00e9e micronis\u00e9e<\/strong> : <span class=\"relative -mx-px my-[-0.2rem] rounded px-px py-[0.2rem] transition-colors duration-100 ease-in-out\">5 g<\/span>\u200b<\/p>\n<\/li>\n<\/ul>\n<p class=\"\" data-start=\"287\" data-end=\"368\"><span class=\"relative -mx-px my-[-0.2rem] rounded px-px py-[0.2rem] transition-colors duration-100 ease-in-out\">La forme micronis\u00e9e de la cr\u00e9atine permet une meilleure solubilit\u00e9 et une absorption plus rapide par les muscles, optimisant ainsi ses effets.<\/span>\u200b<\/p>\n<h3 class=\"\" data-start=\"370\" data-end=\"398\">\u00a0Bienfaits principaux :<\/h3>\n<ul data-start=\"400\" data-end=\"754\">\n<li class=\"\" data-start=\"400\" data-end=\"481\">\n<p class=\"\" data-start=\"402\" data-end=\"481\"><strong data-start=\"402\" data-end=\"441\">Augmentation de la force musculaire<\/strong> : <span class=\"relative -mx-px my-[-0.2rem] rounded px-px py-[0.2rem] transition-colors duration-100 ease-in-out\">Am\u00e9liore la capacit\u00e9 \u00e0 r\u00e9aliser des efforts intenses.<\/span><\/p>\n<\/li>\n<li class=\"\" data-start=\"482\" data-end=\"549\">\n<p class=\"\" data-start=\"484\" data-end=\"549\"><strong data-start=\"484\" data-end=\"509\">Croissance musculaire<\/strong> : <span class=\"relative -mx-px my-[-0.2rem] rounded px-px py-[0.2rem] transition-colors duration-100 ease-in-out\">Favorise le d\u00e9veloppement de la masse musculaire maigre.<\/span><\/p>\n<\/li>\n<li class=\"\" data-start=\"550\" data-end=\"618\">\n<p class=\"\" data-start=\"552\" data-end=\"618\"><strong data-start=\"552\" data-end=\"578\">R\u00e9cup\u00e9ration optimis\u00e9e<\/strong> : <span class=\"relative -mx-px my-[-0.2rem] rounded px-px py-[0.2rem] transition-colors duration-100 ease-in-out\">R\u00e9duit le temps de r\u00e9cup\u00e9ration entre les s\u00e9ances d&rsquo;entra\u00eenement.<\/span><\/p>\n<\/li>\n<li class=\"\" data-start=\"619\" data-end=\"754\">\n<p class=\"\" data-start=\"621\" data-end=\"754\"><strong data-start=\"621\" data-end=\"666\">Am\u00e9lioration des performances athl\u00e9tiques<\/strong> : <span class=\"relative -mx-px my-[-0.2rem] rounded px-px py-[0.2rem] transition-colors duration-100 ease-in-out\">Augmente l&rsquo;endurance et la puissance musculaire.<\/span><\/p>\n<\/li>\n<\/ul>\n","protected":false},"excerpt":{"rendered":"<p><strong data-start=\"3\" data-end=\"42\">BPI Sports Micronized Creatine 600g<\/strong> est un suppl\u00e9ment de cr\u00e9atine monohydrat\u00e9e de haute qualit\u00e9, con\u00e7u pour am\u00e9liorer la performance physique, augmenter la force musculaire et acc\u00e9l\u00e9rer la r\u00e9cup\u00e9ration apr\u00e8s l&rsquo;effor<\/p>\n","protected":false},"featured_media":6123,"template":"","meta":{"site-sidebar-layout":"default","site-content-layout":"","ast-site-content-layout":"default","site-content-style":"default","site-sidebar-style":"default","ast-global-header-display":"","ast-banner-title-visibility":"","ast-main-header-display":"","ast-hfb-above-header-display":"","ast-hfb-below-header-display":"","ast-hfb-mobile-header-display":"","site-post-title":"","ast-breadcrumbs-content":"","ast-featured-img":"","footer-sml-layout":"","theme-transparent-header-meta":"default","adv-header-id-meta":"","stick-header-meta":"","header-above-stick-meta":"","header-main-stick-meta":"","header-below-stick-meta":"","astra-migrate-meta-layouts":"set","ast-page-background-enabled":"default","ast-page-background-meta":{"desktop":{"background-color":"","background-image":"","background-repeat":"repeat","background-position":"center center","background-size":"auto","background-attachment":"scroll","background-type":"","background-media":"","overlay-type":"","overlay-color":"","overlay-opacity":"","overlay-gradient":""},"tablet":{"background-color":"","background-image":"","background-repeat":"repeat","background-position":"center center","background-size":"auto","background-attachment":"scroll","background-type":"","background-media":"","overlay-type":"","overlay-color":"","overlay-opacity":"","overlay-gradient":""},"mobile":{"background-color":"","background-image":"","background-repeat":"repeat","background-position":"center center","background-size":"auto","background-attachment":"scroll","background-type":"","background-media":"","overlay-type":"","overlay-color":"","overlay-opacity":"","overlay-gradient":""}},"ast-content-background-meta":{"desktop":{"background-color":"var(--ast-global-color-5)","background-image":"","background-repeat":"repeat","background-position":"center center","background-size":"auto","background-attachment":"scroll","background-type":"","background-media":"","overlay-type":"","overlay-color":"","overlay-opacity":"","overlay-gradient":""},"tablet":{"background-color":"var(--ast-global-color-5)","background-image":"","background-repeat":"repeat","background-position":"center center","background-size":"auto","background-attachment":"scroll","background-type":"","background-media":"","overlay-type":"","overlay-color":"","overlay-opacity":"","overlay-gradient":""},"mobile":{"background-color":"var(--ast-global-color-5)","background-image":"","background-repeat":"repeat","background-position":"center center","background-size":"auto","background-attachment":"scroll","background-type":"","background-media":"","overlay-type":"","overlay-color":"","overlay-opacity":"","overlay-gradient":""}}},"product_brand":[69],"product_cat":[76],"product_tag":[],"class_list":{"0":"post-5636","1":"product","2":"type-product","3":"status-publish","4":"has-post-thumbnail","6":"product_brand-bpi-sports","7":"product_cat-creatine","8":"desktop-align-center","9":"tablet-align-center","10":"mobile-align-center","12":"first","13":"outofstock","14":"shipping-taxable","15":"purchasable","16":"product-type-simple"},"_links":{"self":[{"href":"https:\/\/dietpartner.shop\/index.php?rest_route=\/wp\/v2\/product\/5636","targetHints":{"allow":["GET"]}}],"collection":[{"href":"https:\/\/dietpartner.shop\/index.php?rest_route=\/wp\/v2\/product"}],"about":[{"href":"https:\/\/dietpartner.shop\/index.php?rest_route=\/wp\/v2\/types\/product"}],"wp:featuredmedia":[{"embeddable":true,"href":"https:\/\/dietpartner.shop\/index.php?rest_route=\/wp\/v2\/media\/6123"}],"wp:attachment":[{"href":"https:\/\/dietpartner.shop\/index.php?rest_route=%2Fwp%2Fv2%2Fmedia&parent=5636"}],"wp:term":[{"taxonomy":"product_brand","embeddable":true,"href":"https:\/\/dietpartner.shop\/index.php?rest_route=%2Fwp%2Fv2%2Fproduct_brand&post=5636"},{"taxonomy":"product_cat","embeddable":true,"href":"https:\/\/dietpartner.shop\/index.php?rest_route=%2Fwp%2Fv2%2Fproduct_cat&post=5636"},{"taxonomy":"product_tag","embeddable":true,"href":"https:\/\/dietpartner.shop\/index.php?rest_route=%2Fwp%2Fv2%2Fproduct_tag&post=5636"}],"curies":[{"name":"wp","href":"https:\/\/api.w.org\/{rel}","templated":true}]}}