{"id":5639,"date":"2025-04-16T18:12:40","date_gmt":"2025-04-16T17:12:40","guid":{"rendered":"https:\/\/dietpartner.shop\/?post_type=product&#038;p=5639"},"modified":"2026-02-23T23:40:47","modified_gmt":"2026-02-23T22:40:47","slug":"gold-standard-100-whey","status":"publish","type":"product","link":"https:\/\/dietpartner.shop\/?product=gold-standard-100-whey","title":{"rendered":"GOLD STANDARD 100% WHEY"},"content":{"rendered":"<h3 class=\"\" data-start=\"123\" data-end=\"172\">Composition par portion :<\/h3>\n<ul data-start=\"174\" data-end=\"489\">\n<li class=\"\" data-start=\"174\" data-end=\"229\">\n<p class=\"\" data-start=\"176\" data-end=\"229\"><strong data-start=\"176\" data-end=\"189\">Prot\u00e9ines<\/strong> : <span class=\"relative -mx-px my-[-0.2rem] rounded px-px py-[0.2rem] transition-colors duration-100 ease-in-out\">24 g provenant de whey isolate, concentr\u00e9e et hydrolys\u00e9e.<\/span><\/p>\n<\/li>\n<li class=\"\" data-start=\"230\" data-end=\"280\">\n<p class=\"\" data-start=\"232\" data-end=\"280\"><strong data-start=\"232\" data-end=\"240\">BCAA<\/strong> : <span class=\"relative -mx-px my-[-0.2rem] rounded px-px py-[0.2rem] transition-colors duration-100 ease-in-out\">5,5 g<\/span><\/p>\n<\/li>\n<li class=\"\" data-start=\"281\" data-end=\"336\">\n<p class=\"\" data-start=\"283\" data-end=\"336\"><strong data-start=\"283\" data-end=\"296\">Glutamine<\/strong> : <span class=\"relative -mx-px my-[-0.2rem] rounded px-px py-[0.2rem] transition-colors duration-100 ease-in-out\">4 g<\/span><\/p>\n<\/li>\n<li class=\"\" data-start=\"337\" data-end=\"391\">\n<p class=\"\" data-start=\"339\" data-end=\"391\"><strong data-start=\"339\" data-end=\"351\">Glucides<\/strong> : <span class=\"relative -mx-px my-[-0.2rem] rounded px-px py-[0.2rem] transition-colors duration-100 ease-in-out\">moins de 1,5 g<\/span><\/p>\n<\/li>\n<li class=\"\" data-start=\"392\" data-end=\"489\">\n<p class=\"\" data-start=\"394\" data-end=\"489\"><strong data-start=\"394\" data-end=\"405\">Lipides<\/strong> : <span class=\"relative -mx-px my-[-0.2rem] rounded px-px py-[0.2rem] transition-colors duration-100 ease-in-out\">moins de 1 g<\/span>\u200b<\/p>\n<\/li>\n<\/ul>\n<p class=\"\" data-start=\"491\" data-end=\"574\"><span class=\"relative -mx-px my-[-0.2rem] rounded px-px py-[0.2rem] transition-colors duration-100 ease-in-out\">Cette combinaison assure une absorption rapide, id\u00e9ale apr\u00e8s l&rsquo;entra\u00eenement pour favoriser la r\u00e9cup\u00e9ration musculaire.<\/span>\u200b<\/p>\n<h3 class=\"\" data-start=\"576\" data-end=\"596\">\u00a0Points forts :<\/h3>\n<ul data-start=\"598\" data-end=\"925\">\n<li class=\"\" data-start=\"598\" data-end=\"659\">\n<p class=\"\" data-start=\"600\" data-end=\"659\"><strong data-start=\"600\" data-end=\"617\">Haute qualit\u00e9<\/strong> : <span class=\"relative -mx-px my-[-0.2rem] rounded px-px py-[0.2rem] transition-colors duration-100 ease-in-out\">M\u00e9lange de whey isolate, concentr\u00e9e et hydrolys\u00e9e pour une absorption optimale.<\/span><\/p>\n<\/li>\n<li class=\"\" data-start=\"660\" data-end=\"736\">\n<p class=\"\" data-start=\"662\" data-end=\"736\"><strong data-start=\"662\" data-end=\"694\">Faible en sucres et graisses<\/strong> : <span class=\"relative -mx-px my-[-0.2rem] rounded px-px py-[0.2rem] transition-colors duration-100 ease-in-out\">Convient aux objectifs de prise de masse s\u00e8che ou de contr\u00f4le du poids.<\/span><\/p>\n<\/li>\n<li class=\"\" data-start=\"737\" data-end=\"814\">\n<p class=\"\" data-start=\"739\" data-end=\"814\"><strong data-start=\"739\" data-end=\"772\">Enrichie en BCAA et glutamine<\/strong> : <span class=\"relative -mx-px my-[-0.2rem] rounded px-px py-[0.2rem] transition-colors duration-100 ease-in-out\">Soutient la synth\u00e8se prot\u00e9ique et la r\u00e9cup\u00e9ration.<\/span><\/p>\n<\/li>\n<li class=\"\" data-start=\"815\" data-end=\"925\">\n<p class=\"\" data-start=\"817\" data-end=\"925\"><strong data-start=\"817\" data-end=\"837\">Facile \u00e0 dig\u00e9rer<\/strong> : <span class=\"relative -mx-px my-[-0.2rem] rounded px-px py-[0.2rem] transition-colors duration-100 ease-in-out\">Contient des enzymes digestives pour r\u00e9duire les inconforts.<\/span>\u200b<\/p>\n<\/li>\n<\/ul>\n","protected":false},"excerpt":{"rendered":"<p><span class=\"relative -mx-px my-[-0.2rem] rounded px-px py-[0.2rem] transition-colors duration-100 ease-in-out\"> <strong data-start=\"3\" data-end=\"30\">Gold Standard 100% Whey<\/strong> d&rsquo;<strong data-start=\"33\" data-end=\"54\">Optimum Nutrition<\/strong> est l&rsquo;une des prot\u00e9ines en poudre les plus populaires et les plus recommand\u00e9es pour la prise de masse musculaire, la r\u00e9cup\u00e9ration et le maintien de la masse maigre.<\/span>\u200b<\/p>\n","protected":false},"featured_media":6148,"template":"","meta":{"site-sidebar-layout":"default","site-content-layout":"","ast-site-content-layout":"default","site-content-style":"default","site-sidebar-style":"default","ast-global-header-display":"","ast-banner-title-visibility":"","ast-main-header-display":"","ast-hfb-above-header-display":"","ast-hfb-below-header-display":"","ast-hfb-mobile-header-display":"","site-post-title":"","ast-breadcrumbs-content":"","ast-featured-img":"","footer-sml-layout":"","theme-transparent-header-meta":"default","adv-header-id-meta":"","stick-header-meta":"","header-above-stick-meta":"","header-main-stick-meta":"","header-below-stick-meta":"","astra-migrate-meta-layouts":"set","ast-page-background-enabled":"default","ast-page-background-meta":{"desktop":{"background-color":"","background-image":"","background-repeat":"repeat","background-position":"center center","background-size":"auto","background-attachment":"scroll","background-type":"","background-media":"","overlay-type":"","overlay-color":"","overlay-opacity":"","overlay-gradient":""},"tablet":{"background-color":"","background-image":"","background-repeat":"repeat","background-position":"center center","background-size":"auto","background-attachment":"scroll","background-type":"","background-media":"","overlay-type":"","overlay-color":"","overlay-opacity":"","overlay-gradient":""},"mobile":{"background-color":"","background-image":"","background-repeat":"repeat","background-position":"center center","background-size":"auto","background-attachment":"scroll","background-type":"","background-media":"","overlay-type":"","overlay-color":"","overlay-opacity":"","overlay-gradient":""}},"ast-content-background-meta":{"desktop":{"background-color":"var(--ast-global-color-5)","background-image":"","background-repeat":"repeat","background-position":"center center","background-size":"auto","background-attachment":"scroll","background-type":"","background-media":"","overlay-type":"","overlay-color":"","overlay-opacity":"","overlay-gradient":""},"tablet":{"background-color":"var(--ast-global-color-5)","background-image":"","background-repeat":"repeat","background-position":"center center","background-size":"auto","background-attachment":"scroll","background-type":"","background-media":"","overlay-type":"","overlay-color":"","overlay-opacity":"","overlay-gradient":""},"mobile":{"background-color":"var(--ast-global-color-5)","background-image":"","background-repeat":"repeat","background-position":"center center","background-size":"auto","background-attachment":"scroll","background-type":"","background-media":"","overlay-type":"","overlay-color":"","overlay-opacity":"","overlay-gradient":""}}},"product_brand":[70],"product_cat":[59],"product_tag":[],"class_list":{"0":"post-5639","1":"product","2":"type-product","3":"status-publish","4":"has-post-thumbnail","6":"product_brand-optimum-nutrition","7":"product_cat-whey-proteine","8":"desktop-align-center","9":"tablet-align-center","10":"mobile-align-center","12":"first","13":"instock","14":"shipping-taxable","15":"purchasable","16":"product-type-simple"},"_links":{"self":[{"href":"https:\/\/dietpartner.shop\/index.php?rest_route=\/wp\/v2\/product\/5639","targetHints":{"allow":["GET"]}}],"collection":[{"href":"https:\/\/dietpartner.shop\/index.php?rest_route=\/wp\/v2\/product"}],"about":[{"href":"https:\/\/dietpartner.shop\/index.php?rest_route=\/wp\/v2\/types\/product"}],"wp:featuredmedia":[{"embeddable":true,"href":"https:\/\/dietpartner.shop\/index.php?rest_route=\/wp\/v2\/media\/6148"}],"wp:attachment":[{"href":"https:\/\/dietpartner.shop\/index.php?rest_route=%2Fwp%2Fv2%2Fmedia&parent=5639"}],"wp:term":[{"taxonomy":"product_brand","embeddable":true,"href":"https:\/\/dietpartner.shop\/index.php?rest_route=%2Fwp%2Fv2%2Fproduct_brand&post=5639"},{"taxonomy":"product_cat","embeddable":true,"href":"https:\/\/dietpartner.shop\/index.php?rest_route=%2Fwp%2Fv2%2Fproduct_cat&post=5639"},{"taxonomy":"product_tag","embeddable":true,"href":"https:\/\/dietpartner.shop\/index.php?rest_route=%2Fwp%2Fv2%2Fproduct_tag&post=5639"}],"curies":[{"name":"wp","href":"https:\/\/api.w.org\/{rel}","templated":true}]}}