{"id":5641,"date":"2025-04-16T18:38:33","date_gmt":"2025-04-16T17:38:33","guid":{"rendered":"https:\/\/dietpartner.shop\/?post_type=product&#038;p=5641"},"modified":"2026-03-22T15:27:26","modified_gmt":"2026-03-22T14:27:26","slug":"serious-mass","status":"publish","type":"product","link":"https:\/\/dietpartner.shop\/?product=serious-mass","title":{"rendered":"SERIOUS MASS"},"content":{"rendered":"<h3 class=\"\" data-start=\"161\" data-end=\"224\">Composition nutritionnelle par portion :<\/h3>\n<ul data-start=\"226\" data-end=\"772\">\n<li class=\"\" data-start=\"226\" data-end=\"280\">\n<p class=\"\" data-start=\"228\" data-end=\"280\"><strong data-start=\"228\" data-end=\"240\">Calories<\/strong> : <span class=\"relative -mx-px my-[-0.2rem] rounded px-px py-[0.2rem] transition-colors duration-100 ease-in-out\">environ 1263 kcal<\/span><\/p>\n<\/li>\n<li class=\"\" data-start=\"281\" data-end=\"336\">\n<p class=\"\" data-start=\"283\" data-end=\"336\"><strong data-start=\"283\" data-end=\"296\">Prot\u00e9ines<\/strong> : <span class=\"relative -mx-px my-[-0.2rem] rounded px-px py-[0.2rem] transition-colors duration-100 ease-in-out\">50 g (provenant de prot\u00e9ines de lactos\u00e9rum et de cas\u00e9inate de calcium)<\/span><\/p>\n<\/li>\n<li class=\"\" data-start=\"337\" data-end=\"391\">\n<p class=\"\" data-start=\"339\" data-end=\"391\"><strong data-start=\"339\" data-end=\"351\">Glucides<\/strong> : <span class=\"relative -mx-px my-[-0.2rem] rounded px-px py-[0.2rem] transition-colors duration-100 ease-in-out\">environ 251 g<\/span><\/p>\n<\/li>\n<li class=\"\" data-start=\"392\" data-end=\"445\">\n<p class=\"\" data-start=\"394\" data-end=\"445\"><strong data-start=\"394\" data-end=\"405\">Lipides<\/strong> : <span class=\"relative -mx-px my-[-0.2rem] rounded px-px py-[0.2rem] transition-colors duration-100 ease-in-out\">5,5 g<\/span><\/p>\n<\/li>\n<li class=\"\" data-start=\"446\" data-end=\"513\">\n<p class=\"\" data-start=\"448\" data-end=\"513\"><strong data-start=\"448\" data-end=\"473\">Cr\u00e9atine monohydrat\u00e9e<\/strong> : <span class=\"relative -mx-px my-[-0.2rem] rounded px-px py-[0.2rem] transition-colors duration-100 ease-in-out\">3 g<\/span><\/p>\n<\/li>\n<li class=\"\" data-start=\"514\" data-end=\"569\">\n<p class=\"\" data-start=\"516\" data-end=\"569\"><strong data-start=\"516\" data-end=\"529\">Glutamine<\/strong> : <span class=\"relative -mx-px my-[-0.2rem] rounded px-px py-[0.2rem] transition-colors duration-100 ease-in-out\">8 g<\/span><\/p>\n<\/li>\n<li class=\"\" data-start=\"570\" data-end=\"656\">\n<p class=\"\" data-start=\"572\" data-end=\"656\"><strong data-start=\"572\" data-end=\"614\">BCAA (acides amin\u00e9s \u00e0 cha\u00eene ramifi\u00e9e)<\/strong> : <span class=\"relative -mx-px my-[-0.2rem] rounded px-px py-[0.2rem] transition-colors duration-100 ease-in-out\">11 g<\/span><\/p>\n<\/li>\n<li class=\"\" data-start=\"657\" data-end=\"772\">\n<p class=\"\" data-start=\"659\" data-end=\"772\"><strong data-start=\"659\" data-end=\"684\">Vitamines et min\u00e9raux<\/strong> : <span class=\"relative -mx-px my-[-0.2rem] rounded px-px py-[0.2rem] transition-colors duration-100 ease-in-out\">contient 25 vitamines et min\u00e9raux essentiels, dont les vitamines A, C, D, E, les vitamines B (B1, B2, B6, B12, acide folique, biotine, acide pantoth\u00e9nique), ainsi que des min\u00e9raux tels que le calcium, le fer, le magn\u00e9sium, le zinc, le cuivre, le mangan\u00e8se, le s\u00e9l\u00e9nium, le chrome, le fluorure, le molybd\u00e8ne et l&rsquo;iode.<\/span>\u200b<\/p>\n<\/li>\n<\/ul>\n<h3 class=\"\" data-start=\"774\" data-end=\"802\">\u00a0Avantages principaux :<\/h3>\n<ul data-start=\"804\" data-end=\"1189\">\n<li class=\"\" data-start=\"804\" data-end=\"874\">\n<p class=\"\" data-start=\"806\" data-end=\"874\"><strong data-start=\"806\" data-end=\"832\">Apport calorique \u00e9lev\u00e9<\/strong> : <span class=\"relative -mx-px my-[-0.2rem] rounded px-px py-[0.2rem] transition-colors duration-100 ease-in-out\">fournit une quantit\u00e9 significative de calories pour soutenir la prise de masse.<\/span><\/p>\n<\/li>\n<li class=\"\" data-start=\"875\" data-end=\"949\">\n<p class=\"\" data-start=\"877\" data-end=\"949\"><strong data-start=\"877\" data-end=\"907\">Prot\u00e9ines de haute qualit\u00e9<\/strong> : <span class=\"relative -mx-px my-[-0.2rem] rounded px-px py-[0.2rem] transition-colors duration-100 ease-in-out\">contribuent \u00e0 la construction et \u00e0 la r\u00e9paration musculaire.<\/span><\/p>\n<\/li>\n<li class=\"\" data-start=\"950\" data-end=\"1016\">\n<p class=\"\" data-start=\"952\" data-end=\"1016\"><strong data-start=\"952\" data-end=\"974\">Glucides complexes<\/strong> : <span class=\"relative -mx-px my-[-0.2rem] rounded px-px py-[0.2rem] transition-colors duration-100 ease-in-out\">aident \u00e0 reconstituer les r\u00e9serves de glycog\u00e8ne musculaire apr\u00e8s l&rsquo;exercice.<\/span><\/p>\n<\/li>\n<li class=\"\" data-start=\"1017\" data-end=\"1073\">\n<p class=\"\" data-start=\"1019\" data-end=\"1073\"><strong data-start=\"1019\" data-end=\"1031\">Cr\u00e9atine<\/strong> : <span class=\"relative -mx-px my-[-0.2rem] rounded px-px py-[0.2rem] transition-colors duration-100 ease-in-out\">am\u00e9liore la performance lors d&rsquo;efforts intenses et courts.<\/span><\/p>\n<\/li>\n<li class=\"\" data-start=\"1074\" data-end=\"1189\">\n<p class=\"\" data-start=\"1076\" data-end=\"1189\"><strong data-start=\"1076\" data-end=\"1101\">Vitamines et min\u00e9raux<\/strong> : <span class=\"relative -mx-px my-[-0.2rem] rounded px-px py-[0.2rem] transition-colors duration-100 ease-in-out\">soutiennent diverses fonctions corporelles, y compris le m\u00e9tabolisme \u00e9nerg\u00e9tique et la fonction immunitaire.<\/span>\u200b<\/p>\n<\/li>\n<\/ul>\n","protected":false},"excerpt":{"rendered":"<p><span class=\"relative -mx-px my-[-0.2rem] rounded px-px py-[0.2rem] transition-colors duration-100 ease-in-out\"><strong data-start=\"3\" data-end=\"19\">Serious Mass<\/strong> d&rsquo;<strong data-start=\"22\" data-end=\"43\">Optimum Nutrition<\/strong> est un gainer hautement calorique con\u00e7u pour soutenir la prise de masse musculaire et le d\u00e9veloppement de la force.<\/span> <span class=\"relative -mx-px my-[-0.2rem] rounded px-px py-[0.2rem] transition-colors duration-100 ease-in-out\">Il est particuli\u00e8rement adapt\u00e9 aux athl\u00e8tes ayant un m\u00e9tabolisme rapide ou ceux cherchant \u00e0 augmenter leur apport calorique quotidien.<\/span><\/p>\n","protected":false},"featured_media":6155,"template":"","meta":{"site-sidebar-layout":"default","site-content-layout":"","ast-site-content-layout":"default","site-content-style":"default","site-sidebar-style":"default","ast-global-header-display":"","ast-banner-title-visibility":"","ast-main-header-display":"","ast-hfb-above-header-display":"","ast-hfb-below-header-display":"","ast-hfb-mobile-header-display":"","site-post-title":"","ast-breadcrumbs-content":"","ast-featured-img":"","footer-sml-layout":"","theme-transparent-header-meta":"default","adv-header-id-meta":"","stick-header-meta":"","header-above-stick-meta":"","header-main-stick-meta":"","header-below-stick-meta":"","astra-migrate-meta-layouts":"set","ast-page-background-enabled":"default","ast-page-background-meta":{"desktop":{"background-color":"","background-image":"","background-repeat":"repeat","background-position":"center center","background-size":"auto","background-attachment":"scroll","background-type":"","background-media":"","overlay-type":"","overlay-color":"","overlay-opacity":"","overlay-gradient":""},"tablet":{"background-color":"","background-image":"","background-repeat":"repeat","background-position":"center center","background-size":"auto","background-attachment":"scroll","background-type":"","background-media":"","overlay-type":"","overlay-color":"","overlay-opacity":"","overlay-gradient":""},"mobile":{"background-color":"","background-image":"","background-repeat":"repeat","background-position":"center center","background-size":"auto","background-attachment":"scroll","background-type":"","background-media":"","overlay-type":"","overlay-color":"","overlay-opacity":"","overlay-gradient":""}},"ast-content-background-meta":{"desktop":{"background-color":"var(--ast-global-color-5)","background-image":"","background-repeat":"repeat","background-position":"center center","background-size":"auto","background-attachment":"scroll","background-type":"","background-media":"","overlay-type":"","overlay-color":"","overlay-opacity":"","overlay-gradient":""},"tablet":{"background-color":"var(--ast-global-color-5)","background-image":"","background-repeat":"repeat","background-position":"center center","background-size":"auto","background-attachment":"scroll","background-type":"","background-media":"","overlay-type":"","overlay-color":"","overlay-opacity":"","overlay-gradient":""},"mobile":{"background-color":"var(--ast-global-color-5)","background-image":"","background-repeat":"repeat","background-position":"center center","background-size":"auto","background-attachment":"scroll","background-type":"","background-media":"","overlay-type":"","overlay-color":"","overlay-opacity":"","overlay-gradient":""}}},"product_brand":[70],"product_cat":[77],"product_tag":[],"class_list":{"0":"post-5641","1":"product","2":"type-product","3":"status-publish","4":"has-post-thumbnail","6":"product_brand-optimum-nutrition","7":"product_cat-mass-gainer","8":"desktop-align-center","9":"tablet-align-center","10":"mobile-align-center","12":"first","13":"instock","14":"shipping-taxable","15":"purchasable","16":"product-type-simple"},"_links":{"self":[{"href":"https:\/\/dietpartner.shop\/index.php?rest_route=\/wp\/v2\/product\/5641","targetHints":{"allow":["GET"]}}],"collection":[{"href":"https:\/\/dietpartner.shop\/index.php?rest_route=\/wp\/v2\/product"}],"about":[{"href":"https:\/\/dietpartner.shop\/index.php?rest_route=\/wp\/v2\/types\/product"}],"wp:featuredmedia":[{"embeddable":true,"href":"https:\/\/dietpartner.shop\/index.php?rest_route=\/wp\/v2\/media\/6155"}],"wp:attachment":[{"href":"https:\/\/dietpartner.shop\/index.php?rest_route=%2Fwp%2Fv2%2Fmedia&parent=5641"}],"wp:term":[{"taxonomy":"product_brand","embeddable":true,"href":"https:\/\/dietpartner.shop\/index.php?rest_route=%2Fwp%2Fv2%2Fproduct_brand&post=5641"},{"taxonomy":"product_cat","embeddable":true,"href":"https:\/\/dietpartner.shop\/index.php?rest_route=%2Fwp%2Fv2%2Fproduct_cat&post=5641"},{"taxonomy":"product_tag","embeddable":true,"href":"https:\/\/dietpartner.shop\/index.php?rest_route=%2Fwp%2Fv2%2Fproduct_tag&post=5641"}],"curies":[{"name":"wp","href":"https:\/\/api.w.org\/{rel}","templated":true}]}}