{"id":5645,"date":"2025-04-16T18:48:34","date_gmt":"2025-04-16T17:48:34","guid":{"rendered":"https:\/\/dietpartner.shop\/?post_type=product&#038;p=5645"},"modified":"2025-10-07T10:07:49","modified_gmt":"2025-10-07T09:07:49","slug":"micronized-creatin-powder","status":"publish","type":"product","link":"https:\/\/dietpartner.shop\/?product=micronized-creatin-powder","title":{"rendered":"MICRONIZED CREATINE POWDER"},"content":{"rendered":"<p>&nbsp;<\/p>\n<h3 class=\"\" data-start=\"123\" data-end=\"163\">Composition par portion (3,4 g) :<\/h3>\n<ul data-start=\"165\" data-end=\"338\">\n<li class=\"\" data-start=\"165\" data-end=\"338\">\n<p class=\"\" data-start=\"167\" data-end=\"232\"><strong data-start=\"167\" data-end=\"192\">Cr\u00e9atine monohydrat\u00e9e<\/strong> : <span class=\"relative -mx-px my-[-0.2rem] rounded px-px py-[0.2rem] transition-colors duration-100 ease-in-out\">3,4 g<\/span><\/p>\n<ul data-start=\"235\" data-end=\"338\">\n<li class=\"\" data-start=\"235\" data-end=\"338\">\n<p class=\"\" data-start=\"237\" data-end=\"338\"><strong data-start=\"237\" data-end=\"254\">Cr\u00e9atine pure<\/strong> : <span class=\"relative -mx-px my-[-0.2rem] rounded px-px py-[0.2rem] transition-colors duration-100 ease-in-out\">3,0 g<\/span>\u200b<\/p>\n<\/li>\n<\/ul>\n<\/li>\n<\/ul>\n<p class=\"\" data-start=\"340\" data-end=\"421\"><span class=\"relative -mx-px my-[-0.2rem] rounded px-px py-[0.2rem] transition-colors duration-100 ease-in-out\">La forme micronis\u00e9e de la cr\u00e9atine permet une meilleure solubilit\u00e9 et une absorption plus rapide par les muscles, optimisant ainsi ses effets.<\/span>\u200b<\/p>\n<h3 class=\"\" data-start=\"423\" data-end=\"451\">\u00a0Avantages principaux :<\/h3>\n<ul data-start=\"453\" data-end=\"809\">\n<li class=\"\" data-start=\"453\" data-end=\"534\">\n<p class=\"\" data-start=\"455\" data-end=\"534\"><strong data-start=\"455\" data-end=\"494\">Augmentation de la force musculaire<\/strong> : <span class=\"relative -mx-px my-[-0.2rem] rounded px-px py-[0.2rem] transition-colors duration-100 ease-in-out\">Am\u00e9liore la capacit\u00e9 \u00e0 r\u00e9aliser des efforts intenses.<\/span><\/p>\n<\/li>\n<li class=\"\" data-start=\"535\" data-end=\"602\">\n<p class=\"\" data-start=\"537\" data-end=\"602\"><strong data-start=\"537\" data-end=\"562\">Croissance musculaire<\/strong> : <span class=\"relative -mx-px my-[-0.2rem] rounded px-px py-[0.2rem] transition-colors duration-100 ease-in-out\">Favorise le d\u00e9veloppement de la masse musculaire maigre.<\/span><\/p>\n<\/li>\n<li class=\"\" data-start=\"603\" data-end=\"673\">\n<p class=\"\" data-start=\"605\" data-end=\"673\"><strong data-start=\"605\" data-end=\"631\">R\u00e9cup\u00e9ration optimis\u00e9e<\/strong> : <span class=\"relative -mx-px my-[-0.2rem] rounded px-px py-[0.2rem] transition-colors duration-100 ease-in-out\">R\u00e9duit le temps de r\u00e9cup\u00e9ration entre les s\u00e9ances d&rsquo;entra\u00eenement.<\/span><\/p>\n<\/li>\n<li class=\"\" data-start=\"674\" data-end=\"809\">\n<p class=\"\" data-start=\"676\" data-end=\"809\"><strong data-start=\"676\" data-end=\"721\">Am\u00e9lioration des performances athl\u00e9tiques<\/strong> : <span class=\"relative -mx-px my-[-0.2rem] rounded px-px py-[0.2rem] transition-colors duration-100 ease-in-out\">Augmente l&rsquo;endurance et la puissance musculaire.<\/span><\/p>\n<\/li>\n<\/ul>\n","protected":false},"excerpt":{"rendered":"<p><strong data-start=\"3\" data-end=\"33\">Micronized Creatine Powder<\/strong> d&rsquo;<strong data-start=\"36\" data-end=\"57\">Optimum Nutrition<\/strong> est une cr\u00e9atine monohydrat\u00e9e micronis\u00e9e de haute qualit\u00e9, con\u00e7ue pour am\u00e9liorer la performance physique, augmenter la force musculaire et acc\u00e9l\u00e9rer la r\u00e9cup\u00e9ration apr\u00e8s l&rsquo;effort.<\/p>\n","protected":false},"featured_media":6134,"template":"","meta":{"site-sidebar-layout":"default","site-content-layout":"","ast-site-content-layout":"default","site-content-style":"default","site-sidebar-style":"default","ast-global-header-display":"","ast-banner-title-visibility":"","ast-main-header-display":"","ast-hfb-above-header-display":"","ast-hfb-below-header-display":"","ast-hfb-mobile-header-display":"","site-post-title":"","ast-breadcrumbs-content":"","ast-featured-img":"","footer-sml-layout":"","theme-transparent-header-meta":"default","adv-header-id-meta":"","stick-header-meta":"","header-above-stick-meta":"","header-main-stick-meta":"","header-below-stick-meta":"","astra-migrate-meta-layouts":"set","ast-page-background-enabled":"default","ast-page-background-meta":{"desktop":{"background-color":"","background-image":"","background-repeat":"repeat","background-position":"center center","background-size":"auto","background-attachment":"scroll","background-type":"","background-media":"","overlay-type":"","overlay-color":"","overlay-opacity":"","overlay-gradient":""},"tablet":{"background-color":"","background-image":"","background-repeat":"repeat","background-position":"center center","background-size":"auto","background-attachment":"scroll","background-type":"","background-media":"","overlay-type":"","overlay-color":"","overlay-opacity":"","overlay-gradient":""},"mobile":{"background-color":"","background-image":"","background-repeat":"repeat","background-position":"center center","background-size":"auto","background-attachment":"scroll","background-type":"","background-media":"","overlay-type":"","overlay-color":"","overlay-opacity":"","overlay-gradient":""}},"ast-content-background-meta":{"desktop":{"background-color":"var(--ast-global-color-5)","background-image":"","background-repeat":"repeat","background-position":"center center","background-size":"auto","background-attachment":"scroll","background-type":"","background-media":"","overlay-type":"","overlay-color":"","overlay-opacity":"","overlay-gradient":""},"tablet":{"background-color":"var(--ast-global-color-5)","background-image":"","background-repeat":"repeat","background-position":"center center","background-size":"auto","background-attachment":"scroll","background-type":"","background-media":"","overlay-type":"","overlay-color":"","overlay-opacity":"","overlay-gradient":""},"mobile":{"background-color":"var(--ast-global-color-5)","background-image":"","background-repeat":"repeat","background-position":"center center","background-size":"auto","background-attachment":"scroll","background-type":"","background-media":"","overlay-type":"","overlay-color":"","overlay-opacity":"","overlay-gradient":""}}},"product_brand":[70],"product_cat":[76],"product_tag":[],"class_list":{"0":"post-5645","1":"product","2":"type-product","3":"status-publish","4":"has-post-thumbnail","6":"product_brand-optimum-nutrition","7":"product_cat-creatine","8":"desktop-align-center","9":"tablet-align-center","10":"mobile-align-center","12":"first","13":"instock","14":"shipping-taxable","15":"purchasable","16":"product-type-simple"},"_links":{"self":[{"href":"https:\/\/dietpartner.shop\/index.php?rest_route=\/wp\/v2\/product\/5645","targetHints":{"allow":["GET"]}}],"collection":[{"href":"https:\/\/dietpartner.shop\/index.php?rest_route=\/wp\/v2\/product"}],"about":[{"href":"https:\/\/dietpartner.shop\/index.php?rest_route=\/wp\/v2\/types\/product"}],"wp:featuredmedia":[{"embeddable":true,"href":"https:\/\/dietpartner.shop\/index.php?rest_route=\/wp\/v2\/media\/6134"}],"wp:attachment":[{"href":"https:\/\/dietpartner.shop\/index.php?rest_route=%2Fwp%2Fv2%2Fmedia&parent=5645"}],"wp:term":[{"taxonomy":"product_brand","embeddable":true,"href":"https:\/\/dietpartner.shop\/index.php?rest_route=%2Fwp%2Fv2%2Fproduct_brand&post=5645"},{"taxonomy":"product_cat","embeddable":true,"href":"https:\/\/dietpartner.shop\/index.php?rest_route=%2Fwp%2Fv2%2Fproduct_cat&post=5645"},{"taxonomy":"product_tag","embeddable":true,"href":"https:\/\/dietpartner.shop\/index.php?rest_route=%2Fwp%2Fv2%2Fproduct_tag&post=5645"}],"curies":[{"name":"wp","href":"https:\/\/api.w.org\/{rel}","templated":true}]}}