{"id":5653,"date":"2025-04-16T19:12:44","date_gmt":"2025-04-16T18:12:44","guid":{"rendered":"https:\/\/dietpartner.shop\/?post_type=product&#038;p=5653"},"modified":"2026-01-12T12:38:39","modified_gmt":"2026-01-12T11:38:39","slug":"opti-men","status":"publish","type":"product","link":"https:\/\/dietpartner.shop\/?product=opti-men","title":{"rendered":"OPTI-MEN"},"content":{"rendered":"<h3 class=\"\" data-start=\"161\" data-end=\"203\">Principaux ingr\u00e9dients et bienfaits<\/h3>\n<ul data-start=\"205\" data-end=\"741\">\n<li class=\"\" data-start=\"205\" data-end=\"308\">\n<p class=\"\" data-start=\"207\" data-end=\"308\"><strong data-start=\"207\" data-end=\"224\">M\u00e9lange Amin\u00e9<\/strong> : <span class=\"relative -mx-px my-[-0.2rem] rounded px-px py-[0.2rem] transition-colors duration-100 ease-in-out\">contient 8 acides amin\u00e9s sous forme libre, tels que la glutamine, l&rsquo;arginine et les BCAA, essentiels pour la croissance musculaire et la r\u00e9cup\u00e9ration.<\/span><\/p>\n<\/li>\n<li class=\"\" data-start=\"310\" data-end=\"413\">\n<p class=\"\" data-start=\"312\" data-end=\"413\"><strong data-start=\"312\" data-end=\"329\">M\u00e9lange Viril<\/strong> : <span class=\"relative -mx-px my-[-0.2rem] rounded px-px py-[0.2rem] transition-colors duration-100 ease-in-out\">comprend 8 extraits botaniques et marins, con\u00e7us pour am\u00e9liorer la condition masculine.<\/span>\u200b<\/p>\n<\/li>\n<li class=\"\" data-start=\"415\" data-end=\"518\">\n<p class=\"\" data-start=\"417\" data-end=\"518\"><strong data-start=\"417\" data-end=\"434\">M\u00e9lange Phyto<\/strong> : <span class=\"relative -mx-px my-[-0.2rem] rounded px-px py-[0.2rem] transition-colors duration-100 ease-in-out\">renferme plus de 20 antioxydants provenant de fruits et de concentr\u00e9s v\u00e9g\u00e9taux, contribuant \u00e0 combattre les radicaux libres.<\/span>\u200b<\/p>\n<\/li>\n<li class=\"\" data-start=\"520\" data-end=\"633\">\n<p class=\"\" data-start=\"522\" data-end=\"633\"><strong data-start=\"522\" data-end=\"545\">M\u00e9lange Enzymatique<\/strong> : <span class=\"relative -mx-px my-[-0.2rem] rounded px-px py-[0.2rem] transition-colors duration-100 ease-in-out\">compos\u00e9 de 4 enzymes sp\u00e9cifiques pour am\u00e9liorer la digestion et l&rsquo;absorption des nutriments.<\/span>\u200b<\/p>\n<\/li>\n<li class=\"\" data-start=\"635\" data-end=\"741\">\n<p class=\"\" data-start=\"637\" data-end=\"741\"><strong data-start=\"637\" data-end=\"653\">M\u00e9lange Opti<\/strong> : <span class=\"relative -mx-px my-[-0.2rem] rounded px-px py-[0.2rem] transition-colors duration-100 ease-in-out\">fournit 25 vitamines et min\u00e9raux essentiels, avec un accent particulier sur les antioxydants et les vitamines B, pour soutenir le m\u00e9tabolisme \u00e9nerg\u00e9tique et r\u00e9duire la fatigue.<\/span><\/p>\n<\/li>\n<\/ul>\n","protected":false},"excerpt":{"rendered":"<p><span class=\"relative -mx-px my-[-0.2rem] rounded px-px py-[0.2rem] transition-colors duration-100 ease-in-out\"><strong data-start=\"0\" data-end=\"12\" data-is-only-node=\"\">Opti-Men<\/strong><\/span><span class=\"relative -mx-px my-[-0.2rem] rounded px-px py-[0.2rem] transition-colors duration-100 ease-in-out\"> d&rsquo;<\/span><span class=\"relative -mx-px my-[-0.2rem] rounded px-px py-[0.2rem] transition-colors duration-100 ease-in-out\"><strong data-start=\"15\" data-end=\"36\">Optimum Nutrition<\/strong><\/span><span class=\"relative -mx-px my-[-0.2rem] rounded px-px py-[0.2rem] transition-colors duration-100 ease-in-out\"> est un multivitamine complet con\u00e7u pour r\u00e9pondre aux besoins nutritionnels des hommes actifs.<\/span> <span class=\"relative -mx-px my-[-0.2rem] rounded px-px py-[0.2rem] transition-colors duration-100 ease-in-out\">Il combine plus de 75 ingr\u00e9dients actifs, dont des vitamines, des min\u00e9raux, des acides amin\u00e9s, des extraits botaniques et des antioxydants, pour soutenir la sant\u00e9 g\u00e9n\u00e9rale, la performance physique et le bien-\u00eatre quotidien<\/span><\/p>\n","protected":false},"featured_media":6053,"template":"","meta":{"site-sidebar-layout":"default","site-content-layout":"","ast-site-content-layout":"default","site-content-style":"default","site-sidebar-style":"default","ast-global-header-display":"","ast-banner-title-visibility":"","ast-main-header-display":"","ast-hfb-above-header-display":"","ast-hfb-below-header-display":"","ast-hfb-mobile-header-display":"","site-post-title":"","ast-breadcrumbs-content":"","ast-featured-img":"","footer-sml-layout":"","theme-transparent-header-meta":"default","adv-header-id-meta":"","stick-header-meta":"","header-above-stick-meta":"","header-main-stick-meta":"","header-below-stick-meta":"","astra-migrate-meta-layouts":"set","ast-page-background-enabled":"default","ast-page-background-meta":{"desktop":{"background-color":"","background-image":"","background-repeat":"repeat","background-position":"center center","background-size":"auto","background-attachment":"scroll","background-type":"","background-media":"","overlay-type":"","overlay-color":"","overlay-opacity":"","overlay-gradient":""},"tablet":{"background-color":"","background-image":"","background-repeat":"repeat","background-position":"center center","background-size":"auto","background-attachment":"scroll","background-type":"","background-media":"","overlay-type":"","overlay-color":"","overlay-opacity":"","overlay-gradient":""},"mobile":{"background-color":"","background-image":"","background-repeat":"repeat","background-position":"center center","background-size":"auto","background-attachment":"scroll","background-type":"","background-media":"","overlay-type":"","overlay-color":"","overlay-opacity":"","overlay-gradient":""}},"ast-content-background-meta":{"desktop":{"background-color":"var(--ast-global-color-5)","background-image":"","background-repeat":"repeat","background-position":"center center","background-size":"auto","background-attachment":"scroll","background-type":"","background-media":"","overlay-type":"","overlay-color":"","overlay-opacity":"","overlay-gradient":""},"tablet":{"background-color":"var(--ast-global-color-5)","background-image":"","background-repeat":"repeat","background-position":"center center","background-size":"auto","background-attachment":"scroll","background-type":"","background-media":"","overlay-type":"","overlay-color":"","overlay-opacity":"","overlay-gradient":""},"mobile":{"background-color":"var(--ast-global-color-5)","background-image":"","background-repeat":"repeat","background-position":"center center","background-size":"auto","background-attachment":"scroll","background-type":"","background-media":"","overlay-type":"","overlay-color":"","overlay-opacity":"","overlay-gradient":""}}},"product_brand":[70],"product_cat":[57],"product_tag":[],"class_list":{"0":"post-5653","1":"product","2":"type-product","3":"status-publish","4":"has-post-thumbnail","6":"product_brand-optimum-nutrition","7":"product_cat-vitamine-mineraux","8":"desktop-align-center","9":"tablet-align-center","10":"mobile-align-center","12":"first","13":"instock","14":"shipping-taxable","15":"purchasable","16":"product-type-simple"},"_links":{"self":[{"href":"https:\/\/dietpartner.shop\/index.php?rest_route=\/wp\/v2\/product\/5653","targetHints":{"allow":["GET"]}}],"collection":[{"href":"https:\/\/dietpartner.shop\/index.php?rest_route=\/wp\/v2\/product"}],"about":[{"href":"https:\/\/dietpartner.shop\/index.php?rest_route=\/wp\/v2\/types\/product"}],"wp:featuredmedia":[{"embeddable":true,"href":"https:\/\/dietpartner.shop\/index.php?rest_route=\/wp\/v2\/media\/6053"}],"wp:attachment":[{"href":"https:\/\/dietpartner.shop\/index.php?rest_route=%2Fwp%2Fv2%2Fmedia&parent=5653"}],"wp:term":[{"taxonomy":"product_brand","embeddable":true,"href":"https:\/\/dietpartner.shop\/index.php?rest_route=%2Fwp%2Fv2%2Fproduct_brand&post=5653"},{"taxonomy":"product_cat","embeddable":true,"href":"https:\/\/dietpartner.shop\/index.php?rest_route=%2Fwp%2Fv2%2Fproduct_cat&post=5653"},{"taxonomy":"product_tag","embeddable":true,"href":"https:\/\/dietpartner.shop\/index.php?rest_route=%2Fwp%2Fv2%2Fproduct_tag&post=5653"}],"curies":[{"name":"wp","href":"https:\/\/api.w.org\/{rel}","templated":true}]}}