{"id":5659,"date":"2025-04-17T14:15:43","date_gmt":"2025-04-17T13:15:43","guid":{"rendered":"https:\/\/dietpartner.shop\/?post_type=product&#038;p=5659"},"modified":"2025-10-03T21:50:23","modified_gmt":"2025-10-03T20:50:23","slug":"diet-whey-protein","status":"publish","type":"product","link":"https:\/\/dietpartner.shop\/?product=diet-whey-protein","title":{"rendered":"DIET WHEY PROTEIN"},"content":{"rendered":"<h3 class=\"\" data-start=\"926\" data-end=\"978\">Valeurs nutritionnelles (par portion de 25 g)<\/h3>\n<div class=\"group pointer-events-none relative flex justify-center *:pointer-events-auto\">\n<p>&nbsp;<\/p>\n<div class=\"tableContainer horzScrollShadows relative\">\n<table class=\"min-w-full\" data-start=\"980\" data-end=\"1894\">\n<thead data-start=\"980\" data-end=\"1026\">\n<tr data-start=\"980\" data-end=\"1026\">\n<th data-start=\"980\" data-end=\"1002\">Nutriment<\/th>\n<th data-start=\"1002\" data-end=\"1026\">Quantit\u00e9 par portion<\/th>\n<\/tr>\n<\/thead>\n<tbody data-start=\"1074\" data-end=\"1894\">\n<tr data-start=\"1074\" data-end=\"1184\">\n<td class=\"max-w-[calc(var(--thread-content-max-width)*2\/3)]\" data-start=\"1074\" data-end=\"1128\"><span class=\"relative -mx-px my-[-0.2rem] rounded px-px py-[0.2rem] transition-colors duration-100 ease-in-out\">\u00c9nergie<\/span><\/td>\n<td class=\"max-w-[calc(var(--thread-content-max-width)*2\/3)]\" data-start=\"1128\" data-end=\"1184\"><span class=\"relative -mx-px my-[-0.2rem] rounded px-px py-[0.2rem] transition-colors duration-100 ease-in-out\">82 kcal<\/span><\/td>\n<\/tr>\n<tr data-start=\"1185\" data-end=\"1296\">\n<td class=\"max-w-[calc(var(--thread-content-max-width)*2\/3)]\" data-start=\"1185\" data-end=\"1237\"><span class=\"relative -mx-px my-[-0.2rem] rounded px-px py-[0.2rem] transition-colors duration-100 ease-in-out\">Prot\u00e9ines<\/span><\/td>\n<td class=\"max-w-[calc(var(--thread-content-max-width)*2\/3)]\" data-start=\"1237\" data-end=\"1296\"><span class=\"relative -mx-px my-[-0.2rem] rounded px-px py-[0.2rem] transition-colors duration-100 ease-in-out\">20 g<\/span><\/td>\n<\/tr>\n<tr data-start=\"1297\" data-end=\"1407\">\n<td class=\"max-w-[calc(var(--thread-content-max-width)*2\/3)]\" data-start=\"1297\" data-end=\"1350\"><span class=\"relative -mx-px my-[-0.2rem] rounded px-px py-[0.2rem] transition-colors duration-100 ease-in-out\">Glucides<\/span><\/td>\n<td class=\"max-w-[calc(var(--thread-content-max-width)*2\/3)]\" data-start=\"1350\" data-end=\"1407\"><span class=\"relative -mx-px my-[-0.2rem] rounded px-px py-[0.2rem] transition-colors duration-100 ease-in-out\">0,98 g<\/span><\/td>\n<\/tr>\n<tr data-start=\"1408\" data-end=\"1520\">\n<td class=\"max-w-[calc(var(--thread-content-max-width)*2\/3)]\" data-start=\"1408\" data-end=\"1463\"><span class=\"relative -mx-px my-[-0.2rem] rounded px-px py-[0.2rem] transition-colors duration-100 ease-in-out\">Sucres<\/span><\/td>\n<td class=\"max-w-[calc(var(--thread-content-max-width)*2\/3)]\" data-start=\"1463\" data-end=\"1520\"><span class=\"relative -mx-px my-[-0.2rem] rounded px-px py-[0.2rem] transition-colors duration-100 ease-in-out\">0,95 g<\/span><\/td>\n<\/tr>\n<tr data-start=\"1521\" data-end=\"1632\">\n<td class=\"max-w-[calc(var(--thread-content-max-width)*2\/3)]\" data-start=\"1521\" data-end=\"1575\"><span class=\"relative -mx-px my-[-0.2rem] rounded px-px py-[0.2rem] transition-colors duration-100 ease-in-out\">Lipides<\/span><\/td>\n<td class=\"max-w-[calc(var(--thread-content-max-width)*2\/3)]\" data-start=\"1575\" data-end=\"1632\"><span class=\"relative -mx-px my-[-0.2rem] rounded px-px py-[0.2rem] transition-colors duration-100 ease-in-out\">1,85 g<\/span><\/td>\n<\/tr>\n<tr data-start=\"1633\" data-end=\"1732\">\n<td class=\"max-w-[calc(var(--thread-content-max-width)*2\/3)]\" data-start=\"1633\" data-end=\"1675\"><span class=\"relative -mx-px my-[-0.2rem] rounded px-px py-[0.2rem] transition-colors duration-100 ease-in-out\">Acides gras satur\u00e9s<\/span><\/td>\n<td class=\"max-w-[calc(var(--thread-content-max-width)*2\/3)]\" data-start=\"1675\" data-end=\"1732\"><span class=\"relative -mx-px my-[-0.2rem] rounded px-px py-[0.2rem] transition-colors duration-100 ease-in-out\">0,48 g<\/span><\/td>\n<\/tr>\n<tr data-start=\"1733\" data-end=\"1894\">\n<td class=\"max-w-[calc(var(--thread-content-max-width)*2\/3)]\" data-start=\"1733\" data-end=\"1791\"><span class=\"relative -mx-px my-[-0.2rem] rounded px-px py-[0.2rem] transition-colors duration-100 ease-in-out\">Sel<\/span><\/td>\n<td class=\"max-w-[calc(var(--thread-content-max-width)*2\/3)]\" data-start=\"1791\" data-end=\"1847\"><span class=\"relative -mx-px my-[-0.2rem] rounded px-px py-[0.2rem] transition-colors duration-100 ease-in-out\">0,09 g<\/span><\/td>\n<\/tr>\n<\/tbody>\n<\/table>\n<\/div>\n<\/div>\n<h3 class=\"\" data-start=\"2410\" data-end=\"2428\">Points forts<\/h3>\n<ul data-start=\"2430\" data-end=\"3035\">\n<li class=\"\" data-start=\"2430\" data-end=\"2551\">\n<p class=\"\" data-start=\"2432\" data-end=\"2551\"><strong data-start=\"2432\" data-end=\"2465\">Soutien \u00e0 la gestion du poids<\/strong> <span class=\"relative -mx-px my-[-0.2rem] rounded px-px py-[0.2rem] transition-colors duration-100 ease-in-out\">gr\u00e2ce \u00e0 une combinaison d&rsquo;ingr\u00e9dients actifs.<\/span>\u200b<\/p>\n<\/li>\n<li class=\"\" data-start=\"2553\" data-end=\"2684\">\n<p class=\"\" data-start=\"2555\" data-end=\"2684\"><strong data-start=\"2555\" data-end=\"2597\">Faible teneur en glucides et en sucres<\/strong>, <span class=\"relative -mx-px my-[-0.2rem] rounded px-px py-[0.2rem] transition-colors duration-100 ease-in-out\">id\u00e9al pour les r\u00e9gimes hypocaloriques.<\/span>\u200b<\/p>\n<\/li>\n<li class=\"\" data-start=\"2686\" data-end=\"2801\">\n<p class=\"\" data-start=\"2688\" data-end=\"2801\"><strong data-start=\"2688\" data-end=\"2715\">Test\u00e9 pour les athl\u00e8tes<\/strong> <span class=\"relative -mx-px my-[-0.2rem] rounded px-px py-[0.2rem] transition-colors duration-100 ease-in-out\">afin d&rsquo;assurer l&rsquo;absence de substances interdites.<\/span>\u200b<\/p>\n<\/li>\n<li class=\"\" data-start=\"2803\" data-end=\"2918\">\n<p class=\"\" data-start=\"2805\" data-end=\"2918\"><strong data-start=\"2805\" data-end=\"2831\">Produit certifi\u00e9 Halal<\/strong>, <span class=\"relative -mx-px my-[-0.2rem] rounded px-px py-[0.2rem] transition-colors duration-100 ease-in-out\">convient aux personnes suivant ce r\u00e9gime alimentaire.<\/span>\u200b<\/p>\n<\/li>\n<li class=\"\" data-start=\"2920\" data-end=\"3035\">\n<p class=\"\" data-start=\"2922\" data-end=\"3035\"><strong data-start=\"2922\" data-end=\"2948\">Facilit\u00e9 d&rsquo;utilisation<\/strong>, <span class=\"relative -mx-px my-[-0.2rem] rounded px-px py-[0.2rem] transition-colors duration-100 ease-in-out\">peut \u00eatre consomm\u00e9 seul ou int\u00e9gr\u00e9 dans des recettes comme des porridges ou des smoothies.<\/span>\u200b<\/p>\n<\/li>\n<\/ul>\n","protected":false},"excerpt":{"rendered":"<p class=\"\" data-start=\"40\" data-end=\"159\"><span class=\"relative -mx-px my-[-0.2rem] rounded px-px py-[0.2rem] transition-colors duration-100 ease-in-out\"><strong data-start=\"3\" data-end=\"24\">Diet Whey Protein<\/strong> d\u2019Applied Nutrition est un compl\u00e9ment alimentaire con\u00e7u pour soutenir la gestion du poids tout en apportant une source de prot\u00e9ines de haute qualit\u00e9.<\/span> <span class=\"relative -mx-px my-[-0.2rem] rounded px-px py-[0.2rem] transition-colors duration-100 ease-in-out\">Elle est particuli\u00e8rement adapt\u00e9e aux personnes cherchant \u00e0 r\u00e9duire leur masse grasse tout en pr\u00e9servant leur masse musculaire maigre.<\/span>\u200b<\/p>\n","protected":false},"featured_media":6150,"template":"","meta":{"site-sidebar-layout":"default","site-content-layout":"","ast-site-content-layout":"default","site-content-style":"default","site-sidebar-style":"default","ast-global-header-display":"","ast-banner-title-visibility":"","ast-main-header-display":"","ast-hfb-above-header-display":"","ast-hfb-below-header-display":"","ast-hfb-mobile-header-display":"","site-post-title":"","ast-breadcrumbs-content":"","ast-featured-img":"","footer-sml-layout":"","theme-transparent-header-meta":"default","adv-header-id-meta":"","stick-header-meta":"","header-above-stick-meta":"","header-main-stick-meta":"","header-below-stick-meta":"","astra-migrate-meta-layouts":"set","ast-page-background-enabled":"default","ast-page-background-meta":{"desktop":{"background-color":"","background-image":"","background-repeat":"repeat","background-position":"center center","background-size":"auto","background-attachment":"scroll","background-type":"","background-media":"","overlay-type":"","overlay-color":"","overlay-opacity":"","overlay-gradient":""},"tablet":{"background-color":"","background-image":"","background-repeat":"repeat","background-position":"center center","background-size":"auto","background-attachment":"scroll","background-type":"","background-media":"","overlay-type":"","overlay-color":"","overlay-opacity":"","overlay-gradient":""},"mobile":{"background-color":"","background-image":"","background-repeat":"repeat","background-position":"center center","background-size":"auto","background-attachment":"scroll","background-type":"","background-media":"","overlay-type":"","overlay-color":"","overlay-opacity":"","overlay-gradient":""}},"ast-content-background-meta":{"desktop":{"background-color":"var(--ast-global-color-5)","background-image":"","background-repeat":"repeat","background-position":"center center","background-size":"auto","background-attachment":"scroll","background-type":"","background-media":"","overlay-type":"","overlay-color":"","overlay-opacity":"","overlay-gradient":""},"tablet":{"background-color":"var(--ast-global-color-5)","background-image":"","background-repeat":"repeat","background-position":"center center","background-size":"auto","background-attachment":"scroll","background-type":"","background-media":"","overlay-type":"","overlay-color":"","overlay-opacity":"","overlay-gradient":""},"mobile":{"background-color":"var(--ast-global-color-5)","background-image":"","background-repeat":"repeat","background-position":"center center","background-size":"auto","background-attachment":"scroll","background-type":"","background-media":"","overlay-type":"","overlay-color":"","overlay-opacity":"","overlay-gradient":""}}},"product_brand":[64],"product_cat":[83,59],"product_tag":[],"class_list":{"0":"post-5659","1":"product","2":"type-product","3":"status-publish","4":"has-post-thumbnail","6":"product_brand-applied-nutrition","7":"product_cat-prise-de-muscle","8":"product_cat-whey-proteine","9":"desktop-align-center","10":"tablet-align-center","11":"mobile-align-center","13":"first","14":"outofstock","15":"shipping-taxable","16":"purchasable","17":"product-type-simple"},"_links":{"self":[{"href":"https:\/\/dietpartner.shop\/index.php?rest_route=\/wp\/v2\/product\/5659","targetHints":{"allow":["GET"]}}],"collection":[{"href":"https:\/\/dietpartner.shop\/index.php?rest_route=\/wp\/v2\/product"}],"about":[{"href":"https:\/\/dietpartner.shop\/index.php?rest_route=\/wp\/v2\/types\/product"}],"wp:featuredmedia":[{"embeddable":true,"href":"https:\/\/dietpartner.shop\/index.php?rest_route=\/wp\/v2\/media\/6150"}],"wp:attachment":[{"href":"https:\/\/dietpartner.shop\/index.php?rest_route=%2Fwp%2Fv2%2Fmedia&parent=5659"}],"wp:term":[{"taxonomy":"product_brand","embeddable":true,"href":"https:\/\/dietpartner.shop\/index.php?rest_route=%2Fwp%2Fv2%2Fproduct_brand&post=5659"},{"taxonomy":"product_cat","embeddable":true,"href":"https:\/\/dietpartner.shop\/index.php?rest_route=%2Fwp%2Fv2%2Fproduct_cat&post=5659"},{"taxonomy":"product_tag","embeddable":true,"href":"https:\/\/dietpartner.shop\/index.php?rest_route=%2Fwp%2Fv2%2Fproduct_tag&post=5659"}],"curies":[{"name":"wp","href":"https:\/\/api.w.org\/{rel}","templated":true}]}}