{"id":6194,"date":"2025-06-21T14:31:58","date_gmt":"2025-06-21T13:31:58","guid":{"rendered":"https:\/\/dietpartner.shop\/?post_type=product&#038;p=6194"},"modified":"2025-10-29T19:12:40","modified_gmt":"2025-10-29T18:12:40","slug":"whey-concentree-kevin-levrone-gold-whey-2-kg","status":"publish","type":"product","link":"https:\/\/dietpartner.shop\/?product=whey-concentree-kevin-levrone-gold-whey-2-kg","title":{"rendered":"Whey Concentr\u00e9e Kevin Levrone &#8211; Gold whey | 2 kg + Cadeau"},"content":{"rendered":"<h2>COMMENT GOLD WHEY DE KEVIN LEVRONE PEUT-IL VOUS AIDER \u00c0 ATTEINDRE VOS OBJECTIFS FITNESS ?<\/h2>\n<p>Gold Whey de Kevin Levrone fournit une source de prot\u00e9ines de haute qualit\u00e9 qui aide \u00e0 maintenir et \u00e0 d\u00e9velopper la masse musculaire. La consommation r\u00e9guli\u00e8re de Gold Whey de Kevin Levrone peut aider \u00e0 augmenter la synth\u00e8se des prot\u00e9ines, am\u00e9liorer la r\u00e9cup\u00e9ration musculaire, r\u00e9duire les douleurs musculaires apr\u00e8s l&rsquo;entra\u00eenement, renforcer le syst\u00e8me immunitaire et am\u00e9liorer la sant\u00e9 globale.<\/p>\n<h3>Comment prendre Gold Whey de Kevin Levrone ?<\/h3>\n<ol>\n<li>M\u00e9langez une portion de Gold Whey (30g) dans environ 200ml d&rsquo;eau froide ou de lait \u00e9cr\u00e9m\u00e9 dans un shaker.<\/li>\n<li>Secouez vigoureusement jusqu&rsquo;\u00e0 ce que la poudre soit compl\u00e8tement dissoute.<\/li>\n<li>Consommez la boisson imm\u00e9diatement apr\u00e8s l&rsquo;entra\u00eenement ou entre les repas pour soutenir votre apport en prot\u00e9ines.<\/li>\n<li>Pour des r\u00e9sultats optimaux, il est recommand\u00e9 de prendre Gold Whey deux fois par jour.<\/li>\n<li>Assurez-vous de suivre une alimentation \u00e9quilibr\u00e9e et un programme d&rsquo;entra\u00eenement r\u00e9gulier en compl\u00e9ment de votre consommation de Gold Whey.<\/li>\n<\/ol>\n<h3>Informations suppl\u00e9mentaires<\/h3>\n<p>Quantit\u00e9 pour 30g : \u00c9nergie 123 kcal | Prot\u00e9ine 25g \u00ab\u00a0wpc\u00a0\u00bb | Carbohydrate\u00a01,8g |\u00a0BCAA 5,5g | L-Glutamine 4,6g | Fat 1.8g<\/p>\n<h3>Ingr\u00e9dients :<\/h3>\n<p>Prot\u00e9ines de lactos\u00e9rum concentr\u00e9 , cacao, caf\u00e9 instantan\u00e9, \u00e9paississant , antiagglom\u00e9rant (E551), correcteur d&rsquo;acidit\u00e9 (E330), sel, ar\u00f4mes, jus concentr\u00e9 de betterave rouge, colorant (E160a), (E163), \u00e9dulcorants.<\/p>\n<h3>Les avis clients sur Gold Whey de Kevin Levrone en Tunisie :<\/h3>\n<p>Les clients en Tunisie ont exprim\u00e9 leur satisfaction quant \u00e0 la qualit\u00e9 de Gold Whey de Kevin Levrone et ont not\u00e9 ses effets b\u00e9n\u00e9fiques sur leur sant\u00e9 et leurs performances physiques.<\/p>\n","protected":false},"excerpt":{"rendered":"<h2>Obtenez des r\u00e9sultats incroyables avec Gold Whey Kevin Levrone<\/h2>\n<p><strong>Gold Whey<\/strong>\u00a0<strong>Kevin Levrone<\/strong>\u00a0est la prot\u00e9ine en poudre la plus avanc\u00e9e du march\u00e9. Cette formule de prot\u00e9ines \u00e0 absorption rapide contient 25 grammes de prot\u00e9ines de haute qualit\u00e9 par portion pour vous aider \u00e0 d\u00e9velopper vos muscles plus rapidement et plus efficacement que jamais auparavant.<\/p>\n<ul>\n<li>Conseil coach : Prenez 1 portion de 30 g\u00a0dissoudre dans 200-250 ml d&rsquo;eau. Utiliser avant ou imm\u00e9diatement apr\u00e8s l&rsquo;entra\u00eenement.<\/li>\n<\/ul>\n","protected":false},"featured_media":6457,"template":"","meta":{"site-sidebar-layout":"default","site-content-layout":"","ast-site-content-layout":"default","site-content-style":"default","site-sidebar-style":"default","ast-global-header-display":"","ast-banner-title-visibility":"","ast-main-header-display":"","ast-hfb-above-header-display":"","ast-hfb-below-header-display":"","ast-hfb-mobile-header-display":"","site-post-title":"","ast-breadcrumbs-content":"","ast-featured-img":"","footer-sml-layout":"","theme-transparent-header-meta":"default","adv-header-id-meta":"","stick-header-meta":"","header-above-stick-meta":"","header-main-stick-meta":"","header-below-stick-meta":"","astra-migrate-meta-layouts":"set","ast-page-background-enabled":"default","ast-page-background-meta":{"desktop":{"background-color":"","background-image":"","background-repeat":"repeat","background-position":"center center","background-size":"auto","background-attachment":"scroll","background-type":"","background-media":"","overlay-type":"","overlay-color":"","overlay-opacity":"","overlay-gradient":""},"tablet":{"background-color":"","background-image":"","background-repeat":"repeat","background-position":"center center","background-size":"auto","background-attachment":"scroll","background-type":"","background-media":"","overlay-type":"","overlay-color":"","overlay-opacity":"","overlay-gradient":""},"mobile":{"background-color":"","background-image":"","background-repeat":"repeat","background-position":"center center","background-size":"auto","background-attachment":"scroll","background-type":"","background-media":"","overlay-type":"","overlay-color":"","overlay-opacity":"","overlay-gradient":""}},"ast-content-background-meta":{"desktop":{"background-color":"var(--ast-global-color-5)","background-image":"","background-repeat":"repeat","background-position":"center center","background-size":"auto","background-attachment":"scroll","background-type":"","background-media":"","overlay-type":"","overlay-color":"","overlay-opacity":"","overlay-gradient":""},"tablet":{"background-color":"var(--ast-global-color-5)","background-image":"","background-repeat":"repeat","background-position":"center center","background-size":"auto","background-attachment":"scroll","background-type":"","background-media":"","overlay-type":"","overlay-color":"","overlay-opacity":"","overlay-gradient":""},"mobile":{"background-color":"var(--ast-global-color-5)","background-image":"","background-repeat":"repeat","background-position":"center center","background-size":"auto","background-attachment":"scroll","background-type":"","background-media":"","overlay-type":"","overlay-color":"","overlay-opacity":"","overlay-gradient":""}}},"product_brand":[89],"product_cat":[58,59],"product_tag":[],"class_list":{"0":"post-6194","1":"product","2":"type-product","3":"status-publish","4":"has-post-thumbnail","6":"product_brand-kevin-levrone","7":"product_cat-produits","8":"product_cat-whey-proteine","9":"desktop-align-center","10":"tablet-align-center","11":"mobile-align-center","13":"first","14":"instock","15":"shipping-taxable","16":"purchasable","17":"product-type-simple"},"_links":{"self":[{"href":"https:\/\/dietpartner.shop\/index.php?rest_route=\/wp\/v2\/product\/6194","targetHints":{"allow":["GET"]}}],"collection":[{"href":"https:\/\/dietpartner.shop\/index.php?rest_route=\/wp\/v2\/product"}],"about":[{"href":"https:\/\/dietpartner.shop\/index.php?rest_route=\/wp\/v2\/types\/product"}],"wp:featuredmedia":[{"embeddable":true,"href":"https:\/\/dietpartner.shop\/index.php?rest_route=\/wp\/v2\/media\/6457"}],"wp:attachment":[{"href":"https:\/\/dietpartner.shop\/index.php?rest_route=%2Fwp%2Fv2%2Fmedia&parent=6194"}],"wp:term":[{"taxonomy":"product_brand","embeddable":true,"href":"https:\/\/dietpartner.shop\/index.php?rest_route=%2Fwp%2Fv2%2Fproduct_brand&post=6194"},{"taxonomy":"product_cat","embeddable":true,"href":"https:\/\/dietpartner.shop\/index.php?rest_route=%2Fwp%2Fv2%2Fproduct_cat&post=6194"},{"taxonomy":"product_tag","embeddable":true,"href":"https:\/\/dietpartner.shop\/index.php?rest_route=%2Fwp%2Fv2%2Fproduct_tag&post=6194"}],"curies":[{"name":"wp","href":"https:\/\/api.w.org\/{rel}","templated":true}]}}