{"id":6196,"date":"2025-06-21T14:33:18","date_gmt":"2025-06-21T13:33:18","guid":{"rendered":"https:\/\/dietpartner.shop\/?post_type=product&#038;p=6196"},"modified":"2026-04-13T07:01:28","modified_gmt":"2026-04-13T06:01:28","slug":"whey-isolate-kevin-levrone-gold-iso-2-kg","status":"publish","type":"product","link":"https:\/\/dietpartner.shop\/?product=whey-isolate-kevin-levrone-gold-iso-2-kg","title":{"rendered":"Whey Isolate Kevin Levrone &#8211; Gold Iso | 2 kg + Cadeau"},"content":{"rendered":"<h2>CETTE PROT\u00c9INE ISOLATE EST RECOMMAND\u00c9E POUR LA PHASE DE S\u00c8CHE MUSCULAIRE ET DE CONSTRUCTION MUSCULAIRE.<\/h2>\n<p>Avec sa concentration de 84%-89% de prot\u00e9ines, l&rsquo;isolate de whey Kevin Levrone est une option avantageuse en termes de co\u00fbt. Sans sucre ajout\u00e9, cette whey isolate est id\u00e9ale pour augmenter la masse musculaire sans prendre de graisse.<\/p>\n<h2>Comment prendre Levrone Gold ISO ?<\/h2>\n<p>M\u00e9langer environ 1 cuill\u00e8re doseuse de poudre (30 g) avec 200 \u00e0 250 ml d&rsquo;eau ou de lait. Utiliser avant ou imm\u00e9diatement apr\u00e8s l&rsquo;entra\u00eenement.<\/p>\n<h3>Informations suppl\u00e9mentaires<\/h3>\n<p>Quantit\u00e9 pour 30g :\u00a0\u00c9nergie 110 kcal &#8211; Les graisses 0g (dont satur\u00e9 0g) &#8211; Les glucides 0,45g (dont les sucres 0g) &#8211; Prot\u00e9ine 27g &#8211; Sel 0,15g<\/p>\n<h3>Ingr\u00e9dients :<\/h3>\n<p>Whey protein isolate , cacao, caf\u00e9 instantan\u00e9, \u00e9paississant, anti-agglom\u00e9rant (E551), correcteur d&rsquo;acidit\u00e9 (E330), sel, ar\u00f4mes, jus concentr\u00e9 de betterave rouge, colorant [(E160a), (E163)], \u00e9dulcorants.<\/p>\n<h3>Avertissements :<\/h3>\n<p>Ne pas utiliser si vous \u00eates allergique \u00e0 l&rsquo;un des composants du produit. Ne pas utiliser en cas de grossesse ou d&rsquo;allaitement. Une alimentation vari\u00e9e et \u00e9quilibr\u00e9e ainsi qu&rsquo;un mode de vie sain sont recommand\u00e9s. Tenir hors de port\u00e9e des jeunes enfants.<\/p>\n","protected":false},"excerpt":{"rendered":"<h2>Obtenez des r\u00e9sultats optimaux avec Levrone Gold Iso, l&rsquo;isolat de prot\u00e9ine de lactos\u00e9rum pur \u00e0 100%.<\/h2>\n<p><strong>Levrone Gold Iso<\/strong>\u00a0est une poudre de prot\u00e9ine de lactos\u00e9rum de haute qualit\u00e9, con\u00e7ue pour aider \u00e0 d\u00e9velopper et maintenir la masse musculaire maigre. Cette prot\u00e9ine est fabriqu\u00e9e \u00e0 partir d&rsquo;<strong>isolat de prot\u00e9ine de lactos\u00e9rum pur \u00e0 100%<\/strong>, ce qui signifie qu&rsquo;elle contient une concentration \u00e9lev\u00e9e de\u00a0<strong>prot\u00e9ines<\/strong>\u00a0et tr\u00e8s peu de mati\u00e8res grasses et de glucides.<\/p>\n<p>En plus de sa haute teneur en\u00a0<strong>prot\u00e9ines<\/strong>,\u00a0<strong>Levrone Gold Iso<\/strong>\u00a0contient \u00e9galement des acides amin\u00e9s essentiels et non essentiels qui aident \u00e0 stimuler la synth\u00e8se des\u00a0<strong>prot\u00e9ines<\/strong>\u00a0et favorisent la r\u00e9cup\u00e9ration musculaire apr\u00e8s l&rsquo;entra\u00eenement. De plus, les nutriments sont rapidement disponibles pour les muscles gr\u00e2ce \u00e0 une absorption facile.<\/p>\n","protected":false},"featured_media":6637,"template":"","meta":{"site-sidebar-layout":"default","site-content-layout":"","ast-site-content-layout":"default","site-content-style":"default","site-sidebar-style":"default","ast-global-header-display":"","ast-banner-title-visibility":"","ast-main-header-display":"","ast-hfb-above-header-display":"","ast-hfb-below-header-display":"","ast-hfb-mobile-header-display":"","site-post-title":"","ast-breadcrumbs-content":"","ast-featured-img":"","footer-sml-layout":"","theme-transparent-header-meta":"default","adv-header-id-meta":"","stick-header-meta":"","header-above-stick-meta":"","header-main-stick-meta":"","header-below-stick-meta":"","astra-migrate-meta-layouts":"set","ast-page-background-enabled":"default","ast-page-background-meta":{"desktop":{"background-color":"","background-image":"","background-repeat":"repeat","background-position":"center center","background-size":"auto","background-attachment":"scroll","background-type":"","background-media":"","overlay-type":"","overlay-color":"","overlay-opacity":"","overlay-gradient":""},"tablet":{"background-color":"","background-image":"","background-repeat":"repeat","background-position":"center center","background-size":"auto","background-attachment":"scroll","background-type":"","background-media":"","overlay-type":"","overlay-color":"","overlay-opacity":"","overlay-gradient":""},"mobile":{"background-color":"","background-image":"","background-repeat":"repeat","background-position":"center center","background-size":"auto","background-attachment":"scroll","background-type":"","background-media":"","overlay-type":"","overlay-color":"","overlay-opacity":"","overlay-gradient":""}},"ast-content-background-meta":{"desktop":{"background-color":"var(--ast-global-color-5)","background-image":"","background-repeat":"repeat","background-position":"center center","background-size":"auto","background-attachment":"scroll","background-type":"","background-media":"","overlay-type":"","overlay-color":"","overlay-opacity":"","overlay-gradient":""},"tablet":{"background-color":"var(--ast-global-color-5)","background-image":"","background-repeat":"repeat","background-position":"center center","background-size":"auto","background-attachment":"scroll","background-type":"","background-media":"","overlay-type":"","overlay-color":"","overlay-opacity":"","overlay-gradient":""},"mobile":{"background-color":"var(--ast-global-color-5)","background-image":"","background-repeat":"repeat","background-position":"center center","background-size":"auto","background-attachment":"scroll","background-type":"","background-media":"","overlay-type":"","overlay-color":"","overlay-opacity":"","overlay-gradient":""}}},"product_brand":[89],"product_cat":[58,59],"product_tag":[],"class_list":{"0":"post-6196","1":"product","2":"type-product","3":"status-publish","4":"has-post-thumbnail","6":"product_brand-kevin-levrone","7":"product_cat-produits","8":"product_cat-whey-proteine","9":"desktop-align-center","10":"tablet-align-center","11":"mobile-align-center","13":"first","14":"instock","15":"shipping-taxable","16":"purchasable","17":"product-type-simple"},"_links":{"self":[{"href":"https:\/\/dietpartner.shop\/index.php?rest_route=\/wp\/v2\/product\/6196","targetHints":{"allow":["GET"]}}],"collection":[{"href":"https:\/\/dietpartner.shop\/index.php?rest_route=\/wp\/v2\/product"}],"about":[{"href":"https:\/\/dietpartner.shop\/index.php?rest_route=\/wp\/v2\/types\/product"}],"wp:featuredmedia":[{"embeddable":true,"href":"https:\/\/dietpartner.shop\/index.php?rest_route=\/wp\/v2\/media\/6637"}],"wp:attachment":[{"href":"https:\/\/dietpartner.shop\/index.php?rest_route=%2Fwp%2Fv2%2Fmedia&parent=6196"}],"wp:term":[{"taxonomy":"product_brand","embeddable":true,"href":"https:\/\/dietpartner.shop\/index.php?rest_route=%2Fwp%2Fv2%2Fproduct_brand&post=6196"},{"taxonomy":"product_cat","embeddable":true,"href":"https:\/\/dietpartner.shop\/index.php?rest_route=%2Fwp%2Fv2%2Fproduct_cat&post=6196"},{"taxonomy":"product_tag","embeddable":true,"href":"https:\/\/dietpartner.shop\/index.php?rest_route=%2Fwp%2Fv2%2Fproduct_tag&post=6196"}],"curies":[{"name":"wp","href":"https:\/\/api.w.org\/{rel}","templated":true}]}}