{"id":6252,"date":"2025-06-26T23:13:30","date_gmt":"2025-06-26T22:13:30","guid":{"rendered":"https:\/\/dietpartner.shop\/?post_type=product&#038;p=6252"},"modified":"2025-06-26T23:30:03","modified_gmt":"2025-06-26T22:30:03","slug":"ashwagandha-ksm-66-applied-nutrition-60-capsules","status":"publish","type":"product","link":"https:\/\/dietpartner.shop\/?product=ashwagandha-ksm-66-applied-nutrition-60-capsules","title":{"rendered":"ASHWAGANDHA KSM-66 &#8211; Applied Nutrition | 60 Capsules"},"content":{"rendered":"<p>AVANTAGES PRINCIPAUX :<br \/>\nKSM-66\u00ae a fait l&rsquo;objet de 22 essais cliniques<br \/>\nSoutient l&rsquo;\u00e9quilibre \u00e9motionnel, la relaxation et le bien-\u00eatre g\u00e9n\u00e9ral<br \/>\nEnveloppe v\u00e9g\u00e9tarienne \u00e0 base de plantes, id\u00e9ale pour les consommateurs ayant des restrictions alimentaires, religieuses ou culturelles<br \/>\nProduit certifi\u00e9 Halal<br \/>\nIngr\u00e9dients :<br \/>\nExtrait d&rsquo;Ashwagandha KSM-66\u00ae (Withania somnifera L.), enveloppe de capsule v\u00e9g\u00e9tarienne HPMC.<\/p>\n<p>TEST\u00c9 POUR LES ATHL\u00c8TES &#8211; BPF :<br \/>\nChaque ingr\u00e9dient de ce lot est soumis \u00e0 un examen rigoureux et \u00e0 des tests de substances interdites avant la production, dans le cadre d&rsquo;un programme surveill\u00e9. Les produits finaux sont ensuite fabriqu\u00e9s et conditionn\u00e9s dans un laboratoire accr\u00e9dit\u00e9 ISO 22000, BRC, BPF et Halal, offrant ainsi le plus haut niveau d&rsquo;assurance pour une utilisation par les athl\u00e8tes.<\/p>\n","protected":false},"excerpt":{"rendered":"<p>KSM-66\u00ae Ashwagandha, pour un \u00e9quilibre \u00e9motionnel et une relaxation sup\u00e9rieurs !<br \/>\nKSM-66\u00ae est une forme sup\u00e9rieure d&rsquo;Ashwagandha, largement \u00e9tudi\u00e9e cliniquement, reconnue pour favoriser l&rsquo;\u00e9quilibre \u00e9motionnel, la relaxation et le bien-\u00eatre g\u00e9n\u00e9ral.<\/p>\n","protected":false},"featured_media":6241,"template":"","meta":{"site-sidebar-layout":"default","site-content-layout":"","ast-site-content-layout":"default","site-content-style":"default","site-sidebar-style":"default","ast-global-header-display":"","ast-banner-title-visibility":"","ast-main-header-display":"","ast-hfb-above-header-display":"","ast-hfb-below-header-display":"","ast-hfb-mobile-header-display":"","site-post-title":"","ast-breadcrumbs-content":"","ast-featured-img":"","footer-sml-layout":"","theme-transparent-header-meta":"default","adv-header-id-meta":"","stick-header-meta":"","header-above-stick-meta":"","header-main-stick-meta":"","header-below-stick-meta":"","astra-migrate-meta-layouts":"set","ast-page-background-enabled":"default","ast-page-background-meta":{"desktop":{"background-color":"","background-image":"","background-repeat":"repeat","background-position":"center center","background-size":"auto","background-attachment":"scroll","background-type":"","background-media":"","overlay-type":"","overlay-color":"","overlay-opacity":"","overlay-gradient":""},"tablet":{"background-color":"","background-image":"","background-repeat":"repeat","background-position":"center center","background-size":"auto","background-attachment":"scroll","background-type":"","background-media":"","overlay-type":"","overlay-color":"","overlay-opacity":"","overlay-gradient":""},"mobile":{"background-color":"","background-image":"","background-repeat":"repeat","background-position":"center center","background-size":"auto","background-attachment":"scroll","background-type":"","background-media":"","overlay-type":"","overlay-color":"","overlay-opacity":"","overlay-gradient":""}},"ast-content-background-meta":{"desktop":{"background-color":"var(--ast-global-color-5)","background-image":"","background-repeat":"repeat","background-position":"center center","background-size":"auto","background-attachment":"scroll","background-type":"","background-media":"","overlay-type":"","overlay-color":"","overlay-opacity":"","overlay-gradient":""},"tablet":{"background-color":"var(--ast-global-color-5)","background-image":"","background-repeat":"repeat","background-position":"center center","background-size":"auto","background-attachment":"scroll","background-type":"","background-media":"","overlay-type":"","overlay-color":"","overlay-opacity":"","overlay-gradient":""},"mobile":{"background-color":"var(--ast-global-color-5)","background-image":"","background-repeat":"repeat","background-position":"center center","background-size":"auto","background-attachment":"scroll","background-type":"","background-media":"","overlay-type":"","overlay-color":"","overlay-opacity":"","overlay-gradient":""}}},"product_brand":[64],"product_cat":[58,57],"product_tag":[],"class_list":{"0":"post-6252","1":"product","2":"type-product","3":"status-publish","4":"has-post-thumbnail","6":"product_brand-applied-nutrition","7":"product_cat-produits","8":"product_cat-vitamine-mineraux","9":"desktop-align-center","10":"tablet-align-center","11":"mobile-align-center","13":"first","14":"instock","15":"shipping-taxable","16":"purchasable","17":"product-type-simple"},"_links":{"self":[{"href":"https:\/\/dietpartner.shop\/index.php?rest_route=\/wp\/v2\/product\/6252","targetHints":{"allow":["GET"]}}],"collection":[{"href":"https:\/\/dietpartner.shop\/index.php?rest_route=\/wp\/v2\/product"}],"about":[{"href":"https:\/\/dietpartner.shop\/index.php?rest_route=\/wp\/v2\/types\/product"}],"wp:featuredmedia":[{"embeddable":true,"href":"https:\/\/dietpartner.shop\/index.php?rest_route=\/wp\/v2\/media\/6241"}],"wp:attachment":[{"href":"https:\/\/dietpartner.shop\/index.php?rest_route=%2Fwp%2Fv2%2Fmedia&parent=6252"}],"wp:term":[{"taxonomy":"product_brand","embeddable":true,"href":"https:\/\/dietpartner.shop\/index.php?rest_route=%2Fwp%2Fv2%2Fproduct_brand&post=6252"},{"taxonomy":"product_cat","embeddable":true,"href":"https:\/\/dietpartner.shop\/index.php?rest_route=%2Fwp%2Fv2%2Fproduct_cat&post=6252"},{"taxonomy":"product_tag","embeddable":true,"href":"https:\/\/dietpartner.shop\/index.php?rest_route=%2Fwp%2Fv2%2Fproduct_tag&post=6252"}],"curies":[{"name":"wp","href":"https:\/\/api.w.org\/{rel}","templated":true}]}}