{"id":6254,"date":"2025-06-26T23:17:49","date_gmt":"2025-06-26T22:17:49","guid":{"rendered":"https:\/\/dietpartner.shop\/?post_type=product&#038;p=6254"},"modified":"2025-06-26T23:17:49","modified_gmt":"2025-06-26T22:17:49","slug":"luxury-nutrition-omega-3-90-caps","status":"publish","type":"product","link":"https:\/\/dietpartner.shop\/?product=luxury-nutrition-omega-3-90-caps","title":{"rendered":"Luxury Nutrition &#8211; Omega 3 | 90 Caps"},"content":{"rendered":"<p>Avantages du produit :<br \/>\n\u2705 Sant\u00e9 cardiovasculaire \u2013 Contribue \u00e0 un bon fonctionnement du c\u0153ur et \u00e0 la r\u00e9gulation du cholest\u00e9rol.<\/p>\n<p>\u2705 Soutien des fonctions c\u00e9r\u00e9brales \u2013 Favorise la concentration et le bon fonctionnement du cerveau.<\/p>\n<p>\u2705 Bien-\u00eatre articulaire \u2013 Aide \u00e0 r\u00e9duire l\u2019inflammation et am\u00e9liore la mobilit\u00e9 des articulations.<\/p>\n<p>\u2705 Haute concentration en EPA &#038; DHA \u2013 1000mg d\u2019huile de poisson par capsule pour un apport optimal.<\/p>\n<p>Ingr\u00e9dients :<br \/>\nChaque capsule de Luxury Nutrition Omega 3 contient :<\/p>\n<p>Huile de poisson (anchois) : 1000 mg<br \/>\nAcide EPA : 180 mg (33%)<br \/>\nAcide DHA : 120 mg (22%)<br \/>\nEnveloppe : G\u00e9latine Humectant<br \/>\nAllerg\u00e8ne: Glyc\u00e9rol Fabriqu\u00e9 dans une installation utilisant du lait, du soja, des \u0153ufs et des fruits \u00e0 coque.<br \/>\nPr\u00e9cautions : :<br \/>\nConservez Luxury Nutrition Omega 3 dans un endroit frais et sec, \u00e0 l\u2019abri de la lumi\u00e8re directe. Tenir hors de port\u00e9e des enfants.<\/p>\n","protected":false},"excerpt":{"rendered":"<p>Luxury Nutrition Omega 3 \u2013 Soutien Essentiel pour le C\u0153ur, le Cerveau et les Articulations<br \/>\nLuxury Nutrition Omega 3 est une formule premium d\u2019huile de poisson, sp\u00e9cialement con\u00e7ue pour favoriser la sant\u00e9 cardiovasculaire, la fonction c\u00e9r\u00e9brale et le bien-\u00eatre articulaire. Gr\u00e2ce \u00e0 un \u00e9quilibre optimal en EPA et DHA, ces acides gras essentiels jouent un r\u00f4le cl\u00e9 dans le bon fonctionnement de l\u2019organisme. Une seule capsule par jour suffit pour b\u00e9n\u00e9ficier de tous les bienfaits des om\u00e9ga-3, et soutenir vos fonctions vitales au quotidien.<\/p>\n<p>Conseil coach : Prenez une (1) capsule de Luxury Nutrition Omega 3 par jour, de pr\u00e9f\u00e9rence au cours d\u2019un repas. Pour des r\u00e9sultats optimaux, int\u00e9grez-le \u00e0 une alimentation \u00e9quilibr\u00e9e et une activit\u00e9 physique r\u00e9guli\u00e8re.<\/p>\n","protected":false},"featured_media":6243,"template":"","meta":{"site-sidebar-layout":"default","site-content-layout":"","ast-site-content-layout":"default","site-content-style":"default","site-sidebar-style":"default","ast-global-header-display":"","ast-banner-title-visibility":"","ast-main-header-display":"","ast-hfb-above-header-display":"","ast-hfb-below-header-display":"","ast-hfb-mobile-header-display":"","site-post-title":"","ast-breadcrumbs-content":"","ast-featured-img":"","footer-sml-layout":"","theme-transparent-header-meta":"default","adv-header-id-meta":"","stick-header-meta":"","header-above-stick-meta":"","header-main-stick-meta":"","header-below-stick-meta":"","astra-migrate-meta-layouts":"set","ast-page-background-enabled":"default","ast-page-background-meta":{"desktop":{"background-color":"","background-image":"","background-repeat":"repeat","background-position":"center center","background-size":"auto","background-attachment":"scroll","background-type":"","background-media":"","overlay-type":"","overlay-color":"","overlay-opacity":"","overlay-gradient":""},"tablet":{"background-color":"","background-image":"","background-repeat":"repeat","background-position":"center center","background-size":"auto","background-attachment":"scroll","background-type":"","background-media":"","overlay-type":"","overlay-color":"","overlay-opacity":"","overlay-gradient":""},"mobile":{"background-color":"","background-image":"","background-repeat":"repeat","background-position":"center center","background-size":"auto","background-attachment":"scroll","background-type":"","background-media":"","overlay-type":"","overlay-color":"","overlay-opacity":"","overlay-gradient":""}},"ast-content-background-meta":{"desktop":{"background-color":"var(--ast-global-color-5)","background-image":"","background-repeat":"repeat","background-position":"center center","background-size":"auto","background-attachment":"scroll","background-type":"","background-media":"","overlay-type":"","overlay-color":"","overlay-opacity":"","overlay-gradient":""},"tablet":{"background-color":"var(--ast-global-color-5)","background-image":"","background-repeat":"repeat","background-position":"center center","background-size":"auto","background-attachment":"scroll","background-type":"","background-media":"","overlay-type":"","overlay-color":"","overlay-opacity":"","overlay-gradient":""},"mobile":{"background-color":"var(--ast-global-color-5)","background-image":"","background-repeat":"repeat","background-position":"center center","background-size":"auto","background-attachment":"scroll","background-type":"","background-media":"","overlay-type":"","overlay-color":"","overlay-opacity":"","overlay-gradient":""}}},"product_brand":[],"product_cat":[58,84,57],"product_tag":[],"class_list":{"0":"post-6254","1":"product","2":"type-product","3":"status-publish","4":"has-post-thumbnail","6":"product_cat-produits","7":"product_cat-sante-bien-etre","8":"product_cat-vitamine-mineraux","9":"desktop-align-center","10":"tablet-align-center","11":"mobile-align-center","13":"first","14":"instock","15":"shipping-taxable","16":"purchasable","17":"product-type-simple"},"_links":{"self":[{"href":"https:\/\/dietpartner.shop\/index.php?rest_route=\/wp\/v2\/product\/6254","targetHints":{"allow":["GET"]}}],"collection":[{"href":"https:\/\/dietpartner.shop\/index.php?rest_route=\/wp\/v2\/product"}],"about":[{"href":"https:\/\/dietpartner.shop\/index.php?rest_route=\/wp\/v2\/types\/product"}],"wp:featuredmedia":[{"embeddable":true,"href":"https:\/\/dietpartner.shop\/index.php?rest_route=\/wp\/v2\/media\/6243"}],"wp:attachment":[{"href":"https:\/\/dietpartner.shop\/index.php?rest_route=%2Fwp%2Fv2%2Fmedia&parent=6254"}],"wp:term":[{"taxonomy":"product_brand","embeddable":true,"href":"https:\/\/dietpartner.shop\/index.php?rest_route=%2Fwp%2Fv2%2Fproduct_brand&post=6254"},{"taxonomy":"product_cat","embeddable":true,"href":"https:\/\/dietpartner.shop\/index.php?rest_route=%2Fwp%2Fv2%2Fproduct_cat&post=6254"},{"taxonomy":"product_tag","embeddable":true,"href":"https:\/\/dietpartner.shop\/index.php?rest_route=%2Fwp%2Fv2%2Fproduct_tag&post=6254"}],"curies":[{"name":"wp","href":"https:\/\/api.w.org\/{rel}","templated":true}]}}