{"id":6257,"date":"2025-06-26T23:21:35","date_gmt":"2025-06-26T22:21:35","guid":{"rendered":"https:\/\/dietpartner.shop\/?post_type=product&#038;p=6257"},"modified":"2025-06-26T23:21:36","modified_gmt":"2025-06-26T22:21:36","slug":"mass-tech-extreme-2000-muscletech-55kg","status":"publish","type":"product","link":"https:\/\/dietpartner.shop\/?product=mass-tech-extreme-2000-muscletech-55kg","title":{"rendered":"MASS TECH\u2122 EXTREME 2000 &#8211; Muscletech | 5,5Kg"},"content":{"rendered":"<p>Am\u00e9lioration de la musculature &#8211; Mass-Tech Extreme 2000 pour des muscles plus forts<br \/>\nMass-Tech Extreme 2000 offre une plus grande quantit\u00e9 de prot\u00e9ines par portion par rapport \u00e0 la plupart des autres produits de prise de masse. Avec une g\u00e9n\u00e9reuse dose de 80 g de prot\u00e9ines de qualit\u00e9, votre corps dispose de tout ce dont il a besoin pour d\u00e9velopper la taille et les muscles que vous visez.<\/p>\n<p>Gain de poids de qualit\u00e9 &#8211; Des r\u00e9sultats sup\u00e9rieurs avec Mass-Tech Extreme 2000<br \/>\nC&rsquo;est simple et efficace. Mass-Tech Extreme 2000 propose plus de prot\u00e9ines (80 g), des calories de meilleure qualit\u00e9 et des r\u00e9sultats plus importants que d&rsquo;autres produits de prise de masse. Il fournit les macronutriments essentiels pour gagner une masse musculaire de qualit\u00e9.<\/p>\n<p>Cr\u00e9atine pour renforcer vos performances &#8211; Mass-Tech Extreme 2000<br \/>\nMass-Tech Extreme 2000 contient une dose cliniquement valid\u00e9e de 10 g de monohydrate de cr\u00e9atine pour am\u00e9liorer votre force et r\u00e9g\u00e9n\u00e9rer les r\u00e9serves d&rsquo;ATP qui diminuent pendant l&rsquo;entra\u00eenement en r\u00e9sistance.<\/p>\n<p>Comment prendre MASS TECH\u2122 EXTREME 2000 ?<br \/>\nPour profiter des effets b\u00e9n\u00e9fiques, m\u00e9langez 2 cuill\u00e8res doseuses (\u00e9quivalent \u00e0 1\/2 portion) avec 250 mL d&rsquo;eau ou de lait \u00e9cr\u00e9m\u00e9 dans un shaker et consommez deux fois par jour.<\/p>\n<p>Autrement, m\u00e9langez 4 cuill\u00e8res doseuses (\u00e9quivalent \u00e0 1 portion) avec 500 mL d&rsquo;eau ou de lait \u00e9cr\u00e9m\u00e9 dans un mixeur et consommez une fois par jour. Prenez ce produit le matin, entre les repas ou apr\u00e8s votre s\u00e9ance d&rsquo;entra\u00eenement.<\/p>\n<p>Assurez-vous de rester bien hydrat\u00e9 pendant son utilisation. Avant de l&rsquo;utiliser, veuillez lire attentivement l&rsquo;int\u00e9gralit\u00e9 de l&rsquo;\u00e9tiquette et suivre les instructions fournies.<\/p>\n<p>Ingr\u00e9dients<br \/>\nComplexe de Glucides \u00e0 Phases Multiples (Polym\u00e8res de Glucose, Son d&rsquo;Avoine (sous forme d&rsquo;Avena sativa), Isomaltulose), Syst\u00e8me de Prot\u00e9ines \u00e0 Phases Multiples (Concentr\u00e9 de Prot\u00e9ines de Lactos\u00e9rum, Isolat de Prot\u00e9ines de Lactos\u00e9rum \u00e0 97 %, Isolat de Prot\u00e9ines de Lactos\u00e9rum, Isolat de Prot\u00e9ines de Lactos\u00e9rum Hydrolys\u00e9), Cacao (Trait\u00e9 \u00e0 l&rsquo;Alcali), Ar\u00f4mes Naturels et Artificiels, Extenseur de Cacao (Poudre de Caroube, Huile de Noix de Coco, Solides de Sirop de Ma\u00efs, Cas\u00e9inate de Sodium, Mono et Diglyc\u00e9rides, Phosphate Dipotassique, Dioxyde de Silicium, Ar\u00f4me Naturel), Sel, L\u00e9cithine de Soja ou de Tournesol, Sucralose, Ac\u00e9sulfame-Potassium, M\u00e9lange Gommeux (Gomme de Cellulose, Gomme de Xanthane, Carragh\u00e9nane), Orthophosphate Ferrique, Triglyc\u00e9rides \u00e0 Cha\u00eene Moyenne.<\/p>\n<p>D\u00e9tails concernant les allerg\u00e8nes :<br \/>\nContient des ingr\u00e9dients du lait, du soja et de la noix de coco. Transform\u00e9 dans un \u00e9tablissement traitant \u00e9galement des ingr\u00e9dients d&rsquo;\u0153ufs, de bl\u00e9, d&rsquo;arachides, de fruits \u00e0 coque, de poissons et de crustac\u00e9s.<\/p>\n","protected":false},"excerpt":{"rendered":"<p>5-IN-1 MASS GAINER<br \/>\nUn seul produit regroupe les fonctionnalit\u00e9s de CINQ produits diff\u00e9rents : un Shake prot\u00e9in\u00e9 \u00e0 base de lactos\u00e9rum, une boisson de r\u00e9cup\u00e9ration glucidique, une boisson \u00e0 base de cr\u00e9atine, une boisson de BCAA, ainsi qu&rsquo;un m\u00e9lange polyvalent pour un soutien quotidien.<\/p>\n<p>SOUTIEN IMMUNITAIRE<br \/>\nChaque dose apporte les micronutriments indispensables tels que le zinc, la vitamine C, B6 et B12, favorisant ainsi le bon fonctionnement de votre syst\u00e8me immunitaire. C&rsquo;est particuli\u00e8rement crucial lorsque vous vous entra\u00eenez \u00e0 plein r\u00e9gime.<\/p>\n","protected":false},"featured_media":6246,"template":"","meta":{"site-sidebar-layout":"default","site-content-layout":"","ast-site-content-layout":"default","site-content-style":"default","site-sidebar-style":"default","ast-global-header-display":"","ast-banner-title-visibility":"","ast-main-header-display":"","ast-hfb-above-header-display":"","ast-hfb-below-header-display":"","ast-hfb-mobile-header-display":"","site-post-title":"","ast-breadcrumbs-content":"","ast-featured-img":"","footer-sml-layout":"","theme-transparent-header-meta":"default","adv-header-id-meta":"","stick-header-meta":"","header-above-stick-meta":"","header-main-stick-meta":"","header-below-stick-meta":"","astra-migrate-meta-layouts":"set","ast-page-background-enabled":"default","ast-page-background-meta":{"desktop":{"background-color":"","background-image":"","background-repeat":"repeat","background-position":"center center","background-size":"auto","background-attachment":"scroll","background-type":"","background-media":"","overlay-type":"","overlay-color":"","overlay-opacity":"","overlay-gradient":""},"tablet":{"background-color":"","background-image":"","background-repeat":"repeat","background-position":"center center","background-size":"auto","background-attachment":"scroll","background-type":"","background-media":"","overlay-type":"","overlay-color":"","overlay-opacity":"","overlay-gradient":""},"mobile":{"background-color":"","background-image":"","background-repeat":"repeat","background-position":"center center","background-size":"auto","background-attachment":"scroll","background-type":"","background-media":"","overlay-type":"","overlay-color":"","overlay-opacity":"","overlay-gradient":""}},"ast-content-background-meta":{"desktop":{"background-color":"var(--ast-global-color-5)","background-image":"","background-repeat":"repeat","background-position":"center center","background-size":"auto","background-attachment":"scroll","background-type":"","background-media":"","overlay-type":"","overlay-color":"","overlay-opacity":"","overlay-gradient":""},"tablet":{"background-color":"var(--ast-global-color-5)","background-image":"","background-repeat":"repeat","background-position":"center center","background-size":"auto","background-attachment":"scroll","background-type":"","background-media":"","overlay-type":"","overlay-color":"","overlay-opacity":"","overlay-gradient":""},"mobile":{"background-color":"var(--ast-global-color-5)","background-image":"","background-repeat":"repeat","background-position":"center center","background-size":"auto","background-attachment":"scroll","background-type":"","background-media":"","overlay-type":"","overlay-color":"","overlay-opacity":"","overlay-gradient":""}}},"product_brand":[65],"product_cat":[77,83,58],"product_tag":[],"class_list":{"0":"post-6257","1":"product","2":"type-product","3":"status-publish","4":"has-post-thumbnail","6":"product_brand-muscultech","7":"product_cat-mass-gainer","8":"product_cat-prise-de-muscle","9":"product_cat-produits","10":"desktop-align-center","11":"tablet-align-center","12":"mobile-align-center","14":"first","15":"instock","16":"shipping-taxable","17":"purchasable","18":"product-type-simple"},"_links":{"self":[{"href":"https:\/\/dietpartner.shop\/index.php?rest_route=\/wp\/v2\/product\/6257","targetHints":{"allow":["GET"]}}],"collection":[{"href":"https:\/\/dietpartner.shop\/index.php?rest_route=\/wp\/v2\/product"}],"about":[{"href":"https:\/\/dietpartner.shop\/index.php?rest_route=\/wp\/v2\/types\/product"}],"wp:featuredmedia":[{"embeddable":true,"href":"https:\/\/dietpartner.shop\/index.php?rest_route=\/wp\/v2\/media\/6246"}],"wp:attachment":[{"href":"https:\/\/dietpartner.shop\/index.php?rest_route=%2Fwp%2Fv2%2Fmedia&parent=6257"}],"wp:term":[{"taxonomy":"product_brand","embeddable":true,"href":"https:\/\/dietpartner.shop\/index.php?rest_route=%2Fwp%2Fv2%2Fproduct_brand&post=6257"},{"taxonomy":"product_cat","embeddable":true,"href":"https:\/\/dietpartner.shop\/index.php?rest_route=%2Fwp%2Fv2%2Fproduct_cat&post=6257"},{"taxonomy":"product_tag","embeddable":true,"href":"https:\/\/dietpartner.shop\/index.php?rest_route=%2Fwp%2Fv2%2Fproduct_tag&post=6257"}],"curies":[{"name":"wp","href":"https:\/\/api.w.org\/{rel}","templated":true}]}}