{"id":6258,"date":"2025-06-26T23:23:18","date_gmt":"2025-06-26T22:23:18","guid":{"rendered":"https:\/\/dietpartner.shop\/?post_type=product&#038;p=6258"},"modified":"2025-06-26T23:23:18","modified_gmt":"2025-06-26T22:23:18","slug":"mass-infusion-nutrex-research-5-45-kg","status":"publish","type":"product","link":"https:\/\/dietpartner.shop\/?product=mass-infusion-nutrex-research-5-45-kg","title":{"rendered":"MASS INFUSION &#8211; Nutrex Research | 5.45 kg"},"content":{"rendered":"<p>MASS INFUSION : Une Formule Puissante Enrichie de Trois Prot\u00e9ines pour une Croissance Musculaire Optimale !<br \/>\nMASS INFUSION est enrichi de trois prot\u00e9ines diff\u00e9rentes. En raison de sa haute teneur en EAAs (acides amin\u00e9s essentiels) et BCAAs (acides amin\u00e9s \u00e0 cha\u00eene ramifi\u00e9e), il est id\u00e9al pour favoriser la croissance musculaire et les gains de force.<\/p>\n<p>MASS INFUSION a \u00e9t\u00e9 cr\u00e9\u00e9 pour les personnes ayant des difficult\u00e9s \u00e0 prendre du poids et les athl\u00e8tes souhaitant rapidement augmenter leur masse. Il peut \u00eatre consomm\u00e9 entre les repas, apr\u00e8s l&rsquo;entra\u00eenement ou avant le coucher. Ce suppl\u00e9ment de prise de poids de haute qualit\u00e9 et dense en nutriments vous aidera \u00e0 gagner rapidement une masse solide.<\/p>\n<p>Ingr\u00e9dients :<br \/>\nMaltodextrine, M\u00e9lange de Prot\u00e9ines Triple MASS INFUSION (Concentr\u00e9 de Prot\u00e9ines de Lactos\u00e9rum, Prot\u00e9ines de Lactos\u00e9rum Hydrolys\u00e9es, Cas\u00e9ine Micellaire), Cr\u00e8me de Noix de Coco (Huile de Noix de Coco, Fibre de Ma\u00efs Soluble, Cas\u00e9inate de Sodium, L\u00e9cithine de Tournesol, Dioxyde de Silicium), Ar\u00f4mes Naturels et Artificiels, M\u00e9lange de Gommes (Cellulose, Xanthane), Farine de Quinoa, Enzyme Lactase, Amidon de Ma\u00efs Cireux, Amidon de Patate Douce, L\u00e9cithine de Soja, Sucralose, Potassium Acesulfame.<\/p>\n<p>Avertissement d&rsquo;Allerg\u00e8nes :<br \/>\nContient des ingr\u00e9dients issus du lait, de la noix de coco et du soja. Fabriqu\u00e9 dans une installation qui traite \u00e9galement du s\u00e9same, des arachides, des noix, des \u0153ufs, des huiles de poisson\/crustac\u00e9s\/mollusques, et des produits de bl\u00e9.<\/p>\n","protected":false},"excerpt":{"rendered":"<p>Get Bigger &#038; Stronger<br \/>\nMASS INFUSION est une formule avanc\u00e9e de prise de poids fournissant \u00e0 vos muscles 50g de prot\u00e9ines de haute qualit\u00e9 par portion. Il est \u00e9galement riche en 1120 calories et 200g de glucides. Sa formule dense en nutriments est id\u00e9ale pour les athl\u00e8tes cherchant \u00e0 prendre du poids rapidement afin de devenir plus grands et plus forts.<\/p>\n","protected":false},"featured_media":6247,"template":"","meta":{"site-sidebar-layout":"default","site-content-layout":"","ast-site-content-layout":"default","site-content-style":"default","site-sidebar-style":"default","ast-global-header-display":"","ast-banner-title-visibility":"","ast-main-header-display":"","ast-hfb-above-header-display":"","ast-hfb-below-header-display":"","ast-hfb-mobile-header-display":"","site-post-title":"","ast-breadcrumbs-content":"","ast-featured-img":"","footer-sml-layout":"","theme-transparent-header-meta":"default","adv-header-id-meta":"","stick-header-meta":"","header-above-stick-meta":"","header-main-stick-meta":"","header-below-stick-meta":"","astra-migrate-meta-layouts":"set","ast-page-background-enabled":"default","ast-page-background-meta":{"desktop":{"background-color":"","background-image":"","background-repeat":"repeat","background-position":"center center","background-size":"auto","background-attachment":"scroll","background-type":"","background-media":"","overlay-type":"","overlay-color":"","overlay-opacity":"","overlay-gradient":""},"tablet":{"background-color":"","background-image":"","background-repeat":"repeat","background-position":"center center","background-size":"auto","background-attachment":"scroll","background-type":"","background-media":"","overlay-type":"","overlay-color":"","overlay-opacity":"","overlay-gradient":""},"mobile":{"background-color":"","background-image":"","background-repeat":"repeat","background-position":"center center","background-size":"auto","background-attachment":"scroll","background-type":"","background-media":"","overlay-type":"","overlay-color":"","overlay-opacity":"","overlay-gradient":""}},"ast-content-background-meta":{"desktop":{"background-color":"var(--ast-global-color-5)","background-image":"","background-repeat":"repeat","background-position":"center center","background-size":"auto","background-attachment":"scroll","background-type":"","background-media":"","overlay-type":"","overlay-color":"","overlay-opacity":"","overlay-gradient":""},"tablet":{"background-color":"var(--ast-global-color-5)","background-image":"","background-repeat":"repeat","background-position":"center center","background-size":"auto","background-attachment":"scroll","background-type":"","background-media":"","overlay-type":"","overlay-color":"","overlay-opacity":"","overlay-gradient":""},"mobile":{"background-color":"var(--ast-global-color-5)","background-image":"","background-repeat":"repeat","background-position":"center center","background-size":"auto","background-attachment":"scroll","background-type":"","background-media":"","overlay-type":"","overlay-color":"","overlay-opacity":"","overlay-gradient":""}}},"product_brand":[66],"product_cat":[77,83,58],"product_tag":[],"class_list":{"0":"post-6258","1":"product","2":"type-product","3":"status-publish","4":"has-post-thumbnail","6":"product_brand-nutrex","7":"product_cat-mass-gainer","8":"product_cat-prise-de-muscle","9":"product_cat-produits","10":"desktop-align-center","11":"tablet-align-center","12":"mobile-align-center","14":"first","15":"instock","16":"shipping-taxable","17":"purchasable","18":"product-type-simple"},"_links":{"self":[{"href":"https:\/\/dietpartner.shop\/index.php?rest_route=\/wp\/v2\/product\/6258","targetHints":{"allow":["GET"]}}],"collection":[{"href":"https:\/\/dietpartner.shop\/index.php?rest_route=\/wp\/v2\/product"}],"about":[{"href":"https:\/\/dietpartner.shop\/index.php?rest_route=\/wp\/v2\/types\/product"}],"wp:featuredmedia":[{"embeddable":true,"href":"https:\/\/dietpartner.shop\/index.php?rest_route=\/wp\/v2\/media\/6247"}],"wp:attachment":[{"href":"https:\/\/dietpartner.shop\/index.php?rest_route=%2Fwp%2Fv2%2Fmedia&parent=6258"}],"wp:term":[{"taxonomy":"product_brand","embeddable":true,"href":"https:\/\/dietpartner.shop\/index.php?rest_route=%2Fwp%2Fv2%2Fproduct_brand&post=6258"},{"taxonomy":"product_cat","embeddable":true,"href":"https:\/\/dietpartner.shop\/index.php?rest_route=%2Fwp%2Fv2%2Fproduct_cat&post=6258"},{"taxonomy":"product_tag","embeddable":true,"href":"https:\/\/dietpartner.shop\/index.php?rest_route=%2Fwp%2Fv2%2Fproduct_tag&post=6258"}],"curies":[{"name":"wp","href":"https:\/\/api.w.org\/{rel}","templated":true}]}}