{"id":6259,"date":"2025-06-26T23:25:26","date_gmt":"2025-06-26T22:25:26","guid":{"rendered":"https:\/\/dietpartner.shop\/?post_type=product&#038;p=6259"},"modified":"2025-06-26T23:25:26","modified_gmt":"2025-06-26T22:25:26","slug":"pre-lift-pre-workout","status":"publish","type":"product","link":"https:\/\/dietpartner.shop\/?product=pre-lift-pre-workout","title":{"rendered":"PRE LIFT- PRE WORKOUT"},"content":{"rendered":"<p>PRE LIFT a \u00e9t\u00e9 con\u00e7u pour aider les utilisateurs \u00e0 se pr\u00e9parer et, finalement, \u00e0 surmonter tout d\u00e9fi d\u2019entra\u00eenement. Charg\u00e9e de 25 ingr\u00e9dients actifs diff\u00e9rents, dont la b\u00eata-alanine CarnoSyn, de la caf\u00e9ine provenant de sources \u00e0 lib\u00e9ration plus rapide et retard\u00e9e et du phytocompos\u00e9 Senactiv brevet\u00e9, chaque portion soutient la vigilance mentale, l\u2019endurance musculaire et une \u00e9nergie durable. preLIFT fournit \u00e9galement de la L-citrulline pure et du S7 cliniquement \u00e9tudi\u00e9 pour des pompes plus puissantes, de l\u2019alpha-GPC, de l\u2019extrait d\u2019huperzia et du champignon crini\u00e8re de lion pour une concentration accrue, ainsi que quatre types d\u2019\u00e9lectrolytes pour aider \u00e0 l\u2019hydratation pendant les s\u00e9ances d\u2019entra\u00eenement prolong\u00e9es. Il s\u2019agit du package de pr\u00e9paration complet et de notre pr\u00e9-entra\u00eenement le plus avanc\u00e9 \u00e0 ce jour.<\/p>\n","protected":false},"excerpt":{"rendered":"<p>PRE LIFT a \u00e9t\u00e9 con\u00e7u pour aider les utilisateurs \u00e0 se pr\u00e9parer et, finalement, \u00e0 surmonter tout d\u00e9fi d\u2019entra\u00eenement.<\/p>\n","protected":false},"featured_media":6248,"template":"","meta":{"site-sidebar-layout":"default","site-content-layout":"","ast-site-content-layout":"default","site-content-style":"default","site-sidebar-style":"default","ast-global-header-display":"","ast-banner-title-visibility":"","ast-main-header-display":"","ast-hfb-above-header-display":"","ast-hfb-below-header-display":"","ast-hfb-mobile-header-display":"","site-post-title":"","ast-breadcrumbs-content":"","ast-featured-img":"","footer-sml-layout":"","theme-transparent-header-meta":"default","adv-header-id-meta":"","stick-header-meta":"","header-above-stick-meta":"","header-main-stick-meta":"","header-below-stick-meta":"","astra-migrate-meta-layouts":"set","ast-page-background-enabled":"default","ast-page-background-meta":{"desktop":{"background-color":"","background-image":"","background-repeat":"repeat","background-position":"center center","background-size":"auto","background-attachment":"scroll","background-type":"","background-media":"","overlay-type":"","overlay-color":"","overlay-opacity":"","overlay-gradient":""},"tablet":{"background-color":"","background-image":"","background-repeat":"repeat","background-position":"center center","background-size":"auto","background-attachment":"scroll","background-type":"","background-media":"","overlay-type":"","overlay-color":"","overlay-opacity":"","overlay-gradient":""},"mobile":{"background-color":"","background-image":"","background-repeat":"repeat","background-position":"center center","background-size":"auto","background-attachment":"scroll","background-type":"","background-media":"","overlay-type":"","overlay-color":"","overlay-opacity":"","overlay-gradient":""}},"ast-content-background-meta":{"desktop":{"background-color":"var(--ast-global-color-5)","background-image":"","background-repeat":"repeat","background-position":"center center","background-size":"auto","background-attachment":"scroll","background-type":"","background-media":"","overlay-type":"","overlay-color":"","overlay-opacity":"","overlay-gradient":""},"tablet":{"background-color":"var(--ast-global-color-5)","background-image":"","background-repeat":"repeat","background-position":"center center","background-size":"auto","background-attachment":"scroll","background-type":"","background-media":"","overlay-type":"","overlay-color":"","overlay-opacity":"","overlay-gradient":""},"mobile":{"background-color":"var(--ast-global-color-5)","background-image":"","background-repeat":"repeat","background-position":"center center","background-size":"auto","background-attachment":"scroll","background-type":"","background-media":"","overlay-type":"","overlay-color":"","overlay-opacity":"","overlay-gradient":""}}},"product_brand":[68],"product_cat":[85,74,58],"product_tag":[],"class_list":{"0":"post-6259","1":"product","2":"type-product","3":"status-publish","4":"has-post-thumbnail","6":"product_brand-rule-1","7":"product_cat-energetique","8":"product_cat-pre-workout","9":"product_cat-produits","10":"desktop-align-center","11":"tablet-align-center","12":"mobile-align-center","14":"first","15":"instock","16":"shipping-taxable","17":"purchasable","18":"product-type-simple"},"_links":{"self":[{"href":"https:\/\/dietpartner.shop\/index.php?rest_route=\/wp\/v2\/product\/6259","targetHints":{"allow":["GET"]}}],"collection":[{"href":"https:\/\/dietpartner.shop\/index.php?rest_route=\/wp\/v2\/product"}],"about":[{"href":"https:\/\/dietpartner.shop\/index.php?rest_route=\/wp\/v2\/types\/product"}],"wp:featuredmedia":[{"embeddable":true,"href":"https:\/\/dietpartner.shop\/index.php?rest_route=\/wp\/v2\/media\/6248"}],"wp:attachment":[{"href":"https:\/\/dietpartner.shop\/index.php?rest_route=%2Fwp%2Fv2%2Fmedia&parent=6259"}],"wp:term":[{"taxonomy":"product_brand","embeddable":true,"href":"https:\/\/dietpartner.shop\/index.php?rest_route=%2Fwp%2Fv2%2Fproduct_brand&post=6259"},{"taxonomy":"product_cat","embeddable":true,"href":"https:\/\/dietpartner.shop\/index.php?rest_route=%2Fwp%2Fv2%2Fproduct_cat&post=6259"},{"taxonomy":"product_tag","embeddable":true,"href":"https:\/\/dietpartner.shop\/index.php?rest_route=%2Fwp%2Fv2%2Fproduct_tag&post=6259"}],"curies":[{"name":"wp","href":"https:\/\/api.w.org\/{rel}","templated":true}]}}