{"id":6264,"date":"2025-07-09T22:27:45","date_gmt":"2025-07-09T21:27:45","guid":{"rendered":"https:\/\/dietpartner.shop\/?post_type=product&#038;p=6264"},"modified":"2025-07-10T13:05:29","modified_gmt":"2025-07-10T12:05:29","slug":"gain-bolic-6000-6-8kg","status":"publish","type":"product","link":"https:\/\/dietpartner.shop\/?product=gain-bolic-6000-6-8kg","title":{"rendered":"GAIN BOLIC 6000 \u2013 6.8KG"},"content":{"rendered":"<p>Le produit id\u00e9al pour la prise de masse ! Compos\u00e9 d\u2019un complexe de glucides et de prot\u00e9ines, Gain Bolic 6000 d\u2019Olimp Sport Nutrition fournit tous les nutriments n\u00e9cessaires au d\u00e9veloppement rapide de la force musculaire et de la masse musculaire tout en apportant l\u2019\u00e9nergie n\u00e9cessaire \u00e0 des entra\u00eenements intenses.<\/p>\n<p>Pour prendre de la masse musculaire, il faut augmenter l\u2019apport en calorique quotidien, de sorte qu\u2019il soit sup\u00e9rieur \u00e0 la d\u00e9pense calorique.<\/p>\n<p>Il est indispensable d\u2019apporter les bons nutriments et les calories n\u00e9cessaires aux muscles pour r\u00e9parer les dommages caus\u00e9s par des entra\u00eenements intensifs.<\/p>\n<p>Quelle est la composition du Gain Bolic 6000 d\u2019Olimp Sport Nutrition ?<\/p>\n<p>\u2013 Un m\u00e9lange de prot\u00e9ines \u00e0 digestion rapide et lente (concentr\u00e9 prot\u00e9ique de lactos\u00e9rum (whey), cas\u00e9ine micellaire, prot\u00e9ine d\u2019\u0153uf ultrafiltr\u00e9e) pour une diffusion durable des acides amin\u00e9s n\u00e9cessaires \u00e0 la croissance musculaire.<br \/>\n\u2013 Un m\u00e9lange de glucides (maltodextrines, dextrose) qui fournit les calories indispensables pour soutenir la prise de masse et faire face \u00e0 des entra\u00eenements intensifs<br \/>\n\u2013 Un dosage important en BCAA (leucine, isoleucine, valine) et en glutamine. Ces acides amin\u00e9s sont source d\u2019\u00e9nergie cellulaire et sont indispensable \u00e0 la croissance musculaire et la r\u00e9cup\u00e9ration<br \/>\n\u2013 L-Alanine : et acide amin\u00e9 am\u00e9liore l\u2019endurance et la puissance musculaire en stimulant la production de L-Carnosine qui limite la fatigue.<br \/>\n\u2013 L-taurine : cet acide amin\u00e9 favorise la construction musculaire en participant notamment \u00e0 la synth\u00e8se prot\u00e9ique des muscles et en luttant contre le catabolisme. La taurine am\u00e9liore l\u2019endurance musculaire, la r\u00e9cup\u00e9ration et limite la fatigue.<br \/>\n\u2013 Ne contient pas d\u2019aspartame ni de lactose<\/p>\n","protected":false},"excerpt":{"rendered":"<p>Excellent gainer pour une prise de masse rapide<br \/>\nNe contient pas d\u2019aspartame ni de lactose<br \/>\n15% de prot\u00e9ines en poudre<br \/>\nRiche en acides amin\u00e9s et en L-glutamine<br \/>\nPermet de contribuer \u00e0 la croissance musculaire<\/p>\n","protected":false},"featured_media":6268,"template":"","meta":{"site-sidebar-layout":"default","site-content-layout":"","ast-site-content-layout":"default","site-content-style":"default","site-sidebar-style":"default","ast-global-header-display":"","ast-banner-title-visibility":"","ast-main-header-display":"","ast-hfb-above-header-display":"","ast-hfb-below-header-display":"","ast-hfb-mobile-header-display":"","site-post-title":"","ast-breadcrumbs-content":"","ast-featured-img":"","footer-sml-layout":"","theme-transparent-header-meta":"default","adv-header-id-meta":"","stick-header-meta":"","header-above-stick-meta":"","header-main-stick-meta":"","header-below-stick-meta":"","astra-migrate-meta-layouts":"set","ast-page-background-enabled":"default","ast-page-background-meta":{"desktop":{"background-color":"","background-image":"","background-repeat":"repeat","background-position":"center center","background-size":"auto","background-attachment":"scroll","background-type":"","background-media":"","overlay-type":"","overlay-color":"","overlay-opacity":"","overlay-gradient":""},"tablet":{"background-color":"","background-image":"","background-repeat":"repeat","background-position":"center center","background-size":"auto","background-attachment":"scroll","background-type":"","background-media":"","overlay-type":"","overlay-color":"","overlay-opacity":"","overlay-gradient":""},"mobile":{"background-color":"","background-image":"","background-repeat":"repeat","background-position":"center center","background-size":"auto","background-attachment":"scroll","background-type":"","background-media":"","overlay-type":"","overlay-color":"","overlay-opacity":"","overlay-gradient":""}},"ast-content-background-meta":{"desktop":{"background-color":"var(--ast-global-color-5)","background-image":"","background-repeat":"repeat","background-position":"center center","background-size":"auto","background-attachment":"scroll","background-type":"","background-media":"","overlay-type":"","overlay-color":"","overlay-opacity":"","overlay-gradient":""},"tablet":{"background-color":"var(--ast-global-color-5)","background-image":"","background-repeat":"repeat","background-position":"center center","background-size":"auto","background-attachment":"scroll","background-type":"","background-media":"","overlay-type":"","overlay-color":"","overlay-opacity":"","overlay-gradient":""},"mobile":{"background-color":"var(--ast-global-color-5)","background-image":"","background-repeat":"repeat","background-position":"center center","background-size":"auto","background-attachment":"scroll","background-type":"","background-media":"","overlay-type":"","overlay-color":"","overlay-opacity":"","overlay-gradient":""}}},"product_brand":[88,63],"product_cat":[77,58],"product_tag":[],"class_list":{"0":"post-6264","1":"product","2":"type-product","3":"status-publish","4":"has-post-thumbnail","6":"product_brand-olimp","7":"product_brand-olimp-sport-nutrition","8":"product_cat-mass-gainer","9":"product_cat-produits","10":"desktop-align-center","11":"tablet-align-center","12":"mobile-align-center","14":"first","15":"instock","16":"shipping-taxable","17":"purchasable","18":"product-type-simple"},"_links":{"self":[{"href":"https:\/\/dietpartner.shop\/index.php?rest_route=\/wp\/v2\/product\/6264","targetHints":{"allow":["GET"]}}],"collection":[{"href":"https:\/\/dietpartner.shop\/index.php?rest_route=\/wp\/v2\/product"}],"about":[{"href":"https:\/\/dietpartner.shop\/index.php?rest_route=\/wp\/v2\/types\/product"}],"wp:featuredmedia":[{"embeddable":true,"href":"https:\/\/dietpartner.shop\/index.php?rest_route=\/wp\/v2\/media\/6268"}],"wp:attachment":[{"href":"https:\/\/dietpartner.shop\/index.php?rest_route=%2Fwp%2Fv2%2Fmedia&parent=6264"}],"wp:term":[{"taxonomy":"product_brand","embeddable":true,"href":"https:\/\/dietpartner.shop\/index.php?rest_route=%2Fwp%2Fv2%2Fproduct_brand&post=6264"},{"taxonomy":"product_cat","embeddable":true,"href":"https:\/\/dietpartner.shop\/index.php?rest_route=%2Fwp%2Fv2%2Fproduct_cat&post=6264"},{"taxonomy":"product_tag","embeddable":true,"href":"https:\/\/dietpartner.shop\/index.php?rest_route=%2Fwp%2Fv2%2Fproduct_tag&post=6264"}],"curies":[{"name":"wp","href":"https:\/\/api.w.org\/{rel}","templated":true}]}}