{"id":6275,"date":"2025-07-09T22:29:40","date_gmt":"2025-07-09T21:29:40","guid":{"rendered":"https:\/\/dietpartner.shop\/?post_type=product&#038;p=6275"},"modified":"2025-07-10T13:06:19","modified_gmt":"2025-07-10T12:06:19","slug":"max-mass-3xl-6kg","status":"publish","type":"product","link":"https:\/\/dietpartner.shop\/?product=max-mass-3xl-6kg","title":{"rendered":"MAX MASS 3XL \u2013 6KG"},"content":{"rendered":"<p>COMPL\u00c9TEZ VOTRE PROGRAMME D\u2019ENTRA\u00ceNEMENT AVEC MAX MASS 3XL D\u2019OLIMP SPORT, UN PRODUIT MERVEILLEUX QUI VOUS AIDERA \u00c0 PRENDRE LE POIDS QUE VOUS VOULEZ.<br \/>\nCe produit incroyable aide au d\u00e9veloppement de la masse musculaire et par cons\u00e9quent \u00e0 la prise de poids.<\/p>\n<p>Il est disponible dans une pr\u00e9sentation de trois saveurs d\u00e9licieuses et traditionnelles, telles que le chocolat, la fraise et la vanille qui sera sans aucun doute au go\u00fbt de ceux qui le consomment, non seulement le go\u00fbt est excellent, il est \u00e9galement compos\u00e9 d\u2019un ensemble complet et vari\u00e9 d\u2019acides amin\u00e9s importants pour le corps qui doivent \u00eatre pr\u00e9sents dans l\u2019alimentation quotidienne pour contribuer au processus d\u2019obtention de poids d\u00e9sir\u00e9 et ainsi atteindre les objectifs propos\u00e9s. Dans ce m\u00eame sens, le Max Mass 3XL d\u2019Olimp Sport offre un suppl\u00e9ment riche en prot\u00e9ines de lactos\u00e9rum, riches en glucides, entre autres ingr\u00e9dients qui font la diff\u00e9rence en qualit\u00e9 avec d\u2019autres produits existants.<\/p>\n<p>D\u2019autre part, Max Mass 3XL d\u2019Olimp Sport augmente la vitesse ou acc\u00e9l\u00e8re la construction musculaire car sa formule in\u00e9gal\u00e9e contient des ingr\u00e9dients de la plus haute qualit\u00e9, ce qui aide  aux hommes de d\u00e9velopper leurs muscles d\u2019une mani\u00e8re saine et sans cons\u00e9quences n\u00e9fastes qui peuvent affecter leur sant\u00e9, et aide aussi \u00e0 pr\u00e9venir le catabolisme. Il faut noter que non seulement le changement sera physique chez le consommateur, mais aussi qu\u2019il am\u00e9liorera son estime de soi parce que, en ayant l\u2019air bien, il se sentira heureux et satisfait des progr\u00e8s r\u00e9alis\u00e9s ou de ce qu\u2019il peut r\u00e9aliser.<\/p>\n<p>Le Max Mass 3XL d\u2019Olimp Sport est sp\u00e9cialement con\u00e7u et pens\u00e9 pour les hommes qui sont incapables de prendre du poids malgr\u00e9 des programmes d\u2019exercices con\u00e7us \u00e0 cette fin. De m\u00eame, il peut \u00eatre consomm\u00e9 par tout athl\u00e8te et \/ou sportif qui effectue des routines d\u2019impact physique \u00e9lev\u00e9 ou de haute intensit\u00e9 tels que le culturisme et d\u2019autres sports o\u00f9 il est n\u00e9cessaire d\u2019augmenter la masse musculaire correctement et surtout en bonne sant\u00e9.<\/p>\n<p>Max Mass 3XL de Olimp Sport offre d\u2019\u00e9normes avantages physiques, en obtenant de mani\u00e8re plus efficace de meilleurs r\u00e9sultats dans le gain de poids ou de masse musculaire saine, en utilisant les ingr\u00e9dients corrects et n\u00e9cessaires pour atteindre ce que le consommateur veut. De plus, ses d\u00e9licieux saveurs vous permettront de vivre une exp\u00e9rience agr\u00e9able dont vous obtiendrez des b\u00e9n\u00e9fices incroyables, avec des r\u00e9sultats satisfaisants.<\/p>\n<p>Utilisation recommand\u00e9e: Comme compl\u00e9ment alimentaire, m\u00e9langer 2 cuill\u00e8res (100g) dans 170ml d\u2019eau. Prendre 1 \u00e0 2 fois par jour, soit entre les repas ou 1 heure avant et apr\u00e8s l\u2019entra\u00eenement, approximativement. A consommer imm\u00e9diatement apr\u00e8s la pr\u00e9paration.<\/p>\n","protected":false},"excerpt":{"rendered":"<p>Contribue \u00e0 la prise de poids<br \/>\nAide \u00e0 augmenter la masse musculaire<br \/>\nContient des prot\u00e9ines de lactos\u00e9rum<br \/>\nContient des glucides<\/p>\n","protected":false},"featured_media":6267,"template":"","meta":{"site-sidebar-layout":"default","site-content-layout":"","ast-site-content-layout":"default","site-content-style":"default","site-sidebar-style":"default","ast-global-header-display":"","ast-banner-title-visibility":"","ast-main-header-display":"","ast-hfb-above-header-display":"","ast-hfb-below-header-display":"","ast-hfb-mobile-header-display":"","site-post-title":"","ast-breadcrumbs-content":"","ast-featured-img":"","footer-sml-layout":"","theme-transparent-header-meta":"default","adv-header-id-meta":"","stick-header-meta":"","header-above-stick-meta":"","header-main-stick-meta":"","header-below-stick-meta":"","astra-migrate-meta-layouts":"set","ast-page-background-enabled":"default","ast-page-background-meta":{"desktop":{"background-color":"","background-image":"","background-repeat":"repeat","background-position":"center center","background-size":"auto","background-attachment":"scroll","background-type":"","background-media":"","overlay-type":"","overlay-color":"","overlay-opacity":"","overlay-gradient":""},"tablet":{"background-color":"","background-image":"","background-repeat":"repeat","background-position":"center center","background-size":"auto","background-attachment":"scroll","background-type":"","background-media":"","overlay-type":"","overlay-color":"","overlay-opacity":"","overlay-gradient":""},"mobile":{"background-color":"","background-image":"","background-repeat":"repeat","background-position":"center center","background-size":"auto","background-attachment":"scroll","background-type":"","background-media":"","overlay-type":"","overlay-color":"","overlay-opacity":"","overlay-gradient":""}},"ast-content-background-meta":{"desktop":{"background-color":"var(--ast-global-color-5)","background-image":"","background-repeat":"repeat","background-position":"center center","background-size":"auto","background-attachment":"scroll","background-type":"","background-media":"","overlay-type":"","overlay-color":"","overlay-opacity":"","overlay-gradient":""},"tablet":{"background-color":"var(--ast-global-color-5)","background-image":"","background-repeat":"repeat","background-position":"center center","background-size":"auto","background-attachment":"scroll","background-type":"","background-media":"","overlay-type":"","overlay-color":"","overlay-opacity":"","overlay-gradient":""},"mobile":{"background-color":"var(--ast-global-color-5)","background-image":"","background-repeat":"repeat","background-position":"center center","background-size":"auto","background-attachment":"scroll","background-type":"","background-media":"","overlay-type":"","overlay-color":"","overlay-opacity":"","overlay-gradient":""}}},"product_brand":[88,63],"product_cat":[77,58],"product_tag":[],"class_list":{"0":"post-6275","1":"product","2":"type-product","3":"status-publish","4":"has-post-thumbnail","6":"product_brand-olimp","7":"product_brand-olimp-sport-nutrition","8":"product_cat-mass-gainer","9":"product_cat-produits","10":"desktop-align-center","11":"tablet-align-center","12":"mobile-align-center","14":"first","15":"instock","16":"shipping-taxable","17":"purchasable","18":"product-type-simple"},"_links":{"self":[{"href":"https:\/\/dietpartner.shop\/index.php?rest_route=\/wp\/v2\/product\/6275","targetHints":{"allow":["GET"]}}],"collection":[{"href":"https:\/\/dietpartner.shop\/index.php?rest_route=\/wp\/v2\/product"}],"about":[{"href":"https:\/\/dietpartner.shop\/index.php?rest_route=\/wp\/v2\/types\/product"}],"wp:featuredmedia":[{"embeddable":true,"href":"https:\/\/dietpartner.shop\/index.php?rest_route=\/wp\/v2\/media\/6267"}],"wp:attachment":[{"href":"https:\/\/dietpartner.shop\/index.php?rest_route=%2Fwp%2Fv2%2Fmedia&parent=6275"}],"wp:term":[{"taxonomy":"product_brand","embeddable":true,"href":"https:\/\/dietpartner.shop\/index.php?rest_route=%2Fwp%2Fv2%2Fproduct_brand&post=6275"},{"taxonomy":"product_cat","embeddable":true,"href":"https:\/\/dietpartner.shop\/index.php?rest_route=%2Fwp%2Fv2%2Fproduct_cat&post=6275"},{"taxonomy":"product_tag","embeddable":true,"href":"https:\/\/dietpartner.shop\/index.php?rest_route=%2Fwp%2Fv2%2Fproduct_tag&post=6275"}],"curies":[{"name":"wp","href":"https:\/\/api.w.org\/{rel}","templated":true}]}}