{"id":6278,"date":"2025-07-09T22:31:48","date_gmt":"2025-07-09T21:31:48","guid":{"rendered":"https:\/\/dietpartner.shop\/?post_type=product&#038;p=6278"},"modified":"2025-07-10T13:06:31","modified_gmt":"2025-07-10T12:06:31","slug":"pure-whey-isolate-95-2-2kg","status":"publish","type":"product","link":"https:\/\/dietpartner.shop\/?product=pure-whey-isolate-95-2-2kg","title":{"rendered":"PURE WHEY ISOLATE 95 \u2013 2.2KG"},"content":{"rendered":"<div class=\"vc_row wpb_row vc_row-fluid\">\n<div class=\"wpb_column vc_column_container vc_col-sm-12\">\n<div class=\"vc_column-inner\">\n<div class=\"wpb_wrapper\">\n<div class=\"wpb_single_image wpb_content_element vc_align_center wpb_animate_when_almost_visible wpb_bounceIn bounceIn wpb_start_animation animated\">\n<figure class=\"wpb_wrapper vc_figure\">\n<div class=\"vc_single_image-wrapper vc_box_border_grey\"><img fetchpriority=\"high\" decoding=\"async\" class=\"vc_single_image-img attachment-full\" src=\"https:\/\/protein-shop-tunisia.tn\/wp-content\/uploads\/2023\/03\/pure-whey-isolate-1.webp\" sizes=\"(max-width: 1140px) 100vw, 1140px\" srcset=\"https:\/\/protein-shop-tunisia.tn\/wp-content\/uploads\/2023\/03\/pure-whey-isolate-1.webp 1140w, https:\/\/protein-shop-tunisia.tn\/wp-content\/uploads\/2023\/03\/pure-whey-isolate-1-150x91.webp 150w, https:\/\/protein-shop-tunisia.tn\/wp-content\/uploads\/2023\/03\/pure-whey-isolate-1-600x365.webp 600w, https:\/\/protein-shop-tunisia.tn\/wp-content\/uploads\/2023\/03\/pure-whey-isolate-1-300x183.webp 300w, https:\/\/protein-shop-tunisia.tn\/wp-content\/uploads\/2023\/03\/pure-whey-isolate-1-1024x623.webp 1024w, https:\/\/protein-shop-tunisia.tn\/wp-content\/uploads\/2023\/03\/pure-whey-isolate-1-768x468.webp 768w\" width=\"1140\" height=\"694\" \/><\/div>\n<\/figure>\n<\/div>\n<\/div>\n<\/div>\n<\/div>\n<\/div>\n<div class=\"vc_row wpb_row vc_row-fluid\">\n<div class=\"wpb_column vc_column_container vc_col-sm-8\">\n<div class=\"vc_column-inner\">\n<div class=\"wpb_wrapper\">\n<div class=\"wpb_text_column wpb_content_element\">\n<div class=\"wpb_wrapper\">\n<p><strong>Pure Whey Isolate 95<\/strong>\u00a0est une prot\u00e9ine ultra-pure d\u00e9velopp\u00e9e par la marque Olimp Sport Nutrition. Cette whey isolate est unique sur le march\u00e9 puisqu\u2019elle affiche des valeurs nutritionnelles tr\u00e8s avantageuses face \u00e0 ses concurrentes. Elle est fabriqu\u00e9e en utilisant une technique d\u2019extraction avanc\u00e9e (la filtration CFM) qui permet d\u2019obtenir une whey native non-d\u00e9natur\u00e9e \u00e0 forte valeur nutritive et haute biodisponibilit\u00e9.<\/p>\n<h2>Caract\u00e9ristiques de la Pure Whey Isolate 95<\/h2>\n<p>Pure Whey Isolate 95 est une formule compos\u00e9e de\u00a0whey isolate, qui est l\u2019une des sources de prot\u00e9ines les plus utilis\u00e9es par les sportifs. La whey 95 de Olimp permet d\u2019augmenter et maintenir votre masse musculaire.<\/p>\n<p>Olimp a enrichi sa prot\u00e9ine avec un m\u00e9lange de vitamines et de min\u00e9raux qui permettent de veiller au bon fonctionnement des fonctions m\u00e9taboliques.<\/p>\n<ul>\n<li>30g de whey isolate par dose<\/li>\n<li>Taux de prot\u00e9ines proche des 90% (86% pour \u00eatre exact)<\/li>\n<li>26g d\u2019acides amin\u00e9s essentiels dans chaque shaker<\/li>\n<li>Faible teneur en sucres<\/li>\n<li>Sans mati\u00e8res grasses<\/li>\n<\/ul>\n<p>Olimp Pure Whey a \u00e9t\u00e9 d\u00e9lactos\u00e9e ce qui veut dire qu\u2019elle est d\u00e9pourvue de lactose. Elle est donc adapt\u00e9e aux personnes intol\u00e9rantes au lactose.<\/p>\n<h2>Ce qu\u2019elle a de plus que les autres whey isolate<\/h2>\n<ul>\n<li>Teneur \u00e9lev\u00e9e de 86% de prot\u00e9ines par portion<\/li>\n<li>Contient de la whey native non d\u00e9natur\u00e9e<\/li>\n<li>Haute teneur de 26g d\u2019acides amin\u00e9s par dose<\/li>\n<li>Faible teneur en sucres et sans mati\u00e8res grasses<\/li>\n<li>Contient un m\u00e9lange de vitamines et min\u00e9raux<\/li>\n<\/ul>\n<\/div>\n<\/div>\n<\/div>\n<\/div>\n<\/div>\n<\/div>\n","protected":false},"excerpt":{"rendered":"<ul>\n<li><strong>Teneur \u00e9lev\u00e9e de 86% de prot\u00e9ines par portion<\/strong><\/li>\n<li><strong>Contient de la whey native non d\u00e9natur\u00e9e<\/strong><\/li>\n<li><strong>Haute teneur de 26g d\u2019acides amin\u00e9s par dose<\/strong><\/li>\n<li><strong>Faible teneur en sucres et sans mati\u00e8res grasses<\/strong><\/li>\n<li><strong>Contient un m\u00e9lange de vitamines et min\u00e9raux<\/strong><\/li>\n<\/ul>\n","protected":false},"featured_media":6274,"template":"","meta":{"site-sidebar-layout":"default","site-content-layout":"","ast-site-content-layout":"default","site-content-style":"default","site-sidebar-style":"default","ast-global-header-display":"","ast-banner-title-visibility":"","ast-main-header-display":"","ast-hfb-above-header-display":"","ast-hfb-below-header-display":"","ast-hfb-mobile-header-display":"","site-post-title":"","ast-breadcrumbs-content":"","ast-featured-img":"","footer-sml-layout":"","theme-transparent-header-meta":"default","adv-header-id-meta":"","stick-header-meta":"","header-above-stick-meta":"","header-main-stick-meta":"","header-below-stick-meta":"","astra-migrate-meta-layouts":"set","ast-page-background-enabled":"default","ast-page-background-meta":{"desktop":{"background-color":"","background-image":"","background-repeat":"repeat","background-position":"center center","background-size":"auto","background-attachment":"scroll","background-type":"","background-media":"","overlay-type":"","overlay-color":"","overlay-opacity":"","overlay-gradient":""},"tablet":{"background-color":"","background-image":"","background-repeat":"repeat","background-position":"center center","background-size":"auto","background-attachment":"scroll","background-type":"","background-media":"","overlay-type":"","overlay-color":"","overlay-opacity":"","overlay-gradient":""},"mobile":{"background-color":"","background-image":"","background-repeat":"repeat","background-position":"center center","background-size":"auto","background-attachment":"scroll","background-type":"","background-media":"","overlay-type":"","overlay-color":"","overlay-opacity":"","overlay-gradient":""}},"ast-content-background-meta":{"desktop":{"background-color":"var(--ast-global-color-5)","background-image":"","background-repeat":"repeat","background-position":"center center","background-size":"auto","background-attachment":"scroll","background-type":"","background-media":"","overlay-type":"","overlay-color":"","overlay-opacity":"","overlay-gradient":""},"tablet":{"background-color":"var(--ast-global-color-5)","background-image":"","background-repeat":"repeat","background-position":"center center","background-size":"auto","background-attachment":"scroll","background-type":"","background-media":"","overlay-type":"","overlay-color":"","overlay-opacity":"","overlay-gradient":""},"mobile":{"background-color":"var(--ast-global-color-5)","background-image":"","background-repeat":"repeat","background-position":"center center","background-size":"auto","background-attachment":"scroll","background-type":"","background-media":"","overlay-type":"","overlay-color":"","overlay-opacity":"","overlay-gradient":""}}},"product_brand":[88,63],"product_cat":[58,59],"product_tag":[],"class_list":{"0":"post-6278","1":"product","2":"type-product","3":"status-publish","4":"has-post-thumbnail","6":"product_brand-olimp","7":"product_brand-olimp-sport-nutrition","8":"product_cat-produits","9":"product_cat-whey-proteine","10":"desktop-align-center","11":"tablet-align-center","12":"mobile-align-center","14":"first","15":"instock","16":"shipping-taxable","17":"purchasable","18":"product-type-simple"},"_links":{"self":[{"href":"https:\/\/dietpartner.shop\/index.php?rest_route=\/wp\/v2\/product\/6278","targetHints":{"allow":["GET"]}}],"collection":[{"href":"https:\/\/dietpartner.shop\/index.php?rest_route=\/wp\/v2\/product"}],"about":[{"href":"https:\/\/dietpartner.shop\/index.php?rest_route=\/wp\/v2\/types\/product"}],"wp:featuredmedia":[{"embeddable":true,"href":"https:\/\/dietpartner.shop\/index.php?rest_route=\/wp\/v2\/media\/6274"}],"wp:attachment":[{"href":"https:\/\/dietpartner.shop\/index.php?rest_route=%2Fwp%2Fv2%2Fmedia&parent=6278"}],"wp:term":[{"taxonomy":"product_brand","embeddable":true,"href":"https:\/\/dietpartner.shop\/index.php?rest_route=%2Fwp%2Fv2%2Fproduct_brand&post=6278"},{"taxonomy":"product_cat","embeddable":true,"href":"https:\/\/dietpartner.shop\/index.php?rest_route=%2Fwp%2Fv2%2Fproduct_cat&post=6278"},{"taxonomy":"product_tag","embeddable":true,"href":"https:\/\/dietpartner.shop\/index.php?rest_route=%2Fwp%2Fv2%2Fproduct_tag&post=6278"}],"curies":[{"name":"wp","href":"https:\/\/api.w.org\/{rel}","templated":true}]}}