{"id":6279,"date":"2025-07-09T22:33:36","date_gmt":"2025-07-09T21:33:36","guid":{"rendered":"https:\/\/dietpartner.shop\/?post_type=product&#038;p=6279"},"modified":"2026-04-29T17:53:07","modified_gmt":"2026-04-29T16:53:07","slug":"olimp-vita-min-multiple-sport-mega-caps-60-gelules","status":"publish","type":"product","link":"https:\/\/dietpartner.shop\/?product=olimp-vita-min-multiple-sport-mega-caps-60-gelules","title":{"rendered":"Olimp Vita-Min Multiple Sport Mega Caps &#8211; 60 G\u00e9lules"},"content":{"rendered":"<h2><strong>Olimp Vita-Min Multiple Sport Mega Caps<sup>\u00ae<\/sup>\u00a0\u2013 c\u2019est quoi ?<\/strong><\/h2>\n<p>Une activit\u00e9 physique intensive et une alimentation \u00e9quilibr\u00e9e n\u00e9cessitent une assistance professionnelle ! \u00c0 cette fin, il est bon d\u2019avoir recours au suppl\u00e9ment alimentaire de l\u2019entreprise pharmaceutique\u00a0<strong>Olimp Laboratories<\/strong>, laquelle veille, depuis de nombreuses ann\u00e9es, \u00e0 la qualit\u00e9 de ses produits. Ceci est possible gr\u00e2ce aux mati\u00e8res premi\u00e8res test\u00e9es \u00e0 plusieures reprises, \u00e0 la technologie de fabrication innovante, ainsi qu&rsquo;aux solutions \u00e9tudi\u00e9es et aux vastes connaissances de ses sp\u00e9cialistes. L&rsquo;exemple parfait se trouve dans la composition multi-ingr\u00e9dients de vitamines et min\u00e9raux essentiels \u2013\u00a0<strong>Olimp Vita-Min Multiple Sport Mega Caps<sup>\u00ae<\/sup><\/strong>. C&rsquo;est l&rsquo;une des d\u00e9nominations les plus identifiables dans l&rsquo;offre\u00a0<strong>Olimp Sport Nutrition<\/strong>. V\u00e9ritable top des ventes qui a devanc\u00e9 des centaines de complexes de vitamines du monde entier, en remportant la premi\u00e8re place et le prix\u00a0<strong>CPG Editor\u2019s Choice Award<\/strong>\u00a0\u00e0 la prestigieuse et plus grande foire sectorielle de Las Vegas : le salon SupplySide West!<\/p>\n<h2><strong>Olimp Vita-Min Multiple Sport Mega Caps<sup>\u00ae<\/sup>\u00a0\u2013 complexe de vitamines et min\u00e9raux<\/strong><\/h2>\n<p>Personne ne sera surpris par la formule de\u00a0<strong>Olimp Vita-Min Multiple Sport Mega Caps<sup>\u00ae<\/sup><\/strong>, un complexe de vitamines et min\u00e9raux essentiels. Le secret de ce compl\u00e9ment alimentaire r\u00e9side dans des doses pr\u00e9cises d&rsquo;ingr\u00e9dients, constituant un v\u00e9ritable appui \u00e0 l\u2019organisme de chaque sportif. La forme originale de\u00a0<strong>Mega Caps<sup>\u00ae<\/sup><\/strong>, quant \u00e0 elle, a permis l&rsquo;utilisation de doses \u00e9lev\u00e9es de diff\u00e9rentes substances. Soyez s\u00fbr d\u2019une protection maximale de votre sant\u00e9!<\/p>\n<p>Les min\u00e9raux utilis\u00e9s dans\u00a0<strong>Olimp Vita-Min Multiple Sport Mega Caps<sup>\u00ae<\/sup><\/strong>\u00a0sont pr\u00e9sents sous la forme unique de\u00a0<u>ch\u00e9lates d&rsquo;acides amin\u00e9s Albion<\/u>. Cela garantit leur grande assimilation et r\u00e9duit les pertes lors de la digestion. Une r\u00e9ponse suppl\u00e9mentaire r\u00e9side dans le compos\u00e9\u00a0<u>Hepa-Prost Detox<\/u>, lequel associe plusieurs extraits naturels (p.ex. bioflavono\u00efdes d&rsquo;agrumes, artichaut, th\u00e9 vert, acide ALA ou pip\u00e9rine), pour apporter encore plus de bienfaits au sportif utilisant le produit.<\/p>\n<h2><strong>Olimp Vita-Min Multiple Sport Mega Caps<sup>\u00ae<\/sup>\u00a0\u2013 effets d\u2019utilisation<\/strong><\/h2>\n<p>Le produit multi-ingr\u00e9dients de la marque\u00a0<strong>Olimp Sport Nutrition<\/strong>\u00a0a \u00e9t\u00e9 con\u00e7u notamment pour les personnes pratiquant une activit\u00e9 physique et les sportifs d\u2019un large \u00e9ventail de \u00a0disciplines \u2013 culturistes, halt\u00e9rophiles, footballeurs, cyclistes, amateurs de course \u00e0 pied et d\u2019autres, lesquels, suite \u00e0 un effort intensif et une perte importante de min\u00e9raux lors de la sudation, doivent soutenir leur organisme au moyen de vitamines suppl\u00e9mentaires.\u00a0<strong>Olimp Vita-Min Multiple Sport Mega Caps<sup>\u00ae<\/sup><\/strong>\u00a0est une composition extr\u00eamement bien con\u00e7ue de vitamines et de min\u00e9raux de qualit\u00e9, laquelle vous apportera:<\/p>\n<ul>\n<li>moyen rapide et pratique de compl\u00e9ter votre alimentation quotidienne avec les micronutriments essentiels<\/li>\n<li>dose compl\u00e8te de vitamines et de min\u00e9raux de qualit\u00e9 sup\u00e9rieure, essentiels pour chaque sportif<\/li>\n<li>contribue activement au fonctionnement normal du syst\u00e8me immunitaire (gr\u00e2ce, entre autres, aux vitamines A, C, D et au zinc) et aide au maintien du m\u00e9tabolisme \u00e9nerg\u00e9tique (magn\u00e9sium, calcium, fer, vitamines B6, B12, C)<\/li>\n<li>am\u00e9lioration de vos performances<\/li>\n<li>aide \u00e0 la protection des cellules contre le stress oxydatif (zinc, mangan\u00e8se, cuivre, riboflavine (B2), vitamines C et E)<\/li>\n<\/ul>\n<h2><strong>Comment utiliser Olimp Vita-Min Multiple Sport Mega Caps<sup>\u00ae<\/sup>?<\/strong><\/h2>\n<p>Le suppl\u00e9ment alimentaire\u00a0<strong>Olimp Vita-Min Multiple Sport Mega Caps<sup>\u00ae<\/sup><\/strong>\u00a0se pr\u00e9sente sous forme de g\u00e9lules, divis\u00e9, selon la couleur, en vitamines (blanches) et min\u00e9raux (bleus). En raison des fortes doses d&rsquo;ingr\u00e9dients utilis\u00e9es, le produit ne doit \u00eatre utilis\u00e9 qu&rsquo;une fois par jour (1 g\u00e9lule), de pr\u00e9f\u00e9rence apr\u00e8s un repas, en buvant une grande quantit\u00e9 d&rsquo;eau froide.<\/p>\n<p>Le complexe\u00a0<strong>Olimp Vita-Min Multiple Sport Mega Caps<sup>\u00ae<\/sup><\/strong>\u00a0est disponible dans un emballage de 60 g\u00e9lules, soit 30 portions, suffisantes pour un mois complet de suppl\u00e9mentation efficace ! Il convient de rappeler que le compl\u00e9ment ne doit pas \u00eatre consid\u00e9r\u00e9 comme un substitut \u00e0 une alimentation \u00e9quilibr\u00e9e, mais seulement comme son compl\u00e9ment.<\/p>\n<p><strong><em>Olimp Vita-Min Multiple Sport Mega Caps<sup>\u00ae<\/sup>\u00a0\u2013 Soutien complexe \u00e0 chaque sportif!<\/em><\/strong><\/p>\n","protected":false},"excerpt":{"rendered":"<ul>\n<li>Des vitamines et min\u00e9raux essentiels de premi\u00e8re qualit\u00e9 pour toute personne active<\/li>\n<li>Formule facilement assimilable de ch\u00e9lates d&rsquo;acides amin\u00e9s Albion<\/li>\n<li>Forme innovante de\u00a0<strong>Mega Caps<sup>\u00ae<\/sup><\/strong>\u00a0&#8211; doses \u00e9lev\u00e9es de principes actifs<\/li>\n<li>Ajout d&rsquo;extraits naturels pour renforcer l&rsquo;effet du produit<\/li>\n<\/ul>\n","protected":false},"featured_media":6272,"template":"","meta":{"site-sidebar-layout":"default","site-content-layout":"","ast-site-content-layout":"default","site-content-style":"default","site-sidebar-style":"default","ast-global-header-display":"","ast-banner-title-visibility":"","ast-main-header-display":"","ast-hfb-above-header-display":"","ast-hfb-below-header-display":"","ast-hfb-mobile-header-display":"","site-post-title":"","ast-breadcrumbs-content":"","ast-featured-img":"","footer-sml-layout":"","theme-transparent-header-meta":"default","adv-header-id-meta":"","stick-header-meta":"","header-above-stick-meta":"","header-main-stick-meta":"","header-below-stick-meta":"","astra-migrate-meta-layouts":"set","ast-page-background-enabled":"default","ast-page-background-meta":{"desktop":{"background-color":"","background-image":"","background-repeat":"repeat","background-position":"center center","background-size":"auto","background-attachment":"scroll","background-type":"","background-media":"","overlay-type":"","overlay-color":"","overlay-opacity":"","overlay-gradient":""},"tablet":{"background-color":"","background-image":"","background-repeat":"repeat","background-position":"center center","background-size":"auto","background-attachment":"scroll","background-type":"","background-media":"","overlay-type":"","overlay-color":"","overlay-opacity":"","overlay-gradient":""},"mobile":{"background-color":"","background-image":"","background-repeat":"repeat","background-position":"center center","background-size":"auto","background-attachment":"scroll","background-type":"","background-media":"","overlay-type":"","overlay-color":"","overlay-opacity":"","overlay-gradient":""}},"ast-content-background-meta":{"desktop":{"background-color":"var(--ast-global-color-5)","background-image":"","background-repeat":"repeat","background-position":"center center","background-size":"auto","background-attachment":"scroll","background-type":"","background-media":"","overlay-type":"","overlay-color":"","overlay-opacity":"","overlay-gradient":""},"tablet":{"background-color":"var(--ast-global-color-5)","background-image":"","background-repeat":"repeat","background-position":"center center","background-size":"auto","background-attachment":"scroll","background-type":"","background-media":"","overlay-type":"","overlay-color":"","overlay-opacity":"","overlay-gradient":""},"mobile":{"background-color":"var(--ast-global-color-5)","background-image":"","background-repeat":"repeat","background-position":"center center","background-size":"auto","background-attachment":"scroll","background-type":"","background-media":"","overlay-type":"","overlay-color":"","overlay-opacity":"","overlay-gradient":""}}},"product_brand":[88,63],"product_cat":[58,57],"product_tag":[],"class_list":{"0":"post-6279","1":"product","2":"type-product","3":"status-publish","4":"has-post-thumbnail","6":"product_brand-olimp","7":"product_brand-olimp-sport-nutrition","8":"product_cat-produits","9":"product_cat-vitamine-mineraux","10":"desktop-align-center","11":"tablet-align-center","12":"mobile-align-center","14":"first","15":"instock","16":"shipping-taxable","17":"purchasable","18":"product-type-simple"},"_links":{"self":[{"href":"https:\/\/dietpartner.shop\/index.php?rest_route=\/wp\/v2\/product\/6279","targetHints":{"allow":["GET"]}}],"collection":[{"href":"https:\/\/dietpartner.shop\/index.php?rest_route=\/wp\/v2\/product"}],"about":[{"href":"https:\/\/dietpartner.shop\/index.php?rest_route=\/wp\/v2\/types\/product"}],"wp:featuredmedia":[{"embeddable":true,"href":"https:\/\/dietpartner.shop\/index.php?rest_route=\/wp\/v2\/media\/6272"}],"wp:attachment":[{"href":"https:\/\/dietpartner.shop\/index.php?rest_route=%2Fwp%2Fv2%2Fmedia&parent=6279"}],"wp:term":[{"taxonomy":"product_brand","embeddable":true,"href":"https:\/\/dietpartner.shop\/index.php?rest_route=%2Fwp%2Fv2%2Fproduct_brand&post=6279"},{"taxonomy":"product_cat","embeddable":true,"href":"https:\/\/dietpartner.shop\/index.php?rest_route=%2Fwp%2Fv2%2Fproduct_cat&post=6279"},{"taxonomy":"product_tag","embeddable":true,"href":"https:\/\/dietpartner.shop\/index.php?rest_route=%2Fwp%2Fv2%2Fproduct_tag&post=6279"}],"curies":[{"name":"wp","href":"https:\/\/api.w.org\/{rel}","templated":true}]}}