{"id":6280,"date":"2025-07-09T22:36:32","date_gmt":"2025-07-09T21:36:32","guid":{"rendered":"https:\/\/dietpartner.shop\/?post_type=product&#038;p=6280"},"modified":"2025-07-09T22:36:32","modified_gmt":"2025-07-09T21:36:32","slug":"omega-3-sport-edition-120-caps","status":"publish","type":"product","link":"https:\/\/dietpartner.shop\/?product=omega-3-sport-edition-120-caps","title":{"rendered":"Omega 3 Sport Edition \u2013 120 Caps"},"content":{"rendered":"<div class=\"wd-gallery-item wd-col\"><a href=\"https:\/\/sf-nutrition.tn\/wp-content\/uploads\/2024\/08\/R-4.png\" data-width=\"600\" data-height=\"600\" data-index=\"1\" data-elementor-open-lightbox=\"no\" target=\"_blank\" rel=\"noopener\"><img decoding=\"async\" class=\"attachment-thumbnail size-thumbnail\" src=\"https:\/\/sf-nutrition.tn\/wp-content\/uploads\/2024\/08\/R-4-150x150.png\" sizes=\"(max-width: 150px) 100vw, 150px\" srcset=\"https:\/\/sf-nutrition.tn\/wp-content\/uploads\/2024\/08\/R-4-150x150.png 150w, https:\/\/sf-nutrition.tn\/wp-content\/uploads\/2024\/08\/R-4-300x300.png 300w, https:\/\/sf-nutrition.tn\/wp-content\/uploads\/2024\/08\/R-4-430x430.png 430w, https:\/\/sf-nutrition.tn\/wp-content\/uploads\/2024\/08\/R-4.png 600w\" alt=\"R (4)\" width=\"150\" height=\"150\" \/> <\/a><a href=\"https:\/\/sf-nutrition.tn\/wp-content\/uploads\/2024\/08\/R-3.png\" data-width=\"2500\" data-height=\"2500\" data-index=\"2\" data-elementor-open-lightbox=\"no\" target=\"_blank\" rel=\"noopener\"><img decoding=\"async\" class=\"attachment-thumbnail size-thumbnail\" src=\"https:\/\/sf-nutrition.tn\/wp-content\/uploads\/2024\/08\/R-3-150x150.png\" sizes=\"(max-width: 150px) 100vw, 150px\" srcset=\"https:\/\/sf-nutrition.tn\/wp-content\/uploads\/2024\/08\/R-3-150x150.png 150w, https:\/\/sf-nutrition.tn\/wp-content\/uploads\/2024\/08\/R-3-300x300.png 300w, https:\/\/sf-nutrition.tn\/wp-content\/uploads\/2024\/08\/R-3-800x800.png 800w, https:\/\/sf-nutrition.tn\/wp-content\/uploads\/2024\/08\/R-3-768x768.png 768w, https:\/\/sf-nutrition.tn\/wp-content\/uploads\/2024\/08\/R-3-1536x1536.png 1536w, https:\/\/sf-nutrition.tn\/wp-content\/uploads\/2024\/08\/R-3-2048x2048.png 2048w, https:\/\/sf-nutrition.tn\/wp-content\/uploads\/2024\/08\/R-3-430x430.png 430w, https:\/\/sf-nutrition.tn\/wp-content\/uploads\/2024\/08\/R-3-700x700.png 700w\" alt=\"R (3)\" width=\"150\" height=\"150\" \/><\/a><a href=\"https:\/\/sf-nutrition.tn\/wp-content\/uploads\/2024\/08\/R-2.png\" data-width=\"1200\" data-height=\"1200\" data-index=\"3\" data-elementor-open-lightbox=\"no\" target=\"_blank\" rel=\"noopener\"><img decoding=\"async\" class=\"attachment-thumbnail size-thumbnail\" src=\"https:\/\/sf-nutrition.tn\/wp-content\/uploads\/2024\/08\/R-2-150x150.png\" sizes=\"(max-width: 150px) 100vw, 150px\" srcset=\"https:\/\/sf-nutrition.tn\/wp-content\/uploads\/2024\/08\/R-2-150x150.png 150w, https:\/\/sf-nutrition.tn\/wp-content\/uploads\/2024\/08\/R-2-300x300.png 300w, https:\/\/sf-nutrition.tn\/wp-content\/uploads\/2024\/08\/R-2-800x800.png 800w, https:\/\/sf-nutrition.tn\/wp-content\/uploads\/2024\/08\/R-2-768x768.png 768w, https:\/\/sf-nutrition.tn\/wp-content\/uploads\/2024\/08\/R-2-430x430.png 430w, https:\/\/sf-nutrition.tn\/wp-content\/uploads\/2024\/08\/R-2-700x700.png 700w, https:\/\/sf-nutrition.tn\/wp-content\/uploads\/2024\/08\/R-2.png 1200w\" alt=\"R (2)\" width=\"150\" height=\"150\" \/><\/a><a href=\"https:\/\/sf-nutrition.tn\/wp-content\/uploads\/2024\/08\/R-1.png\" data-width=\"1295\" data-height=\"1295\" data-index=\"4\" data-elementor-open-lightbox=\"no\" target=\"_blank\" rel=\"noopener\"><img loading=\"lazy\" decoding=\"async\" class=\"attachment-thumbnail size-thumbnail\" src=\"https:\/\/sf-nutrition.tn\/wp-content\/uploads\/2024\/08\/R-1-150x150.png\" sizes=\"(max-width: 150px) 100vw, 150px\" srcset=\"https:\/\/sf-nutrition.tn\/wp-content\/uploads\/2024\/08\/R-1-150x150.png 150w, https:\/\/sf-nutrition.tn\/wp-content\/uploads\/2024\/08\/R-1-300x300.png 300w, https:\/\/sf-nutrition.tn\/wp-content\/uploads\/2024\/08\/R-1-800x800.png 800w, https:\/\/sf-nutrition.tn\/wp-content\/uploads\/2024\/08\/R-1-768x768.png 768w, https:\/\/sf-nutrition.tn\/wp-content\/uploads\/2024\/08\/R-1-430x430.png 430w, https:\/\/sf-nutrition.tn\/wp-content\/uploads\/2024\/08\/R-1-700x700.png 700w, https:\/\/sf-nutrition.tn\/wp-content\/uploads\/2024\/08\/R-1.png 1295w\" alt=\"R (1)\" width=\"150\" height=\"150\" \/><\/a><a href=\"https:\/\/sf-nutrition.tn\/wp-content\/uploads\/2024\/08\/R-5.png\" data-width=\"486\" data-height=\"359\" data-index=\"5\" data-elementor-open-lightbox=\"no\" target=\"_blank\" rel=\"noopener\"><img loading=\"lazy\" decoding=\"async\" class=\"attachment-thumbnail size-thumbnail\" src=\"https:\/\/sf-nutrition.tn\/wp-content\/uploads\/2024\/08\/R-5-150x150.png\" alt=\"R (5)\" width=\"150\" height=\"150\" \/> <\/a><a href=\"https:\/\/sf-nutrition.tn\/wp-content\/uploads\/2024\/08\/R-6.png\" data-width=\"1265\" data-height=\"1145\" data-index=\"6\" data-elementor-open-lightbox=\"no\" target=\"_blank\" rel=\"noopener\"><img loading=\"lazy\" decoding=\"async\" class=\"attachment-thumbnail size-thumbnail\" src=\"https:\/\/sf-nutrition.tn\/wp-content\/uploads\/2024\/08\/R-6-150x150.png\" alt=\"R (6)\" width=\"150\" height=\"150\" \/> <\/a><a href=\"https:\/\/sf-nutrition.tn\/wp-content\/uploads\/2024\/08\/R-7.png\" data-width=\"1826\" data-height=\"1843\" data-index=\"7\" data-elementor-open-lightbox=\"no\" target=\"_blank\" rel=\"noopener\"><img loading=\"lazy\" decoding=\"async\" class=\"attachment-thumbnail size-thumbnail\" src=\"https:\/\/sf-nutrition.tn\/wp-content\/uploads\/2024\/08\/R-7-150x150.png\" sizes=\"(max-width: 150px) 100vw, 150px\" srcset=\"https:\/\/sf-nutrition.tn\/wp-content\/uploads\/2024\/08\/R-7-150x151.png 150w, https:\/\/sf-nutrition.tn\/wp-content\/uploads\/2024\/08\/R-7-793x800.png 793w, https:\/\/sf-nutrition.tn\/wp-content\/uploads\/2024\/08\/R-7-768x775.png 768w, https:\/\/sf-nutrition.tn\/wp-content\/uploads\/2024\/08\/R-7-1522x1536.png 1522w, https:\/\/sf-nutrition.tn\/wp-content\/uploads\/2024\/08\/R-7-430x434.png 430w, https:\/\/sf-nutrition.tn\/wp-content\/uploads\/2024\/08\/R-7.png 1826w\" alt=\"R (7)\" width=\"150\" height=\"150\" \/> \u00a0<\/a><a href=\"https:\/\/sf-nutrition.tn\/wp-content\/uploads\/2024\/08\/GMP_Logo_4500x.webp\" data-width=\"844\" data-height=\"844\" data-index=\"8\" data-elementor-open-lightbox=\"no\" target=\"_blank\" rel=\"noopener\"><img loading=\"lazy\" decoding=\"async\" class=\"attachment-thumbnail size-thumbnail\" src=\"https:\/\/sf-nutrition.tn\/wp-content\/uploads\/2024\/08\/GMP_Logo_4500x-150x150.webp\" sizes=\"(max-width: 150px) 100vw, 150px\" srcset=\"https:\/\/sf-nutrition.tn\/wp-content\/uploads\/2024\/08\/GMP_Logo_4500x-150x150.webp 150w, https:\/\/sf-nutrition.tn\/wp-content\/uploads\/2024\/08\/GMP_Logo_4500x-300x300.webp 300w, https:\/\/sf-nutrition.tn\/wp-content\/uploads\/2024\/08\/GMP_Logo_4500x-800x800.webp 800w, https:\/\/sf-nutrition.tn\/wp-content\/uploads\/2024\/08\/GMP_Logo_4500x-768x768.webp 768w, https:\/\/sf-nutrition.tn\/wp-content\/uploads\/2024\/08\/GMP_Logo_4500x-430x430.webp 430w, https:\/\/sf-nutrition.tn\/wp-content\/uploads\/2024\/08\/GMP_Logo_4500x-700x700.webp 700w, https:\/\/sf-nutrition.tn\/wp-content\/uploads\/2024\/08\/GMP_Logo_4500x.webp 844w\" alt=\"GMP_Logo_4500x\" width=\"150\" height=\"150\" \/><\/a><\/div>\n<div>\n<h1>Olimp Sport Nutrition Gold Omega 3 Sport Edition 120 caps<\/h1>\n<p>Boostez votre sant\u00e9 cardiovasculaire et soutenez votre performance athl\u00e9tique avec Gold Omega 3 Sport Edition de Olimp Sport Nutrition, une source riche en acides gras essentiels.<\/p>\n<h2>Caract\u00e9ristiques :<\/h2>\n<ul>\n<li>Concentration \u00e9lev\u00e9e d\u2019acides gras Omega 3 EPA et DHA<\/li>\n<li>Contribue \u00e0 la sant\u00e9 du c\u0153ur, des articulations et du cerveau<\/li>\n<li>Formule sp\u00e9ciale pour les athl\u00e8tes et les personnes actives<\/li>\n<li>Capsules faciles \u00e0 avaler et sans arri\u00e8re-go\u00fbt de poisson<\/li>\n<\/ul>\n<h2>Utilisation recommand\u00e9e :<\/h2>\n<p>Prendre 1 \u00e0 2 capsules par jour, de pr\u00e9f\u00e9rence avec un repas.<\/p>\n<h2>Ingr\u00e9dients :<\/h2>\n<p>Concentr\u00e9 d\u2019huile de poisson (EPA, DHA), antioxydants (vitamine E), g\u00e9latine, glyc\u00e9rine, eau purifi\u00e9e.<\/p>\n<h2>Avertissements :<\/h2>\n<p>\u00c0 utiliser uniquement comme indiqu\u00e9. Consultez votre m\u00e9decin avant utilisation si vous \u00eates enceinte, allaitez, prenez des m\u00e9dicaments, ou avez un probl\u00e8me de sant\u00e9.<\/p>\n<h2>Stockage :<\/h2>\n<p>Conserver dans un endroit frais et sec, \u00e0 l\u2019abri de la lumi\u00e8re directe.<\/p>\n<p>Am\u00e9liorez votre bien-\u00eatre global avec Gold Omega 3 Sport Edition et profitez d\u2019une sant\u00e9 optimale pour vos performances!<\/p>\n<\/div>\n","protected":false},"excerpt":{"rendered":"<p>Olimp Sport Nutrition Gold Omega 3 Sport Edition 120 caps : Boostez votre sant\u00e9 cardiovasculaire et votre performance athl\u00e9tique avec notre formule riche en Omega 3, sp\u00e9cialement con\u00e7ue pour les athl\u00e8tes et les personnes actives.<\/p>\n","protected":false},"featured_media":6271,"template":"","meta":{"site-sidebar-layout":"default","site-content-layout":"","ast-site-content-layout":"default","site-content-style":"default","site-sidebar-style":"default","ast-global-header-display":"","ast-banner-title-visibility":"","ast-main-header-display":"","ast-hfb-above-header-display":"","ast-hfb-below-header-display":"","ast-hfb-mobile-header-display":"","site-post-title":"","ast-breadcrumbs-content":"","ast-featured-img":"","footer-sml-layout":"","theme-transparent-header-meta":"default","adv-header-id-meta":"","stick-header-meta":"","header-above-stick-meta":"","header-main-stick-meta":"","header-below-stick-meta":"","astra-migrate-meta-layouts":"set","ast-page-background-enabled":"default","ast-page-background-meta":{"desktop":{"background-color":"","background-image":"","background-repeat":"repeat","background-position":"center center","background-size":"auto","background-attachment":"scroll","background-type":"","background-media":"","overlay-type":"","overlay-color":"","overlay-opacity":"","overlay-gradient":""},"tablet":{"background-color":"","background-image":"","background-repeat":"repeat","background-position":"center center","background-size":"auto","background-attachment":"scroll","background-type":"","background-media":"","overlay-type":"","overlay-color":"","overlay-opacity":"","overlay-gradient":""},"mobile":{"background-color":"","background-image":"","background-repeat":"repeat","background-position":"center center","background-size":"auto","background-attachment":"scroll","background-type":"","background-media":"","overlay-type":"","overlay-color":"","overlay-opacity":"","overlay-gradient":""}},"ast-content-background-meta":{"desktop":{"background-color":"var(--ast-global-color-5)","background-image":"","background-repeat":"repeat","background-position":"center center","background-size":"auto","background-attachment":"scroll","background-type":"","background-media":"","overlay-type":"","overlay-color":"","overlay-opacity":"","overlay-gradient":""},"tablet":{"background-color":"var(--ast-global-color-5)","background-image":"","background-repeat":"repeat","background-position":"center center","background-size":"auto","background-attachment":"scroll","background-type":"","background-media":"","overlay-type":"","overlay-color":"","overlay-opacity":"","overlay-gradient":""},"mobile":{"background-color":"var(--ast-global-color-5)","background-image":"","background-repeat":"repeat","background-position":"center center","background-size":"auto","background-attachment":"scroll","background-type":"","background-media":"","overlay-type":"","overlay-color":"","overlay-opacity":"","overlay-gradient":""}}},"product_brand":[88],"product_cat":[58,57],"product_tag":[],"class_list":{"0":"post-6280","1":"product","2":"type-product","3":"status-publish","4":"has-post-thumbnail","6":"product_brand-olimp","7":"product_cat-produits","8":"product_cat-vitamine-mineraux","9":"desktop-align-center","10":"tablet-align-center","11":"mobile-align-center","13":"first","14":"instock","15":"shipping-taxable","16":"purchasable","17":"product-type-simple"},"_links":{"self":[{"href":"https:\/\/dietpartner.shop\/index.php?rest_route=\/wp\/v2\/product\/6280","targetHints":{"allow":["GET"]}}],"collection":[{"href":"https:\/\/dietpartner.shop\/index.php?rest_route=\/wp\/v2\/product"}],"about":[{"href":"https:\/\/dietpartner.shop\/index.php?rest_route=\/wp\/v2\/types\/product"}],"wp:featuredmedia":[{"embeddable":true,"href":"https:\/\/dietpartner.shop\/index.php?rest_route=\/wp\/v2\/media\/6271"}],"wp:attachment":[{"href":"https:\/\/dietpartner.shop\/index.php?rest_route=%2Fwp%2Fv2%2Fmedia&parent=6280"}],"wp:term":[{"taxonomy":"product_brand","embeddable":true,"href":"https:\/\/dietpartner.shop\/index.php?rest_route=%2Fwp%2Fv2%2Fproduct_brand&post=6280"},{"taxonomy":"product_cat","embeddable":true,"href":"https:\/\/dietpartner.shop\/index.php?rest_route=%2Fwp%2Fv2%2Fproduct_cat&post=6280"},{"taxonomy":"product_tag","embeddable":true,"href":"https:\/\/dietpartner.shop\/index.php?rest_route=%2Fwp%2Fv2%2Fproduct_tag&post=6280"}],"curies":[{"name":"wp","href":"https:\/\/api.w.org\/{rel}","templated":true}]}}