{"id":6284,"date":"2025-07-09T22:44:25","date_gmt":"2025-07-09T21:44:25","guid":{"rendered":"https:\/\/dietpartner.shop\/?post_type=product&#038;p=6284"},"modified":"2026-05-08T22:08:20","modified_gmt":"2026-05-08T21:08:20","slug":"whey-protein-complex-100-olimp-sport-2-27-kg","status":"publish","type":"product","link":"https:\/\/dietpartner.shop\/?product=whey-protein-complex-100-olimp-sport-2-27-kg","title":{"rendered":"WHEY PROTEIN COMPLEX 100% &#8211; Olimp Sport | 2.27 kg"},"content":{"rendered":"<h2>Particularit\u00e9s du WHEY PROTEIN COMPLEX 100% !<\/h2>\n<ol>\n<li>Haute teneur prot\u00e9ique de 26g par portion.<\/li>\n<li>Moins d&rsquo;un gramme de sucres et de gras satur\u00e9s.<\/li>\n<li>Inf\u00e9rieur \u00e0 150 kcal pour une dose de 35 g.<\/li>\n<li>M\u00e9lange de whey isolate et de whey concentr\u00e9e<\/li>\n<li>N&rsquo;utiliser que des prot\u00e9ines de lait.<\/li>\n<li>Texture fluide et meilleure miscibilit\u00e9.<\/li>\n<\/ol>\n<h2>Quand &amp; Comment utiliser Whey Protein Complex 100% ?<\/h2>\n<p>M\u00e9langer un dosage de 35 g \u00e0 environ 250 ml d&rsquo;eau. Olimp vient de modifier ce lactos\u00e9rum pour lui donner une texture plus cr\u00e9meuse et une meilleure miscibilit\u00e9. Vous pouvez le consommer dans la matin\u00e9e ou autour des s\u00e9ances d&rsquo;entra\u00eenement pour une consommation rapide de prot\u00e9ines en fonction de vos besoins.<\/p>\n<h3>Ingr\u00e9dients :<\/h3>\n<p>M\u00e9lange de prot\u00e9ines 95 % [concentr\u00e9 de prot\u00e9ines de lactos\u00e9rum ultrafiltr\u00e9 WPC (lait), isolat de prot\u00e9ines de lactos\u00e9rum WPI (lait)], ar\u00f4mes, huile de triglyc\u00e9rides \u00e0 cha\u00eene moyenne (huile MCT), fructose, r\u00e9gulateurs d&rsquo;acidit\u00e9 (acide citrique, citrate de sodium), \u00e9paississants (gomme arabique, gomme xanthane, carboxym\u00e9thylcellulose sodique), edulcorants (acesulfame-K, sucralose), emulsifiant (l\u00e9cithine de soja), sel, colorant (caramel ammoniacal).<\/p>\n<h4>Information allerg\u00e8nes :<\/h4>\n<p>Ce produit est fabriqu\u00e9 dans une usine qui traite des ingr\u00e9dients d\u00e9riv\u00e9s du lait, des oeufs, du soja, des fruits \u00e0 coque, des arachides, des c\u00e9r\u00e9ales contenant du gluten, des poissons, des crustac\u00e9s et des mollusques, pour les allerg\u00e8nes,<\/p>\n<h4>Notez bien :<\/h4>\n<p>Les compl\u00e9ments alimentaires doivent \u00eatre utilis\u00e9s dans le cadre d\u2019un mode de vie sain et ne pas \u00eatre utilis\u00e9s comme substituts d\u2019un r\u00e9gime alimentaire vari\u00e9 et \u00e9quilibr\u00e9. Ne pas d\u00e9passer la dose journali\u00e8re recommand\u00e9e.<\/p>\n<p>Produit d\u00e9conseill\u00e9 aux femmes enceintes ou allaitantes.<\/p>\n","protected":false},"excerpt":{"rendered":"<h2>Whey Protein Complex 100% Olimp : combinaison de concentr\u00e9 et isolat de prot\u00e9ines de lactos\u00e9rum<\/h2>\n<p><strong>WHEY PROTEIN COMPLEX 100%<\/strong>\u00a0de la marque\u00a0<strong>Olimp<\/strong>\u00a0est un suppl\u00e9ment alimentaire qui combine les deux formes les plus appr\u00e9ci\u00e9es de prot\u00e9ines de lactos\u00e9rum, : de la whey concentr\u00e9e, les plus employ\u00e9es dans les poudres de prot\u00e9ines, ainsi qu&rsquo;une petite part de whey isolate, une source plus pure renfermant moins de sucres et de mati\u00e8res grasses.<\/p>\n","protected":false},"featured_media":6265,"template":"","meta":{"site-sidebar-layout":"default","site-content-layout":"","ast-site-content-layout":"default","site-content-style":"default","site-sidebar-style":"default","ast-global-header-display":"","ast-banner-title-visibility":"","ast-main-header-display":"","ast-hfb-above-header-display":"","ast-hfb-below-header-display":"","ast-hfb-mobile-header-display":"","site-post-title":"","ast-breadcrumbs-content":"","ast-featured-img":"","footer-sml-layout":"","theme-transparent-header-meta":"default","adv-header-id-meta":"","stick-header-meta":"","header-above-stick-meta":"","header-main-stick-meta":"","header-below-stick-meta":"","astra-migrate-meta-layouts":"set","ast-page-background-enabled":"default","ast-page-background-meta":{"desktop":{"background-color":"","background-image":"","background-repeat":"repeat","background-position":"center center","background-size":"auto","background-attachment":"scroll","background-type":"","background-media":"","overlay-type":"","overlay-color":"","overlay-opacity":"","overlay-gradient":""},"tablet":{"background-color":"","background-image":"","background-repeat":"repeat","background-position":"center center","background-size":"auto","background-attachment":"scroll","background-type":"","background-media":"","overlay-type":"","overlay-color":"","overlay-opacity":"","overlay-gradient":""},"mobile":{"background-color":"","background-image":"","background-repeat":"repeat","background-position":"center center","background-size":"auto","background-attachment":"scroll","background-type":"","background-media":"","overlay-type":"","overlay-color":"","overlay-opacity":"","overlay-gradient":""}},"ast-content-background-meta":{"desktop":{"background-color":"var(--ast-global-color-5)","background-image":"","background-repeat":"repeat","background-position":"center center","background-size":"auto","background-attachment":"scroll","background-type":"","background-media":"","overlay-type":"","overlay-color":"","overlay-opacity":"","overlay-gradient":""},"tablet":{"background-color":"var(--ast-global-color-5)","background-image":"","background-repeat":"repeat","background-position":"center center","background-size":"auto","background-attachment":"scroll","background-type":"","background-media":"","overlay-type":"","overlay-color":"","overlay-opacity":"","overlay-gradient":""},"mobile":{"background-color":"var(--ast-global-color-5)","background-image":"","background-repeat":"repeat","background-position":"center center","background-size":"auto","background-attachment":"scroll","background-type":"","background-media":"","overlay-type":"","overlay-color":"","overlay-opacity":"","overlay-gradient":""}}},"product_brand":[88,63],"product_cat":[58,59],"product_tag":[],"class_list":{"0":"post-6284","1":"product","2":"type-product","3":"status-publish","4":"has-post-thumbnail","6":"product_brand-olimp","7":"product_brand-olimp-sport-nutrition","8":"product_cat-produits","9":"product_cat-whey-proteine","10":"desktop-align-center","11":"tablet-align-center","12":"mobile-align-center","14":"first","15":"instock","16":"shipping-taxable","17":"purchasable","18":"product-type-simple"},"_links":{"self":[{"href":"https:\/\/dietpartner.shop\/index.php?rest_route=\/wp\/v2\/product\/6284","targetHints":{"allow":["GET"]}}],"collection":[{"href":"https:\/\/dietpartner.shop\/index.php?rest_route=\/wp\/v2\/product"}],"about":[{"href":"https:\/\/dietpartner.shop\/index.php?rest_route=\/wp\/v2\/types\/product"}],"wp:featuredmedia":[{"embeddable":true,"href":"https:\/\/dietpartner.shop\/index.php?rest_route=\/wp\/v2\/media\/6265"}],"wp:attachment":[{"href":"https:\/\/dietpartner.shop\/index.php?rest_route=%2Fwp%2Fv2%2Fmedia&parent=6284"}],"wp:term":[{"taxonomy":"product_brand","embeddable":true,"href":"https:\/\/dietpartner.shop\/index.php?rest_route=%2Fwp%2Fv2%2Fproduct_brand&post=6284"},{"taxonomy":"product_cat","embeddable":true,"href":"https:\/\/dietpartner.shop\/index.php?rest_route=%2Fwp%2Fv2%2Fproduct_cat&post=6284"},{"taxonomy":"product_tag","embeddable":true,"href":"https:\/\/dietpartner.shop\/index.php?rest_route=%2Fwp%2Fv2%2Fproduct_tag&post=6284"}],"curies":[{"name":"wp","href":"https:\/\/api.w.org\/{rel}","templated":true}]}}