{"id":6285,"date":"2025-07-09T22:46:47","date_gmt":"2025-07-09T21:46:47","guid":{"rendered":"https:\/\/dietpartner.shop\/?post_type=product&#038;p=6285"},"modified":"2025-09-07T18:38:37","modified_gmt":"2025-09-07T17:38:37","slug":"l-carnitine-3000-extreme-shots-pack-20x25ml","status":"publish","type":"product","link":"https:\/\/dietpartner.shop\/?product=l-carnitine-3000-extreme-shots-pack-20x25ml","title":{"rendered":"L-Carnitine 3000 Extreme Shots | Pack 20x25ML"},"content":{"rendered":"<div class=\"txt small-h\">\n<p><strong>L-Carnitine 3000 Extreme Shot<\/strong>\u00a0est une ampoule contenant une dose de 3000 mg de\u00a0<a href=\"https:\/\/www.optigura.fr\/store\/l-carnitine-liquide\" target=\"_blank\" rel=\"noopener\">L-Carnitine liquide<\/a>. Ce compl\u00e9ment alimentaire fait appel \u00e0 une innovation de Olimp Sport Nutrition connue sous le nom de Liquid Technology. Cette m\u00e9thode permet d&rsquo;optimiser et de maximiser l\u2019assimilation des principes actifs contenus dans ce shot. La marque a enrichi ce produit avec de la vitamine B6 afin de contribuer \u00e0 diverses fonctions m\u00e9taboliques.<\/p>\n<h2>Caract\u00e9ristiques de L-Carnitine 3000 Extreme Shot<\/h2>\n<ul>\n<li>Mega dose de carnitine hautement biodisponible par shot<\/li>\n<li>Innovation Liquid Technology pour une meilleure assimilation<\/li>\n<li>Format facile \u00e0 consommer et \u00e0 transporter avec vous<\/li>\n<li>Source de vitamine B6<\/li>\n<\/ul>\n<p>La vitamine B6 contribue \u00e0 un m\u00e9tabolisme \u00e9nerg\u00e9tique normal, contribue au m\u00e9tabolisme normal des prot\u00e9ines et du glycog\u00e8ne, contribue \u00e0 r\u00e9duire la fatigue et contribue \u00e0 r\u00e9guler l\u2019activit\u00e9 hormonale.<\/p>\n<\/div>\n<div class=\"txt small-h mt-4\">\n<h2>Comment utiliser L-Carnitine 3000 Extreme Shot ?<\/h2>\n<div class=\"wrap\">\n<p>Consommer un shot avant une activit\u00e9 physique.<\/p>\n<\/div>\n<\/div>\n","protected":false},"excerpt":{"rendered":"<p><strong>L-Carnitine 3000 Extreme Shot<\/strong>\u00a0est une ampoule contenant une dose de 3000 mg de\u00a0<a href=\"https:\/\/www.optigura.fr\/store\/l-carnitine-liquide\">L-Carnitine liquide<\/a>. Ce compl\u00e9ment alimentaire fait appel \u00e0 une innovation de Olimp Sport Nutrition connue sous le nom de Liquid Technology. Cette m\u00e9thode permet d&rsquo;optimiser et de maximiser l\u2019assimilation des principes actifs contenus dans ce shot. La marque a enrichi ce produit avec de la vitamine B6 afin de contribuer \u00e0 diverses fonctions m\u00e9taboliques.<\/p>\n","protected":false},"featured_media":6269,"template":"","meta":{"site-sidebar-layout":"default","site-content-layout":"","ast-site-content-layout":"default","site-content-style":"default","site-sidebar-style":"default","ast-global-header-display":"","ast-banner-title-visibility":"","ast-main-header-display":"","ast-hfb-above-header-display":"","ast-hfb-below-header-display":"","ast-hfb-mobile-header-display":"","site-post-title":"","ast-breadcrumbs-content":"","ast-featured-img":"","footer-sml-layout":"","theme-transparent-header-meta":"default","adv-header-id-meta":"","stick-header-meta":"","header-above-stick-meta":"","header-main-stick-meta":"","header-below-stick-meta":"","astra-migrate-meta-layouts":"set","ast-page-background-enabled":"default","ast-page-background-meta":{"desktop":{"background-color":"","background-image":"","background-repeat":"repeat","background-position":"center center","background-size":"auto","background-attachment":"scroll","background-type":"","background-media":"","overlay-type":"","overlay-color":"","overlay-opacity":"","overlay-gradient":""},"tablet":{"background-color":"","background-image":"","background-repeat":"repeat","background-position":"center center","background-size":"auto","background-attachment":"scroll","background-type":"","background-media":"","overlay-type":"","overlay-color":"","overlay-opacity":"","overlay-gradient":""},"mobile":{"background-color":"","background-image":"","background-repeat":"repeat","background-position":"center center","background-size":"auto","background-attachment":"scroll","background-type":"","background-media":"","overlay-type":"","overlay-color":"","overlay-opacity":"","overlay-gradient":""}},"ast-content-background-meta":{"desktop":{"background-color":"var(--ast-global-color-5)","background-image":"","background-repeat":"repeat","background-position":"center center","background-size":"auto","background-attachment":"scroll","background-type":"","background-media":"","overlay-type":"","overlay-color":"","overlay-opacity":"","overlay-gradient":""},"tablet":{"background-color":"var(--ast-global-color-5)","background-image":"","background-repeat":"repeat","background-position":"center center","background-size":"auto","background-attachment":"scroll","background-type":"","background-media":"","overlay-type":"","overlay-color":"","overlay-opacity":"","overlay-gradient":""},"mobile":{"background-color":"var(--ast-global-color-5)","background-image":"","background-repeat":"repeat","background-position":"center center","background-size":"auto","background-attachment":"scroll","background-type":"","background-media":"","overlay-type":"","overlay-color":"","overlay-opacity":"","overlay-gradient":""}}},"product_brand":[63],"product_cat":[60,58],"product_tag":[],"class_list":{"0":"post-6285","1":"product","2":"type-product","3":"status-publish","4":"has-post-thumbnail","6":"product_brand-olimp-sport-nutrition","7":"product_cat-bruleurs-de-graisse","8":"product_cat-produits","9":"desktop-align-center","10":"tablet-align-center","11":"mobile-align-center","13":"first","14":"instock","15":"shipping-taxable","16":"purchasable","17":"product-type-simple"},"_links":{"self":[{"href":"https:\/\/dietpartner.shop\/index.php?rest_route=\/wp\/v2\/product\/6285","targetHints":{"allow":["GET"]}}],"collection":[{"href":"https:\/\/dietpartner.shop\/index.php?rest_route=\/wp\/v2\/product"}],"about":[{"href":"https:\/\/dietpartner.shop\/index.php?rest_route=\/wp\/v2\/types\/product"}],"wp:featuredmedia":[{"embeddable":true,"href":"https:\/\/dietpartner.shop\/index.php?rest_route=\/wp\/v2\/media\/6269"}],"wp:attachment":[{"href":"https:\/\/dietpartner.shop\/index.php?rest_route=%2Fwp%2Fv2%2Fmedia&parent=6285"}],"wp:term":[{"taxonomy":"product_brand","embeddable":true,"href":"https:\/\/dietpartner.shop\/index.php?rest_route=%2Fwp%2Fv2%2Fproduct_brand&post=6285"},{"taxonomy":"product_cat","embeddable":true,"href":"https:\/\/dietpartner.shop\/index.php?rest_route=%2Fwp%2Fv2%2Fproduct_cat&post=6285"},{"taxonomy":"product_tag","embeddable":true,"href":"https:\/\/dietpartner.shop\/index.php?rest_route=%2Fwp%2Fv2%2Fproduct_tag&post=6285"}],"curies":[{"name":"wp","href":"https:\/\/api.w.org\/{rel}","templated":true}]}}