{"id":6381,"date":"2025-09-08T14:06:31","date_gmt":"2025-09-08T13:06:31","guid":{"rendered":"https:\/\/dietpartner.shop\/?post_type=product&#038;p=6381"},"modified":"2025-09-08T14:06:31","modified_gmt":"2025-09-08T13:06:31","slug":"vita-xs-par-ronnie-coleman-signature-series","status":"publish","type":"product","link":"https:\/\/dietpartner.shop\/?product=vita-xs-par-ronnie-coleman-signature-series","title":{"rendered":"Vita XS par Ronnie Coleman Signature Series"},"content":{"rendered":"<p dir=\"ltr\" data-pm-slice=\"1 1 []\">Vita XS par Ronnie Coleman Signature Series est le multivitamine ultime pour les sportifs et les passionn\u00e9s de fitness qui veulent maximiser leurs performances et leur bien-\u00eatre. Avec 27 vitamines et min\u00e9raux, incluant 100 % des besoins quotidiens pour 16 d\u2019entre eux (vitamines A, C, D, E, K, complexe B, zinc, magn\u00e9sium, s\u00e9l\u00e9nium, etc.), ce suppl\u00e9ment fournit une base solide pour soutenir les entra\u00eenements intenses. Son complexe de vitamines B aide \u00e0 transformer les aliments en \u00e9nergie utilisable, tandis que les antioxydants comme les vitamines C et E prot\u00e8gent les cellules contre le stress oxydatif li\u00e9 \u00e0 l\u2019effort physique ou \u00e0 un mode de vie exigeant. Id\u00e9al pour hommes et femmes, Vita XS renforce le syst\u00e8me immunitaire, favorise la r\u00e9cup\u00e9ration musculaire et am\u00e9liore l\u2019endurance, vous permettant de rester constant dans vos objectifs. Facile \u00e0 prendre avec seulement deux comprim\u00e9s par jour, ce produit de haute qualit\u00e9 est fabriqu\u00e9 aux \u00c9tats-Unis selon les normes strictes cGMP et NSF. Boostez votre sant\u00e9 et vos performances avec Vita XS, le choix des champions !<\/p>\n","protected":false},"excerpt":{"rendered":"<p dir=\"ltr\" data-pm-slice=\"1 1 []\">Vita XS de Ronnie Coleman est un multivitamine puissant con\u00e7u pour les athl\u00e8tes, offrant 27 vitamines et min\u00e9raux essentiels, dont un complexe B complet, pour booster l&rsquo;\u00e9nergie, la r\u00e9cup\u00e9ration et la sant\u00e9 globale. Deux comprim\u00e9s par jour pour un soutien optimal !<\/p>\n","protected":false},"featured_media":6377,"template":"","meta":{"site-sidebar-layout":"default","site-content-layout":"","ast-site-content-layout":"default","site-content-style":"default","site-sidebar-style":"default","ast-global-header-display":"","ast-banner-title-visibility":"","ast-main-header-display":"","ast-hfb-above-header-display":"","ast-hfb-below-header-display":"","ast-hfb-mobile-header-display":"","site-post-title":"","ast-breadcrumbs-content":"","ast-featured-img":"","footer-sml-layout":"","theme-transparent-header-meta":"default","adv-header-id-meta":"","stick-header-meta":"","header-above-stick-meta":"","header-main-stick-meta":"","header-below-stick-meta":"","astra-migrate-meta-layouts":"set","ast-page-background-enabled":"default","ast-page-background-meta":{"desktop":{"background-color":"","background-image":"","background-repeat":"repeat","background-position":"center center","background-size":"auto","background-attachment":"scroll","background-type":"","background-media":"","overlay-type":"","overlay-color":"","overlay-opacity":"","overlay-gradient":""},"tablet":{"background-color":"","background-image":"","background-repeat":"repeat","background-position":"center center","background-size":"auto","background-attachment":"scroll","background-type":"","background-media":"","overlay-type":"","overlay-color":"","overlay-opacity":"","overlay-gradient":""},"mobile":{"background-color":"","background-image":"","background-repeat":"repeat","background-position":"center center","background-size":"auto","background-attachment":"scroll","background-type":"","background-media":"","overlay-type":"","overlay-color":"","overlay-opacity":"","overlay-gradient":""}},"ast-content-background-meta":{"desktop":{"background-color":"var(--ast-global-color-5)","background-image":"","background-repeat":"repeat","background-position":"center center","background-size":"auto","background-attachment":"scroll","background-type":"","background-media":"","overlay-type":"","overlay-color":"","overlay-opacity":"","overlay-gradient":""},"tablet":{"background-color":"var(--ast-global-color-5)","background-image":"","background-repeat":"repeat","background-position":"center center","background-size":"auto","background-attachment":"scroll","background-type":"","background-media":"","overlay-type":"","overlay-color":"","overlay-opacity":"","overlay-gradient":""},"mobile":{"background-color":"var(--ast-global-color-5)","background-image":"","background-repeat":"repeat","background-position":"center center","background-size":"auto","background-attachment":"scroll","background-type":"","background-media":"","overlay-type":"","overlay-color":"","overlay-opacity":"","overlay-gradient":""}}},"product_brand":[],"product_cat":[58],"product_tag":[],"class_list":{"0":"post-6381","1":"product","2":"type-product","3":"status-publish","4":"has-post-thumbnail","6":"product_cat-produits","7":"desktop-align-center","8":"tablet-align-center","9":"mobile-align-center","11":"first","12":"instock","13":"shipping-taxable","14":"purchasable","15":"product-type-simple"},"_links":{"self":[{"href":"https:\/\/dietpartner.shop\/index.php?rest_route=\/wp\/v2\/product\/6381","targetHints":{"allow":["GET"]}}],"collection":[{"href":"https:\/\/dietpartner.shop\/index.php?rest_route=\/wp\/v2\/product"}],"about":[{"href":"https:\/\/dietpartner.shop\/index.php?rest_route=\/wp\/v2\/types\/product"}],"wp:featuredmedia":[{"embeddable":true,"href":"https:\/\/dietpartner.shop\/index.php?rest_route=\/wp\/v2\/media\/6377"}],"wp:attachment":[{"href":"https:\/\/dietpartner.shop\/index.php?rest_route=%2Fwp%2Fv2%2Fmedia&parent=6381"}],"wp:term":[{"taxonomy":"product_brand","embeddable":true,"href":"https:\/\/dietpartner.shop\/index.php?rest_route=%2Fwp%2Fv2%2Fproduct_brand&post=6381"},{"taxonomy":"product_cat","embeddable":true,"href":"https:\/\/dietpartner.shop\/index.php?rest_route=%2Fwp%2Fv2%2Fproduct_cat&post=6381"},{"taxonomy":"product_tag","embeddable":true,"href":"https:\/\/dietpartner.shop\/index.php?rest_route=%2Fwp%2Fv2%2Fproduct_tag&post=6381"}],"curies":[{"name":"wp","href":"https:\/\/api.w.org\/{rel}","templated":true}]}}